{"id":2535,"date":"2024-12-21T13:55:38","date_gmt":"2024-12-21T13:55:38","guid":{"rendered":"http:\/\/elitesoftkeys.com\/?product=windows-sql-server-2022-standard"},"modified":"2025-07-06T14:07:04","modified_gmt":"2025-07-06T14:07:04","slug":"windows-sql-server-2022-standard","status":"publish","type":"product","link":"https:\/\/elitesoftkeys.com\/it\/prodotto\/windows-sql-server-2022-standard\/","title":{"rendered":"Windows SQL Server 2022 Standard"},"content":{"rendered":"<p>SQL Server 2022 (15.x) \u00e8 disponibile sulle versioni precedenti per gli sviluppatori SQL Server in modo che la piattaforma offra opzioni per i linguaggi di sviluppo, i tipi di dati, gli ambienti locali o inutilizzati e i sistemi di sfruttamento.<\/p>\n<p>Caratteristiche di SQL Server 2022:<\/p>\n<p>Motore di base dei dati SQL Server. Il motore di base dei dati SQL Server comprende il motore di base dei dati, il servizio di base per l&#039;archiviazione, il trattamento e la protezione dei dati, la replica, la ricerca di tutto testo, gli strumenti di gestione delle relazioni dei dati e XML, l&#039;integrazione dell&#039;analisi della base dei dati e PolyBase per l&#039;accesso alle fonti dei dati h\u00e9t\u00e9rog\u00e8nes, e i servizi di apprendimento automatico per l&#039;esecuzione di script Python e R con dati relazionali.<\/p>\n<p>Servizi di analisi. I servizi di analisi comprendono strumenti che consentono di creare e gestire applicazioni di esplorazione dei dati e di trattamento analitico online (OLAP).<\/p>\n<p>Servizi di segnalazione. Native Reporting Services comprende componenti client e server per la creazione, la gestione e la distribuzione di rapporti tabulati, matriciali, grafici e in formato libero. Reporting Services \u00e8 anche una piattaforma estensibile per lo sviluppo di applicazioni di reporting.<\/p>\n<p>Servizi di integrazione. I servizi di integrazione sono un insieme di strumenti grafici e oggetti programmabili che consentono lo spostamento, la copiatura e la trasformazione dei dati. Comprende inoltre il componente DQS (Data Quality Services) per i servizi di integrazione.<\/p>\n<p>Servizi di riferimento. Master Data Services (MDS) \u00e8 una soluzione SQL Server per la gestione dei dati di riferimento. MDS pu\u00f2 essere configurato per importare determinati domini (prodotti, clienti, conti) e pu\u00f2 includere gerarchie, una sicurezza granulare, transazioni, un controllo della versione dei dati e delle regole commerciali, nonch\u00e9 un modulo complementare per Excel che pu\u00f2 essere utilizzato per leggere i dati.<\/p>\n<p>Servizi di apprendistato automatico (dans la base de donn\u00e9es). Machine Learning Services (In-Database) prende in carico soluzioni di apprendimento automatico distribuite ed evolute che utilizzano fonti di dati aziendali. In SQL Server 2016, la lingua R\u00e9tait \u00e8 a pagamento. SQL Server 2022 (16.x) disponibile in versione R e Python.<\/p>\n<p>Virtualizzazione dei dati con PolyBase. Consente di effettuare richieste su diversi tipi di dati in diversi tipi di origini dati da SQL Server.<\/p>\n<p>Servizi connessi di Azure. SQL Server 2022 (16.x) offre i servizi connessi e le funzionalit\u00e0 di Azure, tra cui la connessione Azure Synapse, la politica di accesso a Microsoft Purview, l&#039;estensione Azure per SQL Server, la fatturazione all&#039;utilizzo e la funzionalit\u00e0 di connessione SQL Managed Instance.<\/p>\n<p>Le funzionalit\u00e0 seguenti sono migliorate in SQL Server 2022:<\/p>\n<p>Analizzare<\/p>\n<p>Disponibilit\u00e0<\/p>\n<p>Sicurezza<\/p>\n<p>Prestazione<\/p>\n<p>Query Store e trattamento intelligente delle richieste<\/p>\n<p>Gestione dell&#039;informazione<\/p>\n<p>Plate-forme<\/p>\n<p>Lingua<\/p>\n<p>L&#039;edizione standard di SQL Server 2022 fornisce una base di dati per la gestione dei dati e il supporto economico per i dipartimenti e le piccole organizzazioni per eseguire applicazioni e prendere in carico gli strumenti di sviluppo comuni per gli ambienti locali e in nuora, consentendo una gestione efficace della base di dati con risorse informatiche minime.<\/p>","protected":false},"excerpt":{"rendered":"<table style='border-collapse: collapse; width: 100%;'>\n<tr>\n<th>Propriet\u00e0<\/th>\n<th>Valore<\/th>\n<\/tr>\n<tr>\n<td>Plate-forme<\/td>\n<td>Finestre<\/td>\n<\/tr>\n<tr>\n<td>Processore<\/td>\n<td>Processore x64: AMD Opteron, AMD Athlon 64, Intel Xeon con supporto Intel EM64T, Intel Pentium IV con supporto EM64T \/<\/td>\n<\/tr>\n<tr>\n<td>Spazio disco<\/td>\n<td>Meno di 6 Go<\/td>\n<\/tr>\n<tr>\n<td>Memoria RAM<\/td>\n<td>Minimo: 1 Go Consigliato: au moins 4 Go, qui doivent \u00eatre augmentes au fur et \u00e0 mesure que la taille de la base de donn\u00e9es augmente pour garantir des performance ottimali.<\/td>\n<\/tr>\n<tr>\n<td>Compatibilit\u00e9 des syst\u00e8mes<\/td>\n<td>Windows 10 TH1 1507 o versione successiva. Windows Server 2016 o superiore.<\/td>\n<\/tr>\n<tr>\n<td>Esigenze in materia di rete<\/td>\n<td>I sistemi di sfruttamento caricati da SQL Server comprendono una rete logica integrata. Le istanze nominate e per impostazione predefinita un&#039;installazione autonoma si caricano dei protocolli di rete seguenti: Memoria condivisa, nome del tubo e TCP\/IP.<\/td>\n<\/tr>\n<tr>\n<td>Altre esigenze<\/td>\n<td>I sistemi di sfruttamento devono comprendere almeno il .NET Framework.<\/td>\n<\/tr>\n<\/table>","protected":false},"featured_media":2940,"template":"","meta":{"inline_featured_image":false},"product_brand":[],"product_cat":[108],"product_tag":[],"class_list":{"0":"post-2535","1":"product","2":"type-product","3":"status-publish","4":"has-post-thumbnail","6":"product_cat-server-software","8":"first","9":"instock","10":"sale","11":"virtual","12":"taxable","13":"purchasable","14":"product-type-simple"},"_links":{"self":[{"href":"https:\/\/elitesoftkeys.com\/it\/wp-json\/wp\/v2\/product\/2535","targetHints":{"allow":["GET"]}}],"collection":[{"href":"https:\/\/elitesoftkeys.com\/it\/wp-json\/wp\/v2\/product"}],"about":[{"href":"https:\/\/elitesoftkeys.com\/it\/wp-json\/wp\/v2\/types\/product"}],"version-history":[{"count":0,"href":"https:\/\/elitesoftkeys.com\/it\/wp-json\/wp\/v2\/product\/2535\/revisions"}],"wp:featuredmedia":[{"embeddable":true,"href":"https:\/\/elitesoftkeys.com\/it\/wp-json\/wp\/v2\/media\/2940"}],"wp:attachment":[{"href":"https:\/\/elitesoftkeys.com\/it\/wp-json\/wp\/v2\/media?parent=2535"}],"wp:term":[{"taxonomy":"product_brand","embeddable":true,"href":"https:\/\/elitesoftkeys.com\/it\/wp-json\/wp\/v2\/product_brand?post=2535"},{"taxonomy":"product_cat","embeddable":true,"href":"https:\/\/elitesoftkeys.com\/it\/wp-json\/wp\/v2\/product_cat?post=2535"},{"taxonomy":"product_tag","embeddable":true,"href":"https:\/\/elitesoftkeys.com\/it\/wp-json\/wp\/v2\/product_tag?post=2535"}],"curies":[{"name":"parola chiave","href":"https:\/\/api.w.org\/{rel}","templated":true}]}}