{"id":2534,"date":"2024-12-21T13:55:38","date_gmt":"2024-12-21T13:55:38","guid":{"rendered":"http:\/\/elitesoftkeys.com\/?product=windows-server-2022-standard-cal"},"modified":"2025-07-06T14:07:04","modified_gmt":"2025-07-06T14:07:04","slug":"windows-server-2022-standard-cal","status":"publish","type":"product","link":"https:\/\/elitesoftkeys.com\/it\/prodotto\/windows-server-2022-standard-cal\/","title":{"rendered":"CAL standard di Windows Server 2022"},"content":{"rendered":"<p>Ideato per le aziende che comprendono pi\u00f9 di 25 utenti e 50 apparecchi<\/p>\n<p>Esecuzione di addebiti di lavoro critico nel centro dati, nel nuage e nella rete periferica<\/p>\n<p>Sicurezza multistrato avanzata contro le minacce<\/p>\n<p>Strumenti migliorati di gestione dei server ibridi<\/p>\n<p>Offre un gruppo di 16 licenze di base, pi\u00f9 licenze d&#039;accesso client (CAL) supplementari.<\/p>\n<p>Lingue: tedesco, inglese, cinese (semplificato), spagnolo, francese, italiano, giapponese, russo<\/p>\n<p>Questo prodotto fa riferimento al servizio CAL (Client Access Licences) per accordare agli utenti e ai dispositivi il diritto di accesso al server logico Microsoft installato su una macchina.<\/p>\n<p>Windows Server 2022 si appoggia alle solide basi di Windows Server 2019 e apporta numerose innovazioni su tre temi chiave: la sicurezza multicouche, le capacit\u00e0 ibride con Azure e una piattaforma di applicazioni flessibile.<\/p>\n<p>Nel quadro di questa versione verranno introdotte le funzionalit\u00e0 con memoria centrale protetta per proteggere il materiale, la micrologia e le funzionalit\u00e0 del sistema di sfruttamento Windows Server contro le minacce di sicurezza avanzate. Il server di memoria centrale protetto si avvale delle tecnologie che indicano Windows Defender System Protection e la sicurezza basata sulla virtualizzazione per ridurre al minimo i rischi legati alla vulnerabilit\u00e0 dei microprogrammi e ai software dannosi avanzati. La nuova versione offre inoltre una connettivit\u00e0 protetta con l&#039;introduzione di numerose nuove funzionalit\u00e0, quali le connessioni HTTPS crittografate pi\u00f9 rapide e pi\u00f9 sicure, la crittografia SMB AES 256 standard, ecc.<\/p>\n<p>Windows Server 2022 migliora la gestione dei server ibridi grazie a una gestione nettamente migliorata delle macchine virtuali, una visione di eventi migliorati e numerose altre nuove funzionalit\u00e0 nel Centro di amministrazione Windows. Inoltre, questa versione comprende miglioramenti significativi per i contenitori Windows, quali dimensioni di immagine pi\u00f9 piccole per download pi\u00f9 rapidi, strumenti di conservazione e un&#039;opera semplificata di politiche di rete per le applicazioni .NET.<\/p>\n<p>L&#039;edizione Datacenter \u00e8 la pi\u00f9 completa e include nuove funzionalit\u00e0 specifiche per i centri dati (macchine virtuali cieche, stockage diretto e rete definita dalla logica), cos\u00ec come una virtualizzazione illimitata dei server. Une comparaison des \u00e9ditions est pr\u00e9sent\u00e9e ci-dessous.<\/p>\n<p>Norma 2022<\/p>\n<p>Datacenter 2022<\/p>\n<p>Ideale per<\/p>\n<p>Ambienti fisici o virtualmente deboli<\/p>\n<p>Ambienti nuziali e centri dati altamente virtuali<\/p>\n<p>Modello di licenza<\/p>\n<p>Bas\u00e9 sur le noyau<\/p>\n<p>Bas\u00e9 sur le noyau<\/p>\n<p>Esigenze dell&#039;autorit\u00e0 di certificazione<\/p>\n<p>CAL Windows Server<\/p>\n<p>CAL di Windows Server<\/p>\n<p>Funzionalit\u00e0 di base di Windows Server<\/p>\n<p>Int\u00e9gration hybride<\/p>\n<p>OSE\/contenenti con isolamento Hyper-V<\/p>\n<p>2<\/p>\n<p>Illimitato<\/p>\n<p>Conteneurs Windows Server<\/p>\n<p>Illimitato<\/p>\n<p>Illimitato<\/p>\n<p>R\u00e9plication du stockage<\/p>\n<p>Soluzioni di mise in rete basate sulla logica<\/p>\n<p>Stockage d\u00e9fini par logiciel<\/p>\n<p>Funzionalit\u00e0 chiave di supporto:<\/p>\n<p>Fonctionnalit\u00e9 disponible Fonctionnalit\u00e9 non disponible Fonctionnalit\u00e9 limit\u00e9e<\/p>","protected":false},"excerpt":{"rendered":"<table style='border-collapse: collapse; width: 100%;'>\n<tr>\n<th>Propriet\u00e0<\/th>\n<th>Valore<\/th>\n<\/tr>\n<tr>\n<td>Plate-forme<\/td>\n<td>Finestre<\/td>\n<\/tr>\n<tr>\n<td>Processore<\/td>\n<td>Minimo: processore 64 bit da 1,4 GHz Compatibile con il gioco di istruzioni x64 Prezzo a carico di NX e protezione dell&#039;esecuzione dei programmi Prezzo a carico di CMPXCHG16b, LAHF\/SAHF e PrefetchW Premio a carico di SLAT (Second-Level Address Translation) (EPT o NPT) Coreinfo, che fait partie di Windows Sysinternals, \u00e8 un strumento che puoi utilizzare per verificare quali sono le caratteristiche del tuo processore.<\/td>\n<\/tr>\n<tr>\n<td>Spazio disco<\/td>\n<td>I computer che funzionano sotto Windows Server devono contenere una scheda di archiviazione conforme alle specifiche dell&#039;architettura PCI Express. Le periferiche di archiviazione permanenti del server che sono classificate come dischi rigidi non devono essere di tipo PATA. Windows Server non autorizza l&#039;utilizzo di ATA\/PATA\/IDE\/EIDE per i dischi di archiviazione, di pagina o di dati. Le esigenze minime stimate in termini di materiale dello spazio su disco per la partizione del sistema sono indicate qui. Minimo: 32 Go<\/td>\n<\/tr>\n<tr>\n<td>Memoria RAM<\/td>\n<td>Minimo : 512 mesi (2 Go per l&#039;opzione d&#039;installazione Server with Desktop Experience) di tipo ECC (codice di correzione d&#039;errore) o tecnologia simile, per le implementazioni di host fisici.<\/td>\n<\/tr>\n<tr>\n<td>Esigenze in materia di rete<\/td>\n<td>Les cartes r\u00e9seau utilis\u00e9es avec cette version doivent comporter les caract\u00e9ristiques suivantes: Minimo: scheda Ethernet capace d&#039;una velocit\u00e0 effettiva d&#039;au meno di 1 gigabit al secondo Conforme alla specifica dell&#039;architettura PCI Express. Una carta di rete pre-caricata per il download della rete (KDNet) \u00e8 utile, ma non costituisce un&#039;esigenza minima. Una carta di rete caricata sull&#039;ambiente di esecuzione prima dello sganciamento (PXE) \u00e8 utile, ma non \u00e8 un&#039;esigenza minima.<\/td>\n<\/tr>\n<tr>\n<td>Altre esigenze<\/td>\n<td>I computer che utilizzano questa versione devono disporre anche degli elementi successivi: Lettore DVD (se si ha intenzione di installare il sistema di utilizzo da un DVD di supporto) Gli elementi successivi sono necessari per alcune funzionalit\u00e0 esclusive: Sistema e microprogramma basati su UEFI 2.3.1c supporta l&#039;avvio sicuro del Trusted Platform Module, periferica grafica e schermo compatibile con una risoluzione Super VGA (1024 x 768) o superiore Clavier e supporto Microsoft (o dispositivo di puntamento compatibile) Accesso a Internet<\/td>\n<\/tr>\n<\/table>","protected":false},"featured_media":2939,"template":"","meta":{"inline_featured_image":false},"product_brand":[],"product_cat":[108],"product_tag":[],"class_list":{"0":"post-2534","1":"product","2":"type-product","3":"status-publish","4":"has-post-thumbnail","6":"product_cat-server-software","8":"first","9":"instock","10":"sale","11":"virtual","12":"taxable","13":"purchasable","14":"product-type-simple"},"_links":{"self":[{"href":"https:\/\/elitesoftkeys.com\/it\/wp-json\/wp\/v2\/product\/2534","targetHints":{"allow":["GET"]}}],"collection":[{"href":"https:\/\/elitesoftkeys.com\/it\/wp-json\/wp\/v2\/product"}],"about":[{"href":"https:\/\/elitesoftkeys.com\/it\/wp-json\/wp\/v2\/types\/product"}],"version-history":[{"count":0,"href":"https:\/\/elitesoftkeys.com\/it\/wp-json\/wp\/v2\/product\/2534\/revisions"}],"wp:featuredmedia":[{"embeddable":true,"href":"https:\/\/elitesoftkeys.com\/it\/wp-json\/wp\/v2\/media\/2939"}],"wp:attachment":[{"href":"https:\/\/elitesoftkeys.com\/it\/wp-json\/wp\/v2\/media?parent=2534"}],"wp:term":[{"taxonomy":"product_brand","embeddable":true,"href":"https:\/\/elitesoftkeys.com\/it\/wp-json\/wp\/v2\/product_brand?post=2534"},{"taxonomy":"product_cat","embeddable":true,"href":"https:\/\/elitesoftkeys.com\/it\/wp-json\/wp\/v2\/product_cat?post=2534"},{"taxonomy":"product_tag","embeddable":true,"href":"https:\/\/elitesoftkeys.com\/it\/wp-json\/wp\/v2\/product_tag?post=2534"}],"curies":[{"name":"parola chiave","href":"https:\/\/api.w.org\/{rel}","templated":true}]}}