{"id":2532,"date":"2024-12-21T13:55:38","date_gmt":"2024-12-21T13:55:38","guid":{"rendered":"http:\/\/elitesoftkeys.com\/?product=windows-server-2022-standard-16-coeurs"},"modified":"2025-07-06T14:07:04","modified_gmt":"2025-07-06T14:07:04","slug":"windows-server-2022-standard-16-coeurs","status":"publish","type":"product","link":"https:\/\/elitesoftkeys.com\/it\/prodotto\/windows-server-2022-standard-16-coeurs\/","title":{"rendered":"Windows Server 2022 Standard (16 cuori)"},"content":{"rendered":"<p>Cos&#039;\u00e8 Windows Server 2022 \u2013 Licenza perpetua ?<\/p>\n<p>Windows Server 2022 \u00e8 stato concepito per le aziende che comprendono oltre 25 utenti e 50 dispositivi e fornisce una piattaforma robusta per eseguire i costi di critica del lavoro nel centro dati, nel numero e nella rete periferica.<\/p>\n<p>Caratteristiche principali:<\/p>\n<p>S\u00e9curit\u00e9 multiniveau avanc\u00e9e: protezione contro le minacce con capacit\u00e0 avanzate.<\/p>\n<p>Gestione ibrida migliorata: strumenti migliorati per la gestione dei server ibridi.<\/p>\n<p>Offre un gruppo di licenze: comprende 16 licenze principali e licenze di accesso client (CAL) supplementari.<\/p>\n<p>Premio a pagamento multilingue: disponibile in allemand, anglais, chinois (semplificato), espagnol, fran\u00e7ais, italien, japonais et russe.<\/p>\n<p>Innovazioni di Windows Server 2022:<\/p>\n<p>Windows Server 2022 si appoggia alle solide basi di Windows Server 2019, apportando numerose innovazioni in tre domini chiave: la sicurezza multicouche, le capacit\u00e0 ibride con Azure e una piattaforma applicativa flessibile.<\/p>\n<p>S\u00e9curit\u00e9 avanc\u00e9e :<\/p>\n<p>Archiviazione centrale protetta: protezione del materiale, della micrologia e del sistema di sfruttamento contro le minacce avanzate.<\/p>\n<p>Tecnologie di protezione: comprende Windows Defender e una sicurezza basata sulla virtualizzazione per ridurre al minimo i rischi legati alla vulnerabilit\u00e0 dei microprogrammi e ai software dannosi avanzati.<\/p>\n<p>Connettivit\u00e0 sicura: introduzione delle connessioni HTTPS crittografate pi\u00f9 rapide e pi\u00f9 sicure, la crittografia AES 256 SMB, ecc.<\/p>\n<p>Gestion am\u00e9lior\u00e9e :<\/p>\n<p>Gestione di server ibridi: miglioramenti significativi della gestione di macchine virtuali, ottimizzazione della visione degli eventi e delle nuove funzionalit\u00e0 del Centro di amministrazione Windows.<\/p>\n<p>Contenitori Windows: immagini pi\u00f9 piccole per download rapidi, strumenti di conservazione e strategie di rete semplificate per le applicazioni .NET.<\/p>\n<p>Edizione Datacenter :<\/p>\n<p>Windows Server 2022 possiede l&#039;edizione Datacenter pi\u00f9 completa e include nuove funzionalit\u00e0 specifiche nei centri dati, come le macchine virtuali cieche, lo stockage diretto e il Software-Defined Networking, cos\u00ec come una virtualizzazione illimitata dei server.<\/p>\n<p>Qual \u00e8 la differenza tra le licenze perpetue e le licenze di abbonamento per Windows Server 2022?<\/p>\n<p>Le licenze perpetue (valabili a vita) consentono di utilizzare la logica indefinitamente, inoltre le licenze di abbonamento consentono l&#039;accesso alle ultime versioni e funzionalit\u00e0 durante un periodo specifico.<\/p>\n<p>Commenti se le licenze Windows Server 2022 sono proposte a un prezzo aussi bas?<\/p>\n<p>Nous proposons des licenses au d\u00e9tail qui ont \u00e9t\u00e9 utilis\u00e9es et abbandonan\u00e9es par le propri\u00e9taire pr\u00e9c\u00e9dent, conform\u00e9ment \u00e0 l&#039;arr\u00eat C-128\/2011 de la Cour europ\u00e9enne de Justice. \u00c8 quindi possibile acquistare la licenza ufficiale di Windows Server 2022 sul nostro sito a un prezzo conveniente.<\/p>\n<p>Commento, quindi ho ricevuto la mia licenza dopo aver acquistato Windows Server 2022 ?<\/p>\n<p>Dopo aver effettuato l&#039;acquisto, ti verr\u00e0 inviata una chiave di attivazione della licenza via e-mail.<\/p>\n<p>Vuoi scaricare, installare e attivare Windows Server 2022?<\/p>\n<p>Nous vous fournissons tout ce dont vous avez besoin! Dopo l&#039;acquisto della licenza, riceverai la chiave numerica e i manuali illustrati con semplici istruzioni. Se hai altre domande, ti proponiamo un&#039;assistenza tecnica gratuita tramite i contatti indicati all&#039;indirizzo successivo www.EliteSoftKeys.com.<\/p>\n<p>Che fai se non riesco ad attivare la mia licenza Windows Server 2022?<\/p>\n<p>Nessun problema, siamo sempre disponibili per aiutarti! Se non riesci ad attivare la tua licenza Windows Server 2022, contatta il nostro supporto tecnico gratuito sul sito, fornendo i dettagli e le immagini dello schermo del problema. Vi aiuteremo immediatamente.<\/p>","protected":false},"excerpt":{"rendered":"<table style='border-collapse: collapse; width: 100%;'>\n<tr>\n<th>Propriet\u00e0<\/th>\n<th>Valore<\/th>\n<\/tr>\n<tr>\n<td>Plate-forme<\/td>\n<td>Finestre<\/td>\n<\/tr>\n<tr>\n<td>Processore<\/td>\n<td>Minimo: processore 64 bit da 1,4 GHz Compatibile con il gioco di istruzioni x64 Prezzo a carico di NX e protezione dell&#039;esecuzione dei programmi Prezzo a carico di CMPXCHG16b, LAHF\/SAHF e PrefetchW Premio a carico di SLAT (Second-Level Address Translation) (EPT o NPT) Coreinfo, che fait partie di Windows Sysinternals, \u00e8 un strumento che puoi utilizzare per verificare quali sono le caratteristiche del tuo processore.<\/td>\n<\/tr>\n<tr>\n<td>Spazio disco<\/td>\n<td>I computer che funzionano sotto Windows Server devono contenere una scheda di archiviazione conforme alle specifiche dell&#039;architettura PCI Express. Le periferiche di archiviazione permanenti del server che sono classificate come dischi rigidi non devono essere di tipo PATA. Windows Server non autorizza l&#039;utilizzo di ATA\/PATA\/IDE\/EIDE per i dischi di archiviazione, di pagina o di dati. Le esigenze minime stimate in termini di materiale dello spazio su disco per la partizione del sistema sono indicate qui. Minimo: 32 Go<\/td>\n<\/tr>\n<tr>\n<td>Memoria RAM<\/td>\n<td>Minimo : 512 mesi (2 Go per l&#039;opzione d&#039;installazione Server with Desktop Experience) di tipo ECC (codice di correzione d&#039;errore) o tecnologia simile, per le implementazioni di host fisici.<\/td>\n<\/tr>\n<tr>\n<td>Esigenze in materia di rete<\/td>\n<td>Les cartes r\u00e9seau utilis\u00e9es avec cette version doivent comporter les caract\u00e9ristiques suivantes: Minimo: scheda Ethernet capace d&#039;una velocit\u00e0 effettiva d&#039;au meno di 1 gigabit al secondo Conforme alla specifica dell&#039;architettura PCI Express. Una carta di rete pre-caricata per il download della rete (KDNet) \u00e8 utile, ma non costituisce un&#039;esigenza minima. Una carta di rete caricata sull&#039;ambiente di esecuzione prima dello sganciamento (PXE) \u00e8 utile, ma non \u00e8 un&#039;esigenza minima.<\/td>\n<\/tr>\n<tr>\n<td>Altre esigenze<\/td>\n<td>I computer che utilizzano questa versione devono disporre anche degli elementi successivi: Lettore DVD (se si ha intenzione di installare il sistema di utilizzo da un DVD di supporto) Gli elementi successivi sono necessari per alcune funzionalit\u00e0 esclusive: Sistema e microprogramma basati su UEFI 2.3.1c supporta l&#039;avvio sicuro del Trusted Platform Module, periferica grafica e schermo compatibile con una risoluzione Super VGA (1024 x 768) o superiore Clavier e supporto Microsoft (o dispositivo di puntamento compatibile) Accesso a Internet<\/td>\n<\/tr>\n<\/table>","protected":false},"featured_media":2937,"template":"","meta":{"inline_featured_image":false},"product_brand":[],"product_cat":[108],"product_tag":[],"class_list":{"0":"post-2532","1":"product","2":"type-product","3":"status-publish","4":"has-post-thumbnail","6":"product_cat-server-software","8":"first","9":"instock","10":"sale","11":"virtual","12":"taxable","13":"purchasable","14":"product-type-simple"},"_links":{"self":[{"href":"https:\/\/elitesoftkeys.com\/it\/wp-json\/wp\/v2\/product\/2532","targetHints":{"allow":["GET"]}}],"collection":[{"href":"https:\/\/elitesoftkeys.com\/it\/wp-json\/wp\/v2\/product"}],"about":[{"href":"https:\/\/elitesoftkeys.com\/it\/wp-json\/wp\/v2\/types\/product"}],"version-history":[{"count":0,"href":"https:\/\/elitesoftkeys.com\/it\/wp-json\/wp\/v2\/product\/2532\/revisions"}],"wp:featuredmedia":[{"embeddable":true,"href":"https:\/\/elitesoftkeys.com\/it\/wp-json\/wp\/v2\/media\/2937"}],"wp:attachment":[{"href":"https:\/\/elitesoftkeys.com\/it\/wp-json\/wp\/v2\/media?parent=2532"}],"wp:term":[{"taxonomy":"product_brand","embeddable":true,"href":"https:\/\/elitesoftkeys.com\/it\/wp-json\/wp\/v2\/product_brand?post=2532"},{"taxonomy":"product_cat","embeddable":true,"href":"https:\/\/elitesoftkeys.com\/it\/wp-json\/wp\/v2\/product_cat?post=2532"},{"taxonomy":"product_tag","embeddable":true,"href":"https:\/\/elitesoftkeys.com\/it\/wp-json\/wp\/v2\/product_tag?post=2532"}],"curies":[{"name":"parola chiave","href":"https:\/\/api.w.org\/{rel}","templated":true}]}}