{"id":2527,"date":"2024-12-21T13:55:37","date_gmt":"2024-12-21T13:55:37","guid":{"rendered":"http:\/\/elitesoftkeys.com\/?product=parallels-desktop-18-standard-edition"},"modified":"2025-07-06T14:06:56","modified_gmt":"2025-07-06T14:06:56","slug":"parallels-desktop-18-standard-edition","status":"publish","type":"product","link":"https:\/\/elitesoftkeys.com\/it\/prodotto\/parallels-desktop-18-standard-edition\/","title":{"rendered":"Parallels Desktop 18 Standard Edition"},"content":{"rendered":"<p>Esegui Windows e macOS contemporaneamente su un Mac<\/p>\n<p>Esegui pi\u00f9 di 200.000 app Windows su un Mac, tra cui Microsoft Office per Windows.<\/p>\n<p>Scarica e installa il sistema operativo Windows sul tuo computer Mac Intel o Apple serie M.<\/p>\n<p>Copia e incolla senza problemi il testo o trascina i file tra Mac e Windows.<\/p>\n<p>Sviluppa e testa su pi\u00f9 sistemi operativi in una macchina virtuale per Mac.<\/p>\n<p>Esegui le applicazioni Windows senza sforzo senza rallentare il tuo Mac. Veloce, potente e semplice. Esegui migliaia di app Windows come Microsoft Office, Internet Explorer, Access, Quicken, QuickBooks, Visual Studio, persino giochi ad alta intensit\u00e0 grafica e programmi CAD senza compromettere le prestazioni o dover riavviare. Senza interruzioni. Usa Windows, fianco a fianco, con macOS sul tuo MacBook, MacBook Pro, iMac, iMac Pro, Mac mini o Mac Pro, senza dover riavviare. Condividi file e cartelle, copia e incolla immagini e testo e trascina file e contenuti tra le applicazioni Mac e Windows. Facile da configurare: Parallels Desktop rileva automaticamente ci\u00f2 di cui hai bisogno per iniziare, cos\u00ec puoi essere operativo in pochi minuti! Se hai bisogno di Windows, ti verr\u00e0 chiesto di scaricare e installare Windows 11 o di utilizzare l&#039;installazione di Boot Camp se hai un Mac basato su Intel. Puoi anche migrare il tuo PC Windows* o Linux, come Ubuntu (solo per computer Mac basati su Intel). Velocissimo. Le applicazioni Windows grafiche e ad alto consumo di risorse vengono eseguite senza sforzo senza rallentare il tuo Mac. Esegui applicazioni come Microsoft Office, Visual Studio, SQL Server, PowerBI, AutoCAD, MetaTrader e migliaia di altre. Gioca ai tuoi classici giochi preferiti per Windows su un Mac. Scegli la tua vista: rendi Windows invisibile continuando a utilizzare le sue applicazioni in modalit\u00e0 Coherence\u2122 oppure, se sei un nuovo utente Mac, puoi impostare Windows in modo che occupi l&#039;intero schermo, in modo che sembri esattamente come se stessi utilizzando un PC Windows.<\/p>","protected":false},"excerpt":{"rendered":"<table style='border-collapse: collapse; width: 100%;'>\n<tr>\n<th>Propriet\u00e0<\/th>\n<th>Valore<\/th>\n<\/tr>\n<tr>\n<td>Piattaforma<\/td>\n<td>macOS<\/td>\n<\/tr>\n<tr>\n<td>Grafica<\/td>\n<td>Chip Apple M2, M1 Ultra, M1 Pro, M1 Max e M1 Schede grafiche Intel, AMD Radeon o NVIDIA<\/td>\n<\/tr>\n<tr>\n<td>Processore<\/td>\n<td>Chip Apple M2 Pro, M2 Max, M2, M1 Ultra, M1 Pro, M1 Max e M1 Processore Intel Core 2 Duo, Core i3, Core i5, Core i7, Core i9, Intel Core M o Xeon<\/td>\n<\/tr>\n<tr>\n<td>Disco rigido<\/td>\n<td>600 MB per l&#039;installazione dell&#039;applicazione Parallels Desktop<\/td>\n<\/tr>\n<tr>\n<td>Memoria RAM<\/td>\n<td>4 GB di RAM per Mac<\/td>\n<\/tr>\n<tr>\n<td>Sistema operativo<\/td>\n<td>macOS Ventura 13.1 o versioni successive, macOS Monterey 12.6, macOS BigSur 11.7, macOS Catalina 10.15, macOS Mojave 10.14<\/td>\n<\/tr>\n<\/table>","protected":false},"featured_media":2945,"template":"","meta":{"inline_featured_image":false},"product_brand":[],"product_cat":[107],"product_tag":[],"class_list":{"0":"post-2527","1":"product","2":"type-product","3":"status-publish","4":"has-post-thumbnail","6":"product_cat-operating-systems","8":"first","9":"instock","10":"sale","11":"virtual","12":"taxable","13":"purchasable","14":"product-type-simple"},"_links":{"self":[{"href":"https:\/\/elitesoftkeys.com\/it\/wp-json\/wp\/v2\/product\/2527","targetHints":{"allow":["GET"]}}],"collection":[{"href":"https:\/\/elitesoftkeys.com\/it\/wp-json\/wp\/v2\/product"}],"about":[{"href":"https:\/\/elitesoftkeys.com\/it\/wp-json\/wp\/v2\/types\/product"}],"version-history":[{"count":0,"href":"https:\/\/elitesoftkeys.com\/it\/wp-json\/wp\/v2\/product\/2527\/revisions"}],"wp:featuredmedia":[{"embeddable":true,"href":"https:\/\/elitesoftkeys.com\/it\/wp-json\/wp\/v2\/media\/2945"}],"wp:attachment":[{"href":"https:\/\/elitesoftkeys.com\/it\/wp-json\/wp\/v2\/media?parent=2527"}],"wp:term":[{"taxonomy":"product_brand","embeddable":true,"href":"https:\/\/elitesoftkeys.com\/it\/wp-json\/wp\/v2\/product_brand?post=2527"},{"taxonomy":"product_cat","embeddable":true,"href":"https:\/\/elitesoftkeys.com\/it\/wp-json\/wp\/v2\/product_cat?post=2527"},{"taxonomy":"product_tag","embeddable":true,"href":"https:\/\/elitesoftkeys.com\/it\/wp-json\/wp\/v2\/product_tag?post=2527"}],"curies":[{"name":"parola chiave","href":"https:\/\/api.w.org\/{rel}","templated":true}]}}