{"id":2524,"date":"2024-12-21T13:55:37","date_gmt":"2024-12-21T13:55:37","guid":{"rendered":"http:\/\/elitesoftkeys.com\/?product=parallels-desktop-19-edition"},"modified":"2025-07-06T14:06:55","modified_gmt":"2025-07-06T14:06:55","slug":"parallels-desktop-19-edition","status":"publish","type":"product","link":"https:\/\/elitesoftkeys.com\/it\/prodotto\/parallels-desktop-19-edition\/","title":{"rendered":"Parallels Desktop 19 Edition"},"content":{"rendered":"<p>Esegui Windows e macOS contemporaneamente su un Mac<\/p>\n<p>Assegna pi\u00f9 risorse Mac per ottenere le migliori prestazioni<\/p>\n<p>Sviluppare app Windows su un Mac<\/p>\n<p>Sviluppare e testare siti web e applicazioni multipiattaforma sui sistemi operativi pi\u00f9 importanti<\/p>\n<p>Automatizza i tuoi flussi di lavoro con CLI, Vagrant, Minikube, Jenkins e SDK<\/p>\n<p>Abilita la virtualizzazione nidificata per utilizzare Hyper-V e altre VM all&#039;interno delle VM Parallels<\/p>\n<p>Testa il software in un ambiente isolato. Potente, intuitivo e affidabile. Estendi le funzionalit\u00e0 del tuo Mac ed esegui altri sistemi operativi, come Windows e Linux, senza riavviare. Semplice da installare, configurare e utilizzare. Progettato per essere intuitivo e intuitivo. Scelto da oltre 7 milioni di utenti e apprezzato dagli esperti di tutto il mondo. Massima potenza per creare e sviluppare. Progettato pensando a sviluppatori, utenti esperti e altri professionisti esigenti. Parallels Desktop per Mac Pro Edition offre la massima potenza di elaborazione, cos\u00ec puoi programmare in Visual Studio, progettare e creare app Autodesk, automatizzare in PowerShell, giocare a giochi Windows complessi e altro ancora, tutto su un Mac e con la stessa facilit\u00e0 di un PC. Testa su pi\u00f9 browser nativi. Esegui la modalit\u00e0 Internet Explorer in Microsoft Edge direttamente sul tuo computer di sviluppo, tutto contemporaneamente. Esegui browser incompatibili in installazioni separate di Windows in VM separate. Inoltre, crea un ambiente di test per tutto il gruppo, simultaneamente, utilizzando il tuo strumento di sviluppo web preferito (Dreamweaver, WordPress, Microsoft Expression e altro) per apportare modifiche al tuo sito. Se utilizzi regolarmente pi\u00f9 versioni di IE, esplora Parallels\u00ae Toolbox per avviarle tutte contemporaneamente e risparmiare tempo. (Parallels Toolbox \u00e8 incluso nell&#039;acquisto di Parallels Desktop Pro Edition.)<\/p>","protected":false},"excerpt":{"rendered":"<table style='border-collapse: collapse; width: 100%;'>\n<tr>\n<th>Propriet\u00e0<\/th>\n<th>Valore<\/th>\n<\/tr>\n<tr>\n<td>Piattaforma<\/td>\n<td>macOS<\/td>\n<\/tr>\n<tr>\n<td>Grafica<\/td>\n<td>Chip Apple M2, M1 Ultra, M1 Pro, M1 Max e M1 Schede grafiche Intel, AMD Radeon o NVIDIA<\/td>\n<\/tr>\n<tr>\n<td>Processore<\/td>\n<td>Chip Apple M2 Pro, M2 Max, M2, M1 Ultra, M1 Pro, M1 Max e M1 Processore Intel Core 2 Duo, Core i3, Core i5, Core i7, Core i9, Intel Core M o Xeon<\/td>\n<\/tr>\n<tr>\n<td>Disco rigido<\/td>\n<td>600 MB per l&#039;installazione dell&#039;applicazione Parallels Desktop<\/td>\n<\/tr>\n<tr>\n<td>Memoria RAM<\/td>\n<td>4 GB di RAM per Mac<\/td>\n<\/tr>\n<tr>\n<td>Sistema operativo<\/td>\n<td>macOS Ventura 13.1 o versioni successive, macOS Monterey 12.6, macOS BigSur 11.7, macOS Catalina 10.15, macOS Mojave 10.14<\/td>\n<\/tr>\n<\/table>","protected":false},"featured_media":2942,"template":"","meta":{"inline_featured_image":false},"product_brand":[],"product_cat":[107],"product_tag":[],"class_list":{"0":"post-2524","1":"product","2":"type-product","3":"status-publish","4":"has-post-thumbnail","6":"product_cat-operating-systems","8":"first","9":"instock","10":"sale","11":"virtual","12":"taxable","13":"purchasable","14":"product-type-simple"},"_links":{"self":[{"href":"https:\/\/elitesoftkeys.com\/it\/wp-json\/wp\/v2\/product\/2524","targetHints":{"allow":["GET"]}}],"collection":[{"href":"https:\/\/elitesoftkeys.com\/it\/wp-json\/wp\/v2\/product"}],"about":[{"href":"https:\/\/elitesoftkeys.com\/it\/wp-json\/wp\/v2\/types\/product"}],"version-history":[{"count":0,"href":"https:\/\/elitesoftkeys.com\/it\/wp-json\/wp\/v2\/product\/2524\/revisions"}],"wp:featuredmedia":[{"embeddable":true,"href":"https:\/\/elitesoftkeys.com\/it\/wp-json\/wp\/v2\/media\/2942"}],"wp:attachment":[{"href":"https:\/\/elitesoftkeys.com\/it\/wp-json\/wp\/v2\/media?parent=2524"}],"wp:term":[{"taxonomy":"product_brand","embeddable":true,"href":"https:\/\/elitesoftkeys.com\/it\/wp-json\/wp\/v2\/product_brand?post=2524"},{"taxonomy":"product_cat","embeddable":true,"href":"https:\/\/elitesoftkeys.com\/it\/wp-json\/wp\/v2\/product_cat?post=2524"},{"taxonomy":"product_tag","embeddable":true,"href":"https:\/\/elitesoftkeys.com\/it\/wp-json\/wp\/v2\/product_tag?post=2524"}],"curies":[{"name":"parola chiave","href":"https:\/\/api.w.org\/{rel}","templated":true}]}}