{"id":2523,"date":"2024-12-21T13:55:37","date_gmt":"2024-12-21T13:55:37","guid":{"rendered":"http:\/\/elitesoftkeys.com\/?product=vmware-workstation-pro-17"},"modified":"2025-07-06T14:06:54","modified_gmt":"2025-07-06T14:06:54","slug":"vmware-workstation-pro-17","status":"publish","type":"product","link":"https:\/\/elitesoftkeys.com\/it\/prodotto\/vmware-workstation-pro-17\/","title":{"rendered":"VMware Workstation Pro 17"},"content":{"rendered":"<p>Dettagli del prodotto<\/p>\n<p>Questa \u00e8 una chiave di licenza autentica per VMware Workstation Pro 17, la soluzione software di virtualizzazione definitiva per professionisti IT, sviluppatori e aziende.<\/p>\n<p>Caratteristiche della licenza:<\/p>\n<p>1 utente e 1 dispositivo<\/p>\n<p>Licenza a vita<\/p>\n<p>Multilingue<\/p>\n<p>Compatibile con Windows 8.1 a 64 bit o versioni successive<\/p>\n<p>Acquista VMware Workstation al miglior prezzo sul mercato<\/p>\n<p>Ottieni un prezzo imbattibile per VMware Workstation: lo sconto sul prodotto \u00e8 di 65%. Con EliteSoftKeys, non solo risparmierai molto, ma otterrai anche una licenza originale da 100% e un supporto affidabile.<\/p>\n<p>Che cos&#039;\u00e8 VMware Workstation Pro<\/p>\n<p>VMware Workstation \u00e8 un potente software di virtualizzazione che consente agli utenti di eseguire pi\u00f9 sistemi operativi contemporaneamente su un&#039;unica macchina fisica.<\/p>\n<p>Crea e gestisci macchine virtuali, ciascuna con il proprio sistema operativo e le proprie risorse (CPU, memoria, spazio su disco).<\/p>\n<p>Crea snapshot delle VM per catturarne lo stato in un momento specifico, consentendoti di ripristinare quello stato se necessario.<\/p>\n<p>Clonare le VM per creare copie identiche, utile per i test o la distribuzione.<\/p>\n<p>Configura diverse opzioni di rete per le VM, tra cui NAT (Network Address Translation), Bridged e Host-Only.<\/p>\n<p>Assegna risorse come CPU, memoria e storage a ciascuna VM in base alle tue esigenze.<\/p>\n<p>Quali sono le novit\u00e0 di VMware Workstation Pro 17?<\/p>\n<p>Nuova macchina virtuale con avvio automatico<\/p>\n<p>Ora \u00e8 possibile configurare le macchine virtuali locali in modo che vengano avviate automaticamente all&#039;avvio della macchina host.<\/p>\n<p>Supporto per nuovi sistemi operativi guest<\/p>\n<p>Microsoft Windows 11<\/p>\n<p>Microsoft Windows Server 2022<\/p>\n<p>RHEL 9<\/p>\n<p>Debian 11.x<\/p>\n<p>Ubuntu 22.04<\/p>\n<p>Nuovo modulo Virtual Trusted Platform 2.0<\/p>\n<p>Workstation Pro offre ora un dispositivo virtuale Trusted Platform Module (versione 2.0) per supportare Windows 11 e altri sistemi operativi che richiedono un TPM.<\/p>\n<p>Nuove funzionalit\u00e0 di crittografia completa o veloce<\/p>\n<p>Ora puoi scegliere tra le opzioni di sicurezza (Completa) e prestazioni (Veloce) per la crittografia.<\/p>\n<p>Supporto grafico migliorato: OpenGL 4.3; Requisiti:<\/p>\n<p>Windows 7 o versioni successive<\/p>\n<p>Linux con Mesa 22.0.0 e kernel Linux 5.16.0<\/p>\n<p>Supporto per WDDM 1.2<\/p>\n<p>Workstation Pro ora supporta WDDM (Windows Display Driver Model) versione 1.2 per le macchine virtuali.<\/p>\n<p>VMware Workstation Pro 17 \u2013 guida al download e all&#039;installazione<\/p>\n<p>Ci impegniamo a fornire solo download ufficiali dei prodotti acquistati!<\/p>\n<p>Dopo l&#039;acquisto, riceverai un&#039;e-mail con la chiave di licenza per Workstation Pro 17, insieme a istruzioni chiare su come scaricarla dal sito Web ufficiale di VMware e attivarla con la chiave di licenza acquistata.<\/p>\n<p>Qual \u00e8 la differenza tra Workstation Pro e Workstation Player?<\/p>\n<p>Workstation Player \u00e8 una soluzione gratuita che offre funzionalit\u00e0 di virtualizzazione molto pi\u00f9 semplici. \u00c8 progettata per un&#039;unica operazione di virtualizzazione grafica ed \u00e8 ampiamente utilizzata anche in ambito educativo.<\/p>\n<p>Workstation Pro \u00e8 progettato per professionisti IT e sviluppatori. Offre un&#039;interfaccia pi\u00f9 completa. Workstation Pro pu\u00f2 fornire e configurare reti virtuali, creare cloni, connettersi a vSphere, visualizzare pi\u00f9 VM contemporaneamente in un&#039;interfaccia utente a schede e altro ancora.<\/p>\n<p>Perch\u00e9 scegliere EliteSoftKeys per l&#039;acquisto di licenze software?<\/p>\n<p>EliteSoftKeys \u00e8 il tuo rivenditore di fiducia di licenze software originali al miglior prezzo. Offriamo:<\/p>\n<p>Solo software autentico: il software viene sempre scaricato dal sito Web ufficiale del fornitore del software, il che garantisce l&#039;autenticit\u00e0 dei prodotti.<\/p>\n<p>Prezzi imbattibili: i nostri prezzi competitivi sono resi possibili dalla rivendita di licenze &quot;usate&quot;, una pratica legalmente consentita dalla sentenza della CGUE del 3 luglio 2012.<\/p>\n<p>Servizio clienti eccezionale: il nostro team di supporto multilingue \u00e8 disponibile 7 giorni su 7 e ha una valutazione media di 4,9\/5 su piattaforme come Trustpilot, Trusted Shops e Google Reviews.<\/p>\n<p>Opzioni di pagamento sicure: i nostri clienti possono scegliere tra un&#039;ampia gamma di metodi di pagamento sicuri, tra cui Apple Pay, Google Pay e carte di credito.<\/p>\n<p>Domande frequenti<\/p>\n<p>VMware Workstation Pro 17 \u00e8 disponibile per Mac?<\/p>\n<p>Workstation Pro \u00e8 una versione progettata per computer con sistema operativo Windows. Tuttavia, esiste una versione per Mac con le stesse funzionalit\u00e0: VMware Fusion Pro.<\/p>\n<p>Come posso ricevere la mia chiave di licenza dopo aver acquistato VMware Workstation?<\/p>\n<p>Una volta completato l&#039;acquisto di VMware Workstation, ti invieremo la chiave di attivazione della licenza tramite e-mail.<\/p>\n<p>Cosa posso fare se non riesco ad attivare la mia licenza VMware Workstation?<\/p>\n<p>Nessun problema, siamo sempre disponibili ad aiutarti! Se per qualsiasi motivo non riesci ad attivare la tua licenza VMware Workstation, contatta il nostro supporto tecnico gratuito, fornendo dettagli e screenshot del problema. Ti aiuteremo tempestivamente a risolverlo.<\/p>","protected":false},"excerpt":{"rendered":"<table style='border-collapse: collapse; width: 100%;'>\n<tr>\n<th>Propriet\u00e0<\/th>\n<th>Valore<\/th>\n<\/tr>\n<tr>\n<td>Piattaforma<\/td>\n<td>Finestre<\/td>\n<\/tr>\n<tr>\n<td>Grafica<\/td>\n<td>DirectX 11<\/td>\n<\/tr>\n<tr>\n<td>Processore<\/td>\n<td>Processore Intel o AMD x86 a 64 bit dal 2011 in poi<\/td>\n<\/tr>\n<tr>\n<td>Disco rigido<\/td>\n<td>Minimo 1,5 GB disponibili<\/td>\n<\/tr>\n<tr>\n<td>Memoria RAM<\/td>\n<td>4GB<\/td>\n<\/tr>\n<tr>\n<td>Sistema operativo<\/td>\n<td>Windows 10 minimo<\/td>\n<\/tr>\n<\/table>","protected":false},"featured_media":2941,"template":"","meta":{"inline_featured_image":false},"product_brand":[],"product_cat":[107],"product_tag":[],"class_list":{"0":"post-2523","1":"product","2":"type-product","3":"status-publish","4":"has-post-thumbnail","6":"product_cat-operating-systems","8":"first","9":"instock","10":"sale","11":"virtual","12":"taxable","13":"purchasable","14":"product-type-simple"},"_links":{"self":[{"href":"https:\/\/elitesoftkeys.com\/it\/wp-json\/wp\/v2\/product\/2523","targetHints":{"allow":["GET"]}}],"collection":[{"href":"https:\/\/elitesoftkeys.com\/it\/wp-json\/wp\/v2\/product"}],"about":[{"href":"https:\/\/elitesoftkeys.com\/it\/wp-json\/wp\/v2\/types\/product"}],"version-history":[{"count":0,"href":"https:\/\/elitesoftkeys.com\/it\/wp-json\/wp\/v2\/product\/2523\/revisions"}],"wp:featuredmedia":[{"embeddable":true,"href":"https:\/\/elitesoftkeys.com\/it\/wp-json\/wp\/v2\/media\/2941"}],"wp:attachment":[{"href":"https:\/\/elitesoftkeys.com\/it\/wp-json\/wp\/v2\/media?parent=2523"}],"wp:term":[{"taxonomy":"product_brand","embeddable":true,"href":"https:\/\/elitesoftkeys.com\/it\/wp-json\/wp\/v2\/product_brand?post=2523"},{"taxonomy":"product_cat","embeddable":true,"href":"https:\/\/elitesoftkeys.com\/it\/wp-json\/wp\/v2\/product_cat?post=2523"},{"taxonomy":"product_tag","embeddable":true,"href":"https:\/\/elitesoftkeys.com\/it\/wp-json\/wp\/v2\/product_tag?post=2523"}],"curies":[{"name":"parola chiave","href":"https:\/\/api.w.org\/{rel}","templated":true}]}}