{"id":2517,"date":"2024-12-21T13:55:36","date_gmt":"2024-12-21T13:55:36","guid":{"rendered":"http:\/\/elitesoftkeys.com\/?product=microsoft-visio-pro-2019"},"modified":"2025-07-06T14:06:53","modified_gmt":"2025-07-06T14:06:53","slug":"microsoft-visio-pro-2019","status":"publish","type":"product","link":"https:\/\/elitesoftkeys.com\/it\/prodotto\/microsoft-visio-pro-2019\/","title":{"rendered":"Microsoft Visio Pro 2019"},"content":{"rendered":"<p>Le funzionalit\u00e0 di Microsoft Visio Professional 2019<\/p>\n<p>Microsoft Visio 2019 \u00e8 un potente strumento per la creazione di diagrammi. Le sue caratteristiche principali includono un&#039;ampia gamma di modelli e forme per diversi tipi di diagrammi, come diagrammi di flusso, organigrammi, planimetrie e diagrammi di rete. Offre un&#039;interfaccia intuitiva che semplifica la creazione e la modifica dei diagrammi. Visio 2019 supporta la collaborazione in tempo reale, consentendo a pi\u00f9 utenti di lavorare contemporaneamente sullo stesso diagramma. Si integra inoltre con altri prodotti Microsoft, come Excel e SharePoint, per migliorare la produttivit\u00e0 e la condivisione dei dati.<\/p>\n<p>Principali vantaggi di Microsoft Visio Professional 2019:<\/p>\n<p>Standard di settore. Visio supporta Unified Modeling Language (UML) 2.5, Business Process Model and Notation (BPMN) 2.0 e Specification and Description Language (SDL).<\/p>\n<p>Collegamento e condivisione dei dati. \u00c8 possibile collegare facilmente moduli e diagrammi di Visio ai dati provenienti da fonti interne ed esterne comuni. I diagrammi possono essere condivisi da repository online come OneDrive for Business e SharePoint (questi prodotti sono venduti separatamente).<\/p>\n<p>Molteplici origini dati. Visio supporta Excel Services, SharePoint Lists, SharePoint Foundation, SharePoint Server, SQL Server, Microsoft Access e altre origini dati OLEDB o ODBC, nonch\u00e9 file AutoCAD DWG.<\/p>\n<p>Creazione e modifica semplici. Crea visualizzazioni di database utilizzando diagrammi basati su un modello di database preimpostato e modifica le forme degli oggetti esistenti senza perdere ci\u00f2 che hai gi\u00e0 creato.<\/p>\n<p>Lavoro di gruppo simultaneo. Puoi vedere cosa stanno modificando i coautori in un diagramma comune, ricevere notifiche sulle modifiche e decidere se unirle al file master.<\/p>\n<p>Diagrammi basati sui dati. Generazione automatica di diagrammi da fonti dati come Excel, Exchange, database SQL Server, ecc.<\/p>\n<p>Confronto con altre versioni di Visio<\/p>\n<p>Qual \u00e8 la differenza tra Visio Professional 2019 e Visio Standard 2019?<\/p>\n<p>Visio Professional 2019 offre funzionalit\u00e0 e caratteristiche pi\u00f9 avanzate rispetto alla versione Standard, ad esempio include:<\/p>\n<p>Diagrammi aggiuntivi, come BPMN 2.0 e UML 2.5<\/p>\n<p>Ulteriori forme e stencil, compresi quelli per diagrammi di rete, diagrammi di ingegneria e diagrammi software.<\/p>\n<p>Funzionalit\u00e0 per la collaborazione in team, come la possibilit\u00e0 di collaborare alla creazione di diagrammi in tempo reale e di condividerli tramite un browser.<\/p>\n<p>Funzionalit\u00e0 avanzate di connettivit\u00e0 dei dati, come la possibilit\u00e0 di collegare diagrammi alle fonti dati e di aggiornare automaticamente i dati.<\/p>\n<p>Il confronto completo delle funzionalit\u00e0 \u00e8 disponibile sul sito Web ufficiale di Microsoft qui.<\/p>\n<p>Qual \u00e8 la differenza tra Microsoft Visio Professional 2019 e Visio Professional 2021?<\/p>\n<p>Visio Professional 2021 migliora le funzionalit\u00e0 che consentono di sviluppare e condividere diagrammi versatili; introduce modelli, forme e stili aggiornati; offre un supporto migliorato per la collaborazione in team, inclusa la possibilit\u00e0 di lavorare su un singolo diagramma per pi\u00f9 persone contemporaneamente; consente di collegare istantaneamente i diagrammi ai dati; e impedisce la fuga di informazioni tramite Information Rights Management.<\/p>\n<p>Il confronto completo delle funzionalit\u00e0 \u00e8 disponibile sul sito Web ufficiale di Microsoft qui.<\/p>\n<p>Perch\u00e9 scegliere EliteSoftKeys per l&#039;acquisto di licenze software?<\/p>\n<p>EliteSoftKeys \u00e8 il tuo rivenditore di fiducia per licenze software originali a prezzi competitivi, certificate da Microsoft e Adobe. Offriamo solo software autentico di marchi leader, garantendo qualit\u00e0 e autenticit\u00e0. Approfitta di sconti fino a 70% sui prezzi al dettaglio grazie alla rivendita legale di licenze usate. Il nostro servizio clienti multilingue, disponibile 7 giorni su 7, ha una valutazione media di 4,9\/5 su Trustpilot, Trusted Shop e Google Review. Offriamo inoltre un&#039;ampia gamma di metodi di pagamento sicuri, tra cui Google Pay e carte di credito, per acquisti facili e sicuri.<\/p>\n<p>Download e installazione di Microsoft Visio 2019<\/p>\n<p>Dopo l&#039;acquisto, ti forniremo il codice Product Key necessario per scaricare Microsoft Visio Pro 2019. Riceverai anche guide dettagliate su come scaricare Microsoft Visio e installarlo sul tuo dispositivo. Per qualsiasi domanda sul download di Microsoft Visio Pro 2019, puoi contattare il nostro supporto tecnico, disponibile tramite LiveChat, e-mail o WhatsApp.<\/p>\n<p>Domande frequenti su Microsoft Visio Professional 2019<\/p>\n<p>A cosa serve Microsoft Visio?<\/p>\n<p>Microsoft Visio \u00e8 un potente strumento utilizzato per creare diagrammi e grafici di vario tipo. Consente di visualizzare, analizzare e comunicare informazioni complesse in modo chiaro e comprensibile. Con Visio \u00e8 possibile creare diagrammi di flusso per rappresentare i processi aziendali, organigrammi per delineare le strutture aziendali, diagrammi di rete per illustrare le infrastrutture IT, planimetrie per progettare spazi fisici e molti altri tipi di diagrammi.<\/p>\n<p>Cosa posso fare se non riesco ad attivare la mia licenza?<\/p>\n<p>Nessun problema, siamo sempre disponibili ad aiutarti! Se per qualsiasi motivo non riesci ad attivare la tua licenza Microsoft Visio 2019 Professional con il codice Product Key, contatta il nostro supporto tecnico gratuito qui, fornendo dettagli e screenshot del problema. Risolveremo il problema immediatamente.<\/p>\n<p>Come mai la licenza Microsoft Visio 2019 Professional ha un prezzo cos\u00ec basso?<\/p>\n<p>Offriamo licenze al dettaglio utilizzate e dismesse dal precedente proprietario, in conformit\u00e0 con la sentenza CE C-128\/2011. Per questo motivo, puoi acquistare il codice Product Key di Microsoft Visio 2019 Professional sul nostro sito a un prezzo pi\u00f9 conveniente.<\/p>\n<p>Come faccio a sapere se il mio computer soddisfa i requisiti di sistema per Microsoft Visio 2019 Professional?<\/p>\n<p>Prima di acquistare la licenza di Microsoft Visio 2019 Professional puoi consultare la sezione \u201cRequisiti\u201d di questa pagina per verificare le specifiche tecniche oppure visitare il sito del produttore.<\/p>","protected":false},"excerpt":{"rendered":"<table style='border-collapse: collapse; width: 100%;'>\n<tr>\n<th>Propriet\u00e0<\/th>\n<th>Valore<\/th>\n<\/tr>\n<tr>\n<td>Piattaforma<\/td>\n<td>Finestre<\/td>\n<\/tr>\n<tr>\n<td>Processore<\/td>\n<td>Processore a 2 core da 1,6 GHz<\/td>\n<\/tr>\n<tr>\n<td>Disco rigido<\/td>\n<td>4 GB di spazio disponibile su disco<\/td>\n<\/tr>\n<tr>\n<td>Memoria RAM<\/td>\n<td>4 GB (64 bit), 2 GB (32 bit) di RAM<\/td>\n<\/tr>\n<tr>\n<td>Sistema operativo<\/td>\n<td>Windows 11 o Windows 10<\/td>\n<\/tr>\n<tr>\n<td>Altri requisiti<\/td>\n<td>Connessione Internet per l&#039;installazione e la configurazione del software<\/td>\n<\/tr>\n<\/table>","protected":false},"featured_media":2749,"template":"","meta":{"inline_featured_image":false},"product_brand":[],"product_cat":[106],"product_tag":[],"class_list":{"0":"post-2517","1":"product","2":"type-product","3":"status-publish","4":"has-post-thumbnail","6":"product_cat-microsoft-office-software","8":"first","9":"instock","10":"sale","11":"virtual","12":"taxable","13":"purchasable","14":"product-type-simple"},"_links":{"self":[{"href":"https:\/\/elitesoftkeys.com\/it\/wp-json\/wp\/v2\/product\/2517","targetHints":{"allow":["GET"]}}],"collection":[{"href":"https:\/\/elitesoftkeys.com\/it\/wp-json\/wp\/v2\/product"}],"about":[{"href":"https:\/\/elitesoftkeys.com\/it\/wp-json\/wp\/v2\/types\/product"}],"version-history":[{"count":0,"href":"https:\/\/elitesoftkeys.com\/it\/wp-json\/wp\/v2\/product\/2517\/revisions"}],"wp:featuredmedia":[{"embeddable":true,"href":"https:\/\/elitesoftkeys.com\/it\/wp-json\/wp\/v2\/media\/2749"}],"wp:attachment":[{"href":"https:\/\/elitesoftkeys.com\/it\/wp-json\/wp\/v2\/media?parent=2517"}],"wp:term":[{"taxonomy":"product_brand","embeddable":true,"href":"https:\/\/elitesoftkeys.com\/it\/wp-json\/wp\/v2\/product_brand?post=2517"},{"taxonomy":"product_cat","embeddable":true,"href":"https:\/\/elitesoftkeys.com\/it\/wp-json\/wp\/v2\/product_cat?post=2517"},{"taxonomy":"product_tag","embeddable":true,"href":"https:\/\/elitesoftkeys.com\/it\/wp-json\/wp\/v2\/product_tag?post=2517"}],"curies":[{"name":"parola chiave","href":"https:\/\/api.w.org\/{rel}","templated":true}]}}