{"id":2516,"date":"2024-12-21T13:55:35","date_gmt":"2024-12-21T13:55:35","guid":{"rendered":"http:\/\/elitesoftkeys.com\/?product=microsoft-visual-studio-enterprise-2022"},"modified":"2025-07-06T14:06:53","modified_gmt":"2025-07-06T14:06:53","slug":"microsoft-visual-studio-enterprise-2022","status":"publish","type":"product","link":"https:\/\/elitesoftkeys.com\/it\/prodotto\/microsoft-visual-studio-enterprise-2022\/","title":{"rendered":"Microsoft Visual Studio Enterprise 2022"},"content":{"rendered":"<p>Supporta le seguenti lingue: inglese, cinese (semplificato), cinese (tradizionale), ceco, francese, tedesco, italiano, giapponese, coreano, polacco, portoghese (Brasile), russo, spagnolo, turco.<\/p>\n<p>IDE a 64 bit adattabile a qualsiasi progetto<\/p>\n<p>Caratteristiche principali: modifica e debug del codice, IntelliCode, Live Share, integrazione Git, integrazione Azure DevOps, test automatizzati, sviluppo cloud<\/p>\n<p>Accesso ad Azure DevOps Server e possibilit\u00e0 di utilizzare Visual Studio Enterprise su un desktop remoto.<\/p>\n<p>Visual Studio Enterprise 2022 \u00e8 un ambiente di sviluppo integrato (IDE) completo. Offre un set completo di strumenti e servizi per la creazione di applicazioni software di alta qualit\u00e0, tra cui applicazioni desktop, web, mobili, cloud e gaming. Visual Studio Enterprise 2022 include un&#039;ampia gamma di funzionalit\u00e0 e strumenti per aiutarti a essere pi\u00f9 produttivo, collaborare in modo pi\u00f9 efficace e creare software migliore. Alcune delle funzionalit\u00e0 principali di Visual Studio Enterprise 2022 includono strumenti avanzati di debug e profilazione, test automatizzati, analisi e ottimizzazione del codice, IntelliCode, Live Share e integrazione con Azure DevOps. Oltre alle funzionalit\u00e0 standard di Visual Studio Professional 2022, Visual Studio Enterprise 2022 include strumenti aggiuntivi per lo sviluppo software su larga scala e la collaborazione a livello aziendale. Ad esempio, offre strumenti per la gestione delle dipendenze e il controllo delle versioni e supporta le metodologie Agile e DevOps. Qual \u00e8 la differenza tra Visual Studio Professional 2022 e Visual Studio Enterprise 2022? Visual Studio Enterprise 2021 include:<\/p>\n<p>Tutte le funzionalit\u00e0 di Visual Studio Professional 2022, pi\u00f9<\/p>\n<p>Ambiente di sviluppo integrato: convalida delle dipendenze in tempo reale, diagrammi dei livelli architettonici, convalida dell&#039;architettura, clonazione del codice.<\/p>\n<p>Debug e diagnostica avanzati: IntelliTrace, integrazione del debugger Code Map, analisi del dump della memoria .NET, debugger snapshot, debug del viaggio nel tempo (anteprima)<\/p>\n<p>Strumenti di test: assembly integrati, Xamarin Inspector, Xamarin Profiler<\/p>\n<p>Qual \u00e8 la differenza tra Visual Studio Enterprise 2022 e Visual Studio Enterprise 2019? Nel complesso, Visual Studio Enterprise 2022 rappresenta un miglioramento significativo rispetto a Visual Studio Enterprise 2019, in termini di prestazioni, interfaccia utente e funzionalit\u00e0. Ecco alcuni esempi di differenze in cui Visual Studio Enterprise 2022 \u00e8 stato migliorato:<\/p>\n<p>Interfaccia utente: presenta una nuova interfaccia utente pi\u00f9 moderna, progettata per essere pi\u00f9 intuitiva e offrire una migliore esperienza utente complessiva.<\/p>\n<p>Prestazioni: \u00e8 stato ottimizzato per migliorare le prestazioni, in particolare in termini di tempi di avvio, tempi di caricamento dei progetti e reattivit\u00e0 complessiva.<\/p>\n<p>Analisi del codice: include strumenti di analisi del codice migliorati che possono aiutare gli sviluppatori a individuare e risolvere i problemi del codice in modo pi\u00f9 rapido ed efficiente.<\/p>\n<p>Integrazione Git: include un&#039;integrazione Git migliorata, che semplifica per gli sviluppatori l&#039;utilizzo dei repository Git direttamente all&#039;interno dell&#039;IDE.<\/p>\n<p>.NET Framework: supporta l&#039;ultima versione di .NET Framework, consentendo l&#039;accesso a nuove funzionalit\u00e0 e capacit\u00e0.<\/p>","protected":false},"excerpt":{"rendered":"<table style='border-collapse: collapse; width: 100%;'>\n<tr>\n<th>Propriet\u00e0<\/th>\n<th>Valore<\/th>\n<\/tr>\n<tr>\n<td>Piattaforma<\/td>\n<td>Finestre<\/td>\n<\/tr>\n<tr>\n<td>Processore<\/td>\n<td>Processore ARM64 o x64; si consigliano processori quad-core o superiori. I processori ARM 32 NON sono supportati.<\/td>\n<\/tr>\n<tr>\n<td>Disco rigido<\/td>\n<td>minimo 850 MB fino a 210 GB<\/td>\n<\/tr>\n<tr>\n<td>Memoria RAM<\/td>\n<td>minimo 4 GB (64 bit) di RAM, consigliati 16 GB<\/td>\n<\/tr>\n<tr>\n<td>Sistema operativo<\/td>\n<td>Sistemi operativi a 64 bit: Windows 11 versione 21H2 o successiva: Home, Pro, Pro Education, Pro for Workstations, Enterprise ed Education Windows 10 versione 1909 o successiva: Home, Professional, Education ed Enterprise. Windows Server 2022\/2019\/2016: Standard e Datacenter<\/td>\n<\/tr>\n<tr>\n<td>Altri requisiti<\/td>\n<td>Accesso a Internet<\/td>\n<\/tr>\n<\/table>","protected":false},"featured_media":2828,"template":"","meta":{"inline_featured_image":false},"product_brand":[],"product_cat":[106],"product_tag":[],"class_list":{"0":"post-2516","1":"product","2":"type-product","3":"status-publish","4":"has-post-thumbnail","6":"product_cat-microsoft-office-software","8":"first","9":"instock","10":"sale","11":"virtual","12":"taxable","13":"purchasable","14":"product-type-simple"},"_links":{"self":[{"href":"https:\/\/elitesoftkeys.com\/it\/wp-json\/wp\/v2\/product\/2516","targetHints":{"allow":["GET"]}}],"collection":[{"href":"https:\/\/elitesoftkeys.com\/it\/wp-json\/wp\/v2\/product"}],"about":[{"href":"https:\/\/elitesoftkeys.com\/it\/wp-json\/wp\/v2\/types\/product"}],"version-history":[{"count":0,"href":"https:\/\/elitesoftkeys.com\/it\/wp-json\/wp\/v2\/product\/2516\/revisions"}],"wp:featuredmedia":[{"embeddable":true,"href":"https:\/\/elitesoftkeys.com\/it\/wp-json\/wp\/v2\/media\/2828"}],"wp:attachment":[{"href":"https:\/\/elitesoftkeys.com\/it\/wp-json\/wp\/v2\/media?parent=2516"}],"wp:term":[{"taxonomy":"product_brand","embeddable":true,"href":"https:\/\/elitesoftkeys.com\/it\/wp-json\/wp\/v2\/product_brand?post=2516"},{"taxonomy":"product_cat","embeddable":true,"href":"https:\/\/elitesoftkeys.com\/it\/wp-json\/wp\/v2\/product_cat?post=2516"},{"taxonomy":"product_tag","embeddable":true,"href":"https:\/\/elitesoftkeys.com\/it\/wp-json\/wp\/v2\/product_tag?post=2516"}],"curies":[{"name":"parola chiave","href":"https:\/\/api.w.org\/{rel}","templated":true}]}}