{"id":2509,"date":"2024-12-21T13:55:34","date_gmt":"2024-12-21T13:55:34","guid":{"rendered":"http:\/\/elitesoftkeys.com\/?product=microsoft-access-windows"},"modified":"2025-07-06T14:06:51","modified_gmt":"2025-07-06T14:06:51","slug":"microsoft-access-windows","status":"publish","type":"product","link":"https:\/\/elitesoftkeys.com\/it\/prodotto\/microsoft-access-windows\/","title":{"rendered":"Microsoft Access (Windows)"},"content":{"rendered":"<p>Acquisto una tantum per 1 PC<\/p>\n<p>Numero di installazioni: 1<\/p>\n<p>Include l&#039;applicazione Access per l&#039;ingegneria dei database.<\/p>\n<p>IMPORTANTE: questa versione \u00e8 disponibile solo per l&#039;applicazione Access! Clicca qui per Office 2021 Professional Plus e rimani aggiornato su tutte le funzionalit\u00e0 di Office!<\/p>\n<p>Access \u00e8 un software per la creazione e la gestione di database, creato e fornito da Microsoft. Permette di creare database, ovvero programmi relazionali e dedicati, sia con modelli predefiniti che da zero, tramite un&#039;interfaccia grafica utilizzando il motore di database Microsoft Jet. Access supporta un linguaggio di programmazione basato su oggetti chiamato Visual Basic. L&#039;applicazione principale di Access \u00e8 l&#039;archiviazione di dati in tabelle, con la possibilit\u00e0 di importare o collegare dati da altre applicazioni e database.<\/p>\n<p>Access \u00e8 in grado di gestire database di grandi dimensioni offrendo funzionalit\u00e0 per inserire i dati in modo pi\u00f9 semplice e rapido, riducendo il margine di errore. Inoltre, fornisce strumenti per creare e personalizzare report sia a schermo che per la stampa su carta, con la possibilit\u00e0 di estrarre dati da pi\u00f9 tabelle, se necessario. Quando si ha a che fare con database di grandi dimensioni, \u00e8 spesso complicato trovare i record di interesse, per questo Access fornisce strumenti per l&#039;ordinamento, la ricerca e la creazione di strumenti specializzati per trovare i record necessari.<\/p>\n<p>Access viene utilizzato anche per creare app da utilizzare in azienda, sia a partire da modelli disponibili nel software, sia sviluppandole da zero utilizzando Visual Basic. Per connettersi alle app, Access \u00e8 dotato di una serie di connettori.<\/p>","protected":false},"excerpt":{"rendered":"<table style='border-collapse: collapse; width: 100%;'>\n<tr>\n<th>Propriet\u00e0<\/th>\n<th>Valore<\/th>\n<\/tr>\n<tr>\n<td>Processore<\/td>\n<td>Processore a 2 core da 1,6 GHz<\/td>\n<\/tr>\n<tr>\n<td>Disco rigido<\/td>\n<td>4 GB di spazio disponibile su disco<\/td>\n<\/tr>\n<tr>\n<td>Memoria RAM<\/td>\n<td>4 GB (64 bit), 2 GB (32 bit) di RAM<\/td>\n<\/tr>\n<tr>\n<td>Sistema operativo<\/td>\n<td>Windows 7 o versioni successive<\/td>\n<\/tr>\n<tr>\n<td>Altri requisiti<\/td>\n<td>Accesso a Internet<\/td>\n<\/tr>\n<\/table>","protected":false},"featured_media":2760,"template":"","meta":{"inline_featured_image":false},"product_brand":[],"product_cat":[106],"product_tag":[],"class_list":{"0":"post-2509","1":"product","2":"type-product","3":"status-publish","4":"has-post-thumbnail","6":"product_cat-microsoft-office-software","8":"first","9":"instock","10":"sale","11":"virtual","12":"taxable","13":"purchasable","14":"product-type-simple"},"_links":{"self":[{"href":"https:\/\/elitesoftkeys.com\/it\/wp-json\/wp\/v2\/product\/2509","targetHints":{"allow":["GET"]}}],"collection":[{"href":"https:\/\/elitesoftkeys.com\/it\/wp-json\/wp\/v2\/product"}],"about":[{"href":"https:\/\/elitesoftkeys.com\/it\/wp-json\/wp\/v2\/types\/product"}],"version-history":[{"count":0,"href":"https:\/\/elitesoftkeys.com\/it\/wp-json\/wp\/v2\/product\/2509\/revisions"}],"wp:featuredmedia":[{"embeddable":true,"href":"https:\/\/elitesoftkeys.com\/it\/wp-json\/wp\/v2\/media\/2760"}],"wp:attachment":[{"href":"https:\/\/elitesoftkeys.com\/it\/wp-json\/wp\/v2\/media?parent=2509"}],"wp:term":[{"taxonomy":"product_brand","embeddable":true,"href":"https:\/\/elitesoftkeys.com\/it\/wp-json\/wp\/v2\/product_brand?post=2509"},{"taxonomy":"product_cat","embeddable":true,"href":"https:\/\/elitesoftkeys.com\/it\/wp-json\/wp\/v2\/product_cat?post=2509"},{"taxonomy":"product_tag","embeddable":true,"href":"https:\/\/elitesoftkeys.com\/it\/wp-json\/wp\/v2\/product_tag?post=2509"}],"curies":[{"name":"parola chiave","href":"https:\/\/api.w.org\/{rel}","templated":true}]}}