{"id":2508,"date":"2024-12-21T13:55:33","date_gmt":"2024-12-21T13:55:33","guid":{"rendered":"http:\/\/elitesoftkeys.com\/?product=microsoft-project-pro-2019"},"modified":"2025-07-06T14:06:51","modified_gmt":"2025-07-06T14:06:51","slug":"microsoft-project-pro-2019","status":"publish","type":"product","link":"https:\/\/elitesoftkeys.com\/it\/prodotto\/microsoft-project-pro-2019\/","title":{"rendered":"Microsoft Project Pro 2019"},"content":{"rendered":"<p>Acquisto una tantum per 1 PC<\/p>\n<p>Numero di installazioni: 1<\/p>\n<p>Compatibile con Windows 11 e Windows 10<\/p>\n<p>Sincronizzazione con Project Online e Project Server<\/p>\n<p>Supporta il canale di manutenzione a lungo termine (LTSC) ed \u00e8 compatibile con Office LTSC e Office 2021<\/p>\n<p>Project Professional 2019 \u00e8 un software di gestione progetti che consente agli utenti di pianificare, monitorare e gestire progetti e risorse in una piattaforma centralizzata.<\/p>\n<p>Principali vantaggi di Project Professional 2019:<\/p>\n<p>I modelli predefiniti aiutano ad avviare facilmente il progetto<\/p>\n<p>I fogli presenze consentono di registrare il tempo impiegato per lavori di progetto e non, per varie funzioni quali buste paga, fatturazione, ecc.<\/p>\n<p>Il monitoraggio dei progressi consente ai partecipanti chiave di monitorare l&#039;avanzamento del progetto rispetto al piano di base<\/p>\n<p>Grafici come Gantt consentono di creare pianificazioni complesse e visualizzare la relazione tra le attivit\u00e0<\/p>\n<p>La collaborazione \u00e8 migliorata dalla possibilit\u00e0 di trovare i membri del progetto nel piano di progetto e di contattarli<\/p>\n<p>Report come Burndown e Resource Overview forniscono alle parti interessate informazioni sull&#039;efficacia del progetto<\/p>\n<p>Qual \u00e8 la differenza tra Project Professional 2019 e Project Pro 2021?<\/p>\n<p>Project Professional 2019 include tutte le funzionalit\u00e0 di Project Standard 2019, oltre a funzionalit\u00e0 aggiuntive quali:<\/p>\n<p>Gestione delle risorse: offre funzionalit\u00e0 di gestione delle risorse pi\u00f9 avanzate, come la visualizzazione del pianificatore del team, gli impegni delle risorse e la sincronizzazione del pool di risorse aziendali.<\/p>\n<p>Collaborazione: offre funzionalit\u00e0 di collaborazione avanzate, tra cui l&#039;integrazione con Skype for Business e SharePoint, che consente ai team di collaborare in modo pi\u00f9 efficace<\/p>\n<p>Gestione dei costi: include funzionalit\u00e0 di gestione dei costi pi\u00f9 avanzate, come l&#039;analisi del valore guadagnato<\/p>\n<p>Reporting: offre funzionalit\u00e0 di reporting pi\u00f9 avanzate, tra cui dashboard personalizzabili e report visivi esportabili in altre applicazioni Microsoft, come Excel.<\/p>\n<p>Gestione del portafoglio: include funzionalit\u00e0 di gestione del portafoglio, come la possibilit\u00e0 di gestire pi\u00f9 progetti e risorse all&#039;interno di un&#039;organizzazione<\/p>\n<p>Qual \u00e8 la differenza tra Project Professional 2021 e Project Professional 2019?<\/p>\n<p>Microsoft Project 2021 offre tutto ci\u00f2 che la versione 2019 ha da offrire, inclusi i seguenti vantaggi:<\/p>\n<p>Interfaccia utente: un&#039;interfaccia utente aggiornata con un aspetto moderno, che la rende pi\u00f9 intuitiva e facile da usare.<\/p>\n<p>Funzionalit\u00e0: diverse nuove funzionalit\u00e0, come la possibilit\u00e0 di creare e gestire pi\u00f9 linee temporali, reporting migliorato e strumenti di collaborazione pi\u00f9 efficaci. Include anche funzionalit\u00e0 come l&#039;evidenziazione del percorso delle attivit\u00e0 e una nuova visualizzazione della bacheca delle attivit\u00e0.<\/p>\n<p>Compatibilit\u00e0: progettato per funzionare con le versioni pi\u00f9 recenti dei prodotti Microsoft, come Microsoft Teams e SharePoint<\/p>","protected":false},"excerpt":{"rendered":"<table style='border-collapse: collapse; width: 100%;'>\n<tr>\n<th>Propriet\u00e0<\/th>\n<th>Valore<\/th>\n<\/tr>\n<tr>\n<td>Piattaforma<\/td>\n<td>Finestre<\/td>\n<\/tr>\n<tr>\n<td>Processore<\/td>\n<td>Processore a 2 core da 1,6 GHz<\/td>\n<\/tr>\n<tr>\n<td>Disco rigido<\/td>\n<td>4 GB di spazio disponibile su disco<\/td>\n<\/tr>\n<tr>\n<td>Memoria RAM<\/td>\n<td>4 GB (64 bit), 2 GB (32 bit) di RAM<\/td>\n<\/tr>\n<tr>\n<td>Sistema operativo<\/td>\n<td>Windows 11, Windows 10, Windows Server 2019<\/td>\n<\/tr>\n<tr>\n<td>Altri requisiti<\/td>\n<td>Connessione Internet per l&#039;installazione e la configurazione del software<\/td>\n<\/tr>\n<\/table>","protected":false},"featured_media":2835,"template":"","meta":{"inline_featured_image":false},"product_brand":[],"product_cat":[106],"product_tag":[],"class_list":{"0":"post-2508","1":"product","2":"type-product","3":"status-publish","4":"has-post-thumbnail","6":"product_cat-microsoft-office-software","8":"first","9":"instock","10":"sale","11":"virtual","12":"taxable","13":"purchasable","14":"product-type-simple"},"_links":{"self":[{"href":"https:\/\/elitesoftkeys.com\/it\/wp-json\/wp\/v2\/product\/2508","targetHints":{"allow":["GET"]}}],"collection":[{"href":"https:\/\/elitesoftkeys.com\/it\/wp-json\/wp\/v2\/product"}],"about":[{"href":"https:\/\/elitesoftkeys.com\/it\/wp-json\/wp\/v2\/types\/product"}],"version-history":[{"count":0,"href":"https:\/\/elitesoftkeys.com\/it\/wp-json\/wp\/v2\/product\/2508\/revisions"}],"wp:featuredmedia":[{"embeddable":true,"href":"https:\/\/elitesoftkeys.com\/it\/wp-json\/wp\/v2\/media\/2835"}],"wp:attachment":[{"href":"https:\/\/elitesoftkeys.com\/it\/wp-json\/wp\/v2\/media?parent=2508"}],"wp:term":[{"taxonomy":"product_brand","embeddable":true,"href":"https:\/\/elitesoftkeys.com\/it\/wp-json\/wp\/v2\/product_brand?post=2508"},{"taxonomy":"product_cat","embeddable":true,"href":"https:\/\/elitesoftkeys.com\/it\/wp-json\/wp\/v2\/product_cat?post=2508"},{"taxonomy":"product_tag","embeddable":true,"href":"https:\/\/elitesoftkeys.com\/it\/wp-json\/wp\/v2\/product_tag?post=2508"}],"curies":[{"name":"parola chiave","href":"https:\/\/api.w.org\/{rel}","templated":true}]}}