{"id":2506,"date":"2024-12-21T13:55:33","date_gmt":"2024-12-21T13:55:33","guid":{"rendered":"http:\/\/elitesoftkeys.com\/?product=ashampoo-office-8-windows"},"modified":"2025-07-06T14:06:51","modified_gmt":"2025-07-06T14:06:51","slug":"ashampoo-office-8-windows","status":"publish","type":"product","link":"https:\/\/elitesoftkeys.com\/it\/prodotto\/ashampoo-office-8-windows\/","title":{"rendered":"Ashampoo Office 8 (Windows)"},"content":{"rendered":"<p>Office Ashampoo 8 \u00e8 l&#039;alternativa perfetta in termini di praticit\u00e0, compatibilit\u00e0 e funzionalit\u00e0 a un prezzo competitivo per la suite Office! Questo potente prodotto ti consentir\u00e0 di avere piena compatibilit\u00e0 con tutti i formati di documenti Microsoft Office per lavorare con documenti modificati e generati da applicazioni popolari come Excel, Word e Powerpoint.<\/p>\n<p>Potrai godere della piena compatibilit\u00e0 sia con le versioni precedenti di Office, come Professional Plus 2019, sia con le versioni pi\u00f9 recenti e aggiornate, come Microsoft 365. ATTENZIONE: il seguente prodotto non \u00e8 compatibile con i dispositivi mobili n\u00e9 con l&#039;utilizzo di un cloud dedicato per l&#039;archiviazione dei dati online. Cosa mi consente di fare Ashampoo Office 8? Ashampoo Office 8 ti consentir\u00e0 di installare il tuo software per ufficio su un massimo di 5 PC! Ed \u00e8 compatibile anche con sistemi operativi Windows pi\u00f9 vecchi e obsoleti, come Windows 7! Progetta i tuoi documenti con stili accattivanti, con grafica vettoriale o oggetti AutoFORM, e crea layout sofisticati in pochissimo tempo!<\/p>\n<p>Presenta la controparte di PowerPoint e crea facilmente presentazioni di grande impatto. Nella nuova versione, puoi persino creare presentazioni automatiche riproducibili su qualsiasi computer senza installare alcun software! Con animazioni mozzafiato, transizioni di diapositive di nuova concezione e un sofisticato concetto di pagina principale, sarai perfettamente equipaggiato per ogni presentazione. Ora puoi creare tutti i layout principali che desideri, su cui puoi posizionare qualsiasi segnaposto con pochi clic. Questo non solo garantisce un aspetto uniforme della tua presentazione, ma anche una perfetta compatibilit\u00e0 con PowerPoint. Calculate ti consente di creare facilmente calcoli, tabelle e diagrammi di qualsiasi complessit\u00e0. Da un semplice calendario all&#039;intera pianificazione finanziaria di un&#039;azienda, questo sostituto di Excel ti offre una gamma completa di funzionalit\u00e0. E se si verifica un errore nel tuo foglio di calcolo, l&#039;evidenziazione della sintassi e il monitoraggio delle formule ti indicheranno rapidamente la posizione dell&#039;errore. Con oltre 350 funzioni di calcolo, fogli di calcolo facili da usare e fogli di lavoro di grandi dimensioni con un milione di righe, Calculate 8 \u00e8 adatto a calcoli di ogni tipo. Con Word Write puoi creare documenti di qualsiasi dimensione in pochissimo tempo: che si tratti di un biglietto d&#039;auguri, di una lettera commerciale, di una brochure o di un intero documento di studio. Anche nei documenti di grandi dimensioni, non perderai mai la visione d&#039;insieme grazie alle nuove miniature di pagina e agli indici cliccabili! Con l&#039;esclusiva modalit\u00e0 oggetto, puoi posizionare liberamente grafici, disegni e testo nel documento. Grazie al contatore di parole in tempo reale, conoscerai sempre la dimensione esatta del tuo documento e potrai quindi scrivere &quot;a lunghezza&quot;. I professionisti possono anche utilizzare database SQLite e dBASE e persino eseguire la stampa unione da file XLSX. Note a pi\u00e8 di pagina e note di chiusura compatibili con Microsoft Word nello stesso documento consentono di lavorare in modo professionale ai massimi livelli.<\/p>","protected":false},"excerpt":{"rendered":"<table style='border-collapse: collapse; width: 100%;'>\n<tr>\n<th>Propriet\u00e0<\/th>\n<th>Valore<\/th>\n<\/tr>\n<tr>\n<td>Piattaforma<\/td>\n<td>Finestre<\/td>\n<\/tr>\n<tr>\n<td>Processore<\/td>\n<td>Processore a 2 core da 1,6 GHz<\/td>\n<\/tr>\n<tr>\n<td>Disco rigido<\/td>\n<td>4 GB di spazio disponibile su disco<\/td>\n<\/tr>\n<tr>\n<td>Memoria RAM<\/td>\n<td>4 GB (64 bit), 2 GB (32 bit) di RAM<\/td>\n<\/tr>\n<tr>\n<td>Lingua<\/td>\n<td>Multilingua<\/td>\n<\/tr>\n<tr>\n<td>Utenti supportati<\/td>\n<td>1 utente, 1 dispositivo<\/td>\n<\/tr>\n<tr>\n<td>Sistema operativo<\/td>\n<td>Requisiti minimi di Windows 7<\/td>\n<\/tr>\n<\/table>","protected":false},"featured_media":2754,"template":"","meta":{"inline_featured_image":false},"product_brand":[],"product_cat":[106],"product_tag":[],"class_list":{"0":"post-2506","1":"product","2":"type-product","3":"status-publish","4":"has-post-thumbnail","6":"product_cat-microsoft-office-software","8":"first","9":"instock","10":"sale","11":"virtual","12":"taxable","13":"purchasable","14":"product-type-simple"},"_links":{"self":[{"href":"https:\/\/elitesoftkeys.com\/it\/wp-json\/wp\/v2\/product\/2506","targetHints":{"allow":["GET"]}}],"collection":[{"href":"https:\/\/elitesoftkeys.com\/it\/wp-json\/wp\/v2\/product"}],"about":[{"href":"https:\/\/elitesoftkeys.com\/it\/wp-json\/wp\/v2\/types\/product"}],"version-history":[{"count":0,"href":"https:\/\/elitesoftkeys.com\/it\/wp-json\/wp\/v2\/product\/2506\/revisions"}],"wp:featuredmedia":[{"embeddable":true,"href":"https:\/\/elitesoftkeys.com\/it\/wp-json\/wp\/v2\/media\/2754"}],"wp:attachment":[{"href":"https:\/\/elitesoftkeys.com\/it\/wp-json\/wp\/v2\/media?parent=2506"}],"wp:term":[{"taxonomy":"product_brand","embeddable":true,"href":"https:\/\/elitesoftkeys.com\/it\/wp-json\/wp\/v2\/product_brand?post=2506"},{"taxonomy":"product_cat","embeddable":true,"href":"https:\/\/elitesoftkeys.com\/it\/wp-json\/wp\/v2\/product_cat?post=2506"},{"taxonomy":"product_tag","embeddable":true,"href":"https:\/\/elitesoftkeys.com\/it\/wp-json\/wp\/v2\/product_tag?post=2506"}],"curies":[{"name":"parola chiave","href":"https:\/\/api.w.org\/{rel}","templated":true}]}}