{"id":2505,"date":"2024-12-21T13:55:33","date_gmt":"2024-12-21T13:55:33","guid":{"rendered":"http:\/\/elitesoftkeys.com\/?product=microsoft-office-home-2024-edition"},"modified":"2025-07-06T14:06:51","modified_gmt":"2025-07-06T14:06:51","slug":"microsoft-office-home-2024-edition","status":"publish","type":"product","link":"https:\/\/elitesoftkeys.com\/it\/prodotto\/microsoft-office-home-2024-edition\/","title":{"rendered":"Microsoft Office Home 2024 Edition"},"content":{"rendered":"<p>Acquisto singolo per 1 computer<\/p>\n<p>Numero di installazioni: 1 dispositivo alla volta<\/p>\n<p>Compatibile con Windows 11 o Windows 10 o versioni pi\u00f9 recenti di Mac OS<\/p>\n<p>Include le versioni classiche del 2021 di Word, Excel, PowerPoint<\/p>\n<p>Office Home 2024 Edition \u00e8 una versione della suite di produttivit\u00e0 Microsoft che include applicazioni essenziali per studenti e utenti domestici. Questa versione \u00e8 progettata per l&#039;utilizzo su un singolo computer ed \u00e8 disponibile come acquisto una tantum, anzich\u00e9 tramite un modello di abbonamento come Microsoft 365. Office Home 2024 Edition include applicazioni come Word, Excel e PowerPoint, comunemente utilizzate in ambito accademico e personale. Non include Outlook. Questa versione \u00e8 ideale per studenti o per l&#039;uso domestico, nonch\u00e9 per utenti privati che hanno bisogno di creare budget familiari, tenere traccia delle spese e organizzare il proprio lavoro.<\/p>\n<p>Qual \u00e8 la differenza tra Office Home 2024 Edition e Microsoft 365?<\/p>\n<p>Office 2024 \u00e8 un acquisto una tantum, il che significa che paghi un solo costo iniziale per ottenere le applicazioni Microsoft per un computer. Uno dei vantaggi di scegliere Office 2024 \u00e8 che queste licenze non scadono mai. Il diritto di utilizzo di questa licenza \u00e8 perpetuo, a differenza di Microsoft 365\/Office 365. Dovrai pagare solo se desideri aggiornare alla versione principale successiva, altrimenti puoi utilizzarla per tutto il tempo che desideri. Microsoft 365 \u00e8 un abbonamento che include applicazioni come Word, Excel, PowerPoint, OneNote, Outlook, Publisher e Access (Publisher e Access sono disponibili solo su PC), oltre a servizi come 1 TB di spazio di archiviazione OneDrive e 60 minuti di Skype al mese. Per avere accesso ai dati e alle app Microsoft, \u00e8 necessario rinnovare l&#039;abbonamento ogni anno.<\/p>","protected":false},"excerpt":{"rendered":"<table style='border-collapse: collapse; width: 100%;'>\n<tr>\n<th>Propriet\u00e0<\/th>\n<th>Valore<\/th>\n<\/tr>\n<tr>\n<td>Piattaforma<\/td>\n<td>Finestre<\/td>\n<\/tr>\n<tr>\n<td>Processore<\/td>\n<td>Processore a 2 core da 1,6 GHz<\/td>\n<\/tr>\n<tr>\n<td>Disco rigido<\/td>\n<td>4 GB di spazio disponibile su disco<\/td>\n<\/tr>\n<tr>\n<td>Memoria RAM<\/td>\n<td>4 GB (64 bit), 2 GB (32 bit) di RAM<\/td>\n<\/tr>\n<tr>\n<td>Lingua<\/td>\n<td>Multilingua<\/td>\n<\/tr>\n<tr>\n<td>Utenti supportati<\/td>\n<td>1 utente, 1 dispositivo<\/td>\n<\/tr>\n<tr>\n<td>Sistema operativo<\/td>\n<td>Windows 10 o Windows 11<\/td>\n<\/tr>\n<\/table>","protected":false},"featured_media":2833,"template":"","meta":{"inline_featured_image":false},"product_brand":[],"product_cat":[106],"product_tag":[],"class_list":{"0":"post-2505","1":"product","2":"type-product","3":"status-publish","4":"has-post-thumbnail","6":"product_cat-microsoft-office-software","8":"first","9":"instock","10":"sale","11":"virtual","12":"taxable","13":"purchasable","14":"product-type-simple"},"_links":{"self":[{"href":"https:\/\/elitesoftkeys.com\/it\/wp-json\/wp\/v2\/product\/2505","targetHints":{"allow":["GET"]}}],"collection":[{"href":"https:\/\/elitesoftkeys.com\/it\/wp-json\/wp\/v2\/product"}],"about":[{"href":"https:\/\/elitesoftkeys.com\/it\/wp-json\/wp\/v2\/types\/product"}],"version-history":[{"count":0,"href":"https:\/\/elitesoftkeys.com\/it\/wp-json\/wp\/v2\/product\/2505\/revisions"}],"wp:featuredmedia":[{"embeddable":true,"href":"https:\/\/elitesoftkeys.com\/it\/wp-json\/wp\/v2\/media\/2833"}],"wp:attachment":[{"href":"https:\/\/elitesoftkeys.com\/it\/wp-json\/wp\/v2\/media?parent=2505"}],"wp:term":[{"taxonomy":"product_brand","embeddable":true,"href":"https:\/\/elitesoftkeys.com\/it\/wp-json\/wp\/v2\/product_brand?post=2505"},{"taxonomy":"product_cat","embeddable":true,"href":"https:\/\/elitesoftkeys.com\/it\/wp-json\/wp\/v2\/product_cat?post=2505"},{"taxonomy":"product_tag","embeddable":true,"href":"https:\/\/elitesoftkeys.com\/it\/wp-json\/wp\/v2\/product_tag?post=2505"}],"curies":[{"name":"parola chiave","href":"https:\/\/api.w.org\/{rel}","templated":true}]}}