{"id":2503,"date":"2024-12-21T13:55:33","date_gmt":"2024-12-21T13:55:33","guid":{"rendered":"http:\/\/elitesoftkeys.com\/?product=microsoft-office-professional-2013"},"modified":"2025-07-06T14:06:51","modified_gmt":"2025-07-06T14:06:51","slug":"microsoft-office-professional-2013","status":"publish","type":"product","link":"https:\/\/elitesoftkeys.com\/it\/prodotto\/microsoft-office-professional-2013\/","title":{"rendered":"Microsoft Office Professional 2013"},"content":{"rendered":"<p>Acquisto una tantum per 1 PC<\/p>\n<p>Numero di installazioni: 1<\/p>\n<p>Compatibile con Windows 7 o versioni successive<\/p>\n<p>Includi le versioni classiche del 2013 di Word, Excel, PowerPoint e Outlook.<\/p>\n<p>IMPORTANTE: questa versione di Office Professional Plus 2013 non riceve pi\u00f9 aggiornamenti. Clicca qui per Office 2021 Professional Plus e rimani aggiornato su tutte le funzionalit\u00e0 di Office!<\/p>\n<p>Office 2013 \u00e8 una versione della suite di applicazioni Microsoft Office. Office 2013 \u00e8 un prodotto pensato per famiglie e piccole imprese che desiderano installare le classiche applicazioni di Office e la posta elettronica su un unico PC, da utilizzare a casa o in ufficio. La versione Professional Plus 2013, in vendita su EliteSoftKeys, \u00e8 l&#039;edizione top di gamma della suite Microsoft Office 2013 e include tutte le classiche applicazioni Microsoft come Word, Excel, PowerPoint e Outlook.<\/p>\n<p>Questa versione \u00e8 progettata per l&#039;uso su Windows 7 o versioni successive ed \u00e8 disponibile come acquisto una tantum, anzich\u00e9 con un modello basato su abbonamento come Microsoft 365. In pratica, la licenza di Office Professional Plus 2013 non scade mai: hai il diritto perpetuo di utilizzare questa licenza finch\u00e9 non soddisfa le tue esigenze.<\/p>\n<p>Qual \u00e8 la differenza tra Microsoft Office 2013 e Microsoft 365?<\/p>\n<p>Office 2013 \u00e8 un acquisto una tantum, il che significa che paghi un unico costo iniziale per ottenere le app Microsoft per un computer. Uno dei vantaggi di scegliere Office 2013 \u00e8 che queste licenze non scadono mai. Hai il diritto perpetuo di utilizzare questa licenza, cosa che non \u00e8 prevista con Microsoft 365\/Office 365. Dovrai pagare solo nel caso in cui desideri effettuare l&#039;aggiornamento alla versione principale successiva, altrimenti potrai utilizzarla per tutto il tempo che vorrai.<\/p>\n<p>Microsoft 365 \u00e8 un abbonamento che include app come Word, Excel, PowerPoint, OneNote, Outlook, Publisher e Access (Publisher e Access sono disponibili solo su PC), oltre a servizi come 1 TB di spazio di archiviazione OneDrive e 60 minuti di Skype al mese. Per accedere ai dati e alle app Microsoft \u00e8 necessario rinnovare l&#039;abbonamento ogni anno.<\/p>","protected":false},"excerpt":{"rendered":"<table style='border-collapse: collapse; width: 100%;'>\n<tr>\n<th>Propriet\u00e0<\/th>\n<th>Valore<\/th>\n<\/tr>\n<tr>\n<td>Processore<\/td>\n<td>Processore a 2 core da 1,6 GHz<\/td>\n<\/tr>\n<tr>\n<td>Disco rigido<\/td>\n<td>4 GB di spazio disponibile su disco<\/td>\n<\/tr>\n<tr>\n<td>Memoria RAM<\/td>\n<td>4 GB (64 bit), 2 GB (32 bit) di RAM<\/td>\n<\/tr>\n<tr>\n<td>Sistema operativo<\/td>\n<td>Windows 7 o versioni successive<\/td>\n<\/tr>\n<tr>\n<td>Altri requisiti<\/td>\n<td>Accesso a Internet<\/td>\n<\/tr>\n<\/table>","protected":false},"featured_media":2830,"template":"","meta":{"inline_featured_image":false},"product_brand":[],"product_cat":[106],"product_tag":[],"class_list":{"0":"post-2503","1":"product","2":"type-product","3":"status-publish","4":"has-post-thumbnail","6":"product_cat-microsoft-office-software","8":"first","9":"instock","10":"sale","11":"virtual","12":"taxable","13":"purchasable","14":"product-type-simple"},"_links":{"self":[{"href":"https:\/\/elitesoftkeys.com\/it\/wp-json\/wp\/v2\/product\/2503","targetHints":{"allow":["GET"]}}],"collection":[{"href":"https:\/\/elitesoftkeys.com\/it\/wp-json\/wp\/v2\/product"}],"about":[{"href":"https:\/\/elitesoftkeys.com\/it\/wp-json\/wp\/v2\/types\/product"}],"version-history":[{"count":0,"href":"https:\/\/elitesoftkeys.com\/it\/wp-json\/wp\/v2\/product\/2503\/revisions"}],"wp:featuredmedia":[{"embeddable":true,"href":"https:\/\/elitesoftkeys.com\/it\/wp-json\/wp\/v2\/media\/2830"}],"wp:attachment":[{"href":"https:\/\/elitesoftkeys.com\/it\/wp-json\/wp\/v2\/media?parent=2503"}],"wp:term":[{"taxonomy":"product_brand","embeddable":true,"href":"https:\/\/elitesoftkeys.com\/it\/wp-json\/wp\/v2\/product_brand?post=2503"},{"taxonomy":"product_cat","embeddable":true,"href":"https:\/\/elitesoftkeys.com\/it\/wp-json\/wp\/v2\/product_cat?post=2503"},{"taxonomy":"product_tag","embeddable":true,"href":"https:\/\/elitesoftkeys.com\/it\/wp-json\/wp\/v2\/product_tag?post=2503"}],"curies":[{"name":"parola chiave","href":"https:\/\/api.w.org\/{rel}","templated":true}]}}