{"id":2502,"date":"2024-12-21T13:55:32","date_gmt":"2024-12-21T13:55:32","guid":{"rendered":"http:\/\/elitesoftkeys.com\/?product=microsoft-project-pro-2024-bind"},"modified":"2025-07-06T14:06:51","modified_gmt":"2025-07-06T14:06:51","slug":"microsoft-project-pro-2024-bind","status":"publish","type":"product","link":"https:\/\/elitesoftkeys.com\/it\/prodotto\/microsoft-project-pro-2024-bind\/","title":{"rendered":"Microsoft Project Pro 2024 BIND"},"content":{"rendered":"<p>Acquisto singolo per 1 PC<\/p>\n<p>Numero di installazioni: 1<\/p>\n<p>Compatibile con Windows 11 e Windows 10<\/p>\n<p>Sincronizzazione con Project Online e Project Server<\/p>\n<p>Supporta il canale di manutenzione a lungo termine (LTSC) ed \u00e8 compatibile con Office LTSC e Office 2024<\/p>\n<p>Simulazioni di scenari migliorate rispetto alla versione 2021 Project Professional 2024 \u00e8 un software di gestione progetti che consente agli utenti di pianificare, monitorare e gestire progetti e risorse in una piattaforma centralizzata.<\/p>\n<p>I principali vantaggi di Project Professional 2024<\/p>\n<p>I modelli preimpostati ti aiutano ad avviare facilmente il tuo progetto.<\/p>\n<p>I fogli presenze consentono agli utenti di tenere traccia del tempo impiegato sul progetto e del lavoro extra-progetto per varie funzioni, come la gestione delle paghe, la fatturazione, ecc.<\/p>\n<p>Il monitoraggio dei progressi consente ai partecipanti chiave di tenere traccia dell&#039;avanzamento del progetto rispetto al piano di base.<\/p>\n<p>I diagrammi di Gantt consentono di creare pianificazioni complesse e di visualizzare le relazioni tra le attivit\u00e0.<\/p>\n<p>La collaborazione \u00e8 migliorata dalla possibilit\u00e0 di trovare i membri del progetto nel piano di progetto e di contattarli.<\/p>\n<p>Report come Burndown e Resource Overview forniscono alle parti interessate informazioni sull&#039;efficacia del progetto.<\/p>\n<p>Qual \u00e8 la differenza tra Project Professional 2024 e Project Professional 2021?<\/p>\n<p>Miglioramenti nell&#039;interfaccia utente per Microsoft Project Pro 2024<\/p>\n<p>Nuova interfaccia: Project 2024 presenta un&#039;interfaccia utente rinnovata che semplifica la navigazione e rende pi\u00f9 fluida la pianificazione dei progetti, migliorando l&#039;esperienza utente complessiva.<\/p>\n<p>Integrazione migliorata<\/p>\n<p>Integrazione con Microsoft Teams e OneDrive: l&#039;integrazione con altri servizi Microsoft \u00e8 stata migliorata, facilitando la collaborazione tra i membri del team. Gli utenti possono condividere progressi e aggiornamenti in tempo reale, rendendo il lavoro di squadra pi\u00f9 efficiente.<\/p>\n<p>Servizi cloud e Azure: l&#039;integrazione con Azure \u00e8 stata ampliata, consentendo ai project manager di sfruttare le risorse cloud per una gestione dei progetti pi\u00f9 scalabile e sicura, particolarmente utile per i progetti di grandi dimensioni.<\/p>\n<p>Funzionalit\u00e0 di pianificazione avanzate<\/p>\n<p>Pianificazione basata sulle risorse: la versione 2024 offre opzioni avanzate per la pianificazione basata sulle risorse, consentendo una migliore visibilit\u00e0 della disponibilit\u00e0 e della capacit\u00e0 delle risorse. Ci\u00f2 aiuta a prevenire il sovraccarico di lavoro e a prendere decisioni di allocazione informate.<\/p>\n<p>Nuove notazioni: sono state introdotte nuove notazioni come Kubernetes e Yourdon-Coad, utili per visualizzare i flussi di lavoro nei progetti IT e di sviluppo software.<\/p>\n<p>Strumenti di reporting migliorati<\/p>\n<p>Reporting avanzato: Project 2024 include strumenti di reporting aggiornati con integrazione con Power BI, consentendo un&#039;analisi visiva dettagliata delle prestazioni del progetto. Questa funzionalit\u00e0 \u00e8 particolarmente utile per le organizzazioni che necessitano di report approfonditi.<\/p>","protected":false},"excerpt":{"rendered":"<table style='border-collapse: collapse; width: 100%;'>\n<tr>\n<th>Propriet\u00e0<\/th>\n<th>Valore<\/th>\n<\/tr>\n<tr>\n<td>Piattaforma<\/td>\n<td>Finestre<\/td>\n<\/tr>\n<tr>\n<td>Processore<\/td>\n<td>Processore a 2 core da 1,6 GHz<\/td>\n<\/tr>\n<tr>\n<td>Disco rigido<\/td>\n<td>4 GB di spazio disponibile su disco<\/td>\n<\/tr>\n<tr>\n<td>Memoria RAM<\/td>\n<td>4 GB (64 bit), 2 GB (32 bit) di RAM<\/td>\n<\/tr>\n<tr>\n<td>Sistema operativo<\/td>\n<td>Windows 11, Windows 10, Windows Server 2019<\/td>\n<\/tr>\n<tr>\n<td>Altri requisiti<\/td>\n<td>Connessione Internet per l&#039;installazione e la configurazione del software<\/td>\n<\/tr>\n<\/table>","protected":false},"featured_media":2842,"template":"","meta":{"inline_featured_image":false},"product_brand":[],"product_cat":[106],"product_tag":[],"class_list":{"0":"post-2502","1":"product","2":"type-product","3":"status-publish","4":"has-post-thumbnail","6":"product_cat-microsoft-office-software","8":"first","9":"instock","10":"sale","11":"virtual","12":"taxable","13":"purchasable","14":"product-type-simple"},"_links":{"self":[{"href":"https:\/\/elitesoftkeys.com\/it\/wp-json\/wp\/v2\/product\/2502","targetHints":{"allow":["GET"]}}],"collection":[{"href":"https:\/\/elitesoftkeys.com\/it\/wp-json\/wp\/v2\/product"}],"about":[{"href":"https:\/\/elitesoftkeys.com\/it\/wp-json\/wp\/v2\/types\/product"}],"version-history":[{"count":0,"href":"https:\/\/elitesoftkeys.com\/it\/wp-json\/wp\/v2\/product\/2502\/revisions"}],"wp:featuredmedia":[{"embeddable":true,"href":"https:\/\/elitesoftkeys.com\/it\/wp-json\/wp\/v2\/media\/2842"}],"wp:attachment":[{"href":"https:\/\/elitesoftkeys.com\/it\/wp-json\/wp\/v2\/media?parent=2502"}],"wp:term":[{"taxonomy":"product_brand","embeddable":true,"href":"https:\/\/elitesoftkeys.com\/it\/wp-json\/wp\/v2\/product_brand?post=2502"},{"taxonomy":"product_cat","embeddable":true,"href":"https:\/\/elitesoftkeys.com\/it\/wp-json\/wp\/v2\/product_cat?post=2502"},{"taxonomy":"product_tag","embeddable":true,"href":"https:\/\/elitesoftkeys.com\/it\/wp-json\/wp\/v2\/product_tag?post=2502"}],"curies":[{"name":"parola chiave","href":"https:\/\/api.w.org\/{rel}","templated":true}]}}