{"id":2499,"date":"2024-12-21T13:55:32","date_gmt":"2024-12-21T13:55:32","guid":{"rendered":"http:\/\/elitesoftkeys.com\/?product=microsoft-office-home-student-2016-windows"},"modified":"2025-07-06T14:06:49","modified_gmt":"2025-07-06T14:06:49","slug":"microsoft-office-home-student-2016-windows","status":"publish","type":"product","link":"https:\/\/elitesoftkeys.com\/it\/prodotto\/microsoft-office-home-student-2016-windows\/","title":{"rendered":"Microsoft Office Home &amp; Student 2016 (Windows)"},"content":{"rendered":"<p>Acquisto una tantum per 1 PC<\/p>\n<p>Numero di installazioni: 1<\/p>\n<p>Compatibile con Windows 11 o Windows 10<\/p>\n<p>Include le versioni classiche del 2019 di Word, Excel, PowerPoint, OneNote<\/p>\n<p>IMPORTANTE: questa versione di Office Home &amp; Student 2016 non \u00e8 per Mac. Clicca qui per Office 2019 Home &amp; Business e trova Office per Mac. Office Home &amp; Student 2016 \u00e8 una versione della suite di produttivit\u00e0 Microsoft che include applicazioni essenziali per studenti e utenti domestici. Questa versione \u00e8 progettata per l&#039;utilizzo su un singolo computer ed \u00e8 disponibile come acquisto una tantum, anzich\u00e9 con un modello basato su abbonamento come Microsoft 365. Office Home &amp; Student 2016 include applicazioni come Word, Excel, PowerPoint e OneNote, comunemente utilizzate in ambito accademico e personale. Non include Outlook. Questa versione \u00e8 ideale per gli studenti che devono scrivere documenti, creare presentazioni e gestire i propri appunti, nonch\u00e9 per gli utenti domestici che devono creare budget familiari, tenere traccia delle spese e organizzare il proprio lavoro.<\/p>\n<p>Qual \u00e8 la differenza tra Office Home &amp; Student 2016 e Microsoft 365?<\/p>\n<p>Office 2019 \u00e8 un acquisto una tantum, il che significa che paghi un unico costo iniziale per ottenere le app Microsoft per un computer. Uno dei vantaggi di scegliere Office 2019 \u00e8 che queste licenze non scadono mai. Hai il diritto perpetuo di utilizzare questa licenza, cosa che non \u00e8 prevista con Microsoft 365\/Office 365. Dovrai pagare solo nel caso in cui desideri effettuare l&#039;aggiornamento alla versione principale successiva, altrimenti potrai utilizzarla per tutto il tempo che vorrai.<\/p>\n<p>Microsoft 365 \u00e8 un abbonamento che include app come Word, Excel, PowerPoint, OneNote, Outlook, Publisher e Access (Publisher e Access sono disponibili solo su PC), oltre a servizi come 1 TB di spazio di archiviazione OneDrive e 60 minuti di Skype al mese. Per accedere ai dati e alle app Microsoft \u00e8 necessario rinnovare l&#039;abbonamento ogni anno.<\/p>","protected":false},"excerpt":{"rendered":"<table style='border-collapse: collapse; width: 100%;'>\n<tr>\n<th>Propriet\u00e0<\/th>\n<th>Valore<\/th>\n<\/tr>\n<tr>\n<td>Piattaforma<\/td>\n<td>Finestre<\/td>\n<\/tr>\n<tr>\n<td>Processore<\/td>\n<td>Processore a 2 core da 1,6 GHz<\/td>\n<\/tr>\n<tr>\n<td>Disco rigido<\/td>\n<td>4 GB di spazio disponibile su disco<\/td>\n<\/tr>\n<tr>\n<td>Memoria RAM<\/td>\n<td>4 GB (64 bit), 2 GB (32 bit) di RAM<\/td>\n<\/tr>\n<tr>\n<td>Lingua<\/td>\n<td>Multilingua<\/td>\n<\/tr>\n<tr>\n<td>Utenti supportati<\/td>\n<td>1 utente, 1 dispositivo<\/td>\n<\/tr>\n<tr>\n<td>Sistema operativo<\/td>\n<td>Windows 10 o Windows 11<\/td>\n<\/tr>\n<\/table>","protected":false},"featured_media":2837,"template":"","meta":{"inline_featured_image":false},"product_brand":[],"product_cat":[106],"product_tag":[],"class_list":{"0":"post-2499","1":"product","2":"type-product","3":"status-publish","4":"has-post-thumbnail","6":"product_cat-microsoft-office-software","8":"first","9":"instock","10":"sale","11":"virtual","12":"taxable","13":"purchasable","14":"product-type-simple"},"_links":{"self":[{"href":"https:\/\/elitesoftkeys.com\/it\/wp-json\/wp\/v2\/product\/2499","targetHints":{"allow":["GET"]}}],"collection":[{"href":"https:\/\/elitesoftkeys.com\/it\/wp-json\/wp\/v2\/product"}],"about":[{"href":"https:\/\/elitesoftkeys.com\/it\/wp-json\/wp\/v2\/types\/product"}],"version-history":[{"count":0,"href":"https:\/\/elitesoftkeys.com\/it\/wp-json\/wp\/v2\/product\/2499\/revisions"}],"wp:featuredmedia":[{"embeddable":true,"href":"https:\/\/elitesoftkeys.com\/it\/wp-json\/wp\/v2\/media\/2837"}],"wp:attachment":[{"href":"https:\/\/elitesoftkeys.com\/it\/wp-json\/wp\/v2\/media?parent=2499"}],"wp:term":[{"taxonomy":"product_brand","embeddable":true,"href":"https:\/\/elitesoftkeys.com\/it\/wp-json\/wp\/v2\/product_brand?post=2499"},{"taxonomy":"product_cat","embeddable":true,"href":"https:\/\/elitesoftkeys.com\/it\/wp-json\/wp\/v2\/product_cat?post=2499"},{"taxonomy":"product_tag","embeddable":true,"href":"https:\/\/elitesoftkeys.com\/it\/wp-json\/wp\/v2\/product_tag?post=2499"}],"curies":[{"name":"parola chiave","href":"https:\/\/api.w.org\/{rel}","templated":true}]}}