{"id":2498,"date":"2024-12-21T13:55:32","date_gmt":"2024-12-21T13:55:32","guid":{"rendered":"http:\/\/elitesoftkeys.com\/?product=microsoft-word-windows"},"modified":"2025-07-06T14:06:49","modified_gmt":"2025-07-06T14:06:49","slug":"microsoft-word-windows","status":"publish","type":"product","link":"https:\/\/elitesoftkeys.com\/it\/prodotto\/microsoft-word-windows\/","title":{"rendered":"Microsoft Word (Windows)"},"content":{"rendered":"<div data-elementor-type=\"wp-post\" data-elementor-id=\"2498\" class=\"elementor elementor-2498\">\n\t\t\t\t<div class=\"elementor-element elementor-element-539a0824 e-flex e-con-boxed e-con e-parent\" data-id=\"539a0824\" data-element_type=\"container\">\r\n\t\t\t\t\t<div class=\"e-con-inner\">\r\n\t\t\t\t<div class=\"elementor-element elementor-element-4ff31ae5 elementor-widget elementor-widget-text-editor\" data-id=\"4ff31ae5\" data-element_type=\"widget\" data-widget_type=\"text-editor.default\">\n\t\t\t\t<div class=\"elementor-widget-container\">\n\t\t\t\t\t\t\t\t\t<p>IMPORTANTE: questa \u00e8 solo l&#039;applicazione Word! Clicca qui per Office Professional Plus 2021 e rimanere aggiornato sulle ultime funzionalit\u00e0!<br \/>Le funzionalit\u00e0 di Microsoft Word<br \/>Word \u00e8 un programma di elaborazione testi progettato per consentire la creazione di documenti di qualit\u00e0 professionale. Grazie ai migliori strumenti di formattazione, Word consente di organizzare e scrivere documenti in modo pi\u00f9 efficiente.<br \/>\u00c8 attualmente il word processor pi\u00f9 utilizzato al mondo. Permette di aprire e salvare file in numerosi formati: Doc, Dot, Rtf, Txt, Wps, Htm, ma HTML (acronimo di Hyper Text Mark-Up Language), un linguaggio utilizzato per descrivere i documenti ipertestuali disponibili sul Web, non \u00e8 conforme agli standard del World Wide Web Consortium.<br \/>Con Microsoft Word, il testo pu\u00f2 essere formattato utilizzando la barra degli strumenti in alto. Dispone inoltre di funzioni che consentono di creare documenti visivamente accattivanti anche senza essere un grafico esperto. Il programma include anche funzioni di disegno di base, con cui \u00e8 possibile creare semplici forme 2D e 3D; include anche la funzione WordArt, che pu\u00f2 essere utilizzata per creare titoli colorati con effetti 3D, personalizzabili. \u00c8 inoltre possibile inserire immagini, disegni, fotografie e grafici nel documento.<br \/>Qual \u00e8 la differenza tra MS Microsoft Word e Office Pro Plus 2021?<br \/>La differenza tra Microsoft Word e Office Pro Plus 2021 \u00e8 che Microsoft Word \u00e8 un singolo programma per la creazione e la modifica di documenti di testo, mentre Office Pro Plus 2021 \u00e8 una suite completa di applicazioni per la produttivit\u00e0. Office Pro Plus 2021 include Word, Excel, PowerPoint, Outlook, Access, Publisher e altri strumenti, coprendo tutte le principali esigenze di produttivit\u00e0 aziendale.<br \/>Quale versione di Word scegliere: 2016, 2019 o 2021?<br \/>La scelta tra Word 2016, 2019 e 2021 dipende dalle tue esigenze specifiche e dal contesto in cui utilizzerai il software:<p>Word 2016: questa versione \u00e8 ideale se cercate una soluzione stabile e collaudata, dotata di tutte le funzionalit\u00e0 di base necessarie per la creazione e la modifica di documenti. \u00c8 adatta agli utenti che non necessitano delle ultime innovazioni e aggiornamenti.<br \/>Word 2019: offre miglioramenti rispetto a Word 2016, inclusi strumenti di modifica avanzati e nuove funzionalit\u00e0 come input penna migliorato, effetti visivi e supporto per modelli 3D. \u00c8 un&#039;ottima scelta per chi desidera funzionalit\u00e0 pi\u00f9 moderne senza dover aggiornare alla versione pi\u00f9 recente.<br \/>Word 2021: questa \u00e8 la versione pi\u00f9 recente, con tutte le funzionalit\u00e0 pi\u00f9 recenti e miglioramenti in termini di prestazioni, sicurezza e usabilit\u00e0. Include nuove funzionalit\u00e0 come l&#039;integrazione con Microsoft Teams, miglioramenti nella collaborazione in tempo reale e supporto per contenuti multimediali avanzati. \u00c8 la scelta migliore per chi desidera le funzionalit\u00e0 pi\u00f9 recenti e un&#039;esperienza collaborativa migliore.<p>In sintesi, se hai bisogno delle funzionalit\u00e0 e dei miglioramenti pi\u00f9 recenti, scegli Word 2021. Se cerchi un equilibrio tra nuove funzionalit\u00e0 e stabilit\u00e0, Word 2019 \u00e8 una buona opzione. Se cerchi una soluzione affidabile e collaudata, Word 2016 potrebbe essere sufficiente.<br \/>Microsoft Word \u2013 download e installazione<br \/>Dopo l&#039;acquisto, ti forniremo il codice Product Key necessario per scaricare Microsoft Word. Riceverai anche guide dettagliate su come scaricare Microsoft Word e installarlo sul tuo dispositivo. Per qualsiasi domanda sul download di Microsoft Word, puoi contattare il nostro supporto tecnico, disponibile tramite LiveChat, e-mail o WhatsApp.<br \/>Perch\u00e9 scegliere EliteSoftKeys per l&#039;acquisto di licenze software?<br \/>EliteSoftKeys \u00e8 il tuo rivenditore di fiducia per licenze software originali a prezzi competitivi, certificate da Microsoft e Adobe. Offriamo solo software autentico di marchi leader, garantendo qualit\u00e0 e autenticit\u00e0. Approfitta di sconti fino a 70% sui prezzi al dettaglio grazie alla rivendita legale di licenze usate. Il nostro servizio clienti multilingue, disponibile 7 giorni su 7, ha una valutazione media di 4,9\/5 su Trustpilot, Trusted Shop e Google Review. Offriamo inoltre un&#039;ampia gamma di metodi di pagamento sicuri, tra cui Google Pay e carte di credito, per acquisti facili e sicuri.<br \/>Domande frequenti sul software Microsoft Word<br \/>Cosa posso fare se non riesco ad attivare la mia licenza?<br \/>Nessun problema, siamo sempre disponibili ad aiutarti! Se per qualsiasi motivo non riesci ad attivare la tua chiave di Microsoft Word, contatta il nostro supporto tecnico gratuito qui, fornendo dettagli e screenshot del problema. Risolveremo il problema immediatamente.<br \/>Come mai la licenza di Microsoft Word ha un prezzo cos\u00ec basso?<br \/>Offriamo licenze usate al dettaglio, dismesse dal precedente proprietario in conformit\u00e0 con la sentenza CE C-128\/2011. Per questo motivo, puoi acquistare la chiave prodotto del software Microsoft Word sul nostro sito a un prezzo pi\u00f9 conveniente.<br \/>Come faccio a sapere se il mio computer soddisfa i requisiti di sistema per Microsoft Word?<br \/>Prima di acquistare la licenza di Microsoft Word, puoi consultare la sezione &quot;Requisiti&quot; in questa pagina per verificare le specifiche tecniche oppure visitare il sito del produttore.\t\t\t\t\t\t\t\t<\/div>\n\t\t\t\t<\/div>\n\t\t\t\t\t<\/div>\n\t\t\t\t<\/div>\n\t\t\t\t<\/div>","protected":false},"excerpt":{"rendered":"<table style=\"border-collapse: collapse; width: 100%;\">\n<tbody>\n<tr>\n<th>Propriet\u00e0<\/th>\n<th>Valore<\/th>\n<\/tr>\n<tr>\n<td>Processore<\/td>\n<td>Processore a 2 core da 1,6 GHz<\/td>\n<\/tr>\n<tr>\n<td>Disco rigido<\/td>\n<td>4 GB di spazio disponibile su disco<\/td>\n<\/tr>\n<tr>\n<td>Memoria RAM<\/td>\n<td>4 GB (64 bit), 2 GB (32 bit) di RAM<\/td>\n<\/tr>\n<tr>\n<td>Sistema operativo<\/td>\n<td>Windows 7 o versioni successive<\/td>\n<\/tr>\n<tr>\n<td>Altri requisiti<\/td>\n<td>Accesso a Internet<\/td>\n<\/tr>\n<\/tbody>\n<\/table>","protected":false},"featured_media":2836,"template":"","meta":{"inline_featured_image":false},"product_brand":[],"product_cat":[106],"product_tag":[],"class_list":{"0":"post-2498","1":"product","2":"type-product","3":"status-publish","4":"has-post-thumbnail","6":"product_cat-microsoft-office-software","8":"first","9":"instock","10":"sale","11":"virtual","12":"taxable","13":"purchasable","14":"product-type-simple"},"_links":{"self":[{"href":"https:\/\/elitesoftkeys.com\/it\/wp-json\/wp\/v2\/product\/2498","targetHints":{"allow":["GET"]}}],"collection":[{"href":"https:\/\/elitesoftkeys.com\/it\/wp-json\/wp\/v2\/product"}],"about":[{"href":"https:\/\/elitesoftkeys.com\/it\/wp-json\/wp\/v2\/types\/product"}],"version-history":[{"count":0,"href":"https:\/\/elitesoftkeys.com\/it\/wp-json\/wp\/v2\/product\/2498\/revisions"}],"wp:featuredmedia":[{"embeddable":true,"href":"https:\/\/elitesoftkeys.com\/it\/wp-json\/wp\/v2\/media\/2836"}],"wp:attachment":[{"href":"https:\/\/elitesoftkeys.com\/it\/wp-json\/wp\/v2\/media?parent=2498"}],"wp:term":[{"taxonomy":"product_brand","embeddable":true,"href":"https:\/\/elitesoftkeys.com\/it\/wp-json\/wp\/v2\/product_brand?post=2498"},{"taxonomy":"product_cat","embeddable":true,"href":"https:\/\/elitesoftkeys.com\/it\/wp-json\/wp\/v2\/product_cat?post=2498"},{"taxonomy":"product_tag","embeddable":true,"href":"https:\/\/elitesoftkeys.com\/it\/wp-json\/wp\/v2\/product_tag?post=2498"}],"curies":[{"name":"parola chiave","href":"https:\/\/api.w.org\/{rel}","templated":true}]}}