{"id":2497,"date":"2024-12-21T13:55:32","date_gmt":"2024-12-21T13:55:32","guid":{"rendered":"http:\/\/elitesoftkeys.com\/?product=microsoft-365-family"},"modified":"2025-11-29T14:22:16","modified_gmt":"2025-11-29T14:22:16","slug":"microsoft-365-family","status":"publish","type":"product","link":"https:\/\/elitesoftkeys.com\/it\/prodotto\/microsoft-365-family\/","title":{"rendered":"Famiglia Microsoft 365"},"content":{"rendered":"<p>IMPORTANTE: Microsoft 365 \u00e8 un servizio in abbonamento, il che significa che \u00e8 necessario rinnovarlo ogni anno. Se desideri un acquisto una tantum, consulta qui Office Professional Plus 2021 per Windows o Office Home &amp; Business 2021 per Mac.<\/p>\n<p>Microsoft 365 Family \u00e8 un servizio in abbonamento di Microsoft che offre l&#039;accesso a una suite di applicazioni di produttivit\u00e0 popolari come Word, Excel, PowerPoint, Outlook, OneNote, Publisher e Access. Include inoltre 1 TB di spazio di archiviazione cloud OneDrive per utente e l&#039;accesso a Microsoft Teams per la comunicazione e la collaborazione. L&#039;abbonamento \u00e8 destinato a un massimo di sei persone per nucleo familiare e pu\u00f2 essere installato su un massimo di cinque dispositivi per utente. Microsoft 365 Family \u00e8 progettato per aiutare le famiglie a essere pi\u00f9 produttive e a rimanere connesse, sia che lavorino da casa o in viaggio.<\/p>\n<p>Qual \u00e8 la differenza tra Microsoft Office 2019\/2021 e Microsoft 365?<\/p>\n<p>Office 2019\/2021 \u00e8 un acquisto una tantum, il che significa che paghi un unico costo iniziale per ottenere le app Microsoft per un computer. Uno dei vantaggi di scegliere Office 2019\/2021 \u00e8 che queste licenze non scadono mai. Hai un diritto perpetuo di utilizzo di questa licenza, cosa che non hai con Microsoft 365\/Office 365. Dovrai pagare solo nel caso in cui desideri eseguire l&#039;aggiornamento alla versione principale successiva, altrimenti puoi utilizzarla per tutto il tempo che desideri. Microsoft 365 \u00e8 un abbonamento che include app come Word, Excel, PowerPoint, OneNote, Outlook, Publisher e Access (Publisher e Access sono disponibili solo su PC), oltre a servizi come 1 TB di spazio di archiviazione OneDrive e 60 minuti di Skype al mese. Per accedere ai tuoi dati e alle app Microsoft, devi rinnovare l&#039;abbonamento ogni anno.<\/p>","protected":false},"excerpt":{"rendered":"<table style=\"border-collapse: collapse; width: 100%;\">\n<tbody>\n<tr>\n<th>Propriet\u00e0<\/th>\n<th>Valore<\/th>\n<\/tr>\n<tr>\n<td>Piattaforma<\/td>\n<td>Windows, macOS, iOS, Android<\/td>\n<\/tr>\n<tr>\n<td>Processore<\/td>\n<td>Windows: 1,6 GHz o pi\u00f9 veloce, 2 core. 2 GHz o pi\u00f9 consigliato per Microsoft Teams \/ Mac con processore Intel<\/td>\n<\/tr>\n<tr>\n<td>Disco rigido<\/td>\n<td>Windows: 4 GB di spazio disponibile su disco \/ Mac: 10 GB di spazio disponibile su disco; formato disco rigido HFS+ (noto anche come macOS Extended) \/ iOS: N\/D \/ Android: 1 GB<\/td>\n<\/tr>\n<tr>\n<td>Memoria RAM<\/td>\n<td>Mac: 4 GB di RAM \/ Windows: 4 GB di RAM; 2 GB di RAM (32 bit)<\/td>\n<\/tr>\n<tr>\n<td>Utenti supportati<\/td>\n<td>6 utenti per un totale di 30 dispositivi (5 per utente)<\/td>\n<\/tr>\n<tr>\n<td>Altri requisiti<\/td>\n<td>Connessione Internet per l&#039;utilizzo del servizio cloud o del sito web di Office 365.<\/td>\n<\/tr>\n<\/tbody>\n<\/table>","protected":false},"featured_media":2758,"template":"","meta":{"inline_featured_image":false},"product_brand":[],"product_cat":[106],"product_tag":[],"class_list":{"0":"post-2497","1":"product","2":"type-product","3":"status-publish","4":"has-post-thumbnail","6":"product_cat-microsoft-office-software","8":"first","9":"instock","10":"sale","11":"virtual","12":"taxable","13":"purchasable","14":"product-type-simple"},"_links":{"self":[{"href":"https:\/\/elitesoftkeys.com\/it\/wp-json\/wp\/v2\/product\/2497","targetHints":{"allow":["GET"]}}],"collection":[{"href":"https:\/\/elitesoftkeys.com\/it\/wp-json\/wp\/v2\/product"}],"about":[{"href":"https:\/\/elitesoftkeys.com\/it\/wp-json\/wp\/v2\/types\/product"}],"version-history":[{"count":0,"href":"https:\/\/elitesoftkeys.com\/it\/wp-json\/wp\/v2\/product\/2497\/revisions"}],"wp:featuredmedia":[{"embeddable":true,"href":"https:\/\/elitesoftkeys.com\/it\/wp-json\/wp\/v2\/media\/2758"}],"wp:attachment":[{"href":"https:\/\/elitesoftkeys.com\/it\/wp-json\/wp\/v2\/media?parent=2497"}],"wp:term":[{"taxonomy":"product_brand","embeddable":true,"href":"https:\/\/elitesoftkeys.com\/it\/wp-json\/wp\/v2\/product_brand?post=2497"},{"taxonomy":"product_cat","embeddable":true,"href":"https:\/\/elitesoftkeys.com\/it\/wp-json\/wp\/v2\/product_cat?post=2497"},{"taxonomy":"product_tag","embeddable":true,"href":"https:\/\/elitesoftkeys.com\/it\/wp-json\/wp\/v2\/product_tag?post=2497"}],"curies":[{"name":"parola chiave","href":"https:\/\/api.w.org\/{rel}","templated":true}]}}