{"id":2496,"date":"2024-12-21T13:55:31","date_gmt":"2024-12-21T13:55:31","guid":{"rendered":"http:\/\/elitesoftkeys.com\/?product=microsoft-visio-pro-2021"},"modified":"2025-07-06T14:06:45","modified_gmt":"2025-07-06T14:06:45","slug":"microsoft-visio-pro-2021","status":"publish","type":"product","link":"https:\/\/elitesoftkeys.com\/it\/prodotto\/microsoft-visio-pro-2021\/","title":{"rendered":"Microsoft Visio Pro 2021"},"content":{"rendered":"<p>Acquisto singolo per 1 PC<\/p>\n<p>Numero di installazioni: 1<\/p>\n<p>Compatibile con Windows 11 e Windows 10<\/p>\n<p>Supporta standard di settore come UML 2.5, BPMN 2.0 e SDL<\/p>\n<p>Supporta cartelle di lavoro di Microsoft Excel \/ database di Access \/ elenchi di SharePoint Foundation \/ database di SQL Server \/ directory di Exchange Server, informazioni di Azure Active Directory e altre origini dati OLEDB o ODBC, nonch\u00e9 file AutoCAD DWG<\/p>\n<p>Consente di collegare i diagrammi ai dati provenienti da fonti interne ed esterne. Visio Professional 2021 \u00e8 un&#039;applicazione di creazione di diagrammi e grafica vettoriale che consente di creare diagrammi e diagrammi di flusso per aiutare gli utenti a visualizzare e comunicare informazioni complesse. I principali vantaggi di Visio Professional 2021:<\/p>\n<p>Standard di settore. Visio supporta Unified Modeling Language (UML) 2.5, Business Process Model and Notation (BPMN) 2.0 e Specification and Description Language (SDL).<\/p>\n<p>Collegamento e condivisione dei dati. \u00c8 possibile collegare facilmente moduli e diagrammi di Visio ai dati provenienti da fonti interne ed esterne comuni. I diagrammi possono essere condivisi da repository online come OneDrive for Business e SharePoint (questi prodotti sono venduti separatamente).<\/p>\n<p>Molteplici origini dati. Visio supporta Excel Services, SharePoint Lists, SharePoint Foundation, SharePoint Server, SQL Server, Microsoft Access e altre origini dati OLEDB o ODBC, nonch\u00e9 file AutoCAD DWG.<\/p>\n<p>Creazione e modifica semplici. Crea visualizzazioni di database utilizzando diagrammi basati su un modello di database preimpostato e modifica le forme degli oggetti esistenti senza perdere ci\u00f2 che hai gi\u00e0 creato.<\/p>\n<p>Lavoro di gruppo simultaneo. Puoi vedere cosa stanno modificando i coautori in un diagramma comune, ricevere notifiche sulle modifiche e decidere se unirle al file master.<\/p>\n<p>Diagrammi basati sui dati. Generazione automatica di diagrammi da fonti dati come Excel, Exchange, database SQL Server, ecc. Qual \u00e8 la differenza tra Visio Professional 2021 e Visio Standard 2019?<\/p>\n<p>Visio Professional 2019 offre funzionalit\u00e0 e caratteristiche pi\u00f9 avanzate rispetto alla versione Standard, ad esempio include:<\/p>\n<p>Diagrammi aggiuntivi, come BPMN 2.0 e UML 2.5<\/p>\n<p>Ulteriori forme e stencil, compresi quelli per diagrammi di rete, diagrammi di ingegneria e diagrammi software.<\/p>\n<p>Funzionalit\u00e0 per la collaborazione in team, come la possibilit\u00e0 di collaborare alla creazione di diagrammi in tempo reale e di condividerli tramite un browser.<\/p>\n<p>Funzionalit\u00e0 avanzate di connettivit\u00e0 dei dati, come la possibilit\u00e0 di collegare diagrammi alle fonti dati e di aggiornare automaticamente i dati.<\/p>\n<p>Il confronto completo delle funzionalit\u00e0 \u00e8 disponibile sul sito Web ufficiale di Microsoft qui. Qual \u00e8 la differenza tra Visio Professional 2019 e Visio Professional 2021? Visio Professional 2021 migliora le funzionalit\u00e0 che consentono di sviluppare e condividere diagrammi versatili; introduce modelli, forme e stili aggiornati; offre un supporto migliorato per la collaborazione in team, inclusa la possibilit\u00e0 di lavorare su un singolo diagramma per pi\u00f9 persone contemporaneamente; consente di collegare istantaneamente i diagrammi ai dati; e previene la fuga di informazioni tramite Information Rights Management. Il confronto completo delle funzionalit\u00e0 \u00e8 disponibile sul sito Web ufficiale di Microsoft qui.<\/p>","protected":false},"excerpt":{"rendered":"<table style='border-collapse: collapse; width: 100%;'>\n<tr>\n<th>Propriet\u00e0<\/th>\n<th>Valore<\/th>\n<\/tr>\n<tr>\n<td>Piattaforma<\/td>\n<td>Finestre<\/td>\n<\/tr>\n<tr>\n<td>Processore<\/td>\n<td>Processore a 2 core da 1,6 GHz<\/td>\n<\/tr>\n<tr>\n<td>Disco rigido<\/td>\n<td>4 GB di spazio disponibile su disco<\/td>\n<\/tr>\n<tr>\n<td>Memoria RAM<\/td>\n<td>4 GB (64 bit), 2 GB (32 bit) di RAM<\/td>\n<\/tr>\n<tr>\n<td>Sistema operativo<\/td>\n<td>Windows 11 o Windows 10<\/td>\n<\/tr>\n<tr>\n<td>Altri requisiti<\/td>\n<td>Connessione Internet per l&#039;installazione e la configurazione del software<\/td>\n<\/tr>\n<\/table>","protected":false},"featured_media":2847,"template":"","meta":{"inline_featured_image":false},"product_brand":[],"product_cat":[106],"product_tag":[],"class_list":{"0":"post-2496","1":"product","2":"type-product","3":"status-publish","4":"has-post-thumbnail","6":"product_cat-microsoft-office-software","8":"first","9":"instock","10":"sale","11":"virtual","12":"taxable","13":"purchasable","14":"product-type-simple"},"_links":{"self":[{"href":"https:\/\/elitesoftkeys.com\/it\/wp-json\/wp\/v2\/product\/2496","targetHints":{"allow":["GET"]}}],"collection":[{"href":"https:\/\/elitesoftkeys.com\/it\/wp-json\/wp\/v2\/product"}],"about":[{"href":"https:\/\/elitesoftkeys.com\/it\/wp-json\/wp\/v2\/types\/product"}],"version-history":[{"count":0,"href":"https:\/\/elitesoftkeys.com\/it\/wp-json\/wp\/v2\/product\/2496\/revisions"}],"wp:featuredmedia":[{"embeddable":true,"href":"https:\/\/elitesoftkeys.com\/it\/wp-json\/wp\/v2\/media\/2847"}],"wp:attachment":[{"href":"https:\/\/elitesoftkeys.com\/it\/wp-json\/wp\/v2\/media?parent=2496"}],"wp:term":[{"taxonomy":"product_brand","embeddable":true,"href":"https:\/\/elitesoftkeys.com\/it\/wp-json\/wp\/v2\/product_brand?post=2496"},{"taxonomy":"product_cat","embeddable":true,"href":"https:\/\/elitesoftkeys.com\/it\/wp-json\/wp\/v2\/product_cat?post=2496"},{"taxonomy":"product_tag","embeddable":true,"href":"https:\/\/elitesoftkeys.com\/it\/wp-json\/wp\/v2\/product_tag?post=2496"}],"curies":[{"name":"parola chiave","href":"https:\/\/api.w.org\/{rel}","templated":true}]}}