{"id":2494,"date":"2024-12-21T13:55:31","date_gmt":"2024-12-21T13:55:31","guid":{"rendered":"http:\/\/elitesoftkeys.com\/?product=microsoft-office-2016-home-business-mac"},"modified":"2025-07-06T14:06:45","modified_gmt":"2025-07-06T14:06:45","slug":"microsoft-office-2016-home-business-mac","status":"publish","type":"product","link":"https:\/\/elitesoftkeys.com\/it\/prodotto\/microsoft-office-2016-home-business-mac\/","title":{"rendered":"Microsoft Office 2016 Home &amp; Business Mac"},"content":{"rendered":"<p>Acquisto singolo per 1 Mac<\/p>\n<p>Numero di installazioni: 1<\/p>\n<p>Compatibile con macOS<\/p>\n<p>Include le versioni classiche del 2016 di Word, Excel, PowerPoint, Outlook, OneNote<\/p>\n<p>IMPORTANTE: questa versione di Office Home &amp; Business 2016 non \u00e8 per Windows. Clicca qui per Office Professional Plus 2016 per la versione Windows di Office. Office Home &amp; Business 2016 \u00e8 una versione della suite di produttivit\u00e0 Microsoft che include applicazioni essenziali per uso personale e aziendale. Questa versione \u00e8 progettata per l&#039;utilizzo su un singolo dispositivo ed \u00e8 disponibile come acquisto una tantum, a differenza di un modello basato su abbonamento come Microsoft 365. Office Home &amp; Business 2016 include applicazioni come Word, Excel, PowerPoint, Outlook e OneNote, comunemente utilizzate sia in ambienti personali che aziendali. Questa versione \u00e8 ideale per piccole imprese o utenti domestici che hanno bisogno di creare documenti professionali, gestire e-mail e calendari e organizzare il proprio lavoro. Qual \u00e8 la differenza tra Office Home &amp; Business 2016 e Microsoft 365? Office 2019 \u00e8 un acquisto una tantum, il che significa che paghi un unico costo iniziale per ottenere le applicazioni Microsoft, per un computer. Uno dei vantaggi della scelta di Office 2016 \u00e8 che questa licenza non scade mai. Il diritto di utilizzare questa licenza \u00e8 perpetuo, a differenza di Microsoft 365\/Office 365. Dovrai pagare solo se desideri aggiornare alla versione principale successiva, altrimenti potrai utilizzarla per tutto il tempo che desideri. Microsoft 365 \u00e8 un abbonamento che include applicazioni come Word, Excel, PowerPoint, OneNote, Outlook, Publisher e Access (Publisher e Access sono disponibili solo su PC), oltre a servizi come 1 TB di spazio di archiviazione OneDrive e 60 minuti di Skype al mese. Per avere accesso ai dati e alle app Microsoft, \u00e8 necessario rinnovare l&#039;abbonamento ogni anno.<\/p>","protected":false},"excerpt":{"rendered":"<table style='border-collapse: collapse; width: 100%;'>\n<tr>\n<th>Propriet\u00e0<\/th>\n<th>Valore<\/th>\n<\/tr>\n<tr>\n<td>Piattaforma<\/td>\n<td>macOS<\/td>\n<\/tr>\n<tr>\n<td>Memoria RAM<\/td>\n<td>4 GB di RAM per Mac<\/td>\n<\/tr>\n<tr>\n<td>Utenti supportati<\/td>\n<td>1 utente, 1 dispositivo<\/td>\n<\/tr>\n<tr>\n<td>Sistema operativo<\/td>\n<td>macOS (richiesta minima Catalina 10.15.7)<\/td>\n<\/tr>\n<tr>\n<td>Altri requisiti<\/td>\n<td>Rete Internet per installare e configurare il prodotto<\/td>\n<\/tr>\n<\/table>","protected":false},"featured_media":2763,"template":"","meta":{"inline_featured_image":false},"product_brand":[],"product_cat":[106],"product_tag":[],"class_list":{"0":"post-2494","1":"product","2":"type-product","3":"status-publish","4":"has-post-thumbnail","6":"product_cat-microsoft-office-software","8":"first","9":"instock","10":"sale","11":"virtual","12":"taxable","13":"purchasable","14":"product-type-simple"},"_links":{"self":[{"href":"https:\/\/elitesoftkeys.com\/it\/wp-json\/wp\/v2\/product\/2494","targetHints":{"allow":["GET"]}}],"collection":[{"href":"https:\/\/elitesoftkeys.com\/it\/wp-json\/wp\/v2\/product"}],"about":[{"href":"https:\/\/elitesoftkeys.com\/it\/wp-json\/wp\/v2\/types\/product"}],"version-history":[{"count":0,"href":"https:\/\/elitesoftkeys.com\/it\/wp-json\/wp\/v2\/product\/2494\/revisions"}],"wp:featuredmedia":[{"embeddable":true,"href":"https:\/\/elitesoftkeys.com\/it\/wp-json\/wp\/v2\/media\/2763"}],"wp:attachment":[{"href":"https:\/\/elitesoftkeys.com\/it\/wp-json\/wp\/v2\/media?parent=2494"}],"wp:term":[{"taxonomy":"product_brand","embeddable":true,"href":"https:\/\/elitesoftkeys.com\/it\/wp-json\/wp\/v2\/product_brand?post=2494"},{"taxonomy":"product_cat","embeddable":true,"href":"https:\/\/elitesoftkeys.com\/it\/wp-json\/wp\/v2\/product_cat?post=2494"},{"taxonomy":"product_tag","embeddable":true,"href":"https:\/\/elitesoftkeys.com\/it\/wp-json\/wp\/v2\/product_tag?post=2494"}],"curies":[{"name":"parola chiave","href":"https:\/\/api.w.org\/{rel}","templated":true}]}}