{"id":2490,"date":"2024-12-21T13:55:30","date_gmt":"2024-12-21T13:55:30","guid":{"rendered":"http:\/\/elitesoftkeys.com\/?product=office-professional-plus-2016-lifetime-license"},"modified":"2025-07-06T14:06:43","modified_gmt":"2025-07-06T14:06:43","slug":"office-professional-plus-2016-lifetime-license","status":"publish","type":"product","link":"https:\/\/elitesoftkeys.com\/it\/prodotto\/office-professional-plus-2016-lifetime-license\/","title":{"rendered":"Office Professional Plus 2016 \u2013 Licenza a vita"},"content":{"rendered":"<p>IMPORTANTE: questa versione di Office Professional Plus 2016 non \u00e8 per Mac. Fare clic qui per Office Home &amp; Business 2016 per la versione Mac di Office.<\/p>\n<p>Le funzionalit\u00e0 di Microsoft Office Professional Plus 2016<\/p>\n<p>L&#039;edizione Professional Plus 2016 include tutte le classiche applicazioni Microsoft, come Word, Excel, PowerPoint, oltre a Outlook, OneNote, Publisher, Access e Skype for Business. Progettata per essere utilizzata esclusivamente su Windows 10 o versioni successive, questa edizione \u00e8 disponibile tramite un unico acquisto, a differenza dei modelli di abbonamento come Microsoft 365. In pratica, la licenza di Office Professional Plus 2016 non ha scadenza e rimane valida finch\u00e9 soddisfa le tue esigenze.<\/p>\n<p>Qual \u00e8 la differenza tra Office 2016 Plus Pro e Microsoft 365?<\/p>\n<p>Office 2016 \u00e8 un acquisto una tantum, il che significa che paghi un unico costo iniziale per ottenere le applicazioni Microsoft per un computer. Uno dei vantaggi di scegliere Office 2016 \u00e8 che queste licenze non scadono mai. Il diritto di utilizzo di questa licenza \u00e8 perpetuo, a differenza di Microsoft 365\/Office 365. Dovrai pagare solo nel caso in cui desideri aggiornare alla versione principale successiva, altrimenti potrai utilizzarla per tutto il tempo che desideri. Microsoft 365 \u00e8 un abbonamento che include applicazioni come Word, Excel, PowerPoint, OneNote, Outlook, Publisher e Access (Publisher e Access sono disponibili solo su PC), oltre a servizi come 1 TB di spazio di archiviazione OneDrive e 60 minuti di Skype al mese. Per accedere ai dati e alle app Microsoft, \u00e8 necessario rinnovare l&#039;abbonamento ogni anno.<\/p>\n<p>Download e installazione di Microsoft Office Professional Plus 2016<\/p>\n<p>Dopo l&#039;acquisto, riceverai il codice Product Key di Office 2016 via e-mail, con allegate semplici guide e istruzioni per la procedura. Per ulteriori domande, offriamo supporto tecnico gratuito tramite LiveChat, indirizzo e-mail o contatto WhatsApp.<\/p>\n<p>Perch\u00e9 scegliere EliteSoftKeys per l&#039;acquisto di licenze software?<\/p>\n<p>EliteSoftKeys \u00e8 il tuo rivenditore di fiducia di licenze software originali al miglior prezzo. Offriamo:<\/p>\n<p>Solo software autentico: in qualit\u00e0 di rivenditori certificati Adobe e Microsoft, garantiamo la qualit\u00e0 e l&#039;autenticit\u00e0 di ogni prodotto.<\/p>\n<p>Prezzi imbattibili: i nostri prezzi competitivi sono resi possibili dalla rivendita di licenze &quot;usate&quot;, una pratica legalmente consentita da una sentenza della CGUE del 3 luglio 2012.<\/p>\n<p>Servizio clienti eccezionale: il nostro team di assistenza clienti multilingue, disponibile 7 giorni su 7, ha una valutazione media di 4,9\/5 in base alle recensioni su piattaforme come Trustpilot, Trusted Shops e Google Reviews.<\/p>\n<p>Opzioni di pagamento sicure: scegli tra un&#039;ampia gamma di metodi di pagamento sicuri, tra cui Apple Pay, Google Pay e carte di credito.<\/p>\n<p>Domande frequenti su Office 2016 Pro Plus<\/p>\n<p>Come faccio a sapere se il mio computer pu\u00f2 eseguire Office 2016 Professional Plus su Windows?<\/p>\n<p>Potete consultare la sezione &quot;Requisiti&quot; in questa pagina per verificare le specifiche tecniche oppure visitare il sito web del produttore; contattateci se desiderate ottenere tutte le informazioni di cui avete bisogno.<\/p>\n<p>Come posso ricevere la mia licenza dopo aver acquistato Office Professional Plus 2016?<\/p>\n<p>Dopo aver completato l&#039;acquisto, ti invieremo una chiave di attivazione della licenza tramite e-mail.<\/p>\n<p>Cosa posso fare se non riesco ad attivare il mio pacchetto Office?<\/p>\n<p>Nessun problema, siamo sempre disponibili ad aiutarti! Se per qualsiasi motivo non riesci ad attivare la tua licenza, contatta il nostro team di supporto tecnico gratuito, disponibile sul sito web, con dettagli e screenshot del problema. Risolveremo il problema immediatamente.<\/p>\n<p>Devo pagare ogni anno la licenza di Office 2016?<\/p>\n<p>Assolutamente no! Le versioni vendute su www.EliteSoftKeys.com rientrano nella categoria &quot;Office Lifetime License&quot;, quindi, a differenza dei classici abbonamenti annuali a Office 365, non pagherai alcun costo aggiuntivo o futuro per il loro utilizzo.<\/p>","protected":false},"excerpt":{"rendered":"<table style='border-collapse: collapse; width: 100%;'>\n<tr>\n<th>Propriet\u00e0<\/th>\n<th>Valore<\/th>\n<\/tr>\n<tr>\n<td>Processore<\/td>\n<td>Processore a 2 core da 1,6 GHz<\/td>\n<\/tr>\n<tr>\n<td>Disco rigido<\/td>\n<td>4 GB di spazio disponibile su disco<\/td>\n<\/tr>\n<tr>\n<td>Memoria RAM<\/td>\n<td>4 GB (64 bit), 2 GB (32 bit) di RAM<\/td>\n<\/tr>\n<tr>\n<td>Sistema operativo<\/td>\n<td>Windows 10 o versioni successive<\/td>\n<\/tr>\n<tr>\n<td>Altri requisiti<\/td>\n<td>Accesso a Internet<\/td>\n<\/tr>\n<\/table>","protected":false},"featured_media":2852,"template":"","meta":{"inline_featured_image":false},"product_brand":[],"product_cat":[106],"product_tag":[],"class_list":{"0":"post-2490","1":"product","2":"type-product","3":"status-publish","4":"has-post-thumbnail","6":"product_cat-microsoft-office-software","8":"first","9":"instock","10":"sale","11":"virtual","12":"taxable","13":"purchasable","14":"product-type-simple"},"_links":{"self":[{"href":"https:\/\/elitesoftkeys.com\/it\/wp-json\/wp\/v2\/product\/2490","targetHints":{"allow":["GET"]}}],"collection":[{"href":"https:\/\/elitesoftkeys.com\/it\/wp-json\/wp\/v2\/product"}],"about":[{"href":"https:\/\/elitesoftkeys.com\/it\/wp-json\/wp\/v2\/types\/product"}],"version-history":[{"count":0,"href":"https:\/\/elitesoftkeys.com\/it\/wp-json\/wp\/v2\/product\/2490\/revisions"}],"wp:featuredmedia":[{"embeddable":true,"href":"https:\/\/elitesoftkeys.com\/it\/wp-json\/wp\/v2\/media\/2852"}],"wp:attachment":[{"href":"https:\/\/elitesoftkeys.com\/it\/wp-json\/wp\/v2\/media?parent=2490"}],"wp:term":[{"taxonomy":"product_brand","embeddable":true,"href":"https:\/\/elitesoftkeys.com\/it\/wp-json\/wp\/v2\/product_brand?post=2490"},{"taxonomy":"product_cat","embeddable":true,"href":"https:\/\/elitesoftkeys.com\/it\/wp-json\/wp\/v2\/product_cat?post=2490"},{"taxonomy":"product_tag","embeddable":true,"href":"https:\/\/elitesoftkeys.com\/it\/wp-json\/wp\/v2\/product_tag?post=2490"}],"curies":[{"name":"parola chiave","href":"https:\/\/api.w.org\/{rel}","templated":true}]}}