{"id":2487,"date":"2024-12-21T13:55:30","date_gmt":"2024-12-21T13:55:30","guid":{"rendered":"http:\/\/elitesoftkeys.com\/?product=microsoft-365-personal"},"modified":"2025-07-06T14:06:41","modified_gmt":"2025-07-06T14:06:41","slug":"microsoft-365-personal","status":"publish","type":"product","link":"https:\/\/elitesoftkeys.com\/it\/prodotto\/microsoft-365-personal\/","title":{"rendered":"Microsoft 365 Personal"},"content":{"rendered":"<p>Per 1 utente<\/p>\n<p>Utilizzabile su un massimo di 5 dispositivi contemporaneamente<\/p>\n<p>Compatibile con PC, Mac, iPhone, iPad e dispositivi Android<\/p>\n<p>1 TB di spazio di archiviazione cloud<\/p>\n<p>Microsoft 365 Personal \u00e8 un servizio in abbonamento Microsoft che offre accesso a una vasta gamma di applicazioni per la produttivit\u00e0, tra cui Word, Excel, PowerPoint, Outlook, OneNote, Publisher e Access. Include inoltre 1 TB di spazio di archiviazione cloud OneDrive e l&#039;accesso a Microsoft Teams per la comunicazione e la collaborazione. L&#039;abbonamento \u00e8 destinato a un singolo utente e pu\u00f2 essere installato su un massimo di cinque dispositivi. Microsoft 365 Personal \u00e8 progettato per aiutare gli utenti a essere pi\u00f9 produttivi e a rimanere connessi, sia che lavorino da casa o in viaggio.<\/p>\n<p>Qual \u00e8 la differenza tra Microsoft Office 2019\/2021 e Microsoft 365?<\/p>\n<p>Costi:<\/p>\n<p>Office Professional Plus 2021 richiede un pagamento una tantum per la licenza perpetua. Tuttavia, questo significa che non riceverai aggiornamenti futuri o nuove funzionalit\u00e0 senza acquistare una nuova versione.<\/p>\n<p>Microsoft 365, d&#039;altra parte, offre un modello di abbonamento che consente di dilazionare il costo nel tempo. Sebbene possa sembrare una spesa continuativa, avrai sempre accesso agli ultimi aggiornamenti, funzionalit\u00e0 e patch di sicurezza senza costi aggiuntivi. A lungo termine, questa soluzione potrebbe rivelarsi pi\u00f9 conveniente.<\/p>\n<p>Accessibilit\u00e0 e flessibilit\u00e0:<\/p>\n<p>Con Office 2021, l&#039;installazione \u00e8 limitata a un singolo dispositivo. Se si desidera utilizzare Office su pi\u00f9 dispositivi, \u00e8 necessario acquistare licenze aggiuntive.<\/p>\n<p>Microsoft 365 consente di installare le app di Office su pi\u00f9 dispositivi (PC, Mac, tablet e smartphone), consentendo di lavorare senza problemi su tutti i dispositivi. Questa flessibilit\u00e0 \u00e8 incredibilmente comoda per gli utenti che dispongono di pi\u00f9 dispositivi o che lavorano da remoto.<\/p>\n<p>Servizi cloud e collaborazione:<\/p>\n<p>Office 2021 \u00e8 principalmente basato sul desktop e non offre funzionalit\u00e0 di integrazione con il cloud e di collaborazione.<\/p>\n<p>Microsoft 365 include servizi cloud come l&#039;archiviazione OneDrive, la posta elettronica di Outlook, Teams per la collaborazione e l&#039;accesso alle versioni online delle app di Office. Questi strumenti basati sul cloud migliorano la produttivit\u00e0, consentono la collaborazione in tempo reale e garantiscono l&#039;accesso continuo ai file da qualsiasi luogo con una connessione Internet.<\/p>\n<p>Sicurezza e aggiornamenti:<\/p>\n<p>Con Office 2021, l&#039;installazione manuale di aggiornamenti e patch pu\u00f2 richiedere molto tempo e, se trascurata, pu\u00f2 rendere il sistema vulnerabile.<\/p>\n<p>Microsoft 365 include funzionalit\u00e0 di sicurezza integrate e fornisce aggiornamenti automatici, garantendo una protezione costante contro le minacce e le vulnerabilit\u00e0 pi\u00f9 recenti senza alcuno sforzo da parte tua.<\/p>\n<p>Ulteriori vantaggi:<\/p>\n<p>Gli abbonati a Microsoft 365 spesso ricevono vantaggi aggiuntivi, come minuti Skype gratuiti, sconti su Microsoft Store e accesso alle funzionalit\u00e0 premium di vari servizi Microsoft.<\/p>\n<p>In conclusione, mentre Office 2021 Professional Plus offre un&#039;opzione di acquisto una tantum, Microsoft 365 offre una soluzione pi\u00f9 completa e a prova di futuro, con aggiornamenti continui, integrazione cloud, strumenti di collaborazione e funzionalit\u00e0 di sicurezza. Il modello di abbonamento garantisce di essere sempre equipaggiati con le tecnologie pi\u00f9 recenti e offre maggiore flessibilit\u00e0 e valore per il tuo investimento.<\/p>","protected":false},"excerpt":{"rendered":"<table style=\"border-collapse: collapse; width: 100%;\">\n<tbody>\n<tr>\n<th>Propriet\u00e0<\/th>\n<th>Valore<\/th>\n<\/tr>\n<tr>\n<td>Piattaforma<\/td>\n<td>Windows, macOS, iOS, Android<\/td>\n<\/tr>\n<tr>\n<td>Processore<\/td>\n<td>PC con processore da 1 GHZ o pi\u00f9 veloce\/Mac con processore Intel<\/td>\n<\/tr>\n<tr>\n<td>Disco rigido<\/td>\n<td>4 GB di memoria libera su disco<\/td>\n<\/tr>\n<tr>\n<td>Memoria RAM<\/td>\n<td>4 GB di RAM per Mac \/ 2 GB (64 bit) per Windows<\/td>\n<\/tr>\n<tr>\n<td>Sistema operativo<\/td>\n<td>Windows 11, Windows 10, Windows 8.1 \/ MacOS (Ventura 13.2, Monterey 12.5, BigSur 11.7) \/ iOS 15.0 o versioni successive \/ Android 6.0 o versioni successive<\/td>\n<\/tr>\n<tr>\n<td>Altri requisiti<\/td>\n<td>Connessione Internet per l&#039;installazione e l&#039;attivazione dei prodotti Microsoft e l&#039;accesso ai servizi online.<\/td>\n<\/tr>\n<\/tbody>\n<\/table>","protected":false},"featured_media":2759,"template":"","meta":{"inline_featured_image":false},"product_brand":[],"product_cat":[106],"product_tag":[],"class_list":{"0":"post-2487","1":"product","2":"type-product","3":"status-publish","4":"has-post-thumbnail","6":"product_cat-microsoft-office-software","8":"first","9":"instock","10":"sale","11":"virtual","12":"taxable","13":"purchasable","14":"product-type-simple"},"_links":{"self":[{"href":"https:\/\/elitesoftkeys.com\/it\/wp-json\/wp\/v2\/product\/2487","targetHints":{"allow":["GET"]}}],"collection":[{"href":"https:\/\/elitesoftkeys.com\/it\/wp-json\/wp\/v2\/product"}],"about":[{"href":"https:\/\/elitesoftkeys.com\/it\/wp-json\/wp\/v2\/types\/product"}],"version-history":[{"count":0,"href":"https:\/\/elitesoftkeys.com\/it\/wp-json\/wp\/v2\/product\/2487\/revisions"}],"wp:featuredmedia":[{"embeddable":true,"href":"https:\/\/elitesoftkeys.com\/it\/wp-json\/wp\/v2\/media\/2759"}],"wp:attachment":[{"href":"https:\/\/elitesoftkeys.com\/it\/wp-json\/wp\/v2\/media?parent=2487"}],"wp:term":[{"taxonomy":"product_brand","embeddable":true,"href":"https:\/\/elitesoftkeys.com\/it\/wp-json\/wp\/v2\/product_brand?post=2487"},{"taxonomy":"product_cat","embeddable":true,"href":"https:\/\/elitesoftkeys.com\/it\/wp-json\/wp\/v2\/product_cat?post=2487"},{"taxonomy":"product_tag","embeddable":true,"href":"https:\/\/elitesoftkeys.com\/it\/wp-json\/wp\/v2\/product_tag?post=2487"}],"curies":[{"name":"parola chiave","href":"https:\/\/api.w.org\/{rel}","templated":true}]}}