{"id":2486,"date":"2024-12-21T13:55:30","date_gmt":"2024-12-21T13:55:30","guid":{"rendered":"http:\/\/elitesoftkeys.com\/?product=office-home-business-2019-mac"},"modified":"2025-07-06T14:06:40","modified_gmt":"2025-07-06T14:06:40","slug":"office-home-business-2019-mac","status":"publish","type":"product","link":"https:\/\/elitesoftkeys.com\/it\/prodotto\/office-home-business-2019-mac\/","title":{"rendered":"Office Home &amp; Business 2019 per Mac"},"content":{"rendered":"<p>IMPORTANTE: questa versione di Office Home &amp; Business 2019 \u00e8 per Mac. Fare clic qui per Office Professional plus 2019 per la versione Windows di Office.<\/p>\n<p>Microsoft Office 2019 per Mac: funzionalit\u00e0 e applicazioni incluse<\/p>\n<p>Office Home &amp; Business 2019 \u00e8 una versione della suite di produttivit\u00e0 Microsoft che include applicazioni essenziali per uso personale e aziendale. Questa versione \u00e8 progettata per l&#039;utilizzo su un singolo dispositivo ed \u00e8 disponibile come acquisto una tantum, a differenza di un modello basato su abbonamento come Microsoft 365.<\/p>\n<p>Office Home &amp; Business 2019 include applicazioni come Word, Excel, PowerPoint, Outlook e OneNote, comunemente utilizzate sia in ambito personale che aziendale. Questa versione \u00e8 ideale per piccole imprese o utenti domestici che necessitano di creare documenti professionali, gestire e-mail e calendari e organizzare il proprio lavoro.<\/p>\n<p>Qual \u00e8 la differenza tra Office Home &amp; Business 2019 e Microsoft 365?<\/p>\n<p>Office 2019 \u00e8 un acquisto una tantum, il che significa che paghi un unico costo iniziale per ottenere le applicazioni Microsoft, per un computer. Uno dei vantaggi di scegliere Office 2019 \u00e8 che questa licenza non scade mai. Il diritto di utilizzo di questa licenza \u00e8 perpetuo, a differenza di Microsoft 365\/Office 365. Devi pagare solo se desideri aggiornare alla versione principale successiva, altrimenti puoi utilizzarla per tutto il tempo che desideri.<\/p>\n<p>Microsoft 365 \u00e8 un abbonamento che include applicazioni come Word, Excel, PowerPoint, OneNote, Outlook, Publisher e Access (Publisher e Access sono disponibili solo su PC), oltre a servizi come 1 TB di spazio di archiviazione OneDrive e 60 minuti di chiamate Skype al mese. Per accedere ai dati e alle app Microsoft, \u00e8 necessario rinnovare l&#039;abbonamento ogni anno.<\/p>\n<p>Microsoft Office 2019 per Mac: download e installazione<\/p>\n<p>Dopo l&#039;acquisto, ti forniremo il codice Product Key necessario per scaricare Office 2019. Riceverai anche una guida dettagliata che ti spiegher\u00e0 come scaricare il software Office, installarlo sul tuo dispositivo e attivarlo con il codice Product Key. Per ulteriori domande, offriamo supporto tecnico gratuito tramite LiveChat, e-mail o WhatsApp.<\/p>\n<p>Perch\u00e9 scegliere EliteSoftKeys per l&#039;acquisto di licenze software?<\/p>\n<p>EliteSoftKeys \u00e8 un rivenditore di software affidabile che garantisce ai propri clienti un&#039;esperienza di acquisto semplice e veloce. Ecco come manteniamo la nostra promessa:<\/p>\n<p>Software autentico: offriamo solo software autentico dei marchi leader. In qualit\u00e0 di rivenditore certificato Adobe e Microsoft, garantiamo la qualit\u00e0 e l&#039;autenticit\u00e0 di ogni prodotto.<\/p>\n<p>Prezzi imbattibili: approfitta di sconti fino al 70% sui prezzi al dettaglio. I nostri prezzi competitivi sono resi possibili dalla rivendita di licenze &quot;usate&quot;, una pratica legalmente consentita da una sentenza della CGUE del 3 luglio 2012.<\/p>\n<p>Servizio clienti eccezionale: il nostro team di assistenza clienti multilingue, attivo 7 giorni su 7, \u00e8 molto apprezzato. Su piattaforme come Trustpilot, Trusted Shop e Google Review, manteniamo un&#039;impressionante valutazione media di 4,9\/5, basata su decine di recensioni dei clienti.<\/p>\n<p>Opzioni di pagamento sicure: scegli tra un&#039;ampia gamma di metodi di pagamento sicuri, tra cui Google Pay e carte di credito, per semplificare il tuo processo di acquisto.<\/p>\n<p>Domande frequenti su Office Home &amp; Business 2019 per Mac<\/p>\n<p>Come ricevo la mia licenza dopo aver acquistato Microsoft Office 2019 Home and Business per Mac?<\/p>\n<p>Dopo aver completato l&#039;acquisto, ti invieremo una chiave di attivazione della licenza tramite e-mail.<\/p>\n<p>Come faccio a scaricare, installare e attivare Office Home &amp; Business 2019 per Mac?<\/p>\n<p>Ti forniremo tutto ci\u00f2 di cui hai bisogno! Dopo l&#039;acquisto, riceverai la tua chiave digitale, con semplici manuali allegati.<\/p>\n<p>Per qualsiasi ulteriore domanda, offriamo supporto tecnico gratuito ai recapiti indicati su www.EliteSoftKeys.com.<\/p>\n<p>Cosa posso fare se non riesco ad attivare il mio pacchetto Office?<\/p>\n<p>Se per qualsiasi motivo non riesci ad attivare la tua licenza, contatta il nostro supporto tecnico gratuito indicato sul sito web, fornendo dettagli e screenshot del problema. Risolveremo il problema immediatamente.<\/p>\n<p>Devo pagare ogni anno la licenza di Office Home &amp; Business 2019 per Mac?<\/p>\n<p>Assolutamente no! Le versioni vendute su www.EliteSoftKeys.com rientrano nella categoria &quot;Licenza Office a vita&quot;, quindi, a differenza dei classici abbonamenti annuali a Office 365, non pagherai alcun costo aggiuntivo o futuro per il loro utilizzo.<\/p>","protected":false},"excerpt":{"rendered":"<table style='border-collapse: collapse; width: 100%;'>\n<tr>\n<th>Propriet\u00e0<\/th>\n<th>Valore<\/th>\n<\/tr>\n<tr>\n<td>Piattaforma<\/td>\n<td>macOS<\/td>\n<\/tr>\n<tr>\n<td>Memoria RAM<\/td>\n<td>4 GB di RAM per Mac<\/td>\n<\/tr>\n<tr>\n<td>Utenti supportati<\/td>\n<td>1 utente, 1 dispositivo<\/td>\n<\/tr>\n<tr>\n<td>Sistema operativo<\/td>\n<td>macOS (Ventura 13.2,Monterey 12.5, BigSur 11.7)<\/td>\n<\/tr>\n<tr>\n<td>Altri requisiti<\/td>\n<td>Rete Internet per installare e configurare il prodotto<\/td>\n<\/tr>\n<\/table>","protected":false},"featured_media":2850,"template":"","meta":{"inline_featured_image":false},"product_brand":[],"product_cat":[106],"product_tag":[],"class_list":{"0":"post-2486","1":"product","2":"type-product","3":"status-publish","4":"has-post-thumbnail","6":"product_cat-microsoft-office-software","8":"first","9":"instock","10":"sale","11":"virtual","12":"taxable","13":"purchasable","14":"product-type-simple"},"_links":{"self":[{"href":"https:\/\/elitesoftkeys.com\/it\/wp-json\/wp\/v2\/product\/2486","targetHints":{"allow":["GET"]}}],"collection":[{"href":"https:\/\/elitesoftkeys.com\/it\/wp-json\/wp\/v2\/product"}],"about":[{"href":"https:\/\/elitesoftkeys.com\/it\/wp-json\/wp\/v2\/types\/product"}],"version-history":[{"count":0,"href":"https:\/\/elitesoftkeys.com\/it\/wp-json\/wp\/v2\/product\/2486\/revisions"}],"wp:featuredmedia":[{"embeddable":true,"href":"https:\/\/elitesoftkeys.com\/it\/wp-json\/wp\/v2\/media\/2850"}],"wp:attachment":[{"href":"https:\/\/elitesoftkeys.com\/it\/wp-json\/wp\/v2\/media?parent=2486"}],"wp:term":[{"taxonomy":"product_brand","embeddable":true,"href":"https:\/\/elitesoftkeys.com\/it\/wp-json\/wp\/v2\/product_brand?post=2486"},{"taxonomy":"product_cat","embeddable":true,"href":"https:\/\/elitesoftkeys.com\/it\/wp-json\/wp\/v2\/product_cat?post=2486"},{"taxonomy":"product_tag","embeddable":true,"href":"https:\/\/elitesoftkeys.com\/it\/wp-json\/wp\/v2\/product_tag?post=2486"}],"curies":[{"name":"parola chiave","href":"https:\/\/api.w.org\/{rel}","templated":true}]}}