{"id":2484,"date":"2024-12-21T13:55:30","date_gmt":"2024-12-21T13:55:30","guid":{"rendered":"http:\/\/elitesoftkeys.com\/?product=microsoft-office-2019-professional-plus"},"modified":"2025-07-06T14:06:40","modified_gmt":"2025-07-06T14:06:40","slug":"microsoft-office-2019-professional-plus","status":"publish","type":"product","link":"https:\/\/elitesoftkeys.com\/it\/prodotto\/microsoft-office-2019-professional-plus\/","title":{"rendered":"Microsoft Office 2019 Professional Plus"},"content":{"rendered":"<p>IMPORTANTE: questa versione di MS Office 2019 \u00e8 per sistemi operativi Windows. Clicca qui per la versione Mac di Office.<\/p>\n<p>Microsoft Office Professional Plus 2019 \u2013 caratteristiche e caratteristiche<\/p>\n<p>Microsoft Office 2019 Professional Plus \u00e8 una delle edizioni della rinomata suite di applicazioni Microsoft Office, progettata per soddisfare le esigenze di famiglie e piccole imprese. Questa versione offre le classiche applicazioni di Office 2019, insieme alla gestione della posta elettronica, su un unico PC, sia per uso domestico che professionale. La versione Professional Plus 2019, disponibile su EliteSoftKeys.com, include tutte le applicazioni essenziali come Word, Excel, PowerPoint, Outlook, OneNote, Publisher, Access e Skype for Business. A differenza dei modelli di abbonamento come Microsoft 365, questa licenza \u00e8 a vita e non scade mai, garantendo un utilizzo continuo e ininterrotto.<\/p>\n<p>Qual \u00e8 la differenza tra MS Office 2019 e Microsoft 365?<\/p>\n<p>L&#039;acquisto della licenza di Office 2019 Professional Plus rappresenta un&#039;unica transazione, consentendo di ottenere applicazioni Microsoft per un singolo computer con un unico pagamento anticipato. Un vantaggio significativo di questa edizione \u00e8 la sua natura perpetua, che garantisce un utilizzo illimitato, a differenza delle licenze Microsoft 365\/Office 365. Con la licenza perpetua, non ci sono date di scadenza, evitando cos\u00ec la necessit\u00e0 di rinnovo annuale. Eventuali costi aggiuntivi si applicano solo in caso di aggiornamento alla versione successiva. Microsoft 365, invece, \u00e8 un servizio in abbonamento che richiede il rinnovo annuale e offre applicazioni come Word, Excel, PowerPoint, OneNote, Outlook, Publisher e Access (disponibile solo su PC), oltre a servizi aggiuntivi come 1 TB di spazio di archiviazione OneDrive e 60 minuti di chiamate Skype al mese.<\/p>\n<p>Come faccio a scaricare MS Office 2019?<\/p>\n<p>Dopo aver acquistato la licenza, ti forniremo il codice Product Key insieme alle istruzioni su come scaricare e installare Office 2019. Le istruzioni spiegano come scaricare Office 2019 dal sito web ufficiale di Microsoft, installarlo sul tuo PC e attivarlo con il codice Product Key acquistato da EliteSoftKeys. La procedura \u00e8 molto semplice e, per qualsiasi domanda, il supporto tecnico gratuito \u00e8 disponibile 7 giorni su 7.<\/p>\n<p>Perch\u00e9 scegliere EliteSoftKeys per l&#039;acquisto di licenze software?<\/p>\n<p>EliteSoftKeys \u00e8 il tuo rivenditore di fiducia di licenze software originali ai migliori prezzi e un partner certificato Microsoft e Adobe. Queste affiliazioni testimoniano il nostro impegno nel fornire ai nostri clienti un&#039;esperienza di acquisto impeccabile. I punti di forza che ci contraddistinguono:<\/p>\n<p>Software autentico: offriamo solo software autentico dei marchi leader. In qualit\u00e0 di rivenditore certificato Adobe e Microsoft, garantiamo la qualit\u00e0 e l&#039;autenticit\u00e0 di ogni prodotto.<\/p>\n<p>Prezzi imbattibili: approfitta di sconti fino al 70% sui prezzi al dettaglio. I nostri prezzi competitivi sono resi possibili dalla rivendita di licenze &quot;usate&quot;, una pratica legalmente consentita da una sentenza della CGUE del 3 luglio 2012.<\/p>\n<p>Servizio clienti eccezionale: il nostro team di assistenza clienti multilingue, attivo 7 giorni su 7, \u00e8 di prim&#039;ordine. Su piattaforme come Trustpilot, Trusted Shop e Google Review, manteniamo un&#039;impressionante valutazione media di 4,9\/5, basata su decine di recensioni dei clienti.<\/p>\n<p>Opzioni di pagamento sicure: scegli tra un&#039;ampia gamma di metodi di pagamento sicuri, tra cui Google Pay e carte di credito, per semplificare il tuo processo di acquisto.<\/p>\n<p>Domande frequenti su Office 2019 Professional Plus<\/p>\n<p>Questa licenza di Microsoft Office 2019 Professional Plus \u00e8 perpetua?<\/p>\n<p>S\u00ec, vendiamo codici Product Key per una licenza a vita di MS Office 2019, il che significa che una volta acquistato e installato sul tuo PC, potrai utilizzarlo per sempre senza ulteriori pagamenti.<\/p>\n<p>Qual \u00e8 la versione migliore di MS Office da acquistare?<\/p>\n<p>La versione &quot;migliore&quot; dipende dalle tue esigenze: Microsoft 365 offre gli ultimi aggiornamenti e servizi cloud, mentre Office 2019 offre una licenza a vita senza bisogno di abbonamenti.<\/p>\n<p>Cosa posso fare se non riesco ad attivare la mia licenza di Office 2019?<\/p>\n<p>Nessun problema, siamo sempre disponibili ad aiutarti! Se per qualsiasi motivo non riesci ad attivare la tua licenza di Office Professional Plus 2019, contatta il nostro supporto tecnico gratuito indicato sul sito web con dettagli e screenshot del problema. Ti aiuteremo immediatamente a risolverlo.<\/p>\n<p>Come mai le licenze di Office Professional Plus 2019 hanno un prezzo cos\u00ec basso?<\/p>\n<p>Rivendiamo licenze software ufficiali in conformit\u00e0 alla sentenza CE C-128\/2011. Ci\u00f2 significa che alcuni grandi clienti hanno acquistato licenze in grandi quantit\u00e0, ma non le hanno utilizzate tutte e hanno deciso di distribuirle sul mercato secondario. A questo punto, acquistiamo tali licenze dal precedente proprietario a un prezzo scontato e le rivendiamo a un prezzo inferiore.<\/p>","protected":false},"excerpt":{"rendered":"<table style='border-collapse: collapse; width: 100%;'>\n<tr>\n<th>Propriet\u00e0<\/th>\n<th>Valore<\/th>\n<\/tr>\n<tr>\n<td>Processore<\/td>\n<td>Processore a 2 core da 1,6 GHz<\/td>\n<\/tr>\n<tr>\n<td>Disco rigido<\/td>\n<td>4 GB di spazio disponibile su disco<\/td>\n<\/tr>\n<tr>\n<td>Memoria RAM<\/td>\n<td>4 GB (64 bit), 2 GB (32 bit) di RAM<\/td>\n<\/tr>\n<tr>\n<td>Sistema operativo<\/td>\n<td>Windows 10 o versioni successive<\/td>\n<\/tr>\n<tr>\n<td>Altri requisiti<\/td>\n<td>Accesso a Internet<\/td>\n<\/tr>\n<\/table>","protected":false},"featured_media":2764,"template":"","meta":{"inline_featured_image":false},"product_brand":[],"product_cat":[106],"product_tag":[],"class_list":{"0":"post-2484","1":"product","2":"type-product","3":"status-publish","4":"has-post-thumbnail","6":"product_cat-microsoft-office-software","8":"first","9":"instock","10":"sale","11":"virtual","12":"taxable","13":"purchasable","14":"product-type-simple"},"_links":{"self":[{"href":"https:\/\/elitesoftkeys.com\/it\/wp-json\/wp\/v2\/product\/2484","targetHints":{"allow":["GET"]}}],"collection":[{"href":"https:\/\/elitesoftkeys.com\/it\/wp-json\/wp\/v2\/product"}],"about":[{"href":"https:\/\/elitesoftkeys.com\/it\/wp-json\/wp\/v2\/types\/product"}],"version-history":[{"count":0,"href":"https:\/\/elitesoftkeys.com\/it\/wp-json\/wp\/v2\/product\/2484\/revisions"}],"wp:featuredmedia":[{"embeddable":true,"href":"https:\/\/elitesoftkeys.com\/it\/wp-json\/wp\/v2\/media\/2764"}],"wp:attachment":[{"href":"https:\/\/elitesoftkeys.com\/it\/wp-json\/wp\/v2\/media?parent=2484"}],"wp:term":[{"taxonomy":"product_brand","embeddable":true,"href":"https:\/\/elitesoftkeys.com\/it\/wp-json\/wp\/v2\/product_brand?post=2484"},{"taxonomy":"product_cat","embeddable":true,"href":"https:\/\/elitesoftkeys.com\/it\/wp-json\/wp\/v2\/product_cat?post=2484"},{"taxonomy":"product_tag","embeddable":true,"href":"https:\/\/elitesoftkeys.com\/it\/wp-json\/wp\/v2\/product_tag?post=2484"}],"curies":[{"name":"parola chiave","href":"https:\/\/api.w.org\/{rel}","templated":true}]}}