{"id":2748,"date":"2024-12-21T13:59:33","date_gmt":"2024-12-21T13:59:33","guid":{"rendered":"http:\/\/elitesoftkeys.com\/?product=autodesk-arnold"},"modified":"2025-07-06T14:06:39","modified_gmt":"2025-07-06T14:06:39","slug":"autodesk-arnold","status":"publish","type":"product","link":"https:\/\/elitesoftkeys.com\/es\/producto\/autodesk-arnold\/","title":{"rendered":"Autodesk Arnold"},"content":{"rendered":"<p>La versi\u00f3n educativa incluye todas las caracter\u00edsticas y funciones. No hay ninguna referencia a la versi\u00f3n educativa impresa ni la cl\u00e1sica marca de agua.<\/p>\n<p>ATENCI\u00d3N: Requiere al menos Autodesk 3DS Max o Autodesk Maya preinstalado. Utilizado por modeladores y artistas 3D para iluminaci\u00f3n, sets de pel\u00edculas y animaci\u00f3n, Autodesk Arnold es un producto de excelencia, obtendr\u00e1 representaciones profesionales art\u00edsticamente completas e im\u00e1genes 3D de la m\u00e1s alta calidad.<\/p>\n<p>\u00bfPor qu\u00e9 usarlo?<\/p>\n<p>\u2013 Gesti\u00f3n de proyectos complejos: Arnold es la soluci\u00f3n ideal para gestionar f\u00e1cilmente grandes conjuntos de datos y trabajos complejos.<\/p>\n<p>\u2013 Renderizado de im\u00e1genes 3D de alta calidad: Le brindar\u00e1 impresionantes resultados fotorrealistas o estilizados con menos clics.<\/p>\n<p>\u2013 Conjunto de herramientas: completo y confiable, ahorre tiempo con sombreadores, operadores, texturas y utilidades potentes dedicados.<\/p>","protected":false},"excerpt":{"rendered":"<table style='border-collapse: collapse; width: 100%;'>\n<tr>\n<th>Propiedad<\/th>\n<th>Valor<\/th>\n<\/tr>\n<tr>\n<td>Plataforma<\/td>\n<td>Windows\/MacOS<\/td>\n<\/tr>\n<tr>\n<td>Gr\u00e1ficos<\/td>\n<td>Consulte las siguientes p\u00e1ginas para obtener una lista detallada de los sistemas y tarjetas gr\u00e1ficas recomendados: Hardware certificado por Maya<\/td>\n<\/tr>\n<tr>\n<td>Procesador<\/td>\n<td>Intel o AMD de 64 bits con conjunto de instrucciones SSE4.2 Para macOS, Apple Silicon arm64 o Intel x86<\/td>\n<\/tr>\n<tr>\n<td>Disco duro<\/td>\n<td>7 GB de espacio libre en disco para la instalaci\u00f3n<\/td>\n<\/tr>\n<tr>\n<td>RAM<\/td>\n<td>8 GB de RAM (se recomiendan 16 GB o m\u00e1s)<\/td>\n<\/tr>\n<tr>\n<td>Sistema operativo<\/td>\n<td>Microsoft Windows 10, versi\u00f3n 1809 o superior. Microsoft Windows 11. Apple macOS 13.x, 12.x, 11.x. Linux Red Hat Enterprise 8.6. WS Rocky Linux 8.6.<\/td>\n<\/tr>\n<tr>\n<td>Otros requisitos<\/td>\n<td>Conexi\u00f3n a Internet para el registro de la licencia y la descarga de componentes prerrequisitos<\/td>\n<\/tr>\n<\/table>","protected":false},"featured_media":2783,"template":"","meta":{"inline_featured_image":false},"product_brand":[],"product_cat":[115],"product_tag":[],"class_list":{"0":"post-2748","1":"product","2":"type-product","3":"status-publish","4":"has-post-thumbnail","6":"product_cat-cad-software","8":"first","9":"instock","10":"sale","11":"virtual","12":"taxable","13":"purchasable","14":"product-type-simple"},"_links":{"self":[{"href":"https:\/\/elitesoftkeys.com\/es\/wp-json\/wp\/v2\/product\/2748","targetHints":{"allow":["GET"]}}],"collection":[{"href":"https:\/\/elitesoftkeys.com\/es\/wp-json\/wp\/v2\/product"}],"about":[{"href":"https:\/\/elitesoftkeys.com\/es\/wp-json\/wp\/v2\/types\/product"}],"version-history":[{"count":0,"href":"https:\/\/elitesoftkeys.com\/es\/wp-json\/wp\/v2\/product\/2748\/revisions"}],"wp:featuredmedia":[{"embeddable":true,"href":"https:\/\/elitesoftkeys.com\/es\/wp-json\/wp\/v2\/media\/2783"}],"wp:attachment":[{"href":"https:\/\/elitesoftkeys.com\/es\/wp-json\/wp\/v2\/media?parent=2748"}],"wp:term":[{"taxonomy":"product_brand","embeddable":true,"href":"https:\/\/elitesoftkeys.com\/es\/wp-json\/wp\/v2\/product_brand?post=2748"},{"taxonomy":"product_cat","embeddable":true,"href":"https:\/\/elitesoftkeys.com\/es\/wp-json\/wp\/v2\/product_cat?post=2748"},{"taxonomy":"product_tag","embeddable":true,"href":"https:\/\/elitesoftkeys.com\/es\/wp-json\/wp\/v2\/product_tag?post=2748"}],"curies":[{"name":"gracias","href":"https:\/\/api.w.org\/{rel}","templated":true}]}}