{"id":2746,"date":"2024-12-21T13:59:31","date_gmt":"2024-12-21T13:59:31","guid":{"rendered":"http:\/\/elitesoftkeys.com\/?product=ashampoo-3d-cad-architecture-10"},"modified":"2025-07-06T14:06:39","modified_gmt":"2025-07-06T14:06:39","slug":"ashampoo-3d-cad-architecture-10","status":"publish","type":"product","link":"https:\/\/elitesoftkeys.com\/es\/producto\/ashampoo-3d-cad-architecture-10\/","title":{"rendered":"Arquitectura CAD 3D Ashampoo 10"},"content":{"rendered":"<p>Planificador de casas 3D con transparencia 100% y asistencia instant\u00e1nea. \u00bfQuieres planificar y dise\u00f1ar tu nueva casa con tranquilidad? Ashampoo 3D CAD Architecture es para quienes desean hacer realidad sus visiones. El asistente paso a paso integrado te proporcionar\u00e1 resultados fiables r\u00e1pidamente. Las vistas 2D, 3D y de secci\u00f3n transversal te ayudan a supervisar tu proyecto e identificar al instante las piezas que faltan o las secciones que requieren m\u00e1s trabajo. \u00a1El programa te ayuda a identificar y eliminar puntos d\u00e9biles y cuellos de botella! Tanto si est\u00e1s construyendo como redecorando una casa, \u00a1visualiza con antelaci\u00f3n c\u00f3mo quedar\u00e1 el proyecto terminado! \u00a1Consigue el software de dise\u00f1o de viviendas y construcci\u00f3n 3D que te dar\u00e1 resultados! Nuevas herramientas de dise\u00f1o y construcci\u00f3n. Las herramientas de entrada num\u00e9rica son imprescindibles para planos precisos, por eso la nueva versi\u00f3n ha avanzado mucho en este aspecto. Los nuevos m\u00e9todos de entrada para paredes, ventanas y puertas te facilitan la vida, mientras que las nuevas herramientas num\u00e9ricas ofrecen mayor precisi\u00f3n y flexibilidad en estas \u00e1reas. Adem\u00e1s de las nuevas piezas adicionales para ventanas, puertas, cajas de persianas, persianas y cenefas, este programa aumenta significativamente la productividad en todos los proyectos de dise\u00f1o y construcci\u00f3n. Nuevos cat\u00e1logos y objetos. Ashampoo 3D CAD tambi\u00e9n es muy popular gracias a la gran cantidad de objetos que incluye. \u00a1Acceda a m\u00e1s de 1200 nuevos objetos ED y 250 grupos preconfigurados con el nuevo cat\u00e1logo de grupos! Incluye conjuntos de garajes premontados, muebles de cocina, casetas de jard\u00edn y saunas. Cree sus propios directorios y acceda a ellos directamente a trav\u00e9s del cat\u00e1logo. \u00a1Una usabilidad de ensue\u00f1o hecha realidad! Y, a petici\u00f3n de nuestros clientes, hemos a\u00f1adido la posibilidad de medir alturas sobre el nivel del mar en secciones transversales y vistas. \u00a1Prep\u00e1rese para un programa que tambi\u00e9n destaca por sus detalles!<\/p>","protected":false},"excerpt":{"rendered":"<table style=\"border-collapse: collapse; width: 100%;\">\n<tbody>\n<tr>\n<th>Propiedad<\/th>\n<th>Valor<\/th>\n<\/tr>\n<tr>\n<td>Plataforma<\/td>\n<td>Ventanas<\/td>\n<\/tr>\n<tr>\n<td>Idioma<\/td>\n<td>Multilenguaje<\/td>\n<\/tr>\n<tr>\n<td>Usuarios apoyados<\/td>\n<td>1 usuario<\/td>\n<\/tr>\n<tr>\n<td>Sistema operativo<\/td>\n<td>Windows 11, Windows 10<\/td>\n<\/tr>\n<tr>\n<td>Otros requisitos<\/td>\n<td>Cualquier dispositivo compatible con los sistemas operativos mencionados anteriormente. No se admiten sistemas con procesadores ARM. Se requiere conexi\u00f3n a internet para activar el programa. La licencia del programa se verifica peri\u00f3dicamente.<\/td>\n<\/tr>\n<\/tbody>\n<\/table>","protected":false},"featured_media":2784,"template":"","meta":{"inline_featured_image":false},"product_brand":[],"product_cat":[115],"product_tag":[],"class_list":{"0":"post-2746","1":"product","2":"type-product","3":"status-publish","4":"has-post-thumbnail","6":"product_cat-cad-software","8":"first","9":"instock","10":"sale","11":"virtual","12":"taxable","13":"purchasable","14":"product-type-simple"},"_links":{"self":[{"href":"https:\/\/elitesoftkeys.com\/es\/wp-json\/wp\/v2\/product\/2746","targetHints":{"allow":["GET"]}}],"collection":[{"href":"https:\/\/elitesoftkeys.com\/es\/wp-json\/wp\/v2\/product"}],"about":[{"href":"https:\/\/elitesoftkeys.com\/es\/wp-json\/wp\/v2\/types\/product"}],"version-history":[{"count":0,"href":"https:\/\/elitesoftkeys.com\/es\/wp-json\/wp\/v2\/product\/2746\/revisions"}],"wp:featuredmedia":[{"embeddable":true,"href":"https:\/\/elitesoftkeys.com\/es\/wp-json\/wp\/v2\/media\/2784"}],"wp:attachment":[{"href":"https:\/\/elitesoftkeys.com\/es\/wp-json\/wp\/v2\/media?parent=2746"}],"wp:term":[{"taxonomy":"product_brand","embeddable":true,"href":"https:\/\/elitesoftkeys.com\/es\/wp-json\/wp\/v2\/product_brand?post=2746"},{"taxonomy":"product_cat","embeddable":true,"href":"https:\/\/elitesoftkeys.com\/es\/wp-json\/wp\/v2\/product_cat?post=2746"},{"taxonomy":"product_tag","embeddable":true,"href":"https:\/\/elitesoftkeys.com\/es\/wp-json\/wp\/v2\/product_tag?post=2746"}],"curies":[{"name":"gracias","href":"https:\/\/api.w.org\/{rel}","templated":true}]}}