{"id":2744,"date":"2024-12-21T13:59:29","date_gmt":"2024-12-21T13:59:29","guid":{"rendered":"http:\/\/elitesoftkeys.com\/?product=revit-2025-lumion-24-1"},"modified":"2025-07-06T14:06:39","modified_gmt":"2025-07-06T14:06:39","slug":"revit-2025-lumion-24-1","status":"publish","type":"product","link":"https:\/\/elitesoftkeys.com\/es\/producto\/revit-2025-lumion-24-1\/","title":{"rendered":"Revit 2025 + Lumion 24.1"},"content":{"rendered":"<p>Programa en versi\u00f3n did\u00e1ctica, completo con todas las funcionalidades.El producto no tiene marca de agua de identificaci\u00f3n, sin ninguna referencia al texto did\u00e1ctico de los documentos.ATENCI\u00d3N: Tenga en cuenta que este producto puede tardar hasta 24 horas laborables en completar su pedido.<\/p>\n<p>Caracter\u00edsticas principales del software Autodesk Revit<\/p>\n<p>AutoCAD Revit, desarrollado por Autodesk, es un software BIM (Modelado de Informaci\u00f3n de Construcci\u00f3n) integral. Dise\u00f1ado para arquitectura, ingenier\u00eda y construcci\u00f3n, permite a los profesionales dise\u00f1ar, planificar y gestionar proyectos de edificaci\u00f3n con precisi\u00f3n. Revit admite modelado 3D, documentaci\u00f3n detallada y colaboraci\u00f3n en tiempo real. Sus herramientas avanzadas facilitan flujos de trabajo eficientes, ayudando a los equipos a producir dise\u00f1os de alta calidad y a gestionar eficazmente los datos del proyecto. Revit tambi\u00e9n se integra con otros productos de Autodesk, mejorando la productividad general y la ejecuci\u00f3n del proyecto. Ideal para proyectos complejos y colaborativos, Revit garantiza procesos de dise\u00f1o y construcci\u00f3n precisos y eficientes.<\/p>\n<p>Autodesk Revit 2025<\/p>\n<p>Revit 2025 se centra en la experiencia del usuario con herramientas de visualizaci\u00f3n avanzadas, funciones de renderizado mejoradas y una interfaz optimizada. Se integra mejor con BIM 360 para la coordinaci\u00f3n de proyectos y ofrece herramientas de an\u00e1lisis estructural mejoradas, dise\u00f1o avanzado de sistemas MEP y compatibilidad con pr\u00e1cticas de dise\u00f1o sostenible. Lleve sus dise\u00f1os arquitect\u00f3nicos a un nuevo nivel de realismo con Lumion 24.1 y Revit 2025, ya disponibles en EliteSoftKeys. Dise\u00f1ado para arquitectos, ingenieros y dise\u00f1adores, este paquete ofrece una experiencia de renderizado inigualable, permiti\u00e9ndole visualizar sus creaciones con facilidad y rapidez. Caracter\u00edsticas principales de Lumion 24.1: Mejoras y correcciones: Esta actualizaci\u00f3n de mantenimiento introduce mejoras significativas y correcciones de errores, convirtiendo a Lumion 12.5 en la versi\u00f3n m\u00e1s estable y f\u00e1cil de usar jam\u00e1s lanzada. Flujo de trabajo intuitivo: Con Lumion, puede mantener su flujo creativo de principio a fin con una interfaz f\u00e1cil de aprender y satisfactoria de usar. Materiales de alta calidad: Elija entre miles de materiales de calidad, personalizables con calcoman\u00edas, envejecimiento, bordes suaves y m\u00e1s, para que las superficies se vean realistas y v\u00edvidas. Iluminaci\u00f3n avanzada: Explore la dimensi\u00f3n de la luz con estudios solares, iluminaci\u00f3n artificial y un nuevo motor de renderizado que combina t\u00e9cnicas de rasterizaci\u00f3n y trazado de rayos. Efectos atmosf\u00e9ricos y cinematogr\u00e1ficos: D\u00e9 a sus dise\u00f1os un ambiente \u00fanico con efectos clim\u00e1ticos y estacionales, gradaci\u00f3n de color LUT y cielos realistas. Contexto completo: Agregue f\u00e1cilmente naturaleza, objetos y personajes para crear un entorno completo alrededor de su Dise\u00f1o. Presentaci\u00f3n y narraci\u00f3n: con Lumion Pro, puede crear visualizaciones ortogr\u00e1ficas animadas y comparar variaciones de modelos y materiales para contar la historia de su dise\u00f1o. Actualizaci\u00f3n gratuita: si ya tiene Lumion 12.5, la actualizaci\u00f3n a Lumion 24.1 es gratuita. Soporte completo: acceda a tutoriales en video, notas de la versi\u00f3n detalladas y una base de conocimiento integral para aprovechar al m\u00e1ximo todas las nuevas funciones Licencias para estudiantes: si es estudiante, puede acceder a la \u00faltima versi\u00f3n de Lumion con su clave de licencia actual.<\/p>","protected":false},"excerpt":{"rendered":"<table style='border-collapse: collapse; width: 100%;'>\n<tr>\n<th>Propiedad<\/th>\n<th>Valor<\/th>\n<\/tr>\n<tr>\n<td>Plataforma<\/td>\n<td>Ventanas<\/td>\n<\/tr>\n<tr>\n<td>Gr\u00e1ficos<\/td>\n<td>M\u00ednimo 2000 puntos PassMark, con al menos 2 GB de memoria y compatibilidad con DirectX 11 o posterior<\/td>\n<\/tr>\n<tr>\n<td>Procesador<\/td>\n<td>Valor de GHz m\u00e1s alto posible, idealmente 3,8 GHz o superior<\/td>\n<\/tr>\n<tr>\n<td>Disco duro<\/td>\n<td>30 GB de espacio en disco<\/td>\n<\/tr>\n<tr>\n<td>RAM<\/td>\n<td>8 GB (para escenas sencillas), con el valor de MHz m\u00e1s alto posible<\/td>\n<\/tr>\n<tr>\n<td>Sistema operativo<\/td>\n<td>Windows 10 o m\u00e1s reciente<\/td>\n<\/tr>\n<tr>\n<td>Otros requisitos<\/td>\n<td>Conexi\u00f3n a Internet para el registro de la licencia y la descarga de componentes prerrequisitos<\/td>\n<\/tr>\n<\/table>","protected":false},"featured_media":2786,"template":"","meta":{"inline_featured_image":false},"product_brand":[],"product_cat":[115],"product_tag":[],"class_list":{"0":"post-2744","1":"product","2":"type-product","3":"status-publish","4":"has-post-thumbnail","6":"product_cat-cad-software","8":"first","9":"instock","10":"sale","11":"virtual","12":"taxable","13":"purchasable","14":"product-type-simple"},"_links":{"self":[{"href":"https:\/\/elitesoftkeys.com\/es\/wp-json\/wp\/v2\/product\/2744","targetHints":{"allow":["GET"]}}],"collection":[{"href":"https:\/\/elitesoftkeys.com\/es\/wp-json\/wp\/v2\/product"}],"about":[{"href":"https:\/\/elitesoftkeys.com\/es\/wp-json\/wp\/v2\/types\/product"}],"version-history":[{"count":0,"href":"https:\/\/elitesoftkeys.com\/es\/wp-json\/wp\/v2\/product\/2744\/revisions"}],"wp:featuredmedia":[{"embeddable":true,"href":"https:\/\/elitesoftkeys.com\/es\/wp-json\/wp\/v2\/media\/2786"}],"wp:attachment":[{"href":"https:\/\/elitesoftkeys.com\/es\/wp-json\/wp\/v2\/media?parent=2744"}],"wp:term":[{"taxonomy":"product_brand","embeddable":true,"href":"https:\/\/elitesoftkeys.com\/es\/wp-json\/wp\/v2\/product_brand?post=2744"},{"taxonomy":"product_cat","embeddable":true,"href":"https:\/\/elitesoftkeys.com\/es\/wp-json\/wp\/v2\/product_cat?post=2744"},{"taxonomy":"product_tag","embeddable":true,"href":"https:\/\/elitesoftkeys.com\/es\/wp-json\/wp\/v2\/product_tag?post=2744"}],"curies":[{"name":"gracias","href":"https:\/\/api.w.org\/{rel}","templated":true}]}}