{"id":2740,"date":"2024-12-21T13:59:25","date_gmt":"2024-12-21T13:59:25","guid":{"rendered":"http:\/\/elitesoftkeys.com\/?product=progecad-25-pro"},"modified":"2025-07-06T14:06:39","modified_gmt":"2025-07-06T14:06:39","slug":"progecad-25-pro","status":"publish","type":"product","link":"https:\/\/elitesoftkeys.com\/es\/producto\/progecad-25-pro\/","title":{"rendered":"ProgeCAD 25 Pro"},"content":{"rendered":"<p>*Producto nativo en versi\u00f3n educativa, incluidas todas las funciones en el trabajo y sin mencionar la versi\u00f3n educativa o referencia a los proyectos. ProgeCAD 2025, desarrollado por ProgeSOFT, es una soluci\u00f3n CAO de punta para los profesionales de arquitectura e ingenier\u00eda. Esta l\u00f3gica, compatible con los formatos DWG y DXF, ofrece una plataforma robusta para la modelizaci\u00f3n 2D y 3D, que es ideal para proyectos arquitect\u00f3nicos complejos.<\/p>\n<p>Capacidades del producto<\/p>\n<p>ProgeCAD 2025 se distingue por un cierto nombre de funciones innovadoras que mejoran la eficacia y la productividad del proceso de concepci\u00f3n:<\/p>\n<p>Mod\u00e9lisation avanc\u00e9e: gr\u00e2ce au nouveau module AEC (Arquitectura, Ingenier\u00eda y Construcci\u00f3n), los usuarios pueden crear elementos arquitect\u00f3nicos en 3D con una vista en plano 2D. La concepci\u00f3n devient ainsi plus intuitiva y visualmente accesible.<\/p>\n<p>Bloques avanzados: La gesti\u00f3n de bloques avanzados se ha mejorado gracias al premio a cargo de los \u201cbloques avanzados\u201d, lo que permite a los usuarios crear y modificar bloques din\u00e1micos con par\u00e1metros y estados de visibilidad, en la instalaci\u00f3n que se propone en AutoCAD.<\/p>\n<p>AI Drawing Translator: Una de las nuevas funciones m\u00e1s interesantes es el traductor generado de dibujos, que permite traducir los textos de dibujos en diferentes idiomas gracias a la tecnolog\u00eda Google AI.<\/p>\n<p>Importador BIM: ProgeCAD 2025 permite la importaci\u00f3n directa de archivos Revit (junto con la versi\u00f3n 2024), lo que facilita la integraci\u00f3n con el flujo de trabajo BIM.<\/p>\n<p>Funci\u00f3n SIG: la l\u00f3gica comprende las herramientas de geograf\u00eda de im\u00e1genes y la alineaci\u00f3n de los donn\u00e9es con la ayuda de hojas de caucho, optimizando adem\u00e1s la utilizaci\u00f3n de las tarjetas y de los donn\u00e9es geogr\u00e1ficos.<\/p>\n<p>Uso del software<\/p>\n<p>La interfaz del usuario de ProgeCAD 2025 est\u00e1 dise\u00f1ada para ser intuitiva, en particular para aquellos que ya son familiares con AutoCAD. Los usuarios pueden comenzar r\u00e1pidamente gracias a<\/p>\n<p>Compatibilidad nativa: la l\u00f3gica est\u00e1 totalmente cargada de archivos DWG sin que sea necesario convertirlos, lo que garantiza un flujo de trabajo fluido y homog\u00e9neo.<\/p>\n<p>Herramientas exclusivas: Adem\u00e1s de las funciones est\u00e1ndar CAO, ProgeCAD 2025 incluye herramientas exclusivas como un administrador de biblioteca de bloques, un m\u00f3dulo de creaci\u00f3n de PDF 3D y un convertidor PDF-DWG.<\/p>\n<p>En resumen, ProgeCAD 2025 es una poderosa herramienta de modelizaci\u00f3n para arquitectos e ingenieros, que combina funciones avanzadas con una interfaz amigable. Con el soporte continuo de ProgeSOFT, esta l\u00f3gica representa una inversi\u00f3n estrat\u00e9gica para estos que buscan una soluci\u00f3n CAO completa y eficaz.<\/p>","protected":false},"excerpt":{"rendered":"<table style='border-collapse: collapse; width: 100%;'>\n<tr>\n<th>Propiedad<\/th>\n<th>Valor<\/th>\n<\/tr>\n<tr>\n<td>Placa en forma de<\/td>\n<td>Ventanas<\/td>\n<\/tr>\n<tr>\n<td>Tarjeta gr\u00e1fica<\/td>\n<td>Consulte la p\u00e1gina Material certificado para 3ds Max para una lista detallada de los sistemas y tarjetas gr\u00e1ficas recomendadas.<\/td>\n<\/tr>\n<tr>\n<td>Procesador<\/td>\n<td>Procesador multicour de 64 bits Intel o AMD con juego de instrucciones SSE4.2<\/td>\n<\/tr>\n<tr>\n<td>Espacio disco<\/td>\n<td>10 Vaya al espacio libre para descargar e instalar<\/td>\n<\/tr>\n<tr>\n<td>RAM<\/td>\n<td>Menos 4 Go de RAM (menos 8 Go recomendados)<\/td>\n<\/tr>\n<tr>\n<td>Compatibilidad de sistemas<\/td>\n<td>Microsoft Windows 11 y Windows 10 de 64 bits<\/td>\n<\/tr>\n<tr>\n<td>Exigencias en mati\u00e8re de r\u00e9seau<\/td>\n<td>Autodesk recomienda la \u00faltima versi\u00f3n de navegadores web siguientes para acceder al contenido en l\u00ednea complementaria: Microsoft Edge Google Chrome Microsoft Internet Explorer Mozilla Firefox<\/td>\n<\/tr>\n<tr>\n<td>Otras exigencias<\/td>\n<td>Conexi\u00f3n a Internet para el registro de la licencia y la descarga de los componentes necesarios<\/td>\n<\/tr>\n<\/table>","protected":false},"featured_media":2788,"template":"","meta":{"inline_featured_image":false},"product_brand":[],"product_cat":[115],"product_tag":[],"class_list":{"0":"post-2740","1":"product","2":"type-product","3":"status-publish","4":"has-post-thumbnail","6":"product_cat-cad-software","8":"first","9":"instock","10":"sale","11":"virtual","12":"taxable","13":"purchasable","14":"product-type-simple"},"_links":{"self":[{"href":"https:\/\/elitesoftkeys.com\/es\/wp-json\/wp\/v2\/product\/2740","targetHints":{"allow":["GET"]}}],"collection":[{"href":"https:\/\/elitesoftkeys.com\/es\/wp-json\/wp\/v2\/product"}],"about":[{"href":"https:\/\/elitesoftkeys.com\/es\/wp-json\/wp\/v2\/types\/product"}],"version-history":[{"count":0,"href":"https:\/\/elitesoftkeys.com\/es\/wp-json\/wp\/v2\/product\/2740\/revisions"}],"wp:featuredmedia":[{"embeddable":true,"href":"https:\/\/elitesoftkeys.com\/es\/wp-json\/wp\/v2\/media\/2788"}],"wp:attachment":[{"href":"https:\/\/elitesoftkeys.com\/es\/wp-json\/wp\/v2\/media?parent=2740"}],"wp:term":[{"taxonomy":"product_brand","embeddable":true,"href":"https:\/\/elitesoftkeys.com\/es\/wp-json\/wp\/v2\/product_brand?post=2740"},{"taxonomy":"product_cat","embeddable":true,"href":"https:\/\/elitesoftkeys.com\/es\/wp-json\/wp\/v2\/product_cat?post=2740"},{"taxonomy":"product_tag","embeddable":true,"href":"https:\/\/elitesoftkeys.com\/es\/wp-json\/wp\/v2\/product_tag?post=2740"}],"curies":[{"name":"gracias","href":"https:\/\/api.w.org\/{rel}","templated":true}]}}