{"id":2738,"date":"2024-12-21T13:59:23","date_gmt":"2024-12-21T13:59:23","guid":{"rendered":"http:\/\/elitesoftkeys.com\/?product=bricscad-v25-ultimate"},"modified":"2025-07-06T14:06:39","modified_gmt":"2025-07-06T14:06:39","slug":"bricscad-v25-ultimate","status":"publish","type":"product","link":"https:\/\/elitesoftkeys.com\/es\/producto\/bricscad-v25-ultimate\/","title":{"rendered":"BricsCAD V25 Ultimate"},"content":{"rendered":"<div data-elementor-type=\"wp-post\" data-elementor-id=\"2738\" class=\"elementor elementor-2738\">\n\t\t\t\t<div class=\"elementor-element elementor-element-4f2be595 e-flex e-con-boxed e-con e-parent\" data-id=\"4f2be595\" data-element_type=\"container\">\r\n\t\t\t\t\t<div class=\"e-con-inner\">\r\n\t\t\t\t\t<\/div>\n\t\t\t\t<\/div>\n\t\t\t\t<\/div>","protected":false},"excerpt":{"rendered":"<table style='border-collapse: collapse; width: 100%;'>\n<tr>\n<th>Propiedad<\/th>\n<th>Valor<\/th>\n<\/tr>\n<tr>\n<td>Placa en forma de<\/td>\n<td>Windows\/MacOS<\/td>\n<\/tr>\n<tr>\n<td>Tarjeta gr\u00e1fica<\/td>\n<td>MAC: Exigencia m\u00ednima: pantalla de resoluci\u00f3n 1280 x 800 Alta resoluci\u00f3n: 2880 x 1800 con pantalla Retina \/ Recomendado: tarjetas gr\u00e1ficas instaladas en formato nativo para Mac; WINDOWS: Pantallas convencionales: 1920 x 1080 con 16,8 millones de colores Pantallas de alta resoluci\u00f3n y 4K: Resoluci\u00f3n solo 3840 x 2160 (compatible con tarjeta de v\u00eddeo).<\/td>\n<\/tr>\n<tr>\n<td>Procesador<\/td>\n<td>WINDOWS: Configuraci\u00f3n de base: procesador 2,5-2,9 GHz. Los procesadores ARM no est\u00e1n cargados. Recomendado: procesador de menos de 3 GHz (base), de menos de 4 GHz (turbo) \/ MAC: procesador Intel CPU Apple serie M de 64 bits<\/td>\n<\/tr>\n<tr>\n<td>Espacio disco<\/td>\n<td>WINDOWS : 10 Vaya al espacio en disco disponible para la descarga y la instalaci\u00f3n MAC : 6 Vaya al espacio en disco disponible para la descarga y la instalaci\u00f3n<\/td>\n<\/tr>\n<tr>\n<td>RAM<\/td>\n<td>WINDOWS: Requisitos b\u00e1sicos: 8 GB Recomendado: 32 GB; MAC: Exigencia m\u00ednima: 4 GB Recomendado: al menos 8 GB<\/td>\n<\/tr>\n<tr>\n<td>Compatibilidad de sistemas<\/td>\n<td>WINDOWS: Windows 11 de 64 bits y Windows 10 versi\u00f3n 1809 o \u00faltima \/ MAC: macOS Ventura v13, Monterey v12, Big Sur v11.<\/td>\n<\/tr>\n<tr>\n<td>Otras exigencias<\/td>\n<td>Conexi\u00f3n a Internet para el registro de la licencia y la descarga de los componentes necesarios<\/td>\n<\/tr>\n<\/table>","protected":false},"featured_media":2789,"template":"","meta":{"inline_featured_image":false},"product_brand":[],"product_cat":[115],"product_tag":[],"class_list":{"0":"post-2738","1":"product","2":"type-product","3":"status-publish","4":"has-post-thumbnail","6":"product_cat-cad-software","8":"first","9":"instock","10":"sale","11":"virtual","12":"taxable","13":"purchasable","14":"product-type-simple"},"_links":{"self":[{"href":"https:\/\/elitesoftkeys.com\/es\/wp-json\/wp\/v2\/product\/2738","targetHints":{"allow":["GET"]}}],"collection":[{"href":"https:\/\/elitesoftkeys.com\/es\/wp-json\/wp\/v2\/product"}],"about":[{"href":"https:\/\/elitesoftkeys.com\/es\/wp-json\/wp\/v2\/types\/product"}],"version-history":[{"count":0,"href":"https:\/\/elitesoftkeys.com\/es\/wp-json\/wp\/v2\/product\/2738\/revisions"}],"wp:featuredmedia":[{"embeddable":true,"href":"https:\/\/elitesoftkeys.com\/es\/wp-json\/wp\/v2\/media\/2789"}],"wp:attachment":[{"href":"https:\/\/elitesoftkeys.com\/es\/wp-json\/wp\/v2\/media?parent=2738"}],"wp:term":[{"taxonomy":"product_brand","embeddable":true,"href":"https:\/\/elitesoftkeys.com\/es\/wp-json\/wp\/v2\/product_brand?post=2738"},{"taxonomy":"product_cat","embeddable":true,"href":"https:\/\/elitesoftkeys.com\/es\/wp-json\/wp\/v2\/product_cat?post=2738"},{"taxonomy":"product_tag","embeddable":true,"href":"https:\/\/elitesoftkeys.com\/es\/wp-json\/wp\/v2\/product_tag?post=2738"}],"curies":[{"name":"gracias","href":"https:\/\/api.w.org\/{rel}","templated":true}]}}