{"id":2736,"date":"2024-12-21T13:59:21","date_gmt":"2024-12-21T13:59:21","guid":{"rendered":"http:\/\/elitesoftkeys.com\/?product=autodesk-flame-2025-edition-macos"},"modified":"2025-07-06T14:06:39","modified_gmt":"2025-07-06T14:06:39","slug":"autodesk-flame-2025-edition-macos","status":"publish","type":"product","link":"https:\/\/elitesoftkeys.com\/es\/producto\/autodesk-flame-2025-edition-macos\/","title":{"rendered":"Edici\u00f3n Autodesk Flame 2025 (MacOS)"},"content":{"rendered":"<p>Programa en versi\u00f3n educativa, con todas las funciones. El producto no lleva marca de identificaci\u00f3n en filigrana, ni referencia a la formulaci\u00f3n educativa de documentos.<\/p>\n<p>La l\u00f3gica profesional de Autodesk Flame es una poderosa l\u00f3gica de definici\u00f3n y efectos visuales de Autodesk. Flame se utiliza en la realizaci\u00f3n de pel\u00edculas, el montaje y por los artistas para una utilizaci\u00f3n poderosa en el dominio creativo.<\/p>\n<p>Cree escenas complejas 3D con la ayuda de un sistema de composici\u00f3n intuitivo basado en los nudos. Producci\u00f3n de publicidad, emisiones de televisi\u00f3n y pel\u00edculas con efectos visuales basados en IA y gr\u00e1ficos de alta resoluci\u00f3n. Perfeccione cada plan con un potente conjunto de herramientas integradas de estilo y definici\u00f3n. Int\u00e9grez en toute transparence des s\u00e9quences en direct avec des ressources de synth\u00e8se.Prenez des d\u00e9cisions artisticiques sans \u00eatre g\u00ean\u00e9 par les aspectos t\u00e9cnicos de la producci\u00f3n. EmportezFlame parte con la gracia de las soluciones locales y en la nube para una mejor colaboraci\u00f3n. Flame permite avanzar m\u00e1s r\u00e1pidamente a los asistentes de sus clientes en diversas situaciones, que le permitir\u00e1n representar un monstruo gigante en im\u00e1genes sint\u00e9ticas en las calles de Nueva York o agregar un maquillaje num\u00e9rico a la prochaine star mundial de la m\u00fasica.<\/p>\n<p>Extraiga la opacidad del cuerpo humano, la cabeza y el rostro gracias a los herramientas basadas en la inteligencia artificial para ajustar el color, la claridad y las operaciones est\u00e9ticas. Aisla r\u00e1pidamente los cielos y los objetos navegantes para efectuar el cambio de color y los efectos visuales.<\/p>\n<p>Utilice las funciones de montaje, composici\u00f3n y correcci\u00f3n de colores en un solo entorno, sin pasar una l\u00f3gica al otro.<\/p>","protected":false},"excerpt":{"rendered":"<table style='border-collapse: collapse; width: 100%;'>\n<tr>\n<th>Propiedad<\/th>\n<th>Valor<\/th>\n<\/tr>\n<tr>\n<td>Placa en forma de<\/td>\n<td>Macos<\/td>\n<\/tr>\n<tr>\n<td>Tarjeta gr\u00e1fica<\/td>\n<td>Consulte la t\u00e9cnica de consulta sobre la llama encendida del fabricante oficial.<\/td>\n<\/tr>\n<tr>\n<td>Procesador<\/td>\n<td>Procesador multicour de 64 bits Intel o AMD con juego de instrucciones SSE4.2<\/td>\n<\/tr>\n<tr>\n<td>Espacio disco<\/td>\n<td>10 Vaya al espacio libre para descargar e instalar<\/td>\n<\/tr>\n<tr>\n<td>RAM<\/td>\n<td>Menos 4 Go de RAM (menos 8 Go recomendados)<\/td>\n<\/tr>\n<tr>\n<td>Compatibilidad de sistemas<\/td>\n<td>Apple\u00ae macOS\u00ae Sonoma 14+ (requiere Flame 2024.1.2+) Apple\u00ae macOS\u00ae Ventura 13+ Apple\u00ae macOS\u00ae Monterey v12.0.1+ Apple\u00ae macOS\u00ae Big Sur v11.1+<\/td>\n<\/tr>\n<tr>\n<td>Exigencias en mati\u00e8re de r\u00e9seau<\/td>\n<td>Autodesk recomienda la \u00faltima versi\u00f3n de navegadores web siguientes para acceder al contenido en l\u00ednea complementaria: Microsoft Edge Google Chrome Microsoft Internet Explorer Mozilla Firefox<\/td>\n<\/tr>\n<tr>\n<td>Otras exigencias<\/td>\n<td>Conexi\u00f3n a Internet para el registro de la licencia y la descarga de los componentes necesarios<\/td>\n<\/tr>\n<\/table>","protected":false},"featured_media":2790,"template":"","meta":{"inline_featured_image":false},"product_brand":[],"product_cat":[115],"product_tag":[],"class_list":{"0":"post-2736","1":"product","2":"type-product","3":"status-publish","4":"has-post-thumbnail","6":"product_cat-cad-software","8":"first","9":"instock","10":"sale","11":"virtual","12":"taxable","13":"purchasable","14":"product-type-simple"},"_links":{"self":[{"href":"https:\/\/elitesoftkeys.com\/es\/wp-json\/wp\/v2\/product\/2736","targetHints":{"allow":["GET"]}}],"collection":[{"href":"https:\/\/elitesoftkeys.com\/es\/wp-json\/wp\/v2\/product"}],"about":[{"href":"https:\/\/elitesoftkeys.com\/es\/wp-json\/wp\/v2\/types\/product"}],"version-history":[{"count":0,"href":"https:\/\/elitesoftkeys.com\/es\/wp-json\/wp\/v2\/product\/2736\/revisions"}],"wp:featuredmedia":[{"embeddable":true,"href":"https:\/\/elitesoftkeys.com\/es\/wp-json\/wp\/v2\/media\/2790"}],"wp:attachment":[{"href":"https:\/\/elitesoftkeys.com\/es\/wp-json\/wp\/v2\/media?parent=2736"}],"wp:term":[{"taxonomy":"product_brand","embeddable":true,"href":"https:\/\/elitesoftkeys.com\/es\/wp-json\/wp\/v2\/product_brand?post=2736"},{"taxonomy":"product_cat","embeddable":true,"href":"https:\/\/elitesoftkeys.com\/es\/wp-json\/wp\/v2\/product_cat?post=2736"},{"taxonomy":"product_tag","embeddable":true,"href":"https:\/\/elitesoftkeys.com\/es\/wp-json\/wp\/v2\/product_tag?post=2736"}],"curies":[{"name":"gracias","href":"https:\/\/api.w.org\/{rel}","templated":true}]}}