{"id":2734,"date":"2024-12-21T13:59:19","date_gmt":"2024-12-21T13:59:19","guid":{"rendered":"http:\/\/elitesoftkeys.com\/?product=ashampoo-3d-cad-professional-10"},"modified":"2025-07-06T14:06:39","modified_gmt":"2025-07-06T14:06:39","slug":"ashampoo-3d-cad-professional-10","status":"publish","type":"product","link":"https:\/\/elitesoftkeys.com\/es\/producto\/ashampoo-3d-cad-professional-10\/","title":{"rendered":"Ashampoo 3D CAD Professional 10"},"content":{"rendered":"<p>\u00a1La soluci\u00f3n CAO con m\u00e1s posibilidades, comodidad y realismo para tus proyectos! El nuevo Ashampoo 3D CAD Professional 10 te ofrece muchas m\u00e1s posibilidades. Gracias a un cat\u00e1logo extenso con m\u00e1s de 250 nuevos objetos 3D, nuevas puertas, el cat\u00e1logo de balcones en tant que grupos y paredes del sur para la concepci\u00f3n de terrenos y jardines, \u00a1podr\u00e1 concebir una manera m\u00e1s realista! \u00a1Utilice el nuevo elemento de terreno con bordes en 3D, cortinas como cuerpo de guardia o la caja de di\u00e1logo pr\u00e1ctica de la flecha del norte para la posici\u00f3n, la rotaci\u00f3n y la puesta en escena! Les garde-corps peuvent d\u00e9sormais \u00eatre utilis\u00e9s dans de numerosas variantes, \u00a1m\u00eame dans vos propres cr\u00e9ations! Adem\u00e1s, la cotizaci\u00f3n autom\u00e1tica de planos de escenario en 2D y los textos de posici\u00f3n autom\u00e1tica para las paredes y las ventanas descargar\u00e1n una gran fiesta del trabajo. La soluci\u00f3n de dise\u00f1o profesional que incluye todos los planos de escenario y decoraci\u00f3n. Ashampoo 3D CAD Professional es el planificador ideal para todos. \u00a1les concepteurs, dessinateurs, arquitectos de interior o arquitectos paysagistes! \u00a1Construya, visualice y comunique sus ideas de concepci\u00f3n de manera detallada, directa y profesional! Cree concepciones para aplicaciones de construcci\u00f3n o proyectos ejecutivos que respondan a las exigencias de las personas mayores. Las funciones arquitect\u00f3nicas poderosas le permitir\u00e1n obtener resultados profesionales y las funciones de modelizaci\u00f3n avanzada le permitir\u00e1n concebir los ajustes y las esculturas que le dan a su arquitectura un toque art\u00edstico. Conception pr\u00e9cise et Ashampoo CAD Pro ne l\u00e9sine pas sur ce point ! Las poderosas opciones de caja num\u00e9rica para las paredes, las ventanas y las puertas facilitan la vida, as\u00ed como las herramientas de edici\u00f3n num\u00e9rica para las zonas que ofrecen precisi\u00f3n y flexibilidad. \u00a1Con los m\u00f3dulos complementarios para las ventanas y las puertas, los cajones de volets, las tiendas y los cuadros, la secci\u00f3n de concepci\u00f3n y construcci\u00f3n es ideal para una utilizaci\u00f3n profesional!<\/p>","protected":false},"excerpt":{"rendered":"<table style='border-collapse: collapse; width: 100%;'>\n<tr>\n<th>Propiedad<\/th>\n<th>Valor<\/th>\n<\/tr>\n<tr>\n<td>Placa en forma de<\/td>\n<td>Ventanas<\/td>\n<\/tr>\n<tr>\n<td>Lengua<\/td>\n<td>Multiling\u00fce<\/td>\n<\/tr>\n<tr>\n<td>Nombre de los usuarios<\/td>\n<td>1 Usuario<\/td>\n<\/tr>\n<tr>\n<td>Compatibilidad de sistemas<\/td>\n<td>Windows 11, Windows 10<\/td>\n<\/tr>\n<tr>\n<td>Otras exigencias<\/td>\n<td>Todo aparato prenant en charge les syst\u00e8mes d&#039;exploitation \u00e9num\u00e9r\u00e9s ci-dessus. Los sistemas equipados de procesadores ARM no est\u00e1n cargados. Es necesaria una conexi\u00f3n a Internet para activar el programa.<\/td>\n<\/tr>\n<\/table>","protected":false},"featured_media":2791,"template":"","meta":{"inline_featured_image":false},"product_brand":[],"product_cat":[115],"product_tag":[],"class_list":{"0":"post-2734","1":"product","2":"type-product","3":"status-publish","4":"has-post-thumbnail","6":"product_cat-cad-software","8":"first","9":"instock","10":"sale","11":"virtual","12":"taxable","13":"purchasable","14":"product-type-simple"},"_links":{"self":[{"href":"https:\/\/elitesoftkeys.com\/es\/wp-json\/wp\/v2\/product\/2734","targetHints":{"allow":["GET"]}}],"collection":[{"href":"https:\/\/elitesoftkeys.com\/es\/wp-json\/wp\/v2\/product"}],"about":[{"href":"https:\/\/elitesoftkeys.com\/es\/wp-json\/wp\/v2\/types\/product"}],"version-history":[{"count":0,"href":"https:\/\/elitesoftkeys.com\/es\/wp-json\/wp\/v2\/product\/2734\/revisions"}],"wp:featuredmedia":[{"embeddable":true,"href":"https:\/\/elitesoftkeys.com\/es\/wp-json\/wp\/v2\/media\/2791"}],"wp:attachment":[{"href":"https:\/\/elitesoftkeys.com\/es\/wp-json\/wp\/v2\/media?parent=2734"}],"wp:term":[{"taxonomy":"product_brand","embeddable":true,"href":"https:\/\/elitesoftkeys.com\/es\/wp-json\/wp\/v2\/product_brand?post=2734"},{"taxonomy":"product_cat","embeddable":true,"href":"https:\/\/elitesoftkeys.com\/es\/wp-json\/wp\/v2\/product_cat?post=2734"},{"taxonomy":"product_tag","embeddable":true,"href":"https:\/\/elitesoftkeys.com\/es\/wp-json\/wp\/v2\/product_tag?post=2734"}],"curies":[{"name":"gracias","href":"https:\/\/api.w.org\/{rel}","templated":true}]}}