{"id":2732,"date":"2024-12-21T13:59:17","date_gmt":"2024-12-21T13:59:17","guid":{"rendered":"http:\/\/elitesoftkeys.com\/?product=ashampoo-home-design-8"},"modified":"2025-07-06T14:06:39","modified_gmt":"2025-07-06T14:06:39","slug":"ashampoo-home-design-8","status":"publish","type":"product","link":"https:\/\/elitesoftkeys.com\/es\/producto\/ashampoo-home-design-8\/","title":{"rendered":"Dise\u00f1o de interiores Ashampoo 8"},"content":{"rendered":"<p>Ashampoo Home Design 8 es una l\u00f3gica de concepci\u00f3n y modelizaci\u00f3n arquitect\u00f3nica utilizada para crear planos de casas, apartamentos y otros espacios interiores y exteriores. Este tipo de l\u00f3gica se utiliza principalmente para planificar y visualizar concepciones arquitect\u00f3nicas e interiores, permitiendo a los usuarios de crear representaciones num\u00e9ricas detalladas de proyectos de construcci\u00f3n y renovaci\u00f3n. Millones de objetos pr\u00eats \u00e0 l&#039;emploi para resultados perfectos en materia de concepci\u00f3n interior.<\/p>\n<p>Ashampoo Home Design se encarga de la carga, edici\u00f3n y registro de diversos nuevos formatos de objetos 3D. \u00a1Esto te permite acceder a millones de objetos 3D! \u00a1Il vous suffit de les importer et de les ajouter \u00e0 vos projets! Gracias al premio a cargo de los modelos SketchUp o Collada, puede utilizar inmediatamente muchos modelos gen\u00e9ricos y espec\u00edficos de una marca. \u00a1Concevez des sistemas fotovoltaicos con toda simplicidad!<\/p>\n<p>Des outils de saisie pratiques vous aident \u00e0 concevoir des syst\u00e8mes photovolta\u00efques sophistiqu\u00e9s en quelques minutes. Para los sistemas montados en el hogar, es posible que especifique su disposici\u00f3n, seleccione los m\u00f3dulos en el cat\u00e1logo de objetos y su posici\u00f3n en el curso de la fase de configuraci\u00f3n. El programa determina autom\u00e1ticamente los par\u00e1metros para el recipiente que el c\u00f4t\u00e9 cible est\u00e1 especificado. Una vez configurada, la instalaci\u00f3n fotovoltaica est\u00e1 ajustada seg\u00fan el plan.<\/p>","protected":false},"excerpt":{"rendered":"<table style='border-collapse: collapse; width: 100%;'>\n<tr>\n<th>Propiedad<\/th>\n<th>Valor<\/th>\n<\/tr>\n<tr>\n<td>Placa en forma de<\/td>\n<td>Ventanas<\/td>\n<\/tr>\n<tr>\n<td>Lengua<\/td>\n<td>Multiling\u00fce<\/td>\n<\/tr>\n<tr>\n<td>Nombre de los usuarios<\/td>\n<td>1 Usuario<\/td>\n<\/tr>\n<tr>\n<td>Compatibilidad de sistemas<\/td>\n<td>Windows 11, Windows 10<\/td>\n<\/tr>\n<tr>\n<td>Otras exigencias<\/td>\n<td>Todo aparato prenant en charge les syst\u00e8mes d&#039;exploitation \u00e9num\u00e9r\u00e9s ci-dessus. Los sistemas equipados de procesadores ARM no est\u00e1n cargados. Es necesaria una conexi\u00f3n a Internet para activar el programa.<\/td>\n<\/tr>\n<\/table>","protected":false},"featured_media":2793,"template":"","meta":{"inline_featured_image":false},"product_brand":[],"product_cat":[115],"product_tag":[],"class_list":{"0":"post-2732","1":"product","2":"type-product","3":"status-publish","4":"has-post-thumbnail","6":"product_cat-cad-software","8":"first","9":"instock","10":"sale","11":"virtual","12":"taxable","13":"purchasable","14":"product-type-simple"},"_links":{"self":[{"href":"https:\/\/elitesoftkeys.com\/es\/wp-json\/wp\/v2\/product\/2732","targetHints":{"allow":["GET"]}}],"collection":[{"href":"https:\/\/elitesoftkeys.com\/es\/wp-json\/wp\/v2\/product"}],"about":[{"href":"https:\/\/elitesoftkeys.com\/es\/wp-json\/wp\/v2\/types\/product"}],"version-history":[{"count":0,"href":"https:\/\/elitesoftkeys.com\/es\/wp-json\/wp\/v2\/product\/2732\/revisions"}],"wp:featuredmedia":[{"embeddable":true,"href":"https:\/\/elitesoftkeys.com\/es\/wp-json\/wp\/v2\/media\/2793"}],"wp:attachment":[{"href":"https:\/\/elitesoftkeys.com\/es\/wp-json\/wp\/v2\/media?parent=2732"}],"wp:term":[{"taxonomy":"product_brand","embeddable":true,"href":"https:\/\/elitesoftkeys.com\/es\/wp-json\/wp\/v2\/product_brand?post=2732"},{"taxonomy":"product_cat","embeddable":true,"href":"https:\/\/elitesoftkeys.com\/es\/wp-json\/wp\/v2\/product_cat?post=2732"},{"taxonomy":"product_tag","embeddable":true,"href":"https:\/\/elitesoftkeys.com\/es\/wp-json\/wp\/v2\/product_tag?post=2732"}],"curies":[{"name":"gracias","href":"https:\/\/api.w.org\/{rel}","templated":true}]}}