{"id":2730,"date":"2024-12-21T13:59:14","date_gmt":"2024-12-21T13:59:14","guid":{"rendered":"http:\/\/elitesoftkeys.com\/?product=autodesk-mudbox"},"modified":"2025-07-06T14:06:39","modified_gmt":"2025-07-06T14:06:39","slug":"autodesk-mudbox","status":"publish","type":"product","link":"https:\/\/elitesoftkeys.com\/es\/producto\/autodesk-mudbox\/","title":{"rendered":"Autodesk Mudbox"},"content":{"rendered":"<p>Programa en versi\u00f3n educativa, completo con todas las funciones. El producto no tiene marca de identificaci\u00f3n en filigrana, sin referencia a la formulaci\u00f3n educativa de documentos. Autodesk Mudbox es una l\u00f3gica de pintura y escultura num\u00e9rica en 3D que le permite crear modelos b\u00e1sicos en t\u00e9cnicas de escultura tradicionales.<\/p>\n<p>Le permitir\u00e1 crear personajes y entornos detallados con texturas extraordinarias:<\/p>\n<p>Donnez vie \u00e0 vos concepciones 3D gracias a los herramientas de escultura intuitivas.<\/p>\n<p>Ajuste el toque final de los modelos gracias a las funciones flexibles de pintura de textura.<\/p>\n<p>Travaillez plus rapidement gr\u00e2ce \u00e0 un flux de travail facile \u00e0 utiliser bas\u00e9 sur les calques.<\/p>\n<p>Conjunto de herramientas num\u00e9ricas intuitivas<\/p>\n<p>Los herramientas de escultura conviviaux propuestas por Mudbox permiten crear f\u00e1cilmente todo lo que puedes imaginar.<\/p>\n<p>Modelos de alta calidad<\/p>\n<p>El flujo de trabajo de pintura de texturas precisas le permitir\u00e1 crear modelos realistas y estilizados.<\/p>\n<p>Flux de travail uniformes b\u00e1sicos en le pinceau<\/p>\n<p>El flujo de trabajo basado en la pinza para los pol\u00edgonos y las texturas le permite elevar sus creaciones a un nivel superior.<\/p>","protected":false},"excerpt":{"rendered":"<table style='border-collapse: collapse; width: 100%;'>\n<tr>\n<th>Propiedad<\/th>\n<th>Valor<\/th>\n<\/tr>\n<tr>\n<td>Placa en forma de<\/td>\n<td>Windows\/MacOS<\/td>\n<\/tr>\n<tr>\n<td>Tarjeta gr\u00e1fica<\/td>\n<td>WINDOWS: Exigencia m\u00ednima: 1 GBU con 29 GB\/s de banda pasante y compatible con DirectX 11 Recomendado: 4 GBU con 106 GB\/s de banda pasada y compatible con DirectX 12 \/ MAC: Recomendado: tarjetas gr\u00e1ficas instaladas en Mac nativo<\/td>\n<\/tr>\n<tr>\n<td>Procesador<\/td>\n<td>WINDOWS: Configuraci\u00f3n m\u00ednima: procesador 2,5 \u2013 2,9 GHz Recomendado: procesador al menos 3 GHz \/ MAC: CPU Intel 64 bits Recomendado: Intel Core i7 o superior<\/td>\n<\/tr>\n<tr>\n<td>Espacio disco<\/td>\n<td>WINDOWS : 10 Vaya al espacio de disco disponible para la descarga y la instalaci\u00f3n \/ MAC : 6 Vaya al espacio de disco disponible para la descarga y la instalaci\u00f3n<\/td>\n<\/tr>\n<tr>\n<td>RAM<\/td>\n<td>WINDOWS: Requisitos m\u00ednimos: 8 GB Recomendado: 16 GB \/ MAC: Requisitos m\u00ednimos: 4 GB Recomendado: al menos 8 GB<\/td>\n<\/tr>\n<tr>\n<td>Compatibilidad de sistemas<\/td>\n<td>WINDOWS: Microsoft Windows 11 y Windows 10 de 64 bits \/ MAC: macOS Ventura v13, Monterey v12, Big Sur v11<\/td>\n<\/tr>\n<tr>\n<td>Otras exigencias<\/td>\n<td>Conexi\u00f3n a Internet para el registro de la licencia y la descarga de los componentes necesarios<\/td>\n<\/tr>\n<\/table>","protected":false},"featured_media":2794,"template":"","meta":{"inline_featured_image":false},"product_brand":[],"product_cat":[115],"product_tag":[],"class_list":{"0":"post-2730","1":"product","2":"type-product","3":"status-publish","4":"has-post-thumbnail","6":"product_cat-cad-software","8":"first","9":"instock","10":"sale","11":"virtual","12":"taxable","13":"purchasable","14":"product-type-simple"},"_links":{"self":[{"href":"https:\/\/elitesoftkeys.com\/es\/wp-json\/wp\/v2\/product\/2730","targetHints":{"allow":["GET"]}}],"collection":[{"href":"https:\/\/elitesoftkeys.com\/es\/wp-json\/wp\/v2\/product"}],"about":[{"href":"https:\/\/elitesoftkeys.com\/es\/wp-json\/wp\/v2\/types\/product"}],"version-history":[{"count":0,"href":"https:\/\/elitesoftkeys.com\/es\/wp-json\/wp\/v2\/product\/2730\/revisions"}],"wp:featuredmedia":[{"embeddable":true,"href":"https:\/\/elitesoftkeys.com\/es\/wp-json\/wp\/v2\/media\/2794"}],"wp:attachment":[{"href":"https:\/\/elitesoftkeys.com\/es\/wp-json\/wp\/v2\/media?parent=2730"}],"wp:term":[{"taxonomy":"product_brand","embeddable":true,"href":"https:\/\/elitesoftkeys.com\/es\/wp-json\/wp\/v2\/product_brand?post=2730"},{"taxonomy":"product_cat","embeddable":true,"href":"https:\/\/elitesoftkeys.com\/es\/wp-json\/wp\/v2\/product_cat?post=2730"},{"taxonomy":"product_tag","embeddable":true,"href":"https:\/\/elitesoftkeys.com\/es\/wp-json\/wp\/v2\/product_tag?post=2730"}],"curies":[{"name":"gracias","href":"https:\/\/api.w.org\/{rel}","templated":true}]}}