{"id":2728,"date":"2024-12-21T13:59:12","date_gmt":"2024-12-21T13:59:12","guid":{"rendered":"http:\/\/elitesoftkeys.com\/?product=autodesk-vehicle-tracking"},"modified":"2025-07-06T14:06:39","modified_gmt":"2025-07-06T14:06:39","slug":"autodesk-vehicle-tracking","status":"publish","type":"product","link":"https:\/\/elitesoftkeys.com\/es\/producto\/autodesk-vehicle-tracking\/","title":{"rendered":"Seguimiento de veh\u00edculos de Autodesk"},"content":{"rendered":"<p>Programa en versi\u00f3n educativa, con todas las funciones. El producto no es una marca de identificaci\u00f3n en filigrana, sin referencia a la formulaci\u00f3n educativa de documentos. Autodesk Vehicle Tracking es una l\u00f3gica de an\u00e1lisis y concepci\u00f3n para la gesti\u00f3n del tr\u00e1fico y la planificaci\u00f3n de espacios p\u00fablicos, como estacionamientos y aires de estaci\u00f3n. et les ronds-points. Se trata de una extensi\u00f3n del motor de CAO AutoCAD que proporciona herramientas para crear modelos 3D detallados de los itinerarios de los veh\u00edculos, lo que permite la simulaci\u00f3n y la evaluaci\u00f3n del movimiento de los veh\u00edculos en espacios p\u00fablicos. Utilizo las tecnolog\u00edas de an\u00e1lisis y configuraci\u00f3n de trajes para ayudar a los ingenieros y arquitectos a crear espacios m\u00e1s seguros y m\u00e1s eficaces.<\/p>\n<p>Principales funciones<\/p>\n<p>Analice las trayectorias: la l\u00f3gica permite analizar las trayectorias de los veh\u00edculos direccionales, los veh\u00edculos ligeros y los aviones. Esta funci\u00f3n es esencial para mejorar y optimizar el movimiento de veh\u00edculos en espacios reducidos o complejos.<\/p>\n<p>Concepto de espacios de estacionamiento: el seguimiento de veh\u00edculos utiliza las reglas geom\u00e9tricas para facilitar la eficacia de la agencia de rangos y aires de estacionamiento, mejorando adem\u00e1s la accesibilidad y la funcionalidad de los espacios.<\/p>\n<p>Concepci\u00f3n de los carrefours giratorios: permite generar r\u00e1pidamente los carrefours giratorios que se integran en las rutas existentes o anteriores, lo que contribuye a mejorar la fluidez del tr\u00e1fico.<\/p>\n<p>Simulaciones en tiempo real: gracias a los instrumentos de simulaci\u00f3n interactiva, los ingenieros pueden evaluar el comportamiento de los veh\u00edculos en los escenarios reales, teniendo en cuenta los factores que la velocidad y las l\u00edneas de visibilidad se realizan durante el proceso de concepci\u00f3n234.<\/p>\n<p>Integraci\u00f3n BIM: Seguimiento de veh\u00edculos es una integraci\u00f3n de manera transparente con otras herramientas de Autodesk como AutoCAD y Civil 3D, lo que permite una gesti\u00f3n fluida de proyectos en diferentes plataformas26.<\/p>\n<p>\u00bfPor qu\u00e9 utilizar Autodesk Vehicle Tracking?<\/p>\n<p>Optimizaci\u00f3n de la concepci\u00f3n: gracias a la posibilidad de analizar diversos escenarios de concepci\u00f3n y evaluar las alternativas en tiempo real, los usuarios pueden tomar decisiones m\u00e1s claras que conduzcan a concepciones m\u00e1s seguras y eficaces.<\/p>\n<p>Ganancia de tiempo: la funcionalidad \u201cglisser-d\u00e9poser\u201d y las simulaciones r\u00e1pidas permiten a los ingenieros y a los conceptualizadores reducir el tiempo de desarrollo y mejorar la productividad global34.<\/p>\n<p>Mejora de la seguridad: el an\u00e1lisis apropiado del movimiento de los veh\u00edculos permite identificar los problemas de seguridad potenciales antes de la puesta en marcha de los proyectos, lo que contribuye a crear entornos m\u00e1s seguros para los usuarios35.<\/p>\n<p>Respeto de las regulaciones: la l\u00f3gica permite asegurar que los proyectos se ajusten a las regulaciones locales y nacionales en materia de concepci\u00f3n de rutas y seguridad del tr\u00e1fico46.<\/p>\n<p>En resumen, Autodesk Vehicle Tracking es una herramienta indispensable para los ingenieros civiles, arquitectos y conceptualizadores que desean optimizar sus proyectos de infraestructura gracias a un an\u00e1lisis detallado y una simulaci\u00f3n precisa del movimiento de veh\u00edculos.<\/p>","protected":false},"excerpt":{"rendered":"<table style='border-collapse: collapse; width: 100%;'>\n<tr>\n<th>Propiedad<\/th>\n<th>Valor<\/th>\n<\/tr>\n<tr>\n<td>Placa en forma de<\/td>\n<td>Ventanas<\/td>\n<\/tr>\n<tr>\n<td>Tarjeta gr\u00e1fica<\/td>\n<td>Tarjeta gr\u00e1fica compatible con Direct3D 9\u00ae y OpenGL\u00ae con Shader Model 2 (m\u00ednimo)<\/td>\n<\/tr>\n<tr>\n<td>Procesador<\/td>\n<td>Procesador multicour de 64 bits Intel o AMD con juego de instrucciones SSE4.2<\/td>\n<\/tr>\n<tr>\n<td>Espacio disco<\/td>\n<td>10 Vaya al espacio libre para descargar e instalar<\/td>\n<\/tr>\n<tr>\n<td>RAM<\/td>\n<td>Menos 4 Go de RAM (menos 8 Go recomendados)<\/td>\n<\/tr>\n<tr>\n<td>Compatibilidad de sistemas<\/td>\n<td>Microsoft Windows 11 y Windows 10 de 64 bits<\/td>\n<\/tr>\n<tr>\n<td>Exigencias en mati\u00e8re de r\u00e9seau<\/td>\n<td>Autodesk recomienda la \u00faltima versi\u00f3n de navegadores web siguientes para acceder al contenido en l\u00ednea complementaria: Microsoft Edge Google Chrome Microsoft Internet Explorer Mozilla Firefox<\/td>\n<\/tr>\n<tr>\n<td>Otras exigencias<\/td>\n<td>Conexi\u00f3n a Internet para el registro de la licencia y la descarga de los componentes necesarios<\/td>\n<\/tr>\n<\/table>","protected":false},"featured_media":2795,"template":"","meta":{"inline_featured_image":false},"product_brand":[],"product_cat":[115],"product_tag":[],"class_list":{"0":"post-2728","1":"product","2":"type-product","3":"status-publish","4":"has-post-thumbnail","6":"product_cat-cad-software","8":"first","9":"instock","10":"sale","11":"virtual","12":"taxable","13":"purchasable","14":"product-type-simple"},"_links":{"self":[{"href":"https:\/\/elitesoftkeys.com\/es\/wp-json\/wp\/v2\/product\/2728","targetHints":{"allow":["GET"]}}],"collection":[{"href":"https:\/\/elitesoftkeys.com\/es\/wp-json\/wp\/v2\/product"}],"about":[{"href":"https:\/\/elitesoftkeys.com\/es\/wp-json\/wp\/v2\/types\/product"}],"version-history":[{"count":0,"href":"https:\/\/elitesoftkeys.com\/es\/wp-json\/wp\/v2\/product\/2728\/revisions"}],"wp:featuredmedia":[{"embeddable":true,"href":"https:\/\/elitesoftkeys.com\/es\/wp-json\/wp\/v2\/media\/2795"}],"wp:attachment":[{"href":"https:\/\/elitesoftkeys.com\/es\/wp-json\/wp\/v2\/media?parent=2728"}],"wp:term":[{"taxonomy":"product_brand","embeddable":true,"href":"https:\/\/elitesoftkeys.com\/es\/wp-json\/wp\/v2\/product_brand?post=2728"},{"taxonomy":"product_cat","embeddable":true,"href":"https:\/\/elitesoftkeys.com\/es\/wp-json\/wp\/v2\/product_cat?post=2728"},{"taxonomy":"product_tag","embeddable":true,"href":"https:\/\/elitesoftkeys.com\/es\/wp-json\/wp\/v2\/product_tag?post=2728"}],"curies":[{"name":"gracias","href":"https:\/\/api.w.org\/{rel}","templated":true}]}}