{"id":2726,"date":"2024-12-21T13:59:11","date_gmt":"2024-12-21T13:59:11","guid":{"rendered":"http:\/\/elitesoftkeys.com\/?product=autodesk-pdmc-collection"},"modified":"2025-07-06T14:06:39","modified_gmt":"2025-07-06T14:06:39","slug":"autodesk-pdmc-collection","status":"publish","type":"product","link":"https:\/\/elitesoftkeys.com\/es\/producto\/autodesk-pdmc-collection\/","title":{"rendered":"Colecci\u00f3n PDMC de Autodesk"},"content":{"rendered":"<p>*Programa en versi\u00f3n educativa, completo con todas las funciones. Le produit ne comporta pas de marque d&#039;identification en filigrane, ni de r\u00e9f\u00e9rence \u00e0 la formulaci\u00f3n educativa de documentos.<\/p>\n<p>Licencia Autodesk PDMC Collection \u2013 caracter\u00edsticas y funciones<\/p>\n<p>Colecci\u00f3n de fabricaci\u00f3n y dise\u00f1o de productos de Autodesk (PDMC): la suite completa para la concepci\u00f3n y la fabricaci\u00f3n. Autodesk Product Design &amp; Manufacturing Collection (PDMC) es un conjunto integrado de aplicaciones profesionales que cubre el conjunto de procesos, la idea del producto final, gracias a potentes herramientas de concepci\u00f3n, simulaci\u00f3n, fabricaci\u00f3n y colaboraci\u00f3n.<\/p>\n<p>Esta colecci\u00f3n incluye<\/p>\n<p>Concepci\u00f3n e ingenier\u00eda:<\/p>\n<p>Autodesk Inventor Professional: l\u00f3gica de concepci\u00f3n mec\u00e1nica en 3D con herramientas de modelizaci\u00f3n, simulaci\u00f3n y documentaci\u00f3n, y que incluye:<\/p>\n<p>Inventor CAM para el fraisado, el recorrido y el uso integrado de 5 ejes.<\/p>\n<p>Inventor Nesting para la optimizaci\u00f3n de esquemas de d\u00e9coupe de t\u00f4les<\/p>\n<p>An\u00e1lisis de tolerancia de Inventor para el an\u00e1lisis de tolerancias de producci\u00f3n<\/p>\n<p>Inventor Nastran, l\u00f3gica de simulaci\u00f3n que permite realizar an\u00e1lisis de verificaci\u00f3n mec\u00e1nica y estructura de las primeras fases de concepci\u00f3n.<\/p>\n<p>3DSMax para la reproducci\u00f3n y la animaci\u00f3n 3D: l\u00f3gica de reproducci\u00f3n y modelizaci\u00f3n 3D para la visualizaci\u00f3n de conceptos, juegos de v\u00eddeo y animaciones.<\/p>\n<p>AutoCAD: potente l\u00f3gica de CAO 2D y 3D con herramientas espec\u00edficas para la mec\u00e1nica, la electricidad, la arquitectura y la ingenier\u00eda de instalaciones. Tambi\u00e9n incluye todos los conjuntos de herramientas inherentes a AutoCAD MEP, Plant3D, Map3D, mec\u00e1nica, el\u00e9ctrica y arquitect\u00f3nica.<\/p>\n<p>Producci\u00f3n y optimizaci\u00f3n:<\/p>\n<p>Navisworks Manage: permite examinar e identificar las interferencias en un proyecto 3D y crear relaciones espec\u00edficas.<\/p>\n<p>Fusion 360: entorno de concepci\u00f3n, simulaci\u00f3n y fabricaci\u00f3n en 3D basado en la nube y herramientas de colaboraci\u00f3n:<\/p>\n<p>Autodesk Vault para la gesti\u00f3n de donn\u00e9es t\u00e9cnicas y la colaboraci\u00f3n.<\/p>\n<p>Factory Design Utilidades para la concepci\u00f3n de usos de fabricaci\u00f3n<\/p>\n<p>El PDMC ofrece todo esto que es necesario en el conjunto del proceso de desarrollo de productos, de la concepci\u00f3n 2D y 3D de la simulaci\u00f3n avanzada, de paso por la FAO y la gesti\u00f3n de los donn\u00e9es, permitiendo el flujo de trabajo integrado en los centros de los donn\u00e9es Inventor. Con las \u00faltimas tecnolog\u00edas en la nube que indican que Fusion 360, el PDMC le permite superar los l\u00edmites de la concepci\u00f3n y la fabricaci\u00f3n, optimizando el conjunto del proceso de manera eficaz.<\/p>\n<p>Colecci\u00f3n Autodesk PDMC: gu\u00eda de descarga e instalaci\u00f3n<\/p>\n<p>No nos comprometemos a proporcionar descargas oficiales de productos adquiridos, cuando finalice su transacci\u00f3n, recibir\u00e1 un correo electr\u00f3nico con todas las instrucciones pertinentes y descargar\u00e1 el producto directamente del fabricante y una clave de activaci\u00f3n para su licencia.<\/p>\n<p>\u00bfQuiere elegir EliteSoftKeys para adquirir licencias l\u00f3gicas?<\/p>\n<p>EliteSoftKeys es su proveedor de confianza para las licencias l\u00f3gicas originales de precios imbatibles, certificadas por los socios de Microsoft y Adobe. Nous ne proposons que des logiciels authentiques de grandes marques, garantissant la qualit\u00e9 et l&#039;authenticit\u00e9 de cada producto. Profitez de remises allant jusqu&#039;\u00e0 70 % sur les prix de detalle gr\u00e2ce \u00e0 la revente de licenses \u201cd&#039;occasion\u201d, legalmente autorizada por el CJUE. Nuestro equipo de asistencia multiling\u00fce a la clientela est\u00e1 disponible 7 d\u00edas de 7 y recevons una nota moyenne Impressionnante de 4,9\/5 basada en des dizaines d&#039;avis de clientes. Ofrecemos opciones de pago seguro, como Google Pay y tarjetas de cr\u00e9dito, para simplificar el proceso de compra.<\/p>\n<p>Preguntas frecuentes sobre la l\u00f3gica de recogida PDMC<\/p>\n<p>\u00bfC\u00f3mo puedo recibir mi licencia despu\u00e9s de adquirir la l\u00f3gica de la Colecci\u00f3n PDMC?<\/p>\n<p>Despu\u00e9s de realizar su compra de l\u00f3gica PDMC Collection, le enviaremos una clave de activaci\u00f3n de licencia por correo electr\u00f3nico.<\/p>\n<p>\u00bfQu\u00e9 pasa si no activamos o descargamos el complemento l\u00f3gico de la Colecci\u00f3n PDMC?<\/p>\n<p>\u00a1Pas de probl\u00e8me, todav\u00eda tenemos algunos disponibles para ayudarnos! Si, por una raz\u00f3n as\u00ed, no debe activar su licencia PDMC Collection, comun\u00edquese con nuestro equipo de asistencia t\u00e9cnica gratuita, no est\u00e9 coordinado en el sitio web y proporcione los detalles y las capturas de pantalla del problema. Nous vous helperons imm\u00e9diatement \u00e0 le r\u00e9soudre.<\/p>","protected":false},"excerpt":{"rendered":"<table style=\"border-collapse: collapse; width: 100%;\">\n<tbody>\n<tr>\n<th>Propiedad<\/th>\n<th>Valor<\/th>\n<\/tr>\n<tr>\n<td>Placa en forma de<\/td>\n<td>Ventanas<\/td>\n<\/tr>\n<tr>\n<td>Tarjeta gr\u00e1fica<\/td>\n<td>Consulte la p\u00e1gina oficial del producto Autodesk.<\/td>\n<\/tr>\n<tr>\n<td>Procesador<\/td>\n<td>Procesador multicour de 64 bits Intel o AMD con juego de instrucciones SSE4.2<\/td>\n<\/tr>\n<tr>\n<td>Espacio disco<\/td>\n<td>50 Vaya al espacio del disco libre para la descarga y la instalaci\u00f3n<\/td>\n<\/tr>\n<tr>\n<td>RAM<\/td>\n<td>Menos 8 GB de RAM recomendados<\/td>\n<\/tr>\n<tr>\n<td>Compatibilidad de sistemas<\/td>\n<td>Microsoft Windows 11 y Windows 10 de 64 bits<\/td>\n<\/tr>\n<tr>\n<td>Exigencias en mati\u00e8re de r\u00e9seau<\/td>\n<td>Autodesk recomienda la \u00faltima versi\u00f3n de navegadores web siguientes para acceder al contenido en l\u00ednea complementaria: Microsoft Edge Google Chrome Microsoft Internet Explorer Mozilla Firefox<\/td>\n<\/tr>\n<tr>\n<td>Otras exigencias<\/td>\n<td>Conexi\u00f3n a Internet para el registro de la licencia y la descarga de los componentes necesarios<\/td>\n<\/tr>\n<\/tbody>\n<\/table>","protected":false},"featured_media":2796,"template":"","meta":{"inline_featured_image":false},"product_brand":[],"product_cat":[115],"product_tag":[],"class_list":{"0":"post-2726","1":"product","2":"type-product","3":"status-publish","4":"has-post-thumbnail","6":"product_cat-cad-software","8":"first","9":"instock","10":"sale","11":"virtual","12":"taxable","13":"purchasable","14":"product-type-simple"},"_links":{"self":[{"href":"https:\/\/elitesoftkeys.com\/es\/wp-json\/wp\/v2\/product\/2726","targetHints":{"allow":["GET"]}}],"collection":[{"href":"https:\/\/elitesoftkeys.com\/es\/wp-json\/wp\/v2\/product"}],"about":[{"href":"https:\/\/elitesoftkeys.com\/es\/wp-json\/wp\/v2\/types\/product"}],"version-history":[{"count":0,"href":"https:\/\/elitesoftkeys.com\/es\/wp-json\/wp\/v2\/product\/2726\/revisions"}],"wp:featuredmedia":[{"embeddable":true,"href":"https:\/\/elitesoftkeys.com\/es\/wp-json\/wp\/v2\/media\/2796"}],"wp:attachment":[{"href":"https:\/\/elitesoftkeys.com\/es\/wp-json\/wp\/v2\/media?parent=2726"}],"wp:term":[{"taxonomy":"product_brand","embeddable":true,"href":"https:\/\/elitesoftkeys.com\/es\/wp-json\/wp\/v2\/product_brand?post=2726"},{"taxonomy":"product_cat","embeddable":true,"href":"https:\/\/elitesoftkeys.com\/es\/wp-json\/wp\/v2\/product_cat?post=2726"},{"taxonomy":"product_tag","embeddable":true,"href":"https:\/\/elitesoftkeys.com\/es\/wp-json\/wp\/v2\/product_tag?post=2726"}],"curies":[{"name":"gracias","href":"https:\/\/api.w.org\/{rel}","templated":true}]}}