{"id":2724,"date":"2024-12-21T13:59:09","date_gmt":"2024-12-21T13:59:09","guid":{"rendered":"http:\/\/elitesoftkeys.com\/?product=adobe-substance-3d-painter-educational"},"modified":"2025-07-06T14:06:37","modified_gmt":"2025-07-06T14:06:37","slug":"adobe-substance-3d-painter-educational","status":"publish","type":"product","link":"https:\/\/elitesoftkeys.com\/es\/producto\/adobe-substance-3d-painter-educational\/","title":{"rendered":"Adobe Substance 3D Painter Educativo"},"content":{"rendered":"<p>La recepci\u00f3n despu\u00e9s de recibir el producto puede realizarse entre 1 hora y 48 horas por correo electr\u00f3nico. Para obtener m\u00e1s informaci\u00f3n sobre su env\u00edo, comun\u00edquese con contact@EliteSoftKeys.com o con las referencias listadas en nuestra plataforma aqu\u00ed. Peignez des Textures 3D en tiempo real con Substance Painter 3D !Substance 3D ofrece herramientas que no necesita para definir la textura de los activos 3D. Modernice su proceso de textura con los pinceles avanzados y los materiales inteligentes. Aprenda las bases de Substance 3D Painter. Libere su creatividad con estos tutoriales de v\u00eddeo en las bases. Presentaci\u00f3n de la l\u00f3gica de textura est\u00e1ndar de la industria. Painter es la aplicaci\u00f3n de textura preferida de los profesionales del 3D le monde entier.Retrouvez votre libert\u00e9 de cr\u00e9ation.Painter conveniente \u00e0 todos los estilos 3D que usted desea obtener, du fotorrealismo aux composiciones estilizadas.Am\u00e9liorez sus competencias art\u00edsticas con des herramientas inteligentes.Les pinceaux et les outils param\u00e9triques vous permettent de cr\u00e9er l&#039;aspect id\u00e9al pour n&#039;importe quel object.<\/p>\n<p>\u00bfQuieres obtener m\u00e1s informaci\u00f3n sobre 3D Painter Substance? \u00a1Visite la p\u00e1gina siguiente!<\/p>","protected":false},"excerpt":{"rendered":"<table style='border-collapse: collapse; width: 100%;'>\n<tr>\n<th>Propiedad<\/th>\n<th>Valor<\/th>\n<\/tr>\n<tr>\n<td>Placa en forma de<\/td>\n<td>Windows y macOS<\/td>\n<\/tr>\n<tr>\n<td>Lengua<\/td>\n<td>Multiling\u00fce<\/td>\n<\/tr>\n<tr>\n<td>Nombre de los usuarios<\/td>\n<td>1 Usuario<\/td>\n<\/tr>\n<tr>\n<td>Compatibilidad de sistemas<\/td>\n<td>Sistema operativo Windows 11, Windows 10 y Catalina 10.15.7 para Mac<\/td>\n<\/tr>\n<tr>\n<td>Otras exigencias<\/td>\n<td>Todo aparato prenant en charge les syst\u00e8mes d&#039;exploitation \u00e9num\u00e9r\u00e9s ci-dessus. Los sistemas equipados de procesadores ARM no est\u00e1n cargados. Es necesaria una conexi\u00f3n a Internet para activar el programa.<\/td>\n<\/tr>\n<\/table>","protected":false},"featured_media":2797,"template":"","meta":{"inline_featured_image":false},"product_brand":[],"product_cat":[115],"product_tag":[],"class_list":{"0":"post-2724","1":"product","2":"type-product","3":"status-publish","4":"has-post-thumbnail","6":"product_cat-cad-software","8":"first","9":"instock","10":"sale","11":"virtual","12":"taxable","13":"purchasable","14":"product-type-simple"},"_links":{"self":[{"href":"https:\/\/elitesoftkeys.com\/es\/wp-json\/wp\/v2\/product\/2724","targetHints":{"allow":["GET"]}}],"collection":[{"href":"https:\/\/elitesoftkeys.com\/es\/wp-json\/wp\/v2\/product"}],"about":[{"href":"https:\/\/elitesoftkeys.com\/es\/wp-json\/wp\/v2\/types\/product"}],"version-history":[{"count":0,"href":"https:\/\/elitesoftkeys.com\/es\/wp-json\/wp\/v2\/product\/2724\/revisions"}],"wp:featuredmedia":[{"embeddable":true,"href":"https:\/\/elitesoftkeys.com\/es\/wp-json\/wp\/v2\/media\/2797"}],"wp:attachment":[{"href":"https:\/\/elitesoftkeys.com\/es\/wp-json\/wp\/v2\/media?parent=2724"}],"wp:term":[{"taxonomy":"product_brand","embeddable":true,"href":"https:\/\/elitesoftkeys.com\/es\/wp-json\/wp\/v2\/product_brand?post=2724"},{"taxonomy":"product_cat","embeddable":true,"href":"https:\/\/elitesoftkeys.com\/es\/wp-json\/wp\/v2\/product_cat?post=2724"},{"taxonomy":"product_tag","embeddable":true,"href":"https:\/\/elitesoftkeys.com\/es\/wp-json\/wp\/v2\/product_tag?post=2724"}],"curies":[{"name":"gracias","href":"https:\/\/api.w.org\/{rel}","templated":true}]}}