{"id":2722,"date":"2024-12-21T13:59:06","date_gmt":"2024-12-21T13:59:06","guid":{"rendered":"http:\/\/elitesoftkeys.com\/?product=autodesk-infodrainage-ultimate"},"modified":"2025-07-06T14:06:37","modified_gmt":"2025-07-06T14:06:37","slug":"autodesk-infodrainage-ultimate","status":"publish","type":"product","link":"https:\/\/elitesoftkeys.com\/es\/producto\/autodesk-infodrainage-ultimate\/","title":{"rendered":"Autodesk InfoDrainage Ultimate"},"content":{"rendered":"<p>* Programa en versi\u00f3n educativa, con todas las funciones. El producto no tiene marca de identificaci\u00f3n en filigrana, sin referencia a la formulaci\u00f3n educativa de documentos.<\/p>\n<p>Licencia Autodesk InfoDrainage \u2013 caracter\u00edsticas y funciones<\/p>\n<p>Concepci\u00f3n duradera y tradicional.<\/p>\n<p>InfoDrainage le permite pensar en los sistemas de drenaje tradicionales y las soluciones de drenaje duraderos, como las infraestructuras verdes (IG) y los sistemas de drenaje urbano duradero (SUDS).<\/p>\n<p>Vista real<\/p>\n<p>La l\u00f3gica se visualiza con precisi\u00f3n en la extensi\u00f3n de una cuenca, la forma en que las depresiones no se apoyan en el sistema de drenaje y la longitud exacta de los tubos.<\/p>\n<p>Verificaci\u00f3n r\u00e1pida de detalles<\/p>\n<p>Autodesk InfoDrainage proporciona datos precisos que pueden exportarse a otros programas, reduciendo adem\u00e1s el requerimiento de recuperaci\u00f3n para generar planos y perfiles con posiciones correctas.<\/p>\n<p>Analizar la integraci\u00f3n del encuentro y de la hidr\u00e1ulica.<\/p>\n<p>Lo l\u00f3gico es efectuar un an\u00e1lisis hidr\u00e1ulico detallado de las canalizaciones, de las infraestructuras de almacenamiento y ecol\u00f3gicas, reduciendo adem\u00e1s el riesgo de inundaci\u00f3n en el agua.<\/p>\n<p>Acceso al flujo de trabajo BIM<\/p>\n<p>InfoDrainage acelera el proceso de concepci\u00f3n gracias a los modelos simples y herramientas intuitivas destinadas a conceptualizadores, ingenieros, consultores y otros profesionales del agua.<\/p>\n<p>\u00bfQuiere elegir EliteSoftKeys para adquirir licencias l\u00f3gicas?<\/p>\n<p>EliteSoftKeys es un proveedor de l\u00f3gica de confianza que garantiza a sus clientes una experiencia de compra r\u00e1pida y sencilla. Voici comment nous tenons nos promesses<\/p>\n<p>Logiciels authentiques: Nous ne proposons que des logiciels authentiques de grandes marques. Adem\u00e1s de ser un proveedor certificado de Adobe y Microsoft, garantizamos la calidad y la autenticidad de cada producto.<\/p>\n<p>Desprix imbattables: beneficio de remises allant jusqu&#039;\u00e0 70 % par rapport aux prix de vente au detalle. Nos prix comp\u00e9titifs sont rendus possibles par la revente de licenses \u201cd&#039;occasion\u201d, una pr\u00e1ctica legal autorizada por un arresto del CJUE del 3 de julio de 2012.<\/p>\n<p>Excepcional cliente sin servicio: nuestro equipo de asistencia a la clientela multiling\u00fce, disponible los 7 d\u00edas de la semana, es muy apreciado. En las plataformas que indican Trustpilot, Trusted Shop y Google Review, mantenemos una nota de 4,9\/5 sobre la base de comentarios de clientes.<\/p>\n<p>Opciones de pago seguro: elija entre una amplia gama de m\u00e9todos de pago seguro, que incluye Google Pay y las tarjetas de cr\u00e9dito, para simplificar su proceso de compra.<\/p>\n<p>Autodesk InfoDrainage Ultimate: descarga e instalaci\u00f3n<\/p>\n<p>Nous nous engagementons \u00e0 ne fournir que des t\u00e9l\u00e9chargements officiels des produits achet\u00e9s. Una vez finalizada la transacci\u00f3n, recibir\u00e1 un correo electr\u00f3nico que contenga todas las instrucciones necesarias e indique c\u00f3mo descargar el producto directamente despu\u00e9s del fabricante, adem\u00e1s de una clave de activaci\u00f3n para su licencia.<\/p>\n<p>Preguntas frecuentes sobre la l\u00f3gica InfoDrainage Ultimate Autodesk<\/p>\n<p>\u00bfTiene alg\u00fan comentario sobre la licencia de Autodesk InfoDrainage Ultimate propuesta por un precio adicional?<\/p>\n<p>Nuestras propuestas de licencias detalladas que son utilizadas y abandonadas por el propietario anterior, conforme al arresto C-128\/2011 de la Comisi\u00f3n Europea. Es posible que pueda obtener la licencia oficial de Autodesk InfoDrainage en nuestro sitio a un precio inferior.<\/p>\n<p>\u00bfC\u00f3mo puedo recibir mi licencia despu\u00e9s de adquirir la l\u00f3gica de Autodesk InfoDrainage?<\/p>\n<p>Despu\u00e9s de completar su acceso a la l\u00f3gica de Autodesk InfoDrainage, le envolvemos una clave de activaci\u00f3n de licencia por correo.<\/p>\n<p>\u00bfQu\u00e9 puedo hacer si no puedo activar o descargar un tel\u00e9fono conectado a Autodesk InfoDrainage Ultimate?<\/p>\n<p>\u00a1Pas de probl\u00e8me, todav\u00eda tenemos algunos disponibles para ayudarnos! Si no ha activado su licencia de Autodesk InfoDrainage por una raz\u00f3n determinada, p\u00f3ngase en contacto con nuestro equipo de asistencia t\u00e9cnica gratuita sin las coordinaciones que figuran en el sitio web, y proporcione los detalles y las capturas de pantalla del problema. Nous vous helperons imm\u00e9diatement \u00e0 le r\u00e9soudre.<\/p>","protected":false},"excerpt":{"rendered":"<table style='border-collapse: collapse; width: 100%;'>\n<tr>\n<th>Propiedad<\/th>\n<th>Valor<\/th>\n<\/tr>\n<tr>\n<td>Placa en forma de<\/td>\n<td>Ventanas<\/td>\n<\/tr>\n<tr>\n<td>Tarjeta gr\u00e1fica<\/td>\n<td>Consulte la p\u00e1gina Material certificado para 3ds Max para una lista detallada de los sistemas y tarjetas gr\u00e1ficas recomendadas.<\/td>\n<\/tr>\n<tr>\n<td>Procesador<\/td>\n<td>Procesador multicour de 64 bits Intel o AMD con juego de instrucciones SSE4.2<\/td>\n<\/tr>\n<tr>\n<td>Espacio disco<\/td>\n<td>10 Vaya al espacio libre para descargar e instalar<\/td>\n<\/tr>\n<tr>\n<td>RAM<\/td>\n<td>Menos 4 Go de RAM (menos 8 Go recomendados)<\/td>\n<\/tr>\n<tr>\n<td>Compatibilidad de sistemas<\/td>\n<td>Microsoft Windows 11 y Windows 10 de 64 bits<\/td>\n<\/tr>\n<tr>\n<td>Exigencias en mati\u00e8re de r\u00e9seau<\/td>\n<td>Autodesk recomienda la \u00faltima versi\u00f3n de navegadores web siguientes para acceder al contenido en l\u00ednea complementaria: Microsoft Edge Google Chrome Microsoft Internet Explorer Mozilla Firefox<\/td>\n<\/tr>\n<tr>\n<td>Otras exigencias<\/td>\n<td>Conexi\u00f3n a Internet para el registro de la licencia y la descarga de los componentes necesarios<\/td>\n<\/tr>\n<\/table>","protected":false},"featured_media":2798,"template":"","meta":{"inline_featured_image":false},"product_brand":[],"product_cat":[115],"product_tag":[],"class_list":{"0":"post-2722","1":"product","2":"type-product","3":"status-publish","4":"has-post-thumbnail","6":"product_cat-cad-software","8":"first","9":"instock","10":"sale","11":"virtual","12":"taxable","13":"purchasable","14":"product-type-simple"},"_links":{"self":[{"href":"https:\/\/elitesoftkeys.com\/es\/wp-json\/wp\/v2\/product\/2722","targetHints":{"allow":["GET"]}}],"collection":[{"href":"https:\/\/elitesoftkeys.com\/es\/wp-json\/wp\/v2\/product"}],"about":[{"href":"https:\/\/elitesoftkeys.com\/es\/wp-json\/wp\/v2\/types\/product"}],"version-history":[{"count":0,"href":"https:\/\/elitesoftkeys.com\/es\/wp-json\/wp\/v2\/product\/2722\/revisions"}],"wp:featuredmedia":[{"embeddable":true,"href":"https:\/\/elitesoftkeys.com\/es\/wp-json\/wp\/v2\/media\/2798"}],"wp:attachment":[{"href":"https:\/\/elitesoftkeys.com\/es\/wp-json\/wp\/v2\/media?parent=2722"}],"wp:term":[{"taxonomy":"product_brand","embeddable":true,"href":"https:\/\/elitesoftkeys.com\/es\/wp-json\/wp\/v2\/product_brand?post=2722"},{"taxonomy":"product_cat","embeddable":true,"href":"https:\/\/elitesoftkeys.com\/es\/wp-json\/wp\/v2\/product_cat?post=2722"},{"taxonomy":"product_tag","embeddable":true,"href":"https:\/\/elitesoftkeys.com\/es\/wp-json\/wp\/v2\/product_tag?post=2722"}],"curies":[{"name":"gracias","href":"https:\/\/api.w.org\/{rel}","templated":true}]}}