{"id":2720,"date":"2024-12-21T13:59:04","date_gmt":"2024-12-21T13:59:04","guid":{"rendered":"http:\/\/elitesoftkeys.com\/?product=autodesk-maya"},"modified":"2025-07-06T14:06:37","modified_gmt":"2025-07-06T14:06:37","slug":"autodesk-maya","status":"publish","type":"product","link":"https:\/\/elitesoftkeys.com\/es\/producto\/autodesk-maya\/","title":{"rendered":"Autodesk Maya"},"content":{"rendered":"<p>La versi\u00f3n educativa incluye todas las caracter\u00edsticas y funciones. No hay referencias a la versi\u00f3n educativa impresa ni la cl\u00e1sica marca de agua. Maya es un conjunto de herramientas profesionales de animaci\u00f3n, modelado, simulaci\u00f3n y renderizado 3D, dise\u00f1ado para crear personajes realistas y efectos dignos de un \u00e9xito de taquilla. Permite:<\/p>\n<p>Da vida a personajes cre\u00edbles con atractivas herramientas de animaci\u00f3n.<\/p>\n<p>Da forma a objetos y escenas 3D con herramientas de modelado intuitivas.<\/p>\n<p>Crea efectos realistas, desde explosiones hasta simulaci\u00f3n de tela.<\/p>\n<p>Esta versi\u00f3n incluye compatibilidad con LookdevX, un editor de materiales independiente que permite compartir materiales sin problemas en toda la canalizaci\u00f3n e incluye un nuevo y moderno entorno basado en nodos para la creaci\u00f3n de gr\u00e1ficos de materiales como USD, MaterialX y Arnold. Maya tambi\u00e9n ofrece mayor control art\u00edstico con actualizaciones de herramientas de modelado como Retopologize y el conjunto de herramientas booleanas, mientras que las actualizaciones de animaci\u00f3n y rigging te permiten mantenerte creativo.<\/p>","protected":false},"excerpt":{"rendered":"<table style='border-collapse: collapse; width: 100%;'>\n<tr>\n<th>Propiedad<\/th>\n<th>Valor<\/th>\n<\/tr>\n<tr>\n<td>Plataforma<\/td>\n<td>Windows\/MacOS<\/td>\n<\/tr>\n<tr>\n<td>Gr\u00e1ficos<\/td>\n<td>Consulte las siguientes p\u00e1ginas para obtener una lista detallada de los sistemas y tarjetas gr\u00e1ficas recomendados: Hardware certificado por Maya<\/td>\n<\/tr>\n<tr>\n<td>Procesador<\/td>\n<td>Intel o AMD de 64 bits con conjunto de instrucciones SSE4.2 Para macOS, Apple Silicon arm64 o Intel x86<\/td>\n<\/tr>\n<tr>\n<td>Disco duro<\/td>\n<td>7 GB de espacio libre en disco para la instalaci\u00f3n<\/td>\n<\/tr>\n<tr>\n<td>RAM<\/td>\n<td>8 GB de RAM (se recomiendan 16 GB o m\u00e1s)<\/td>\n<\/tr>\n<tr>\n<td>Sistema operativo<\/td>\n<td>Microsoft Windows 10, versi\u00f3n 1809 o superior. Microsoft Windows 11. Apple macOS 13.x, 12.x, 11.x. Linux Red Hat Enterprise 8.6. WS Rocky Linux 8.6.<\/td>\n<\/tr>\n<tr>\n<td>Otros requisitos<\/td>\n<td>Conexi\u00f3n a Internet para el registro de la licencia y la descarga de componentes prerrequisitos<\/td>\n<\/tr>\n<\/table>","protected":false},"featured_media":2799,"template":"","meta":{"inline_featured_image":false},"product_brand":[],"product_cat":[115],"product_tag":[],"class_list":{"0":"post-2720","1":"product","2":"type-product","3":"status-publish","4":"has-post-thumbnail","6":"product_cat-cad-software","8":"first","9":"instock","10":"sale","11":"virtual","12":"taxable","13":"purchasable","14":"product-type-simple"},"_links":{"self":[{"href":"https:\/\/elitesoftkeys.com\/es\/wp-json\/wp\/v2\/product\/2720","targetHints":{"allow":["GET"]}}],"collection":[{"href":"https:\/\/elitesoftkeys.com\/es\/wp-json\/wp\/v2\/product"}],"about":[{"href":"https:\/\/elitesoftkeys.com\/es\/wp-json\/wp\/v2\/types\/product"}],"version-history":[{"count":0,"href":"https:\/\/elitesoftkeys.com\/es\/wp-json\/wp\/v2\/product\/2720\/revisions"}],"wp:featuredmedia":[{"embeddable":true,"href":"https:\/\/elitesoftkeys.com\/es\/wp-json\/wp\/v2\/media\/2799"}],"wp:attachment":[{"href":"https:\/\/elitesoftkeys.com\/es\/wp-json\/wp\/v2\/media?parent=2720"}],"wp:term":[{"taxonomy":"product_brand","embeddable":true,"href":"https:\/\/elitesoftkeys.com\/es\/wp-json\/wp\/v2\/product_brand?post=2720"},{"taxonomy":"product_cat","embeddable":true,"href":"https:\/\/elitesoftkeys.com\/es\/wp-json\/wp\/v2\/product_cat?post=2720"},{"taxonomy":"product_tag","embeddable":true,"href":"https:\/\/elitesoftkeys.com\/es\/wp-json\/wp\/v2\/product_tag?post=2720"}],"curies":[{"name":"gracias","href":"https:\/\/api.w.org\/{rel}","templated":true}]}}