{"id":2714,"date":"2024-12-21T13:58:59","date_gmt":"2024-12-21T13:58:59","guid":{"rendered":"http:\/\/elitesoftkeys.com\/?product=autocad-2025-all-toolsets"},"modified":"2026-01-20T14:18:51","modified_gmt":"2026-01-20T14:18:51","slug":"autocad-2025-all-toolsets","status":"publish","type":"product","link":"https:\/\/elitesoftkeys.com\/es\/producto\/autocad-2025-all-toolsets\/","title":{"rendered":"AutoCAD 2025: todos los conjuntos de herramientas"},"content":{"rendered":"<p>*Esta es una versi\u00f3n educativa que incluye todas las caracter\u00edsticas y funciones. No se hace referencia a la versi\u00f3n educativa en la impresi\u00f3n ni se incluye una marca de agua cl\u00e1sica.<\/p>\n<p>Detalles del producto<\/p>\n<p>Esta es una clave de licencia para la versi\u00f3n educativa de la suscripci\u00f3n original de Autodesk AutoCAD 2025. Caracter\u00edsticas principales:<\/p>\n<p>1 usuario y 1 dispositivo<\/p>\n<p>Plataformas: Windows o Mac<\/p>\n<p>Duraci\u00f3n de la suscripci\u00f3n: 1 a\u00f1o<\/p>\n<p>A\u00f1o: 2025<\/p>\n<p>Compra licencia de AutoCAD al mejor precio del mercado<\/p>\n<p>En EliteSoftKeys, ofrecemos precios competitivos para AutoCAD con todas las herramientas incluidas. Tanto si busca la versi\u00f3n m\u00e1s reciente como una edici\u00f3n anterior, ofrecemos opciones flexibles y asequibles para satisfacer sus necesidades de software de dise\u00f1o y reducir costes. Para consultar los precios de ediciones anteriores, consulte esta p\u00e1gina: AutoCAD 2022, 2023, 2024.<\/p>\n<p>Obtenga todas las aplicaciones de AutoCAD en una sola licencia<\/p>\n<p>AutoCAD es un software de dibujo asistido por computadora (CAD) muy vers\u00e1til y potente, utilizado por profesionales de diversos campos para crear dibujos precisos en 2D y 3D. Ofrece una amplia gama de aplicaciones y herramientas que se adaptan a diferentes disciplinas, como la arquitectura, el dise\u00f1o el\u00e9ctrico, la ingenier\u00eda mec\u00e1nica y muchas m\u00e1s.<\/p>\n<p>Este producto incluye las siguientes aplicaciones de Autodesk:<\/p>\n<p>AutoCAD Raster Design: Esta aplicaci\u00f3n ayuda a los usuarios a limpiar, editar, mejorar y mantener dibujos y planos escaneados en un entorno AutoCAD familiar. Incluye herramientas de procesamiento de im\u00e1genes, conversi\u00f3n OCR y navegaci\u00f3n.<\/p>\n<p>AutoCAD Electrical: este conjunto de herramientas est\u00e1 dise\u00f1ado para ingenieros el\u00e9ctricos y dise\u00f1adores de sistemas, y ofrece soporte para est\u00e1ndares regionales e internacionales, una amplia biblioteca de componentes y herramientas de automatizaci\u00f3n para aumentar la productividad.<\/p>\n<p>Plant 3D: Esta aplicaci\u00f3n se utiliza para crear y gestionar datos espaciales, cubriendo la brecha entre los sistemas de informaci\u00f3n geogr\u00e1fica (SIG) y los sistemas de dise\u00f1o asistido por computadora (CAD). Permite flujos de trabajo m\u00e1s eficientes y una mejor calidad de los datos.<\/p>\n<p>AutoCAD Map 3D: Este software combina capacidades SIG y CAD, ofreciendo herramientas sofisticadas para cartograf\u00eda, an\u00e1lisis y edici\u00f3n de tablas. Ofrece visualizaci\u00f3n 3D con LiDAR, TIN y otros datos.<\/p>\n<p>Arquitectura: AutoCAD ofrece herramientas para arquitectos y dise\u00f1adores que les permiten crear dibujos 2D y 3D precisos, automatizar tareas e integrar herramientas BIM.<\/p>\n<p>Mec\u00e1nico: Las capacidades de dise\u00f1o mec\u00e1nico de AutoCAD incluyen la creaci\u00f3n de modelos 2D y 3D, automatizaci\u00f3n de tareas e integraci\u00f3n con otros productos de Autodesk como Inventor.<\/p>\n<p>MEP (mec\u00e1nico, el\u00e9ctrico y plomer\u00eda): el conjunto de herramientas MEP de AutoCAD incluye funcionalidad para dise\u00f1ar sistemas mec\u00e1nicos, el\u00e9ctricos y de plomer\u00eda, con soporte para est\u00e1ndares de la industria y herramientas de automatizaci\u00f3n.<\/p>\n<p>AutoCAD Mobile: esta aplicaci\u00f3n permite a los usuarios acceder y editar dibujos de AutoCAD en dispositivos m\u00f3viles, lo que permite el trabajo y la colaboraci\u00f3n remotos.<\/p>\n<p>AutoCAD para Mac: esta versi\u00f3n de AutoCAD est\u00e1 dise\u00f1ada para usuarios del sistema operativo Apple MacOS, ofreciendo la misma funcionalidad que la versi\u00f3n de Windows.<\/p>\n<p>AutoCAD LT: esta versi\u00f3n liviana de AutoCAD es adecuada para peque\u00f1as empresas y personas que necesitan capacidades de dibujo 2D.<\/p>\n<p>Autodesk Drive: este servicio permite a los usuarios almacenar, acceder y compartir dibujos de AutoCAD desde cualquier lugar, mejorando la colaboraci\u00f3n y el trabajo remoto.<\/p>\n<p>El paquete de aplicaciones y herramientas de AutoCAD se adapta a un gran n\u00famero de industrias y disciplinas, lo que lo convierte en una soluci\u00f3n vers\u00e1til y completa para los profesionales del campo del dise\u00f1o y la ingenier\u00eda.<\/p>\n<p>AutoCAD para Mac<\/p>\n<p>AutoCAD 2025 tambi\u00e9n est\u00e1 disponible para Mac. En general, cuenta con las mismas funcionalidades b\u00e1sicas que la versi\u00f3n para Windows y los archivos son totalmente compatibles con ambas plataformas. Sin embargo, existen algunas diferencias con respecto a la versi\u00f3n para Windows: la versi\u00f3n para Mac tiene una interfaz nativa simplificada, mientras que Windows utiliza la interfaz de cinta. Adem\u00e1s, algunas herramientas y complementos avanzados son exclusivos de Windows, y la versi\u00f3n para Mac ofrece menos opciones de personalizaci\u00f3n, especialmente con API y herramientas de terceros.<\/p>\n<p>Autodesk AutoCAD: gu\u00eda de descarga e instalaci\u00f3n<\/p>\n<p>\u00a1Nos comprometemos a proporcionar \u00fanicamente descargas oficiales de los productos adquiridos!<\/p>\n<p>Despu\u00e9s de su compra, recibir\u00e1 un correo electr\u00f3nico con la clave de licencia para AutoCAD, junto con instrucciones claras sobre c\u00f3mo descargar el software AutoCAD del sitio web oficial de Autodesk y activarlo con la clave de licencia comprada.<\/p>\n<p>\u00bfPor qu\u00e9 elegir EliteSoftKeys para comprar licencias de software?<\/p>\n<p>EliteSoftKeys es su distribuidor de confianza de licencias de software original al mejor precio. Ofrecemos:<\/p>\n<p>S\u00f3lo software aut\u00e9ntico: el software siempre se descarga del sitio web oficial del proveedor del software, lo que garantiza la autenticidad de los productos.<\/p>\n<p>Precios imbatibles: Nuestros precios competitivos son posibles gracias a la reventa de licencias &quot;de segunda mano&quot;, una pr\u00e1ctica legalmente permitida por la sentencia del TJUE de 3 de julio de 2012.<\/p>\n<p>Servicio al cliente excepcional: Nuestro equipo de soporte multiling\u00fce est\u00e1 disponible los 7 d\u00edas de la semana y tiene una calificaci\u00f3n promedio de 4.9\/5 en plataformas como Trustpilot, Trusted Shops y Google Reviews.<\/p>\n<p>Opciones de pago seguro: Nuestros clientes disponen de una amplia gama de m\u00e9todos de pago seguros, incluidos Apple Pay, Google Pay y tarjetas de cr\u00e9dito.<\/p>\n<p>Preguntas frecuentes<\/p>\n<p>\u00bfPuedo obtener una licencia permanente para Autodesk AutoCAD?<\/p>\n<p>No, Autodesk ha adoptado un modelo de suscripci\u00f3n para la mayor\u00eda de su software, incluido AutoCAD, y ya no ofrece licencias permanentes (perpetuas). Las suscripciones est\u00e1n disponibles con una duraci\u00f3n mensual, anual o plurianual e incluyen actualizaciones peri\u00f3dicas, soporte t\u00e9cnico y servicios en la nube.<\/p>\n<p>\u00bfC\u00f3mo recibo mi clave de licencia despu\u00e9s de comprar AutoCAD 2025?<\/p>\n<p>Una vez que complete su compra de AutoCAD, le enviaremos la clave de activaci\u00f3n de la licencia por correo electr\u00f3nico.<\/p>\n<p>\u00bfQu\u00e9 puedo hacer si no puedo activar mi suscripci\u00f3n de AutoCAD?<\/p>\n<p>No hay problema, \u00a1siempre estamos disponibles para ayudarte! Si no puedes activar tu licencia de AutoCAD por cualquier motivo, contacta con nuestro soporte t\u00e9cnico gratuito y proporciona detalles y capturas de pantalla del problema. Te ayudaremos a resolverlo lo antes posible.<\/p>","protected":false},"excerpt":{"rendered":"<table style=\"border-collapse: collapse; width: 100%;\">\n<tbody>\n<tr>\n<th>Propiedad<\/th>\n<th>Valor<\/th>\n<\/tr>\n<tr>\n<td>Plataforma<\/td>\n<td>Windows\/MacOS<\/td>\n<\/tr>\n<tr>\n<td>Gr\u00e1ficos<\/td>\n<td>MAC: Requisito m\u00ednimo: 1280 x 800 Pantalla de alta resoluci\u00f3n: 2880 x 1800 con pantalla Retina \/ Recomendado: tarjetas gr\u00e1ficas nativas instaladas para Mac; WINDOWS: Pantallas convencionales: 1920 x 1080 con 16,8 millones de colores Pantallas de alta resoluci\u00f3n y 4K: Resoluciones de hasta 3840 x 2160 (con tarjeta de video compatible)<\/td>\n<\/tr>\n<tr>\n<td>Procesador<\/td>\n<td>WINDOWS: Requisitos b\u00e1sicos: procesador de 2,5-2,9 GHz. No compatible con procesadores ARM. Recomendado: procesador de al menos 3 GHz (b\u00e1sico), al menos 4 GHz (turbo) \/ MAC: CPU Intel de 64 bits o CPU Apple serie M.<\/td>\n<\/tr>\n<tr>\n<td>Disco duro<\/td>\n<td>WINDOWS: 10 GB de espacio libre en disco para descarga e instalaci\u00f3n MAC: 6 GB de espacio libre en disco para descarga e instalaci\u00f3n<\/td>\n<\/tr>\n<tr>\n<td>RAM<\/td>\n<td>WINDOWS: Requisito b\u00e1sico: 8 GB Recomendado: 32 GB; MAC: Requisito m\u00ednimo: 4 GB Recomendado: al menos 8 GB<\/td>\n<\/tr>\n<tr>\n<td>Sistema operativo<\/td>\n<td>WINDOWS: Windows 11 de 64 bits y Windows 10 versi\u00f3n 1809 o posterior \/ MAC: macOS Ventura v13, Monterey v12, Big Sur v11<\/td>\n<\/tr>\n<tr>\n<td>Otros requisitos<\/td>\n<td>Conexi\u00f3n a Internet para el registro de la licencia y la descarga de componentes prerrequisitos<\/td>\n<\/tr>\n<\/tbody>\n<\/table>","protected":false},"featured_media":2854,"template":"","meta":{"inline_featured_image":false},"product_brand":[],"product_cat":[115],"product_tag":[],"class_list":{"0":"post-2714","1":"product","2":"type-product","3":"status-publish","4":"has-post-thumbnail","6":"product_cat-cad-software","8":"first","9":"instock","10":"sale","11":"virtual","12":"taxable","13":"purchasable","14":"product-type-simple"},"_links":{"self":[{"href":"https:\/\/elitesoftkeys.com\/es\/wp-json\/wp\/v2\/product\/2714","targetHints":{"allow":["GET"]}}],"collection":[{"href":"https:\/\/elitesoftkeys.com\/es\/wp-json\/wp\/v2\/product"}],"about":[{"href":"https:\/\/elitesoftkeys.com\/es\/wp-json\/wp\/v2\/types\/product"}],"version-history":[{"count":0,"href":"https:\/\/elitesoftkeys.com\/es\/wp-json\/wp\/v2\/product\/2714\/revisions"}],"wp:featuredmedia":[{"embeddable":true,"href":"https:\/\/elitesoftkeys.com\/es\/wp-json\/wp\/v2\/media\/2854"}],"wp:attachment":[{"href":"https:\/\/elitesoftkeys.com\/es\/wp-json\/wp\/v2\/media?parent=2714"}],"wp:term":[{"taxonomy":"product_brand","embeddable":true,"href":"https:\/\/elitesoftkeys.com\/es\/wp-json\/wp\/v2\/product_brand?post=2714"},{"taxonomy":"product_cat","embeddable":true,"href":"https:\/\/elitesoftkeys.com\/es\/wp-json\/wp\/v2\/product_cat?post=2714"},{"taxonomy":"product_tag","embeddable":true,"href":"https:\/\/elitesoftkeys.com\/es\/wp-json\/wp\/v2\/product_tag?post=2714"}],"curies":[{"name":"gracias","href":"https:\/\/api.w.org\/{rel}","templated":true}]}}