{"id":2712,"date":"2024-12-21T13:58:57","date_gmt":"2024-12-21T13:58:57","guid":{"rendered":"http:\/\/elitesoftkeys.com\/?product=archicad-28-student"},"modified":"2025-07-06T14:06:34","modified_gmt":"2025-07-06T14:06:34","slug":"archicad-28-student","status":"publish","type":"product","link":"https:\/\/elitesoftkeys.com\/es\/producto\/archicad-28-student\/","title":{"rendered":"ArchiCAD 28 Estudiante"},"content":{"rendered":"<p>*Esta es una versi\u00f3n educativa que incluye todas las caracter\u00edsticas y funciones. Tenga en cuenta que esta versi\u00f3n no se podr\u00e1 utilizar con fines comerciales y queda a discreci\u00f3n del usuario final. Licencia de Graphisoft ArchiCAD: Caracter\u00edsticas y funciones.<\/p>\n<p>ArchiCAD es un software CAD 3D desarrollado por Graphisoft, l\u00edder en dise\u00f1o arquitect\u00f3nico BIM (Modelado de Informaci\u00f3n de Construcci\u00f3n). Permite crear modelos 3D detallados de edificios, integrando toda la informaci\u00f3n del proyecto en un \u00fanico archivo. ArchiCAD ofrece herramientas avanzadas de modelado, an\u00e1lisis y documentaci\u00f3n, optimizando el flujo de trabajo de los arquitectos desde la fase conceptual hasta la ejecutiva. Es una herramienta esencial para los profesionales que adoptan la metodolog\u00eda BIM, gracias a su interfaz intuitiva y sus numerosas funcionalidades para la colaboraci\u00f3n y la presentaci\u00f3n de proyectos.<\/p>\n<p>Novedades de ArchiCAD 28<\/p>\n<p>Las principales novedades de ArchiCAD 28 incluyen:<\/p>\n<p>Gu\u00edas de distancia: una nueva funci\u00f3n que facilita el posicionamiento de los elementos del modelo gracias a una interfaz intuitiva que combina entrada num\u00e9rica y gr\u00e1fica.<\/p>\n<p>Opciones de dise\u00f1o: le permite explorar y compartir r\u00e1pidamente diferentes alternativas de dise\u00f1o, mejorando su flujo de trabajo.<\/p>\n<p>Rastreador inteligente: proporciona funciones matem\u00e1ticas esenciales a tu alcance, facilitando el dise\u00f1o.<\/p>\n<p>B\u00fasqueda avanzada: mejora la navegaci\u00f3n a trav\u00e9s de largas listas de elementos, haciendo m\u00e1s r\u00e1pido el acceso a vistas y recursos.<\/p>\n<p>Integraci\u00f3n de AI Visualizer: proporciona capacidades avanzadas de renderizado y visualizaci\u00f3n, enriqueciendo la experiencia del usuario.<\/p>\n<p>AutoCAD 2025 frente a ArchiCAD 28<\/p>\n<p>Principalmente, AutoCAD es un software que se centra en el dibujo t\u00e9cnico 2D y 3D, componiendo el dibujo con elementos geom\u00e9tricos. ArchiCAD es un software BIM (especializado en construcci\u00f3n, m\u00e1s similar a Revit que a AutoCAD) que permite construir modelos 3D de edificios a partir de objetos predefinidos como muros, puertas, techos o ventanas. Cada elemento contiene sus propias propiedades e informaci\u00f3n. La diferencia en el flujo de trabajo radica en que AutoCAD tiene cada plano o dibujo en un archivo independiente (DWG), mientras que ArchiCAD concentra la integraci\u00f3n de varios planos y vistas en un \u00fanico archivo de proyecto. En cuanto al aprendizaje, AutoCAD es sin duda m\u00e1s intuitivo e inmediato, especialmente si se est\u00e1 familiarizado con el dibujo manual (plano cartesiano), mientras que ArchiCAD requiere m\u00e1s tiempo, pero ofrece una precisi\u00f3n y una exhaustividad comparables a las de un software m\u00e1s complejo como Revit.<\/p>\n<p>Graphisoft ArchiCAD 28 \u2013 Gu\u00eda de descarga e instalaci\u00f3n<\/p>\n<p>Nos comprometemos a proporcionar \u00fanicamente descargas oficiales de los productos adquiridos, por lo que una vez completada la transacci\u00f3n, se le enviar\u00e1 un correo electr\u00f3nico con todas las instrucciones necesarias y d\u00f3nde descargar el producto directamente del fabricante, as\u00ed como una clave de activaci\u00f3n para su licencia.<\/p>\n<p>\u00bfPor qu\u00e9 elegir EliteSoftKeys para comprar licencias de software?<\/p>\n<p>EliteSoftKeys es su distribuidor de confianza de licencias de software original al mejor precio. Ofrecemos:<\/p>\n<p>S\u00f3lo software aut\u00e9ntico: como distribuidor certificado de Adobe y Microsoft, garantizamos la calidad y autenticidad de cada producto.<\/p>\n<p>Precios imbatibles: Nuestros precios competitivos son posibles gracias a la reventa de licencias \u201cde segunda mano\u201d, una pr\u00e1ctica legalmente permitida por una sentencia del TJUE de 3 de julio de 2012.<\/p>\n<p>Servicio al cliente excepcional: Nuestro equipo de atenci\u00f3n al cliente multiling\u00fce, disponible los 7 d\u00edas de la semana, tiene una calificaci\u00f3n promedio de 4.9\/5 basada en rese\u00f1as en plataformas como Trustpilot, Trusted Shops y Google Reviews.<\/p>\n<p>Opciones de pago seguras: elija entre una amplia gama de m\u00e9todos de pago seguros, incluidos Apple Pay, Google Pay y tarjetas de cr\u00e9dito.<\/p>\n<p>Preguntas frecuentes sobre el software ArchiCAD<\/p>\n<p>\u00bfC\u00f3mo recibo mi licencia despu\u00e9s de comprar el software ArchiCAD?<\/p>\n<p>Una vez que haya completado la compra del software ArchiCAD, le enviaremos una clave de activaci\u00f3n de licencia por correo electr\u00f3nico.<\/p>\n<p>\u00bfQu\u00e9 puedo hacer si no puedo activar mi suscripci\u00f3n a ArchiCAD?<\/p>\n<p>No hay problema, \u00a1siempre estamos aqu\u00ed para ayudarte! Si por alguna raz\u00f3n no puedes activar tu licencia de ArchiCAD, contacta con nuestro soporte t\u00e9cnico gratuito (que aparece en el sitio web) y proporciona detalles y capturas de pantalla del problema. Te ayudaremos a resolverlo de inmediato.<\/p>","protected":false},"excerpt":{"rendered":"<table style='border-collapse: collapse; width: 100%;'>\n<tr>\n<th>Propiedad<\/th>\n<th>Valor<\/th>\n<\/tr>\n<tr>\n<td>Plataforma<\/td>\n<td>Windows\/MacOS<\/td>\n<\/tr>\n<tr>\n<td>Gr\u00e1ficos<\/td>\n<td>MAC: Requisito m\u00ednimo: 1280 x 800 Pantalla de alta resoluci\u00f3n: 2880 x 1800 con pantalla Retina \/ Recomendado: tarjetas gr\u00e1ficas nativas instaladas para Mac; WINDOWS: Pantallas convencionales: 1920 x 1080 con 16,8 millones de colores Pantallas de alta resoluci\u00f3n y 4K: Resoluciones de hasta 3840 x 2160 (con tarjeta de video compatible)<\/td>\n<\/tr>\n<tr>\n<td>Procesador<\/td>\n<td>WINDOWS: Requisitos b\u00e1sicos: procesador de 2,5-2,9 GHz. No compatible con procesadores ARM. Recomendado: procesador de al menos 3 GHz (b\u00e1sico), al menos 4 GHz (turbo) \/ MAC: CPU Intel de 64 bits o CPU Apple serie M.<\/td>\n<\/tr>\n<tr>\n<td>Disco duro<\/td>\n<td>WINDOWS: 10 GB de espacio libre en disco para descarga e instalaci\u00f3n MAC: 6 GB de espacio libre en disco para descarga e instalaci\u00f3n<\/td>\n<\/tr>\n<tr>\n<td>RAM<\/td>\n<td>WINDOWS: Requisito b\u00e1sico: 8 GB Recomendado: 32 GB; MAC: Requisito m\u00ednimo: 4 GB Recomendado: al menos 8 GB<\/td>\n<\/tr>\n<tr>\n<td>Sistema operativo<\/td>\n<td>WINDOWS: Windows 11 de 64 bits y Windows 10 versi\u00f3n 1809 o posterior \/ MAC: macOS Ventura v13, Monterey v12, Big Sur v11<\/td>\n<\/tr>\n<tr>\n<td>Otros requisitos<\/td>\n<td>Conexi\u00f3n a Internet para el registro de la licencia y la descarga de componentes prerrequisitos<\/td>\n<\/tr>\n<\/table>","protected":false},"featured_media":2804,"template":"","meta":{"inline_featured_image":false},"product_brand":[],"product_cat":[115],"product_tag":[],"class_list":{"0":"post-2712","1":"product","2":"type-product","3":"status-publish","4":"has-post-thumbnail","6":"product_cat-cad-software","8":"first","9":"instock","10":"sale","11":"virtual","12":"taxable","13":"purchasable","14":"product-type-simple"},"_links":{"self":[{"href":"https:\/\/elitesoftkeys.com\/es\/wp-json\/wp\/v2\/product\/2712","targetHints":{"allow":["GET"]}}],"collection":[{"href":"https:\/\/elitesoftkeys.com\/es\/wp-json\/wp\/v2\/product"}],"about":[{"href":"https:\/\/elitesoftkeys.com\/es\/wp-json\/wp\/v2\/types\/product"}],"version-history":[{"count":0,"href":"https:\/\/elitesoftkeys.com\/es\/wp-json\/wp\/v2\/product\/2712\/revisions"}],"wp:featuredmedia":[{"embeddable":true,"href":"https:\/\/elitesoftkeys.com\/es\/wp-json\/wp\/v2\/media\/2804"}],"wp:attachment":[{"href":"https:\/\/elitesoftkeys.com\/es\/wp-json\/wp\/v2\/media?parent=2712"}],"wp:term":[{"taxonomy":"product_brand","embeddable":true,"href":"https:\/\/elitesoftkeys.com\/es\/wp-json\/wp\/v2\/product_brand?post=2712"},{"taxonomy":"product_cat","embeddable":true,"href":"https:\/\/elitesoftkeys.com\/es\/wp-json\/wp\/v2\/product_cat?post=2712"},{"taxonomy":"product_tag","embeddable":true,"href":"https:\/\/elitesoftkeys.com\/es\/wp-json\/wp\/v2\/product_tag?post=2712"}],"curies":[{"name":"gracias","href":"https:\/\/api.w.org\/{rel}","templated":true}]}}