{"id":2710,"date":"2024-12-21T13:58:54","date_gmt":"2024-12-21T13:58:54","guid":{"rendered":"http:\/\/elitesoftkeys.com\/?product=autodesk-advance-steel-windows"},"modified":"2025-07-06T14:06:34","modified_gmt":"2025-07-06T14:06:34","slug":"autodesk-advance-steel-windows","status":"publish","type":"product","link":"https:\/\/elitesoftkeys.com\/es\/producto\/autodesk-advance-steel-windows\/","title":{"rendered":"Autodesk Advance Steel (Windows)"},"content":{"rendered":"<p>NOTA: La versi\u00f3n educativa incluye todas las caracter\u00edsticas y funciones. No se hace referencia a la versi\u00f3n educativa en la versi\u00f3n impresa ni a la marca de agua cl\u00e1sica.<\/p>\n<p>Detalles del producto<\/p>\n<p>Advance Steel es un potente software 3D de Autodesk para el dise\u00f1o y la fabricaci\u00f3n de modelos de acero. Es un software completo y f\u00e1cil de usar para el detallado de estructuras de acero.<\/p>\n<p>Esta es una clave de licencia original para una versi\u00f3n educativa de la suscripci\u00f3n a Autodesk Advance Steel.<\/p>\n<p>Caracter\u00edsticas de la licencia:<\/p>\n<p>1 usuario y 1 dispositivo<\/p>\n<p>Garant\u00eda de por vida<\/p>\n<p>Plataformas: Windows 10 de 64 bits o superior<\/p>\n<p>Duraci\u00f3n de la suscripci\u00f3n: 1 o 2 a\u00f1os<\/p>\n<p>A\u00f1o de edici\u00f3n: 2022, 2023, 2024, 2025<\/p>\n<p>Este producto est\u00e1 dise\u00f1ado para el sistema operativo Windows y no se puede utilizar en Mac. Si busca software compatible con Mac, consulte nuestro amplio cat\u00e1logo de software CAD.<\/p>\n<p>Compra Autodesk Advance Steel al mejor precio del mercado<\/p>\n<p>Consigue una oferta exclusiva al mejor precio con un descuento de 25% en una suscripci\u00f3n a Advance Steel. Con EliteSoftKeys, no solo ahorras a lo grande, sino que tambi\u00e9n obtienes una licencia original de 100% y soporte t\u00e9cnico confiable. El precio de la suscripci\u00f3n depende del a\u00f1o de la edici\u00f3n y su duraci\u00f3n.<\/p>\n<p>Autodesk Advance Steel: gu\u00eda de descarga e instalaci\u00f3n<\/p>\n<p>\u00a1Nos comprometemos a proporcionar \u00fanicamente descargas oficiales de los productos adquiridos!<\/p>\n<p>Despu\u00e9s de su compra, recibir\u00e1 un correo electr\u00f3nico con la clave de licencia para Advance Steel, junto con instrucciones claras sobre c\u00f3mo descargar el software del sitio web oficial de Autodesk y activarlo con la clave de licencia comprada.<\/p>\n<p>\u00bfQu\u00e9 pasa si no puede activar la suscripci\u00f3n? \u00a1No hay problema, siempre estamos disponibles para ayudarle! Si no puede activar su licencia por cualquier motivo, p\u00f3ngase en contacto con nuestro soporte t\u00e9cnico gratuito y proporcione detalles y capturas de pantalla del problema. Le ayudaremos a resolverlo lo antes posible.<\/p>\n<p>\u00bfPor qu\u00e9 elegir EliteSoftKeys para comprar su licencia?<\/p>\n<p>Ofertas reales: obtenga licencias de software genuinas con descuentos de hasta 70% en una amplia gama de productos.<\/p>\n<p>Distribuidor certificado: como distribuidores certificados de marcas de software l\u00edderes a nivel mundial como Microsoft, Adobe, Kaspersky, McAfee y m\u00e1s, le garantizamos la autenticidad del producto, conocimiento experto y soporte de alta calidad.<\/p>\n<p>Con la confianza de los clientes: con una puntuaci\u00f3n media de 4,9\/5 en Trustpilot y Trusted Shops, puede confiar en que le ofreceremos una experiencia fiable y fluida.<\/p>\n<p>Soporte t\u00e9cnico gratuito: Nuestro equipo t\u00e9cnico est\u00e1 disponible los 7 d\u00edas de la semana para ayudarlo r\u00e1pidamente con todo, desde instalaciones hasta resoluci\u00f3n de problemas.<\/p>\n<p>Reembolsos f\u00e1ciles: disfrute de condiciones de reembolso favorables para el cliente con nuestra garant\u00eda de devoluci\u00f3n de dinero de 30 d\u00edas.<\/p>\n<p>\u00bfQu\u00e9 novedades hay en Autodesk Advance Steel?<\/p>\n<p>La edici\u00f3n 2022 introdujo caracter\u00edsticas clave para optimizar el dise\u00f1o y el detallado estructural, incluyendo el detallado selectivo de objetos para dibujos 2D m\u00e1s precisos y una extensi\u00f3n Dynamo mejorada, que permite un modelado avanzado con nodos adicionales para estructuras complejas. Tambi\u00e9n mejor\u00f3 el posicionamiento de los orificios, garantizando una alineaci\u00f3n precisa de estos con respecto a las piezas fijadas durante el estiramiento de la viga.<\/p>\n<p>La edici\u00f3n de 2023 se centr\u00f3 en mejorar la interoperabilidad con Autodesk Revit, lo que permiti\u00f3 un intercambio de datos fluido y una mejor coordinaci\u00f3n entre los flujos de trabajo de dise\u00f1o y detallado. La interfaz de usuario se actualiz\u00f3 para ofrecer una experiencia m\u00e1s intuitiva, facilitando el acceso a herramientas y comandos. Las mejoras de rendimiento tambi\u00e9n garantizaron tiempos de procesamiento m\u00e1s r\u00e1pidos y una mayor eficiencia al trabajar con modelos grandes.<\/p>\n<p>Advance Steel 2024 incorpor\u00f3 funciones avanzadas de detecci\u00f3n de conflictos, lo que ayud\u00f3 a los usuarios a identificar y resolver conflictos en una etapa temprana del proceso de dise\u00f1o para minimizar las repeticiones de trabajos. Se introdujeron plantillas de dibujo personalizables para cumplir con los est\u00e1ndares espec\u00edficos del proyecto, mientras que la API ampliada proporcion\u00f3 mayor flexibilidad para la personalizaci\u00f3n y la integraci\u00f3n con otro software.<\/p>\n<p>Advance Steel 2025 mejor\u00f3 la integraci\u00f3n con Revit, lo que permiti\u00f3 la transferencia de marcas de piezas individuales y de ensamblaje para una mejor colaboraci\u00f3n. Se perfeccionaron las vistas compartidas para facilitar la comunicaci\u00f3n con las partes interesadas, y se reforz\u00f3 la integraci\u00f3n de la nube de puntos, facilitando el dise\u00f1o en el contexto de las condiciones existentes del sitio.<\/p>","protected":false},"excerpt":{"rendered":"<table style=\"border-collapse: collapse; width: 100%;\">\n<tbody>\n<tr>\n<th>Propiedad<\/th>\n<th>Valor<\/th>\n<\/tr>\n<tr>\n<td>Plataforma<\/td>\n<td>Ventanas<\/td>\n<\/tr>\n<tr>\n<td>Gr\u00e1ficos<\/td>\n<td>B\u00e1sico: 1920 x 1080 (1080p) Recomendado: 3840 x 2160 (4K)<\/td>\n<\/tr>\n<tr>\n<td>Procesador<\/td>\n<td>B\u00e1sico: 2,5\u20132,9 GHz (base). No se admiten procesadores ARM. Recomendado: 3+ GHz (base), 4+ GHz (turbo).<\/td>\n<\/tr>\n<tr>\n<td>Disco duro<\/td>\n<td>B\u00e1sico: 10 GB Se recomienda 1 GB de espacio libre adicional en disco para la memoria cach\u00e9 del disco. Recomendado: 16 GB Se recomienda 1 GB de espacio libre adicional en disco para la memoria cach\u00e9 del disco. Nota: La carpeta temporal del sistema requiere hasta 12 GB de espacio libre adicional durante la instalaci\u00f3n de la descarga.<\/td>\n<\/tr>\n<tr>\n<td>RAM<\/td>\n<td>B\u00e1sico: 8 GB Recomendado: 32 GB<\/td>\n<\/tr>\n<tr>\n<td>Sistema operativo<\/td>\n<td>Microsoft Windows 11, 10<\/td>\n<\/tr>\n<tr>\n<td>Requisitos del adaptador de red<\/td>\n<td>Espacio en disco 6 GB libres en el disco duro disponibles sin incluir los requisitos de instalaci\u00f3n Tarjeta gr\u00e1fica B\u00e1sico: GPU de 1 GB con un ancho de banda de 29 GB\/seg y compatible con DirectX 11 Recomendado: GPU de 4 GB con un ancho de banda de 106 GB\/seg y compatible con DirectX 12. Se requiere DirectX 12 con nivel de funci\u00f3n 12_0 para los estilos visuales Sombreado+ (R\u00e1pido) y Sombreado con bordes (R\u00e1pido)<\/td>\n<\/tr>\n<tr>\n<td>Otros requisitos<\/td>\n<td>Conexi\u00f3n a Internet para el registro de la licencia y la descarga de componentes prerrequisitos<\/td>\n<\/tr>\n<\/tbody>\n<\/table>","protected":false},"featured_media":2806,"template":"","meta":{"inline_featured_image":false},"product_brand":[],"product_cat":[115],"product_tag":[],"class_list":{"0":"post-2710","1":"product","2":"type-product","3":"status-publish","4":"has-post-thumbnail","6":"product_cat-cad-software","8":"first","9":"instock","10":"sale","11":"virtual","12":"taxable","13":"purchasable","14":"product-type-simple"},"_links":{"self":[{"href":"https:\/\/elitesoftkeys.com\/es\/wp-json\/wp\/v2\/product\/2710","targetHints":{"allow":["GET"]}}],"collection":[{"href":"https:\/\/elitesoftkeys.com\/es\/wp-json\/wp\/v2\/product"}],"about":[{"href":"https:\/\/elitesoftkeys.com\/es\/wp-json\/wp\/v2\/types\/product"}],"version-history":[{"count":0,"href":"https:\/\/elitesoftkeys.com\/es\/wp-json\/wp\/v2\/product\/2710\/revisions"}],"wp:featuredmedia":[{"embeddable":true,"href":"https:\/\/elitesoftkeys.com\/es\/wp-json\/wp\/v2\/media\/2806"}],"wp:attachment":[{"href":"https:\/\/elitesoftkeys.com\/es\/wp-json\/wp\/v2\/media?parent=2710"}],"wp:term":[{"taxonomy":"product_brand","embeddable":true,"href":"https:\/\/elitesoftkeys.com\/es\/wp-json\/wp\/v2\/product_brand?post=2710"},{"taxonomy":"product_cat","embeddable":true,"href":"https:\/\/elitesoftkeys.com\/es\/wp-json\/wp\/v2\/product_cat?post=2710"},{"taxonomy":"product_tag","embeddable":true,"href":"https:\/\/elitesoftkeys.com\/es\/wp-json\/wp\/v2\/product_tag?post=2710"}],"curies":[{"name":"gracias","href":"https:\/\/api.w.org\/{rel}","templated":true}]}}