{"id":2708,"date":"2024-12-21T13:58:52","date_gmt":"2024-12-21T13:58:52","guid":{"rendered":"http:\/\/elitesoftkeys.com\/?product=autodesk-fusion-360-legacy"},"modified":"2025-07-06T14:06:32","modified_gmt":"2025-07-06T14:06:32","slug":"autodesk-fusion-360-legacy","status":"publish","type":"product","link":"https:\/\/elitesoftkeys.com\/es\/producto\/autodesk-fusion-360-legacy\/","title":{"rendered":"Autodesk Fusion 360 \u2013 Legado"},"content":{"rendered":"<p>Programa en versi\u00f3n educativa, completo con todas las funcionalidades. El producto no tiene marca registrada ni referencia al texto educativo de los documentos. Autodesk Fusion 360 es un software integral para dise\u00f1o, ingenier\u00eda, electr\u00f3nica y fabricaci\u00f3n. Incluye funciones integradas de CAD, CAM, CAE y PCB en 3D, lo que le permite transferir todo el proceso de desarrollo de productos a un \u00fanico software en la nube. Con Fusion 360, obtiene una experiencia unificada para dise\u00f1o, simulaci\u00f3n, colaboraci\u00f3n y fabricaci\u00f3n, permiti\u00e9ndole trabajar en una \u00fanica plataforma con herramientas para dise\u00f1o industrial y mec\u00e1nico, simulaci\u00f3n, colaboraci\u00f3n y mecanizado CAM. Fusion 360 ofrece modelado param\u00e9trico 3D, mallado, creaci\u00f3n de superficies y modelado autom\u00e1tico, as\u00ed como diversos an\u00e1lisis para garantizar la forma, la precisi\u00f3n y la funcionalidad de sus productos. Tambi\u00e9n puede acceder a herramientas de dise\u00f1o generativo, simulaci\u00f3n y renderizado para lograr resultados de alta calidad. Adem\u00e1s, Fusion 360 incluye funciones de dise\u00f1o electr\u00f3nico y de PCB, lo que le permite sincronizar bidireccionalmente los cambios entre sus dise\u00f1os electr\u00f3nicos. Si es profesional, Fusion 360 es la opci\u00f3n ideal, ya que ofrece una experiencia unificada para dise\u00f1o, simulaci\u00f3n, colaboraci\u00f3n y fabricaci\u00f3n, permiti\u00e9ndole trabajar en una \u00fanica plataforma con herramientas para dise\u00f1o industrial y mec\u00e1nico, simulaci\u00f3n, colaboraci\u00f3n y mecanizado CAM. Puede aprovechar las funciones de modelado 3D param\u00e9trico, mallado, creaci\u00f3n de superficies y modelado autom\u00e1tico, as\u00ed como diferentes an\u00e1lisis para garantizar la forma, la precisi\u00f3n y la funcionalidad de sus productos.<\/p>","protected":false},"excerpt":{"rendered":"<table style='border-collapse: collapse; width: 100%;'>\n<tr>\n<th>Propiedad<\/th>\n<th>Valor<\/th>\n<\/tr>\n<tr>\n<td>Plataforma<\/td>\n<td>Windows\/MacOS<\/td>\n<\/tr>\n<tr>\n<td>Gr\u00e1ficos<\/td>\n<td>Consulte las siguientes p\u00e1ginas para obtener una lista detallada de los sistemas y tarjetas gr\u00e1ficas recomendados: Hardware certificado por Maya<\/td>\n<\/tr>\n<tr>\n<td>Procesador<\/td>\n<td>Intel o AMD de 64 bits con conjunto de instrucciones SSE4.2 Para macOS, Apple Silicon arm64 o Intel x86<\/td>\n<\/tr>\n<tr>\n<td>Disco duro<\/td>\n<td>7 GB de espacio libre en disco para la instalaci\u00f3n<\/td>\n<\/tr>\n<tr>\n<td>RAM<\/td>\n<td>8 GB de RAM (se recomiendan 16 GB o m\u00e1s)<\/td>\n<\/tr>\n<tr>\n<td>Sistema operativo<\/td>\n<td>Microsoft Windows 10, versi\u00f3n 1809 o superior. Microsoft Windows 11. Apple macOS 13.x, 12.x, 11.x. Linux Red Hat Enterprise 8.6. WS Rocky Linux 8.6.<\/td>\n<\/tr>\n<tr>\n<td>Otros requisitos<\/td>\n<td>Conexi\u00f3n a Internet para el registro de la licencia y la descarga de componentes prerrequisitos<\/td>\n<\/tr>\n<\/table>","protected":false},"featured_media":2810,"template":"","meta":{"inline_featured_image":false},"product_brand":[],"product_cat":[115],"product_tag":[],"class_list":{"0":"post-2708","1":"product","2":"type-product","3":"status-publish","4":"has-post-thumbnail","6":"product_cat-cad-software","8":"first","9":"instock","10":"sale","11":"virtual","12":"taxable","13":"purchasable","14":"product-type-simple"},"_links":{"self":[{"href":"https:\/\/elitesoftkeys.com\/es\/wp-json\/wp\/v2\/product\/2708","targetHints":{"allow":["GET"]}}],"collection":[{"href":"https:\/\/elitesoftkeys.com\/es\/wp-json\/wp\/v2\/product"}],"about":[{"href":"https:\/\/elitesoftkeys.com\/es\/wp-json\/wp\/v2\/types\/product"}],"version-history":[{"count":0,"href":"https:\/\/elitesoftkeys.com\/es\/wp-json\/wp\/v2\/product\/2708\/revisions"}],"wp:featuredmedia":[{"embeddable":true,"href":"https:\/\/elitesoftkeys.com\/es\/wp-json\/wp\/v2\/media\/2810"}],"wp:attachment":[{"href":"https:\/\/elitesoftkeys.com\/es\/wp-json\/wp\/v2\/media?parent=2708"}],"wp:term":[{"taxonomy":"product_brand","embeddable":true,"href":"https:\/\/elitesoftkeys.com\/es\/wp-json\/wp\/v2\/product_brand?post=2708"},{"taxonomy":"product_cat","embeddable":true,"href":"https:\/\/elitesoftkeys.com\/es\/wp-json\/wp\/v2\/product_cat?post=2708"},{"taxonomy":"product_tag","embeddable":true,"href":"https:\/\/elitesoftkeys.com\/es\/wp-json\/wp\/v2\/product_tag?post=2708"}],"curies":[{"name":"gracias","href":"https:\/\/api.w.org\/{rel}","templated":true}]}}