{"id":2706,"date":"2024-12-21T13:58:50","date_gmt":"2024-12-21T13:58:50","guid":{"rendered":"http:\/\/elitesoftkeys.com\/?product=autodesk-3ds-max-windows"},"modified":"2025-07-06T14:06:32","modified_gmt":"2025-07-06T14:06:32","slug":"autodesk-3ds-max-windows","status":"publish","type":"product","link":"https:\/\/elitesoftkeys.com\/es\/producto\/autodesk-3ds-max-windows\/","title":{"rendered":"Autodesk 3DS Max (Windows)"},"content":{"rendered":"<p>Licencia de Autodesk 3DS Max: caracter\u00edsticas y funcionalidades<\/p>\n<p>El software profesional de modelado, renderizado y animaci\u00f3n 3D 3ds Max le permite crear mundos ilimitados y dise\u00f1os superiores, dar vida a entornos y paisajes con potentes herramientas de modelado, crear dise\u00f1os y accesorios con detalles precisos con herramientas intuitivas de texturizado y sombreado, y desarrollar y producir representaciones profesionales con completo control art\u00edstico.<\/p>\n<p>Los modeladores, animadores y artistas de iluminaci\u00f3n 3D utilizan 3ds max autodesk para el desarrollo de videojuegos, producciones de cine y televisi\u00f3n y visualizaciones de proyectos.<\/p>\n<p>Utilice 3DS Max para:<\/p>\n<p>Cree dise\u00f1os 3D realistas con herramientas potentes. 3ds Max tiene el conjunto de herramientas de modelado que necesita para dar vida a sus activos 3D, como crear mundos ilimitados para videojuegos o visualizar dise\u00f1os arquitect\u00f3nicos complejos.<\/p>\n<p>Crea renderizados de alta calidad. Desde la mezcla de luces hasta la correcci\u00f3n de color, el renderizador integrado de Arnold ofrece una experiencia completa y te permite gestionar los personajes, escenas y efectos m\u00e1s complejos.<\/p>\n<p>La versi\u00f3n 3ds Max se centra en la gesti\u00f3n del color y los materiales, herramientas de modelado avanzadas y flujos de trabajo en tiempo real.<\/p>\n<p>Diferentes ediciones<\/p>\n<p>Autodesk 3DS Max 2022 frente a 2023<\/p>\n<p>Autodesk 3ds Max 2023 presenta varias mejoras con respecto a la versi\u00f3n 2022. Entre las principales novedades se incluyen mejoras de rendimiento, nuevas funciones de modelado y animaci\u00f3n, mejoras en el renderizado con la actualizaci\u00f3n de Arnold y un flujo de trabajo m\u00e1s fluido gracias a la interfaz de usuario optimizada. La versi\u00f3n 2023 tambi\u00e9n ofrece mayor estabilidad y corrige errores presentes en la versi\u00f3n 2022, lo que aumenta la fiabilidad y la eficiencia del software para los profesionales del dise\u00f1o 3D.<\/p>\n<p>Autodesk 3DS Max 2023 frente a Autodesk 3DS Max 2024<\/p>\n<p>Autodesk 3ds Max 2024 introduce mejoras adicionales con respecto a la versi\u00f3n 2023, centr\u00e1ndose en un rendimiento optimizado y una mayor estabilidad. Entre las principales se incluyen mejoras en las herramientas de modelado y animaci\u00f3n, actualizaciones del motor de renderizado Arnold para una calidad visual superior y una interfaz de usuario a\u00fan m\u00e1s intuitiva y personalizable. La versi\u00f3n 2024 tambi\u00e9n ofrece nuevas funciones para la gesti\u00f3n de datos de escenas y compatibilidad con los formatos de archivo m\u00e1s recientes, lo que aumenta la eficiencia y la versatilidad del flujo de trabajo para los profesionales del 3D.<\/p>\n<p>\u00bfPor qu\u00e9 elegir EliteSoftKeys para comprar licencias de software?<\/p>\n<p>EliteSoftKeys es su distribuidor de confianza de licencias de software original al mejor precio y socio certificado de Microsoft y Adobe. Estas afiliaciones demuestran nuestro compromiso de brindar a nuestros clientes una experiencia de compra impecable. Nuestras fortalezas nos distinguen:<\/p>\n<p>Software aut\u00e9ntico: Solo ofrecemos software aut\u00e9ntico de marcas l\u00edderes. Como distribuidor certificado de Adobe y Microsoft, garantizamos la calidad y autenticidad de cada producto.<\/p>\n<p>Precios inmejorables: Disfrute de descuentos de hasta el 70 % sobre el precio de venta al p\u00fablico. Nuestros precios competitivos son posibles gracias a la reventa de licencias de segunda mano, una pr\u00e1ctica legalmente permitida por una sentencia del TJUE de 3 de julio de 2012.<\/p>\n<p>Servicio al cliente excepcional: Nuestro equipo de atenci\u00f3n al cliente multiling\u00fce, disponible las 24 horas, es de primera. En plataformas como Trustpilot, Trusted Shop y Google Review, mantenemos una impresionante calificaci\u00f3n promedio de 4.9\/5 basada en decenas de rese\u00f1as de clientes.<\/p>\n<p>Opciones de pago seguro: elija entre una amplia gama de m\u00e9todos de pago seguros, incluidos Google Pay y tarjetas de cr\u00e9dito, para simplificar su proceso de compra.<\/p>\n<p>Descargas de Autodesk 3DS Max<\/p>\n<p>Nos comprometemos a proporcionar \u00fanicamente descargas oficiales de los productos adquiridos, por lo que una vez que se complete su transacci\u00f3n, recibir\u00e1 un correo electr\u00f3nico con todas las instrucciones relevantes y d\u00f3nde descargar el producto directamente del fabricante y una clave de activaci\u00f3n para su licencia.<\/p>\n<p>Preguntas frecuentes sobre el software Autodesk 3DS Max<\/p>\n<p>\u00bfC\u00f3mo es posible que la licencia de Autodesk 3DS Max tenga un precio tan bajo?<\/p>\n<p>Ofrecemos licencias minoristas utilizadas y renovadas por el anterior propietario de conformidad con la sentencia CE C-128\/2011. Por eso, puede adquirir la licencia oficial de Autodesk 3DS Max en nuestra web a un precio m\u00e1s bajo.<\/p>\n<p>\u00bfC\u00f3mo recibo mi licencia despu\u00e9s de comprar el software Autodesk 3DS Max?<\/p>\n<p>Una vez que haya completado la compra del software Autodesk 3DS Max, le enviaremos una clave de activaci\u00f3n de licencia por correo electr\u00f3nico.<\/p>\n<p>\u00bfQu\u00e9 puedo hacer si no puedo activar o descargar mi suscripci\u00f3n de Autodesk 3DS Max?<\/p>\n<p>No hay problema, \u00a1siempre estamos disponibles para ayudarte! Si no puedes activar tu licencia de Autodesk 3DS Max por cualquier motivo, contacta con nuestro equipo de soporte t\u00e9cnico gratuito (que aparece en el sitio web) e incluye detalles y capturas de pantalla del problema. Te ayudaremos de inmediato a resolverlo.<\/p>","protected":false},"excerpt":{"rendered":"<table style='border-collapse: collapse; width: 100%;'>\n<tr>\n<th>Propiedad<\/th>\n<th>Valor<\/th>\n<\/tr>\n<tr>\n<td>Plataforma<\/td>\n<td>Ventanas<\/td>\n<\/tr>\n<tr>\n<td>Gr\u00e1ficos<\/td>\n<td>Consulte Hardware certificado de 3ds Max para obtener una lista detallada de sistemas y tarjetas gr\u00e1ficas recomendados<\/td>\n<\/tr>\n<tr>\n<td>Procesador<\/td>\n<td>Procesador multin\u00facleo Intel o AMD de 64 bits con conjunto de instrucciones SSE4.2<\/td>\n<\/tr>\n<tr>\n<td>Disco duro<\/td>\n<td>10 GB de espacio libre en disco para descarga e instalaci\u00f3n<\/td>\n<\/tr>\n<tr>\n<td>RAM<\/td>\n<td>4 GB de RAM m\u00ednimo (se recomiendan 8 GB o m\u00e1s)<\/td>\n<\/tr>\n<tr>\n<td>Sistema operativo<\/td>\n<td>Microsoft Windows 11 y Windows 10 de 64 bits<\/td>\n<\/tr>\n<tr>\n<td>Requisitos del adaptador de red<\/td>\n<td>Autodesk recomienda la \u00faltima versi\u00f3n de los siguientes navegadores web para acceder a contenido complementario en l\u00ednea: Microsoft Edge Google Chrome Microsoft Internet Explorer Mozilla Firefox<\/td>\n<\/tr>\n<tr>\n<td>Otros requisitos<\/td>\n<td>Conexi\u00f3n a Internet para el registro de la licencia y la descarga de componentes prerrequisitos<\/td>\n<\/tr>\n<\/table>","protected":false},"featured_media":2812,"template":"","meta":{"inline_featured_image":false},"product_brand":[],"product_cat":[115],"product_tag":[],"class_list":{"0":"post-2706","1":"product","2":"type-product","3":"status-publish","4":"has-post-thumbnail","6":"product_cat-cad-software","8":"first","9":"instock","10":"sale","11":"virtual","12":"taxable","13":"purchasable","14":"product-type-simple"},"_links":{"self":[{"href":"https:\/\/elitesoftkeys.com\/es\/wp-json\/wp\/v2\/product\/2706","targetHints":{"allow":["GET"]}}],"collection":[{"href":"https:\/\/elitesoftkeys.com\/es\/wp-json\/wp\/v2\/product"}],"about":[{"href":"https:\/\/elitesoftkeys.com\/es\/wp-json\/wp\/v2\/types\/product"}],"version-history":[{"count":0,"href":"https:\/\/elitesoftkeys.com\/es\/wp-json\/wp\/v2\/product\/2706\/revisions"}],"wp:featuredmedia":[{"embeddable":true,"href":"https:\/\/elitesoftkeys.com\/es\/wp-json\/wp\/v2\/media\/2812"}],"wp:attachment":[{"href":"https:\/\/elitesoftkeys.com\/es\/wp-json\/wp\/v2\/media?parent=2706"}],"wp:term":[{"taxonomy":"product_brand","embeddable":true,"href":"https:\/\/elitesoftkeys.com\/es\/wp-json\/wp\/v2\/product_brand?post=2706"},{"taxonomy":"product_cat","embeddable":true,"href":"https:\/\/elitesoftkeys.com\/es\/wp-json\/wp\/v2\/product_cat?post=2706"},{"taxonomy":"product_tag","embeddable":true,"href":"https:\/\/elitesoftkeys.com\/es\/wp-json\/wp\/v2\/product_tag?post=2706"}],"curies":[{"name":"gracias","href":"https:\/\/api.w.org\/{rel}","templated":true}]}}