{"id":2704,"date":"2024-12-21T13:58:48","date_gmt":"2024-12-21T13:58:48","guid":{"rendered":"http:\/\/elitesoftkeys.com\/?product=solidworks-2024-student-edition"},"modified":"2025-07-06T14:06:32","modified_gmt":"2025-07-06T14:06:32","slug":"solidworks-2024-student-edition","status":"publish","type":"product","link":"https:\/\/elitesoftkeys.com\/es\/producto\/solidworks-2024-student-edition\/","title":{"rendered":"Edici\u00f3n para estudiantes de Solidworks 2024"},"content":{"rendered":"<p>Programa en versi\u00f3n educativa con todas las funciones.<\/p>\n<p>Solidworks es el paquete CAD 3D m\u00e1s utilizado actualmente en la educaci\u00f3n y la industria. Aprender las aplicaciones de Solidworks te ayuda a superar a tus compa\u00f1eros, desarrollando las habilidades de dise\u00f1o e ingenier\u00eda que necesitas para tener \u00e9xito en la siguiente etapa de tu formaci\u00f3n o al momento de incorporarte al mercado laboral.<\/p>\n<p>Empresas de todo el mundo prefieren la experiencia SOLIDWORKS. Demuestra tus habilidades de dise\u00f1o a posibles empleadores obteniendo certificaciones profesionales mientras estudias, para que tengas una clara ventaja al dar el siguiente paso.<\/p>\n<p>Como base de todo el conjunto de soluciones de desarrollo de productos SOLIDWORKS, los paquetes CAD de SOLIDWORKS abordan el dise\u00f1o, la simulaci\u00f3n, el an\u00e1lisis de costos, los controles de fabricaci\u00f3n, CAM, el dise\u00f1o sustentable y la gesti\u00f3n de datos.<\/p>\n<p>Para obtener m\u00e1s detalles sobre Solidworks, haga clic AQU\u00cd. \u00bfQu\u00e9 incluye esta versi\u00f3n de Solidworks? En esta versi\u00f3n de escritorio de Solidworks CAD, encontrar\u00e1 funciones CAD incluidas, almacenamiento local, renderizado fotorrealista, funciones CAM de 2,5 y 3 ejes, acceso a contenido educativo o para docentes y acceso a la comunidad, simulaci\u00f3n pl\u00e1stica, de flujo y estructural incluida en la versi\u00f3n de escritorio y dos c\u00f3digos de examen para la certificaci\u00f3n Solid CSWA y CSWP.<\/p>","protected":false},"excerpt":{"rendered":"<table style='border-collapse: collapse; width: 100%;'>\n<tr>\n<th>Propiedad<\/th>\n<th>Valor<\/th>\n<\/tr>\n<tr>\n<td>Plataforma<\/td>\n<td>Ventanas<\/td>\n<\/tr>\n<tr>\n<td>Gr\u00e1ficos<\/td>\n<td>Verifique la plataforma del proveedor<\/td>\n<\/tr>\n<tr>\n<td>Procesador<\/td>\n<td>64 bits; Intel o AMD<\/td>\n<\/tr>\n<tr>\n<td>Disco duro<\/td>\n<td>10 GB de espacio libre en disco para descarga e instalaci\u00f3n<\/td>\n<\/tr>\n<tr>\n<td>RAM<\/td>\n<td>16 GB o m\u00e1s Contribuidor\/Visor de PDM o Esquema el\u00e9ctrico: 8 GB o m\u00e1s<\/td>\n<\/tr>\n<tr>\n<td>Sistema operativo<\/td>\n<td>Microsoft Windows 11 y Windows 10 de 64 bits<\/td>\n<\/tr>\n<tr>\n<td>Requisitos del adaptador de red<\/td>\n<td>Autodesk recomienda la \u00faltima versi\u00f3n de los siguientes navegadores web para acceder a contenido complementario en l\u00ednea: Microsoft Edge Google Chrome Microsoft Internet Explorer Mozilla Firefox<\/td>\n<\/tr>\n<tr>\n<td>Otros requisitos<\/td>\n<td>Conexi\u00f3n a Internet para el registro de la licencia y la descarga de componentes prerrequisitos<\/td>\n<\/tr>\n<\/table>","protected":false},"featured_media":2813,"template":"","meta":{"inline_featured_image":false},"product_brand":[],"product_cat":[115],"product_tag":[],"class_list":{"0":"post-2704","1":"product","2":"type-product","3":"status-publish","4":"has-post-thumbnail","6":"product_cat-cad-software","8":"first","9":"instock","10":"sale","11":"virtual","12":"taxable","13":"purchasable","14":"product-type-simple"},"_links":{"self":[{"href":"https:\/\/elitesoftkeys.com\/es\/wp-json\/wp\/v2\/product\/2704","targetHints":{"allow":["GET"]}}],"collection":[{"href":"https:\/\/elitesoftkeys.com\/es\/wp-json\/wp\/v2\/product"}],"about":[{"href":"https:\/\/elitesoftkeys.com\/es\/wp-json\/wp\/v2\/types\/product"}],"version-history":[{"count":0,"href":"https:\/\/elitesoftkeys.com\/es\/wp-json\/wp\/v2\/product\/2704\/revisions"}],"wp:featuredmedia":[{"embeddable":true,"href":"https:\/\/elitesoftkeys.com\/es\/wp-json\/wp\/v2\/media\/2813"}],"wp:attachment":[{"href":"https:\/\/elitesoftkeys.com\/es\/wp-json\/wp\/v2\/media?parent=2704"}],"wp:term":[{"taxonomy":"product_brand","embeddable":true,"href":"https:\/\/elitesoftkeys.com\/es\/wp-json\/wp\/v2\/product_brand?post=2704"},{"taxonomy":"product_cat","embeddable":true,"href":"https:\/\/elitesoftkeys.com\/es\/wp-json\/wp\/v2\/product_cat?post=2704"},{"taxonomy":"product_tag","embeddable":true,"href":"https:\/\/elitesoftkeys.com\/es\/wp-json\/wp\/v2\/product_tag?post=2704"}],"curies":[{"name":"gracias","href":"https:\/\/api.w.org\/{rel}","templated":true}]}}