{"id":2702,"date":"2024-12-21T13:58:47","date_gmt":"2024-12-21T13:58:47","guid":{"rendered":"http:\/\/elitesoftkeys.com\/?product=lumion-24-1-s-e"},"modified":"2025-07-06T14:06:32","modified_gmt":"2025-07-06T14:06:32","slug":"lumion-24-1-s-e","status":"publish","type":"product","link":"https:\/\/elitesoftkeys.com\/es\/producto\/lumion-24-1-s-e\/","title":{"rendered":"Lumion 24.1 SE"},"content":{"rendered":"<p>Programa en versi\u00f3n educativa, con todas las funciones. El producto no tiene marca de agua ni referencia al texto educativo de los documentos. Este tipo de licencia no permite el uso del contenido en la nube de la marca, el uso m\u00faltiple en dispositivos m\u00f3viles ni el uso en red\/en l\u00ednea. ADVERTENCIA: Tenga en cuenta que la finalizaci\u00f3n de su pedido puede tardar hasta 24 horas h\u00e1biles. Lleve sus dise\u00f1os arquitect\u00f3nicos a un nuevo nivel de realismo con Lumion 24.1, ya disponible en EliteSoftKeys. Dise\u00f1ado para arquitectos, ingenieros y dise\u00f1adores, Lumion 12.5 ofrece una experiencia de renderizado inigualable, permiti\u00e9ndole visualizar sus creaciones con facilidad y rapidez. Caracter\u00edsticas principales de Lumion 24.1: Mejoras y correcciones: Esta actualizaci\u00f3n de mantenimiento introduce mejoras significativas y correcciones de errores, convirtiendo a Lumion 24.1 en la versi\u00f3n m\u00e1s estable y f\u00e1cil de usar jam\u00e1s lanzada. Flujo de trabajo intuitivo: Con Lumion, puede mantener su flujo creativo de principio a fin con una interfaz f\u00e1cil de aprender y satisfactoria de usar. Materiales de alta calidad: Elija entre miles de materiales de calidad, personalizables con calcoman\u00edas, envejecimiento, bordes suaves y m\u00e1s, para que las superficies se vean realistas y v\u00edvidas. Iluminaci\u00f3n avanzada: Explore la dimensi\u00f3n de la luz con estudios solares, iluminaci\u00f3n artificial y un nuevo motor de renderizado que combina t\u00e9cnicas de rasterizaci\u00f3n y trazado de rayos. Efectos atmosf\u00e9ricos y cinematogr\u00e1ficos: D\u00e9 a sus dise\u00f1os una atm\u00f3sfera \u00fanica con efectos clim\u00e1ticos y estacionales, gradaci\u00f3n de color LUT y cielos realistas. Contexto completo: Agregue f\u00e1cilmente naturaleza, objetos y personajes para crear. un entorno completo alrededor de su dise\u00f1o.Presentaci\u00f3n y narraci\u00f3n: con Lumion Pro, puede crear visualizaciones ortogr\u00e1ficas animadas y comparar variaciones de modelos y materiales para contar la historia de su dise\u00f1o.Actualizaci\u00f3n gratuita: si ya posee Lumion 24 o anterior, la actualizaci\u00f3n a Lumion 24.3.1 o posterior es gratuita.Soporte integral: acceda a tutoriales en video, notas de la versi\u00f3n detalladas y una base de conocimiento completa para aprovechar al m\u00e1ximo todas las nuevas funcionesLicencias para estudiantes: si es estudiante, puede acceder a la \u00faltima versi\u00f3n de Lumion con su clave de licencia actual.<\/p>","protected":false},"excerpt":{"rendered":"<table style=\"border-collapse: collapse; width: 100%;\">\n<tbody>\n<tr>\n<th>Propiedad<\/th>\n<th>Valor<\/th>\n<\/tr>\n<tr>\n<td>Plataforma<\/td>\n<td>Ventanas<\/td>\n<\/tr>\n<tr>\n<td>Gr\u00e1ficos<\/td>\n<td>M\u00ednimo 2000 puntos PassMark, con al menos 2 GB de memoria y compatibilidad con DirectX 11 o posterior<\/td>\n<\/tr>\n<tr>\n<td>Procesador<\/td>\n<td>Valor de GHz m\u00e1s alto posible, idealmente 3,8 GHz o superior<\/td>\n<\/tr>\n<tr>\n<td>Disco duro<\/td>\n<td>30 GB de espacio en disco<\/td>\n<\/tr>\n<tr>\n<td>RAM<\/td>\n<td>8 GB (para escenas sencillas), con el valor de MHz m\u00e1s alto posible<\/td>\n<\/tr>\n<tr>\n<td>Sistema operativo<\/td>\n<td>Windows 10 o m\u00e1s reciente<\/td>\n<\/tr>\n<tr>\n<td>Otros requisitos<\/td>\n<td>Conexi\u00f3n a Internet para el registro de la licencia y la descarga de componentes prerrequisitos<\/td>\n<\/tr>\n<\/tbody>\n<\/table>","protected":false},"featured_media":2814,"template":"","meta":{"inline_featured_image":false},"product_brand":[],"product_cat":[115],"product_tag":[],"class_list":{"0":"post-2702","1":"product","2":"type-product","3":"status-publish","4":"has-post-thumbnail","6":"product_cat-cad-software","8":"first","9":"instock","10":"sale","11":"virtual","12":"taxable","13":"purchasable","14":"product-type-simple"},"_links":{"self":[{"href":"https:\/\/elitesoftkeys.com\/es\/wp-json\/wp\/v2\/product\/2702","targetHints":{"allow":["GET"]}}],"collection":[{"href":"https:\/\/elitesoftkeys.com\/es\/wp-json\/wp\/v2\/product"}],"about":[{"href":"https:\/\/elitesoftkeys.com\/es\/wp-json\/wp\/v2\/types\/product"}],"version-history":[{"count":0,"href":"https:\/\/elitesoftkeys.com\/es\/wp-json\/wp\/v2\/product\/2702\/revisions"}],"wp:featuredmedia":[{"embeddable":true,"href":"https:\/\/elitesoftkeys.com\/es\/wp-json\/wp\/v2\/media\/2814"}],"wp:attachment":[{"href":"https:\/\/elitesoftkeys.com\/es\/wp-json\/wp\/v2\/media?parent=2702"}],"wp:term":[{"taxonomy":"product_brand","embeddable":true,"href":"https:\/\/elitesoftkeys.com\/es\/wp-json\/wp\/v2\/product_brand?post=2702"},{"taxonomy":"product_cat","embeddable":true,"href":"https:\/\/elitesoftkeys.com\/es\/wp-json\/wp\/v2\/product_cat?post=2702"},{"taxonomy":"product_tag","embeddable":true,"href":"https:\/\/elitesoftkeys.com\/es\/wp-json\/wp\/v2\/product_tag?post=2702"}],"curies":[{"name":"gracias","href":"https:\/\/api.w.org\/{rel}","templated":true}]}}