{"id":2700,"date":"2024-12-21T13:58:44","date_gmt":"2024-12-21T13:58:44","guid":{"rendered":"http:\/\/elitesoftkeys.com\/?product=autodesk-autocad-mechanical-windows"},"modified":"2025-07-06T14:06:30","modified_gmt":"2025-07-06T14:06:30","slug":"autodesk-autocad-mechanical-windows","status":"publish","type":"product","link":"https:\/\/elitesoftkeys.com\/es\/producto\/autodesk-autocad-mechanical-windows\/","title":{"rendered":"Autodesk AutoCAD Mechanical (Windows)"},"content":{"rendered":"<p>Programa en versi\u00f3n did\u00e1ctica, completo con todas las funcionalidades. El producto no tiene marca de agua de identificaci\u00f3n, sin referencia al texto did\u00e1ctico de los documentos.<\/p>\n<p>AutoCAD Mechanical es el software basado en AutoCAD que aumenta la productividad y simplifica tareas complejas de dise\u00f1o mec\u00e1nico. El CAD mec\u00e1nico de Autodesk incluye todas las funciones de AutoCAD, uno de los programas CAD 3D m\u00e1s populares del mundo, adem\u00e1s de completas bibliotecas de piezas y herramientas basadas en est\u00e1ndares para automatizar tareas comunes de CAD mec\u00e1nico.<\/p>\n<p>AutoCAD Mechanical acelera el proceso de dise\u00f1o mec\u00e1nico:<\/p>\n<p>Acceso a amplias bibliotecas de piezas mec\u00e1nicas: m\u00e1s de 700.000 piezas y operaciones de mecanizado est\u00e1ndar<\/p>\n<p>Crear secciones asociativas y vistas de detalle de modelos 3D<\/p>\n<p>Creaci\u00f3n de dimensiones de ingenier\u00eda mec\u00e1nica inteligentes<\/p>\n<p>Uso de herramientas de dibujo mec\u00e1nico inteligentes y reutilizables<\/p>\n<p>Compatibilidad con est\u00e1ndares de dibujo y est\u00e1ndares gr\u00e1ficos internacionales<\/p>\n<p>Creaci\u00f3n automatizada de listas de piezas y listas de materiales<\/p>\n<p>Gesti\u00f3n avanzada de capas y grupos de capas<\/p>\n<p>Creaci\u00f3n de l\u00edneas ocultas cuando unos objetos se superponen a otros<\/p>\n<p>C\u00e1lculo autom\u00e1tico de la masa de un conjunto en la lista de piezas<\/p>\n<p>Integraci\u00f3n de la deducci\u00f3n de restricciones<\/p>\n<p>Capacidad de insertar detalles en modelos de piezas y ensamblajes nativos de Autodesk Inventor<\/p>\n<p>Vista previa de comandos de filete, chafl\u00e1n y desplazamiento y men\u00fas contextuales<\/p>\n<p>An\u00e1lisis de dise\u00f1o eficiente, incluyendo generadores de ejes, resortes, correas, cadenas y levas y calculadoras de maquinaria<\/p>\n<p>Intercambio de datos de modelos entre sistemas CAD: importaci\u00f3n y exportaci\u00f3n de archivos STEP<\/p>","protected":false},"excerpt":{"rendered":"<table style='border-collapse: collapse; width: 100%;'>\n<tr>\n<th>Propiedad<\/th>\n<th>Valor<\/th>\n<\/tr>\n<tr>\n<td>Plataforma<\/td>\n<td>Windows\/MacOS<\/td>\n<\/tr>\n<tr>\n<td>Gr\u00e1ficos<\/td>\n<td>MAC: Requisito m\u00ednimo: 1280 x 800 Pantalla de alta resoluci\u00f3n: 2880 x 1800 con pantalla Retina \/ Recomendado: tarjetas gr\u00e1ficas nativas instaladas para Mac; WINDOWS: Pantallas convencionales: 1920 x 1080 con 16,8 millones de colores Pantallas de alta resoluci\u00f3n y 4K: Resoluciones de hasta 3840 x 2160 (con tarjeta de video compatible)<\/td>\n<\/tr>\n<tr>\n<td>Procesador<\/td>\n<td>WINDOWS: Requisitos b\u00e1sicos: procesador de 2,5-2,9 GHz. No compatible con procesadores ARM. Recomendado: procesador de al menos 3 GHz (b\u00e1sico), al menos 4 GHz (turbo) \/ MAC: CPU Intel de 64 bits o CPU Apple serie M.<\/td>\n<\/tr>\n<tr>\n<td>Disco duro<\/td>\n<td>WINDOWS: 10 GB de espacio libre en disco para descarga e instalaci\u00f3n MAC: 6 GB de espacio libre en disco para descarga e instalaci\u00f3n<\/td>\n<\/tr>\n<tr>\n<td>RAM<\/td>\n<td>WINDOWS: Requisito b\u00e1sico: 8 GB Recomendado: 32 GB; MAC: Requisito m\u00ednimo: 4 GB Recomendado: al menos 8 GB<\/td>\n<\/tr>\n<tr>\n<td>Sistema operativo<\/td>\n<td>WINDOWS: Windows 11 de 64 bits y Windows 10 versi\u00f3n 1809 o posterior \/ MAC: macOS Ventura v13, Monterey v12, Big Sur v11<\/td>\n<\/tr>\n<tr>\n<td>Otros requisitos<\/td>\n<td>Conexi\u00f3n a Internet para el registro de la licencia y la descarga de componentes prerrequisitos<\/td>\n<\/tr>\n<\/table>","protected":false},"featured_media":2816,"template":"","meta":{"inline_featured_image":false},"product_brand":[],"product_cat":[115],"product_tag":[],"class_list":{"0":"post-2700","1":"product","2":"type-product","3":"status-publish","4":"has-post-thumbnail","6":"product_cat-cad-software","8":"first","9":"instock","10":"virtual","11":"taxable","12":"purchasable","13":"product-type-simple"},"_links":{"self":[{"href":"https:\/\/elitesoftkeys.com\/es\/wp-json\/wp\/v2\/product\/2700","targetHints":{"allow":["GET"]}}],"collection":[{"href":"https:\/\/elitesoftkeys.com\/es\/wp-json\/wp\/v2\/product"}],"about":[{"href":"https:\/\/elitesoftkeys.com\/es\/wp-json\/wp\/v2\/types\/product"}],"version-history":[{"count":0,"href":"https:\/\/elitesoftkeys.com\/es\/wp-json\/wp\/v2\/product\/2700\/revisions"}],"wp:featuredmedia":[{"embeddable":true,"href":"https:\/\/elitesoftkeys.com\/es\/wp-json\/wp\/v2\/media\/2816"}],"wp:attachment":[{"href":"https:\/\/elitesoftkeys.com\/es\/wp-json\/wp\/v2\/media?parent=2700"}],"wp:term":[{"taxonomy":"product_brand","embeddable":true,"href":"https:\/\/elitesoftkeys.com\/es\/wp-json\/wp\/v2\/product_brand?post=2700"},{"taxonomy":"product_cat","embeddable":true,"href":"https:\/\/elitesoftkeys.com\/es\/wp-json\/wp\/v2\/product_cat?post=2700"},{"taxonomy":"product_tag","embeddable":true,"href":"https:\/\/elitesoftkeys.com\/es\/wp-json\/wp\/v2\/product_tag?post=2700"}],"curies":[{"name":"gracias","href":"https:\/\/api.w.org\/{rel}","templated":true}]}}