{"id":2696,"date":"2024-12-21T13:58:40","date_gmt":"2024-12-21T13:58:40","guid":{"rendered":"http:\/\/elitesoftkeys.com\/?product=autodesk-aec-collection"},"modified":"2025-07-06T14:06:28","modified_gmt":"2025-07-06T14:06:28","slug":"autodesk-aec-collection","status":"publish","type":"product","link":"https:\/\/elitesoftkeys.com\/es\/producto\/autodesk-aec-collection\/","title":{"rendered":"Colecci\u00f3n AEC de Autodesk"},"content":{"rendered":"<p>*Programa en versi\u00f3n educativa, con todas las funcionalidades. El producto no tiene marca de agua de identificaci\u00f3n ni referencia al texto educativo de los documentos.<\/p>\n<p>Caracter\u00edsticas de la suscripci\u00f3n a la colecci\u00f3n AEC de Autodesk<\/p>\n<p>1 usuario, 1 dispositivo<\/p>\n<p>S\u00f3lo para ventana<\/p>\n<p>Software incluido: AutoCAD, Revit, Civil 3D, Navisworks Manage, Advance Steel, ReCap Pro, 3DS Max, Inventor Professional<\/p>\n<p>Colecci\u00f3n AEC: una soluci\u00f3n rentable para profesionales<\/p>\n<p>Autodesk AEC Collection es la suite definitiva de herramientas BIM y CAD dise\u00f1ada para profesionales de la arquitectura, la ingenier\u00eda y la construcci\u00f3n. Con una sola suscripci\u00f3n, obtiene acceso a un conjunto integrado de software que abarca todo el ciclo de vida del proyecto, desde el dise\u00f1o conceptual hasta la construcci\u00f3n, ofreciendo una eficiencia, precisi\u00f3n y calidad sin precedentes. Por lo tanto, adquirir AEC Collection es m\u00e1s rentable que adquirir cada software incluido por separado.<\/p>\n<p>Lista de software de la Colecci\u00f3n AEC<\/p>\n<p>La suscripci\u00f3n incluye el siguiente software:<\/p>\n<p>AutoCAD: El software de dise\u00f1o 2D y 3D l\u00edder, que ofrece herramientas especializadas para acelerar el trabajo en diversos campos, incluida la arquitectura, la ingenier\u00eda mec\u00e1nica y el\u00e9ctrica.<\/p>\n<p>Autodesk Revit: una potente soluci\u00f3n para el modelado de informaci\u00f3n de construcci\u00f3n (BIM), que le permite crear dise\u00f1os de alta calidad y alto rendimiento, mejorando la colaboraci\u00f3n y la eficiencia del equipo.<\/p>\n<p>Civil 3D: Dise\u00f1ado para profesionales de ingenier\u00eda civil, admite el modelado de informaci\u00f3n de construcci\u00f3n civil, mejora la entrega de proyectos BIM y unifica los datos de dise\u00f1o y construcci\u00f3n.<\/p>\n<p>Navisworks Manage: software de revisi\u00f3n de dise\u00f1o que permite fusionar datos de dise\u00f1o y construcci\u00f3n en un \u00fanico modelo, mejorando la coordinaci\u00f3n y planificaci\u00f3n del proyecto.<\/p>\n<p>Advance Steel: Especializada en el modelado y detallado de estructuras de acero, integra herramientas BIM para automatizar los procesos de dise\u00f1o y documentaci\u00f3n.<\/p>\n<p>ReCap Pro: software de captura de realidad y topograf\u00eda 3D que transforma la realidad f\u00edsica en datos digitales precisos que pueden utilizarse en procesos de dise\u00f1o y construcci\u00f3n.<\/p>\n<p>3DS Max: ofrece potentes capacidades de renderizado y animaci\u00f3n 3D, mejorando la visualizaci\u00f3n y presentaci\u00f3n de proyectos de arquitectura y dise\u00f1o.<\/p>\n<p>Inventor Professional: soluci\u00f3n CAD 3D para dise\u00f1o mec\u00e1nico, que apoya el dise\u00f1o de productos complejos y la creaci\u00f3n de documentaci\u00f3n detallada.<\/p>\n<p>Autodesk Collection AEC es la opci\u00f3n ideal para profesionales que buscan optimizar sus flujos de trabajo, mejorar la colaboraci\u00f3n en equipo y entregar dise\u00f1os con altos est\u00e1ndares de calidad y precisi\u00f3n. Al elegir EliteSoftKeys, obtiene acceso a este completo conjunto de herramientas indispensables para convertir sus ideas en realidad.<\/p>\n<p>Colecci\u00f3n AEC: gu\u00eda de descarga e instalaci\u00f3n<\/p>\n<p>Nos comprometemos a proporcionar \u00fanicamente descargas oficiales de los productos adquiridos, por lo que una vez completada la transacci\u00f3n, se le enviar\u00e1 un correo electr\u00f3nico con todas las instrucciones necesarias y d\u00f3nde descargar el producto directamente del fabricante y una clave de activaci\u00f3n para su licencia.<\/p>\n<p>\u00bfCu\u00e1l es la diferencia entre la colecci\u00f3n AutoCAD y AEC?<\/p>\n<p>AutoCAD se centra principalmente en el dibujo y dise\u00f1o en 2D y 3D, lo que lo hace popular entre ingenieros, arquitectos y dise\u00f1adores que requieren gran precisi\u00f3n en su trabajo. Es ideal para crear planos detallados, esquemas y planos.<\/p>\n<p>La Colecci\u00f3n AEC, en cambio, es un conjunto completo de aplicaciones para arquitectura, ingenier\u00eda y construcci\u00f3n que incluye AutoCAD junto con otras aplicaciones como Revit, Civil 3D, Navisworks, etc. Esta colecci\u00f3n est\u00e1 dise\u00f1ada para profesionales que trabajan en diversos campos como la arquitectura, la ingenier\u00eda y la construcci\u00f3n. Ofrece una selecci\u00f3n m\u00e1s amplia de herramientas para cubrir todas las tareas, desde el dise\u00f1o de edificios y proyectos de infraestructura hasta simulaciones y visualizaciones complejas.<\/p>\n<p>En general, aunque AutoCAD es una herramienta independiente y vers\u00e1til para dibujar, la Colecci\u00f3n AEC es un paquete de software para trabajar en las industrias de la construcci\u00f3n y el dise\u00f1o.<\/p>\n<p>\u00bfPor qu\u00e9 elegir EliteSoftKeys para comprar licencias de software?<\/p>\n<p>EliteSoftKeys es su distribuidor de confianza de licencias de software original al mejor precio. Ofrecemos:<\/p>\n<p>S\u00f3lo software aut\u00e9ntico: como distribuidor certificado de Adobe y Microsoft, garantizamos la calidad y autenticidad de cada producto.<\/p>\n<p>Precios imbatibles: Nuestros precios competitivos son posibles gracias a la reventa de licencias \u201cde segunda mano\u201d, una pr\u00e1ctica legalmente permitida por una sentencia del TJUE de 3 de julio de 2012.<\/p>\n<p>Servicio al cliente excepcional: Nuestro equipo de atenci\u00f3n al cliente multiling\u00fce, disponible los 7 d\u00edas de la semana, tiene una calificaci\u00f3n promedio de 4.9\/5 basada en rese\u00f1as en plataformas como Trustpilot, Trusted Shops y Google Reviews.<\/p>\n<p>Opciones de pago seguras: elija entre una amplia gama de m\u00e9todos de pago seguros, incluidos Apple Pay, Google Pay y tarjetas de cr\u00e9dito.<\/p>\n<p>\u00bfQu\u00e9 puedo hacer si no puedo activar mi suscripci\u00f3n de AutoCAD?<\/p>\n<p>No hay problema, \u00a1siempre estamos disponibles para ayudarte! Si no puedes activar tu licencia de AutoCAD por cualquier motivo, contacta con nuestro soporte t\u00e9cnico gratuito indicado en el sitio web y proporciona detalles y capturas de pantalla del problema. Te ayudaremos de inmediato a resolverlo.<\/p>","protected":false},"excerpt":{"rendered":"<table style='border-collapse: collapse; width: 100%;'>\n<tr>\n<th>Propiedad<\/th>\n<th>Valor<\/th>\n<\/tr>\n<tr>\n<td>Plataforma<\/td>\n<td>Ventanas<\/td>\n<\/tr>\n<tr>\n<td>Gr\u00e1ficos<\/td>\n<td>Consulte el sitio web oficial de productos de Autodesk<\/td>\n<\/tr>\n<tr>\n<td>Procesador<\/td>\n<td>Procesador multin\u00facleo Intel o AMD de 64 bits con conjunto de instrucciones SSE4.2<\/td>\n<\/tr>\n<tr>\n<td>Disco duro<\/td>\n<td>50 GB de espacio libre en disco para descarga e instalaci\u00f3n<\/td>\n<\/tr>\n<tr>\n<td>RAM<\/td>\n<td>8 GB de RAM m\u00ednimo (8 GB o m\u00e1s recomendados)<\/td>\n<\/tr>\n<tr>\n<td>Sistema operativo<\/td>\n<td>Microsoft Windows 11 y Windows 10 de 64 bits<\/td>\n<\/tr>\n<tr>\n<td>Requisitos del adaptador de red<\/td>\n<td>Autodesk recomienda la \u00faltima versi\u00f3n de los siguientes navegadores web para acceder a contenido complementario en l\u00ednea: Microsoft Edge Google Chrome Microsoft Internet Explorer Mozilla Firefox<\/td>\n<\/tr>\n<tr>\n<td>Otros requisitos<\/td>\n<td>Conexi\u00f3n a Internet para el registro de la licencia y la descarga de componentes prerrequisitos<\/td>\n<\/tr>\n<\/table>","protected":false},"featured_media":2818,"template":"","meta":{"inline_featured_image":false},"product_brand":[],"product_cat":[115],"product_tag":[],"class_list":{"0":"post-2696","1":"product","2":"type-product","3":"status-publish","4":"has-post-thumbnail","6":"product_cat-cad-software","8":"first","9":"instock","10":"sale","11":"virtual","12":"taxable","13":"purchasable","14":"product-type-simple"},"_links":{"self":[{"href":"https:\/\/elitesoftkeys.com\/es\/wp-json\/wp\/v2\/product\/2696","targetHints":{"allow":["GET"]}}],"collection":[{"href":"https:\/\/elitesoftkeys.com\/es\/wp-json\/wp\/v2\/product"}],"about":[{"href":"https:\/\/elitesoftkeys.com\/es\/wp-json\/wp\/v2\/types\/product"}],"version-history":[{"count":0,"href":"https:\/\/elitesoftkeys.com\/es\/wp-json\/wp\/v2\/product\/2696\/revisions"}],"wp:featuredmedia":[{"embeddable":true,"href":"https:\/\/elitesoftkeys.com\/es\/wp-json\/wp\/v2\/media\/2818"}],"wp:attachment":[{"href":"https:\/\/elitesoftkeys.com\/es\/wp-json\/wp\/v2\/media?parent=2696"}],"wp:term":[{"taxonomy":"product_brand","embeddable":true,"href":"https:\/\/elitesoftkeys.com\/es\/wp-json\/wp\/v2\/product_brand?post=2696"},{"taxonomy":"product_cat","embeddable":true,"href":"https:\/\/elitesoftkeys.com\/es\/wp-json\/wp\/v2\/product_cat?post=2696"},{"taxonomy":"product_tag","embeddable":true,"href":"https:\/\/elitesoftkeys.com\/es\/wp-json\/wp\/v2\/product_tag?post=2696"}],"curies":[{"name":"gracias","href":"https:\/\/api.w.org\/{rel}","templated":true}]}}