{"id":2694,"date":"2024-12-21T13:58:38","date_gmt":"2024-12-21T13:58:38","guid":{"rendered":"http:\/\/elitesoftkeys.com\/?product=autodesk-inventor-pro-windows-license"},"modified":"2025-07-06T14:06:28","modified_gmt":"2025-07-06T14:06:28","slug":"autodesk-inventor-pro-windows-license","status":"publish","type":"product","link":"https:\/\/elitesoftkeys.com\/es\/producto\/autodesk-inventor-pro-windows-license\/","title":{"rendered":"Licencia de Autodesk Inventor Pro (Windows)"},"content":{"rendered":"<p>*Esta es una versi\u00f3n educativa que incluye todas las caracter\u00edsticas y funciones. No se hace referencia a la versi\u00f3n educativa en la impresi\u00f3n ni se incluye una marca de agua cl\u00e1sica.<\/p>\n<p>Software Autodesk Inventor Pro: caracter\u00edsticas y funcionalidades<\/p>\n<p>El software CAD 3D Inventor ofrece herramientas profesionales para el dise\u00f1o mec\u00e1nico, la documentaci\u00f3n y la simulaci\u00f3n de productos. El software incluye:<\/p>\n<p>Potente combinaci\u00f3n de capacidades de dise\u00f1o param\u00e9trico, directo, de forma libre y basado en reglas.<\/p>\n<p>Herramientas integradas para el dise\u00f1o de piezas de chapa met\u00e1lica, marcos, tubos y tuber\u00edas, cables y cableado, presentaciones, renderizado, simulaci\u00f3n, dise\u00f1o de maquinaria y m\u00e1s.<\/p>\n<p>Compatibilidad con TrustedDWG y potentes capacidades de definici\u00f3n basadas en modelos para integrar informaci\u00f3n de fabricaci\u00f3n directamente en el modelo 3D.<\/p>\n<p>Autodesk Inventor 2023<\/p>\n<p>Autodesk Inventor 2023 introduce mejoras para optimizar el rendimiento y la productividad. Entre las actualizaciones clave se incluyen funciones de modelado avanzadas, opciones ampliadas de importaci\u00f3n y exportaci\u00f3n de archivos y una mejor integraci\u00f3n con Fusion 360. Las herramientas de colaboraci\u00f3n mejoradas facilitan el trabajo en equipo en tiempo real, mientras que las actualizaciones de la interfaz de usuario optimizan los flujos de trabajo. Las nuevas herramientas de simulaci\u00f3n y an\u00e1lisis mejoran la precisi\u00f3n del dise\u00f1o, convirtiendo a Inventor 2023 en una herramienta robusta para los profesionales de la ingenier\u00eda y la fabricaci\u00f3n.<\/p>\n<p>Autodesk Inventor 2024<\/p>\n<p>Autodesk Inventor 2024 se centra en perfeccionar la experiencia del usuario con optimizaciones de rendimiento y mejoras en el flujo de trabajo. Esta versi\u00f3n ofrece una interoperabilidad mejorada con otros programas de Autodesk, como AutoCAD y Revit, y nuevas herramientas de automatizaci\u00f3n del dise\u00f1o. Las funciones mejoradas de modelado 3D y las funciones avanzadas de simulaci\u00f3n facilitan proyectos de dise\u00f1o complejos. La integraci\u00f3n de herramientas de colaboraci\u00f3n en la nube mejora la gesti\u00f3n de proyectos y la comunicaci\u00f3n en equipo.<\/p>\n<p>Autodesk Inventor 2025<\/p>\n<p>Autodesk Inventor 2025 ofrece nuevas y potentes herramientas y funciones para dise\u00f1o e ingenier\u00eda avanzados. Entre las actualizaciones clave se incluyen capacidades de dise\u00f1o generativo mejoradas, herramientas de simulaci\u00f3n optimizadas y una mejor integraci\u00f3n con servicios en la nube. La interfaz de usuario se ha perfeccionado para una experiencia m\u00e1s intuitiva, y las mejoras de rendimiento garantizan un procesamiento y una renderizaci\u00f3n m\u00e1s r\u00e1pidos. Inventor 2025 facilita un trabajo de dise\u00f1o detallado y preciso, lo que lo hace ideal para proyectos de ingenier\u00eda complejos.<\/p>\n<p>\u00bfPor qu\u00e9 elegir EliteSoftKeys para comprar licencias de software?<\/p>\n<p>EliteSoftKeys es su distribuidor de confianza de licencias de software original al mejor precio. Ofrecemos:<\/p>\n<p>S\u00f3lo software aut\u00e9ntico: como distribuidor certificado de Adobe y Microsoft, garantizamos la calidad y autenticidad de cada producto.<\/p>\n<p>Precios imbatibles: Nuestros precios competitivos son posibles gracias a la reventa de licencias \u201cde segunda mano\u201d, una pr\u00e1ctica legalmente permitida por una sentencia del TJUE de 3 de julio de 2012.<\/p>\n<p>Servicio al cliente excepcional: Nuestro equipo de atenci\u00f3n al cliente multiling\u00fce, disponible los 7 d\u00edas de la semana, tiene una calificaci\u00f3n promedio de 4.9\/5 seg\u00fan rese\u00f1as en plataformas como Trustpilot, Trusted Shops y Google Reviews.<\/p>\n<p>Opciones de pago seguras: elija entre una amplia gama de m\u00e9todos de pago seguros, incluidos Apple Pay, Google Pay y tarjetas de cr\u00e9dito.<\/p>\n<p>Autodesk Inventor Pro: descarga e instalaci\u00f3n<\/p>\n<p>Nos comprometemos a proporcionar \u00fanicamente descargas oficiales de los productos adquiridos, por lo que una vez que se complete su transacci\u00f3n, se le enviar\u00e1 un correo electr\u00f3nico con todas las instrucciones relevantes y d\u00f3nde descargar el producto directamente del fabricante, y una clave de activaci\u00f3n para su licencia.<\/p>\n<p>Preguntas frecuentes sobre el software Autodesk Inventor<\/p>\n<p>\u00bfC\u00f3mo recibo mi licencia despu\u00e9s de comprar el software Inventor?<\/p>\n<p>Una vez que haya completado la compra del software Inventor, le enviaremos una clave de activaci\u00f3n de licencia por correo electr\u00f3nico.<\/p>\n<p>\u00bfQu\u00e9 puedo hacer si no puedo activar mi suscripci\u00f3n de AutoCAD?<\/p>\n<p>No hay problema, \u00a1siempre estamos disponibles para ayudarte! Si no puedes activar tu licencia de Inventor por cualquier motivo, contacta con nuestro soporte t\u00e9cnico gratuito indicado en el sitio web y proporciona detalles y capturas de pantalla del problema. Te ayudaremos de inmediato a resolverlo.<\/p>","protected":false},"excerpt":{"rendered":"<table style='border-collapse: collapse; width: 100%;'>\n<tr>\n<th>Propiedad<\/th>\n<th>Valor<\/th>\n<\/tr>\n<tr>\n<td>Plataforma<\/td>\n<td>Ventanas<\/td>\n<\/tr>\n<tr>\n<td>Gr\u00e1ficos<\/td>\n<td>Recomendado: GPU de 4 GB con ancho de banda de 106 GB\/s y compatible con DirectX 11 M\u00ednimo: GPU de 1 GB con ancho de banda de 29 GB\/s y compatible con DirectX 11 \/ RESOLUCI\u00d3N:<\/td>\n<\/tr>\n<tr>\n<td>Procesador<\/td>\n<td>Recomendado: 3,0 GHz o superior, 4 o m\u00e1s n\u00facleos M\u00ednimo: 2,5 GHz o superior<\/td>\n<\/tr>\n<tr>\n<td>Disco duro<\/td>\n<td>40 GB de espacio libre en disco para descarga e instalaci\u00f3n<\/td>\n<\/tr>\n<tr>\n<td>RAM<\/td>\n<td>Recomendado: 32 GB de RAM o m\u00e1s M\u00ednimo: 16 GB de RAM para conjuntos de menos de 500 piezas<\/td>\n<\/tr>\n<tr>\n<td>Sistema operativo<\/td>\n<td>Microsoft Windows 11 y Windows 10 de 64 bits<\/td>\n<\/tr>\n<tr>\n<td>Otros requisitos<\/td>\n<td>Instalaci\u00f3n local completa de Microsoft Excel 2016 o posterior para flujos de trabajo que crean y editan hojas de c\u00e1lculo. Los flujos de trabajo de Inventor que leen o exportan datos de hojas de c\u00e1lculo no requieren Microsoft Excel. Los suscriptores de Office 365 deben asegurarse de tener una instalaci\u00f3n local de Microsoft Excel. No se admiten Windows Excel Starter, OpenOffice ni las aplicaciones de Office 365 basadas en navegador.<\/td>\n<\/tr>\n<\/table>","protected":false},"featured_media":2820,"template":"","meta":{"inline_featured_image":false},"product_brand":[],"product_cat":[115],"product_tag":[],"class_list":{"0":"post-2694","1":"product","2":"type-product","3":"status-publish","4":"has-post-thumbnail","6":"product_cat-cad-software","8":"first","9":"instock","10":"sale","11":"virtual","12":"taxable","13":"purchasable","14":"product-type-simple"},"_links":{"self":[{"href":"https:\/\/elitesoftkeys.com\/es\/wp-json\/wp\/v2\/product\/2694","targetHints":{"allow":["GET"]}}],"collection":[{"href":"https:\/\/elitesoftkeys.com\/es\/wp-json\/wp\/v2\/product"}],"about":[{"href":"https:\/\/elitesoftkeys.com\/es\/wp-json\/wp\/v2\/types\/product"}],"version-history":[{"count":0,"href":"https:\/\/elitesoftkeys.com\/es\/wp-json\/wp\/v2\/product\/2694\/revisions"}],"wp:featuredmedia":[{"embeddable":true,"href":"https:\/\/elitesoftkeys.com\/es\/wp-json\/wp\/v2\/media\/2820"}],"wp:attachment":[{"href":"https:\/\/elitesoftkeys.com\/es\/wp-json\/wp\/v2\/media?parent=2694"}],"wp:term":[{"taxonomy":"product_brand","embeddable":true,"href":"https:\/\/elitesoftkeys.com\/es\/wp-json\/wp\/v2\/product_brand?post=2694"},{"taxonomy":"product_cat","embeddable":true,"href":"https:\/\/elitesoftkeys.com\/es\/wp-json\/wp\/v2\/product_cat?post=2694"},{"taxonomy":"product_tag","embeddable":true,"href":"https:\/\/elitesoftkeys.com\/es\/wp-json\/wp\/v2\/product_tag?post=2694"}],"curies":[{"name":"gracias","href":"https:\/\/api.w.org\/{rel}","templated":true}]}}