{"id":2692,"date":"2024-12-21T13:58:36","date_gmt":"2024-12-21T13:58:36","guid":{"rendered":"http:\/\/elitesoftkeys.com\/?product=autodesk-revit-license-key-windows"},"modified":"2025-07-06T14:06:28","modified_gmt":"2025-07-06T14:06:28","slug":"autodesk-revit-license-key-windows","status":"publish","type":"product","link":"https:\/\/elitesoftkeys.com\/es\/producto\/autodesk-revit-license-key-windows\/","title":{"rendered":"Clave de licencia de Autodesk Revit (Windows)"},"content":{"rendered":"<p>*Esta es una versi\u00f3n educativa que incluye todas las caracter\u00edsticas y funciones. No se hace referencia a la versi\u00f3n educativa en la impresi\u00f3n ni se incluye una marca de agua cl\u00e1sica.<\/p>\n<p>Software Autodesk Revit<\/p>\n<p>Autodesk Revit, desarrollado por Autodesk, es un software BIM (Modelado de Informaci\u00f3n de Construcci\u00f3n) integral. Dise\u00f1ado para arquitectura, ingenier\u00eda y construcci\u00f3n, permite a los profesionales dise\u00f1ar, planificar y gestionar proyectos de edificaci\u00f3n con precisi\u00f3n. Revit admite modelado 3D, documentaci\u00f3n detallada y colaboraci\u00f3n en tiempo real. Sus herramientas avanzadas facilitan flujos de trabajo eficientes, ayudando a los equipos a producir dise\u00f1os de edificios de alta calidad y a gestionar eficazmente los datos del proyecto. Revit tambi\u00e9n se integra con otros productos de Autodesk, mejorando la productividad general y la ejecuci\u00f3n del proyecto. Ideal para proyectos complejos y colaborativos, Revit garantiza procesos de dise\u00f1o y construcci\u00f3n precisos y eficientes.<\/p>\n<p>Autodesk Revit 2022<\/p>\n<p>Revit 2022 mejora la productividad con un modelado de varillas de refuerzo mejorado, muros c\u00f3nicos y una mejor interoperabilidad. Las actualizaciones clave incluyen mejoras en el dise\u00f1o generativo, programaciones multicategor\u00eda y una exportaci\u00f3n optimizada a PDF. Las mejoras de rendimiento en las uniones de muros, los sistemas MEP y las nubes de puntos optimizan los flujos de trabajo para arquitectos, ingenieros y profesionales de la construcci\u00f3n.<\/p>\n<p>Autodesk Revit 2023<\/p>\n<p>Revit 2023 perfecciona los flujos de trabajo de dise\u00f1o con mayor interoperabilidad con Rhino y FormIt Pro. Incluye nuevas funciones para el an\u00e1lisis estructural, la colocaci\u00f3n de varillas de refuerzo en dos puntos y una programaci\u00f3n mejorada de paneles el\u00e9ctricos. La colaboraci\u00f3n optimizada en la nube a trav\u00e9s de Autodesk Docs facilita la coordinaci\u00f3n del equipo y la gesti\u00f3n de datos.<\/p>\n<p>Autodesk Revit 2024<\/p>\n<p>Revit 2024 mejora la eficiencia del usuario y la entrega de proyectos con un mejor soporte para geometr\u00eda compleja, herramientas avanzadas de dise\u00f1o el\u00e9ctrico y un rendimiento mejorado para modelos grandes. La integraci\u00f3n con Autodesk Construction Cloud optimiza la colaboraci\u00f3n, mientras que las actualizaciones de las herramientas de dise\u00f1o generativo permiten soluciones de dise\u00f1o optimizadas.<\/p>\n<p>Autodesk Revit 2025<\/p>\n<p>Revit 2025 se centra en la experiencia del usuario con herramientas de visualizaci\u00f3n avanzadas, funciones de renderizado mejoradas y una interfaz optimizada. Se integra mejor con BIM 360 para la coordinaci\u00f3n de proyectos y ofrece herramientas mejoradas de an\u00e1lisis estructural, dise\u00f1o avanzado de sistemas MEP y compatibilidad con pr\u00e1cticas de dise\u00f1o sostenible.<\/p>\n<p>Autodesk Revit frente a AutoCAD<\/p>\n<p>Autodesk Revit y AutoCAD son dos potentes herramientas de dise\u00f1o, pero con usos diferentes. Revit est\u00e1 dise\u00f1ado espec\u00edficamente para el Modelado de Informaci\u00f3n de Construcci\u00f3n (BIM), lo que lo hace ideal para arquitectura, ingenier\u00eda y construcci\u00f3n. Ofrece herramientas avanzadas para dise\u00f1o 3D, gesti\u00f3n de informaci\u00f3n y colaboraci\u00f3n en equipo en tiempo real.<\/p>\n<p>AutoCAD, por otro lado, es un software vers\u00e1til para dibujo t\u00e9cnico 2D y 3D. Se utiliza ampliamente en diversos sectores, como la arquitectura, la ingenier\u00eda mec\u00e1nica y el dise\u00f1o de productos. AutoCAD permite crear dibujos detallados y precisos, y es conocido por su interfaz intuitiva y su amplia gama de herramientas de dibujo.<\/p>\n<p>En resumen, si bien Revit es ideal para proyectos BIM complejos y colaborativos, AutoCAD sigue siendo una excelente opci\u00f3n para dibujos t\u00e9cnicos detallados y vers\u00e1tiles. La elecci\u00f3n entre ambos depende de las necesidades espec\u00edficas del proyecto.<\/p>\n<p>\u00bfPor qu\u00e9 elegir EliteSoftKeys para comprar una licencia de software?<\/p>\n<p>EliteSoftKeys es su distribuidor de confianza de licencias de software original al mejor precio. Ofrecemos:<\/p>\n<p>S\u00f3lo software aut\u00e9ntico: como distribuidor certificado de Adobe y Microsoft, garantizamos la calidad y autenticidad de cada producto.<\/p>\n<p>Precios imbatibles: Nuestros precios competitivos son posibles gracias a la reventa de licencias \u201cde segunda mano\u201d, una pr\u00e1ctica legalmente permitida por una sentencia del TJUE de 3 de julio de 2012.<\/p>\n<p>Servicio al cliente excepcional: Nuestro equipo de atenci\u00f3n al cliente multiling\u00fce, disponible los 7 d\u00edas de la semana, tiene una calificaci\u00f3n promedio de 4.9\/5 seg\u00fan rese\u00f1as en plataformas como Trustpilot, Trusted Shops y Google Reviews.<\/p>\n<p>Opciones de pago seguras: elija entre una amplia gama de m\u00e9todos de pago seguros, incluidos Apple Pay, Google Pay y tarjetas de cr\u00e9dito.<\/p>\n<p>Gu\u00eda de descarga e instalaci\u00f3n<\/p>\n<p>Al comprar una licencia de Revit, recibir\u00e1 un correo electr\u00f3nico digital con la clave de producto, el enlace de descarga e instrucciones detalladas de instalaci\u00f3n. El proceso implica canjear la clave de producto en el sitio web oficial de Office, descargar la suite e instalarla directamente en su sistema Windows. Esto garantiza una configuraci\u00f3n segura y correcta, permiti\u00e9ndole empezar a usar las aplicaciones de inmediato.<\/p>\n<p>Si tiene alg\u00fan problema durante la instalaci\u00f3n o alguna pregunta, no dude en contactar con nuestro equipo de atenci\u00f3n al cliente. Nuestro equipo dedicado est\u00e1 listo para ayudarle con cualquier problema y garantizar una instalaci\u00f3n sin problemas o un reembolso.<\/p>\n<p>Preguntas frecuentes sobre la licencia de Autodesk Revit<\/p>\n<p>\u00bfC\u00f3mo recibo mi licencia despu\u00e9s de comprar el software Revit?<\/p>\n<p>Una vez que haya completado la compra del software Revit, le enviaremos una clave de activaci\u00f3n de licencia por correo electr\u00f3nico.<\/p>\n<p>\u00bfQu\u00e9 puedo hacer si no puedo activar mi suscripci\u00f3n a Revit?<\/p>\n<p>No hay problema, \u00a1siempre estamos disponibles para ayudarte! Si no puedes activar tu licencia de Revit por cualquier motivo, contacta con nuestro soporte t\u00e9cnico gratuito indicado en el sitio web y proporciona detalles y capturas de pantalla del problema. Te ayudaremos de inmediato a resolverlo.<\/p>\n<p>\u00bfRevit Autodesk est\u00e1 disponible para Mac?<\/p>\n<p>Lamentablemente no, el producto de arquitectura no fue creado para los sistemas Mac de Apple, pero a\u00fan puedes instalar el software en una m\u00e1quina virtual que tenga al menos Windows 10 instalado en tu dispositivo Mac.<\/p>","protected":false},"excerpt":{"rendered":"<table style='border-collapse: collapse; width: 100%;'>\n<tr>\n<th>Propiedad<\/th>\n<th>Valor<\/th>\n<\/tr>\n<tr>\n<td>Plataforma<\/td>\n<td>Ventanas<\/td>\n<\/tr>\n<tr>\n<td>Gr\u00e1ficos<\/td>\n<td>Gr\u00e1ficos b\u00e1sicos: Adaptador de pantalla compatible con color de 24 bits Gr\u00e1ficos avanzados: Tarjeta gr\u00e1fica compatible con DirectX\u00ae 11 con Shader Model 5 y un m\u00ednimo de 4 GB de memoria de video \/ RESOLUCI\u00d3N: M\u00ednimo: 1280 x 1024 con color verdadero M\u00e1ximo: Monitor de ultraalta definici\u00f3n (4k)<\/td>\n<\/tr>\n<tr>\n<td>Procesador<\/td>\n<td>Intel i-Series, Xeon, AMD Ryzen, Ryzen Threadripper PRO. 2,5 GHz o superior<\/td>\n<\/tr>\n<tr>\n<td>Disco duro<\/td>\n<td>30 GB de espacio libre en disco para descarga e instalaci\u00f3n<\/td>\n<\/tr>\n<tr>\n<td>RAM<\/td>\n<td>8 GB de RAM. Suficiente para una sesi\u00f3n de edici\u00f3n t\u00edpica de un solo modelo, con un m\u00e1ximo de aproximadamente 300 MB en disco. Esta estimaci\u00f3n se basa en pruebas internas e informes de clientes. El consumo de recursos inform\u00e1ticos y el rendimiento de cada modelo var\u00edan. Modelos creados con versiones anteriores de Revit.<\/td>\n<\/tr>\n<tr>\n<td>Sistema operativo<\/td>\n<td>Microsoft Windows 11 y Windows 10 de 64 bits<\/td>\n<\/tr>\n<tr>\n<td>Otros requisitos<\/td>\n<td>Conexi\u00f3n a Internet para el registro de la licencia y la descarga de componentes prerrequisitos<\/td>\n<\/tr>\n<\/table>","protected":false},"featured_media":2821,"template":"","meta":{"inline_featured_image":false},"product_brand":[],"product_cat":[115],"product_tag":[],"class_list":{"0":"post-2692","1":"product","2":"type-product","3":"status-publish","4":"has-post-thumbnail","6":"product_cat-cad-software","8":"first","9":"instock","10":"sale","11":"virtual","12":"taxable","13":"purchasable","14":"product-type-simple"},"_links":{"self":[{"href":"https:\/\/elitesoftkeys.com\/es\/wp-json\/wp\/v2\/product\/2692","targetHints":{"allow":["GET"]}}],"collection":[{"href":"https:\/\/elitesoftkeys.com\/es\/wp-json\/wp\/v2\/product"}],"about":[{"href":"https:\/\/elitesoftkeys.com\/es\/wp-json\/wp\/v2\/types\/product"}],"version-history":[{"count":0,"href":"https:\/\/elitesoftkeys.com\/es\/wp-json\/wp\/v2\/product\/2692\/revisions"}],"wp:featuredmedia":[{"embeddable":true,"href":"https:\/\/elitesoftkeys.com\/es\/wp-json\/wp\/v2\/media\/2821"}],"wp:attachment":[{"href":"https:\/\/elitesoftkeys.com\/es\/wp-json\/wp\/v2\/media?parent=2692"}],"wp:term":[{"taxonomy":"product_brand","embeddable":true,"href":"https:\/\/elitesoftkeys.com\/es\/wp-json\/wp\/v2\/product_brand?post=2692"},{"taxonomy":"product_cat","embeddable":true,"href":"https:\/\/elitesoftkeys.com\/es\/wp-json\/wp\/v2\/product_cat?post=2692"},{"taxonomy":"product_tag","embeddable":true,"href":"https:\/\/elitesoftkeys.com\/es\/wp-json\/wp\/v2\/product_tag?post=2692"}],"curies":[{"name":"gracias","href":"https:\/\/api.w.org\/{rel}","templated":true}]}}