{"id":2690,"date":"2024-12-21T13:58:33","date_gmt":"2024-12-21T13:58:33","guid":{"rendered":"http:\/\/elitesoftkeys.com\/?product=autodesk-autocad-lt-license"},"modified":"2025-07-06T14:06:28","modified_gmt":"2025-07-06T14:06:28","slug":"autodesk-autocad-lt-license","status":"publish","type":"product","link":"https:\/\/elitesoftkeys.com\/es\/producto\/autodesk-autocad-lt-license\/","title":{"rendered":"Licencia de Autodesk AutoCAD LT"},"content":{"rendered":"<p>*Esta es una versi\u00f3n educativa que incluye todas las caracter\u00edsticas y funciones. No se hace referencia a la versi\u00f3n educativa en la impresi\u00f3n ni se incluye una marca de agua cl\u00e1sica.<\/p>\n<p>Licencia de Autodesk AutoCAD LT: caracter\u00edsticas y funcionalidades<\/p>\n<p>AutoCAD LT es un potente software de dibujo y documentaci\u00f3n 2D. Sus principales caracter\u00edsticas incluyen herramientas completas de dibujo 2D, funciones precisas de anotaci\u00f3n y una s\u00f3lida gesti\u00f3n de capas. Es compatible con el formato de archivo DWG para una amplia compatibilidad y facilita la colaboraci\u00f3n con referencias externas. Su interfaz intuitiva, las paletas de herramientas personalizables y la entrada de comandos mejoran la productividad. AutoCAD LT se integra con los servicios en la nube de Autodesk para el acceso remoto y la colaboraci\u00f3n, mientras que sus amplias opciones de impresi\u00f3n y publicaci\u00f3n garantizan resultados de alta calidad. Tambi\u00e9n incluye herramientas de dibujo de precisi\u00f3n, como las herramientas de ajuste y cuadr\u00edcula, lo que lo hace ideal para crear dibujos t\u00e9cnicos precisos.<\/p>\n<p>AutoCAD LT frente a AutoCAD<\/p>\n<p>La principal diferencia entre AutoCAD LT y AutoCAD radica en que AutoCAD LT es una versi\u00f3n m\u00e1s econ\u00f3mica y sencilla de AutoCAD. AutoCAD LT ofrece funciones b\u00e1sicas de dibujo 2D, pero no admite el dibujo 3D, la personalizaci\u00f3n mediante LISP y otras API, ni algunas funciones avanzadas como el renderizado y el modelado 3D, presentes en la versi\u00f3n completa de AutoCAD. AutoCAD, en cambio, incluye herramientas completas para dibujo 2D y 3D, ofreciendo mayores posibilidades de personalizaci\u00f3n y funciones avanzadas para proyectos complejos.<\/p>\n<p>\u00bfQu\u00e9 novedades hay en el software AutoCAD LT 2025?<\/p>\n<p>AutoCAD LT 2025 incorpora varias funciones y mejoras nuevas destinadas a optimizar el rendimiento y la usabilidad del dibujo 2D. Las principales actualizaciones incluyen:<\/p>\n<p>Bloques inteligentes: buscar y convertir: esta funci\u00f3n permite a los usuarios organizar y convertir r\u00e1pidamente geometr\u00eda repetitiva en bloques utilizando Autodesk AI, lo que agiliza el proceso de dibujo.<\/p>\n<p>Informaci\u00f3n de actividad: esta nueva herramienta ayuda a rastrear y comparar versiones de DWG, lo que facilita la gesti\u00f3n de los cambios y el historial de dibujos.<\/p>\n<p>Mejoras de sombreado: las mejoras en el comando HATCH permiten una creaci\u00f3n m\u00e1s sencilla y flexible de patrones de sombreado.<\/p>\n<p>Mapas base de ArcGIS: la integraci\u00f3n con los mapas de Esri permite a los usuarios agregar informaci\u00f3n geogr\u00e1fica del mundo real a sus dibujos.<\/p>\n<p>Visualizaci\u00f3n de fuentes acelerada: las mejoras en el cuadro de di\u00e1logo Rendimiento de gr\u00e1ficos mejoran la visualizaci\u00f3n de fuentes TrueType mediante la aceleraci\u00f3n de GPU.<\/p>\n<p>Rendimiento mejorado al abrir archivos: reducciones significativas en el tiempo necesario para abrir archivos de dibujo 2D, lo que aumenta la productividad general.<\/p>\n<p>Estas actualizaciones garantizan una experiencia de dibujo m\u00e1s eficiente y optimizada, aprovechando la IA y las capacidades gr\u00e1ficas mejoradas.<\/p>\n<p>\u00bfPor qu\u00e9 elegir EliteSoftKeys para comprar licencias de software?<\/p>\n<p>En EliteSoftKeys, somos m\u00e1s que un simple distribuidor de software. Vendemos software original a precios asequibles para nuestros clientes. Elegirnos significa optar por una experiencia de compra segura y confiable, respaldada por un servicio al cliente excepcional. Nuestro compromiso con la satisfacci\u00f3n del cliente se refleja en nuestra calificaci\u00f3n en Trustpilot, donde tenemos un impresionante promedio de 4.9\/5 basado en docenas de rese\u00f1as.<\/p>\n<p>Con una variedad de opciones de pago seguras, como Google Pay y tarjetas de cr\u00e9dito, simplificamos su proceso de compra. En EliteSoftKeys, no solo compra software, sino que tambi\u00e9n cuenta con un socio confiable que garantiza una experiencia de compra fluida y soporte a un solo clic.<\/p>\n<p>Software AutoCAD LT: gu\u00eda de descarga e instalaci\u00f3n<\/p>\n<p>Nos comprometemos a proporcionar \u00fanicamente descargas oficiales de los productos adquiridos, por lo que una vez completada la transacci\u00f3n, se le enviar\u00e1 un correo electr\u00f3nico con todas las instrucciones relevantes para descargar el producto directamente del fabricante y una clave de activaci\u00f3n para su licencia.<\/p>\n<p>Preguntas frecuentes sobre Autodesk AutoCAD<\/p>\n<p>\u00bfC\u00f3mo es posible que la licencia de AutoCAD LT tenga un precio tan bajo?<\/p>\n<p>Ofrecemos licencias minoristas utilizadas y descontinuadas por el anterior propietario seg\u00fan la sentencia CE C-128\/2011. Por eso, puede adquirir la licencia oficial de AutoCAD LT en nuestra web a un precio m\u00e1s bajo.<\/p>\n<p>\u00bfC\u00f3mo recibo mi licencia despu\u00e9s de comprar el software AutoCAD LT?<\/p>\n<p>Despu\u00e9s de completar la compra del software AutoCAD LT, le enviaremos una clave de activaci\u00f3n de licencia por correo electr\u00f3nico.<\/p>\n<p>\u00bfQu\u00e9 puedo hacer si no puedo activar la suscripci\u00f3n a AutoCAD LT?<\/p>\n<p>No hay problema, \u00a1siempre estamos disponibles para ayudarte! Si no puedes activar tu licencia de AutoCAD LT por cualquier motivo, contacta con nuestro equipo de soporte t\u00e9cnico gratuito (que aparece en el sitio web) e incluye detalles y capturas de pantalla del problema. Te ayudaremos de inmediato a resolverlo.<\/p>\n<p>\u00bfC\u00f3mo s\u00e9 si mi computadora\/dispositivo puede ejecutar Autodesk AutoCAD LT 2024?<\/p>\n<p>Puede consultar la secci\u00f3n \u201cRequisitos\u201d de esta p\u00e1gina para comprobar las especificaciones t\u00e9cnicas o visitar el sitio web del fabricante.<\/p>","protected":false},"excerpt":{"rendered":"<table style='border-collapse: collapse; width: 100%;'>\n<tr>\n<th>Propiedad<\/th>\n<th>Valor<\/th>\n<\/tr>\n<tr>\n<td>Plataforma<\/td>\n<td>Windows\/MacOS<\/td>\n<\/tr>\n<tr>\n<td>Gr\u00e1ficos<\/td>\n<td>MAC: Requisito m\u00ednimo: 1280 x 800 Pantalla de alta resoluci\u00f3n: 2880 x 1800 con pantalla Retina \/ Recomendado: tarjetas gr\u00e1ficas nativas instaladas para Mac; WINDOWS: Pantallas convencionales: 1920 x 1080 con 16,8 millones de colores Pantallas de alta resoluci\u00f3n y 4K: Resoluciones de hasta 3840 x 2160 (con tarjeta de video compatible)<\/td>\n<\/tr>\n<tr>\n<td>Procesador<\/td>\n<td>WINDOWS: Requisitos b\u00e1sicos: procesador de 2,5-2,9 GHz. No compatible con procesadores ARM. Recomendado: procesador de al menos 3 GHz (b\u00e1sico), al menos 4 GHz (turbo) \/ MAC: CPU Intel de 64 bits o CPU Apple serie M.<\/td>\n<\/tr>\n<tr>\n<td>Disco duro<\/td>\n<td>WINDOWS: 10 GB de espacio libre en disco para descarga e instalaci\u00f3n MAC: 6 GB de espacio libre en disco para descarga e instalaci\u00f3n<\/td>\n<\/tr>\n<tr>\n<td>RAM<\/td>\n<td>WINDOWS: Requisito b\u00e1sico: 8 GB Recomendado: 32 GB; MAC: Requisito m\u00ednimo: 4 GB Recomendado: al menos 8 GB<\/td>\n<\/tr>\n<tr>\n<td>Sistema operativo<\/td>\n<td>WINDOWS: Windows 11 de 64 bits y Windows 10 versi\u00f3n 1809 o posterior \/ MAC: macOS Ventura v13, Monterey v12, Big Sur v11<\/td>\n<\/tr>\n<tr>\n<td>Otros requisitos<\/td>\n<td>Conexi\u00f3n a Internet para el registro de la licencia y la descarga de componentes prerrequisitos<\/td>\n<\/tr>\n<\/table>","protected":false},"featured_media":2823,"template":"","meta":{"inline_featured_image":false},"product_brand":[],"product_cat":[115],"product_tag":[],"class_list":{"0":"post-2690","1":"product","2":"type-product","3":"status-publish","4":"has-post-thumbnail","6":"product_cat-cad-software","8":"first","9":"instock","10":"sale","11":"virtual","12":"taxable","13":"purchasable","14":"product-type-simple"},"_links":{"self":[{"href":"https:\/\/elitesoftkeys.com\/es\/wp-json\/wp\/v2\/product\/2690","targetHints":{"allow":["GET"]}}],"collection":[{"href":"https:\/\/elitesoftkeys.com\/es\/wp-json\/wp\/v2\/product"}],"about":[{"href":"https:\/\/elitesoftkeys.com\/es\/wp-json\/wp\/v2\/types\/product"}],"version-history":[{"count":0,"href":"https:\/\/elitesoftkeys.com\/es\/wp-json\/wp\/v2\/product\/2690\/revisions"}],"wp:featuredmedia":[{"embeddable":true,"href":"https:\/\/elitesoftkeys.com\/es\/wp-json\/wp\/v2\/media\/2823"}],"wp:attachment":[{"href":"https:\/\/elitesoftkeys.com\/es\/wp-json\/wp\/v2\/media?parent=2690"}],"wp:term":[{"taxonomy":"product_brand","embeddable":true,"href":"https:\/\/elitesoftkeys.com\/es\/wp-json\/wp\/v2\/product_brand?post=2690"},{"taxonomy":"product_cat","embeddable":true,"href":"https:\/\/elitesoftkeys.com\/es\/wp-json\/wp\/v2\/product_cat?post=2690"},{"taxonomy":"product_tag","embeddable":true,"href":"https:\/\/elitesoftkeys.com\/es\/wp-json\/wp\/v2\/product_tag?post=2690"}],"curies":[{"name":"gracias","href":"https:\/\/api.w.org\/{rel}","templated":true}]}}