{"id":2688,"date":"2024-12-21T13:58:31","date_gmt":"2024-12-21T13:58:31","guid":{"rendered":"http:\/\/elitesoftkeys.com\/?product=autodesk-autocad"},"modified":"2025-07-25T21:34:20","modified_gmt":"2025-07-25T21:34:20","slug":"autodesk-autocad","status":"publish","type":"product","link":"https:\/\/elitesoftkeys.com\/es\/producto\/autodesk-autocad\/","title":{"rendered":"Autodesk AutoCAD"},"content":{"rendered":"<p>*Esta es una versi\u00f3n educativa que incluye todas las caracter\u00edsticas y funciones. No se hace referencia a la versi\u00f3n educativa en la impresi\u00f3n ni se incluye una marca de agua cl\u00e1sica.<\/p>\n<p>Detalles del producto<\/p>\n<p>Esta es una clave de licencia para la versi\u00f3n educativa de la suscripci\u00f3n original de Autodesk AutoCAD. Caracter\u00edsticas principales:<\/p>\n<p>1 usuario y 1 dispositivo<\/p>\n<p>Plataformas: Windows o Mac<\/p>\n<p>Duraci\u00f3n de la suscripci\u00f3n: 1 o 2 a\u00f1os<\/p>\n<p>A\u00f1o de edici\u00f3n: 2022, 2023, 2024, 2025<\/p>\n<p>\u00bfQu\u00e9 es Autodesk AutoCAD?<\/p>\n<p>AutoCAD es una herramienta de dise\u00f1o asistido por computadora (CAD) utilizada en arquitectura, ingenier\u00eda y construcci\u00f3n para:<\/p>\n<p>Cree y anote geometr\u00edas 2D y modelos 3D con s\u00f3lidos, superficies y mallas.<\/p>\n<p>Automatice procesos como comparar dibujos, contar objetos, insertar bloques, planificar y m\u00e1s.<\/p>\n<p>Personalice el espacio de trabajo para aumentar la productividad con aplicaciones y API adicionales.<\/p>\n<p>Compra AutoCAD al mejor precio del mercado<\/p>\n<p>EliteSoftKeys ofrece precios inmejorables en software de Autodesk. El precio de Autodesk AutoCAD depende del a\u00f1o de la edici\u00f3n y la duraci\u00f3n de la suscripci\u00f3n. El precio m\u00e1s bajo corresponde a la licencia de AutoCAD 2022 con una suscripci\u00f3n de 1 a\u00f1o. Sin embargo, incluso al comprar la \u00faltima versi\u00f3n de AutoCAD 2025, obtendr\u00e1 una excelente oferta y el mejor precio del mercado.<\/p>\n<p>Elija la edici\u00f3n de AutoCAD que se ajuste a sus necesidades<\/p>\n<p>Cada a\u00f1o, Autodesk lanza nuevas funciones y mejoras para AutoCAD. A continuaci\u00f3n, se presenta un breve resumen de las diferencias entre las distintas ediciones:<\/p>\n<p>AutoCAD 2022: se introdujeron Trace para colaboraci\u00f3n y Count para contar bloques autom\u00e1ticamente.<\/p>\n<p>AutoCAD 2023: se agreg\u00f3 la funci\u00f3n de importaci\u00f3n\/asistencia de marcado para recibir comentarios y funciones mejoradas de seguimiento\/conteo.<\/p>\n<p>AutoCAD 2024: se introdujeron bloques inteligentes y se mejor\u00f3 el historial y el rendimiento de DWG.<\/p>\n<p>AutoCAD 2025: funciones mejoradas asistidas por IA, mejor integraci\u00f3n en la nube y una interfaz de usuario m\u00e1s fluida.<\/p>\n<p>Cada versi\u00f3n se basa en la anterior con nuevas herramientas y mejoras de rendimiento; por lo tanto, la versi\u00f3n m\u00e1s reciente incluir\u00e1 los desarrollos m\u00e1s recientes de Autodesk. Considerando las nuevas funciones, los requisitos t\u00e9cnicos de hardware tambi\u00e9n pueden cambiar. Antes de elegir una versi\u00f3n, aseg\u00farese de que su hardware actual sea compatible con ella.<\/p>\n<p>\u00bfQu\u00e9 novedades hay en AutoCAD 2025?<\/p>\n<p>En comparaci\u00f3n con la edici\u00f3n anterior, AutoCAD 2025 tiene la distinci\u00f3n de contar con un asistente artificial para el desarrollo basado en IA tanto en modelado 2D como 3D, algo que no est\u00e1 presente en la edici\u00f3n 2024.<\/p>\n<p>Los requisitos del sistema y de instalaci\u00f3n son pr\u00e1cticamente los mismos, y la optimizaci\u00f3n de la nueva versi\u00f3n se refiere especialmente a los conjuntos de herramientas especializados y a la introducci\u00f3n de la capacidad de importar revisiones y asistencia de revisi\u00f3n integrada para DWG.<\/p>\n<p>Ahora, con la edici\u00f3n 2025, AutoCAD est\u00e1 en todas partes, en tu dispositivo m\u00f3vil, a trav\u00e9s de la web y en tu computadora port\u00e1til, lo que te permite estar al tanto de tu proyecto y llevarlo contigo dondequiera que vayas.<\/p>\n<p>Autodesk AutoCAD: gu\u00eda de descarga e instalaci\u00f3n<\/p>\n<p>\u00a1Nos comprometemos a proporcionar \u00fanicamente descargas oficiales de los productos adquiridos!<\/p>\n<p>Despu\u00e9s de su compra, recibir\u00e1 un correo electr\u00f3nico con la clave de licencia para AutoCAD, junto con instrucciones claras sobre c\u00f3mo descargar el software AutoCAD del sitio web oficial de Autodesk y activarlo con la clave de licencia comprada.<\/p>\n<p>\u00bfAutoCAD est\u00e1 disponible para Mac?<\/p>\n<p>S\u00ed, AutoCAD tambi\u00e9n est\u00e1 disponible para Mac. En general, cuenta con las mismas funciones b\u00e1sicas que la versi\u00f3n para Windows y los archivos son totalmente compatibles con ambas plataformas. Sin embargo, existen algunas diferencias con respecto a la versi\u00f3n para Windows: la versi\u00f3n para Mac tiene una interfaz nativa simplificada, mientras que Windows utiliza la interfaz de cinta. Adem\u00e1s, algunas herramientas y complementos avanzados son exclusivos de Windows, y la versi\u00f3n para Mac ofrece menos opciones de personalizaci\u00f3n, especialmente con API y herramientas de terceros.<\/p>\n<p>\u00bfPuedo obtener una licencia permanente para Autodesk AutoCAD?<\/p>\n<p>No, Autodesk ha adoptado un modelo de suscripci\u00f3n para la mayor\u00eda de su software, incluido AutoCAD, y ya no ofrece licencias permanentes (perpetuas). Las suscripciones est\u00e1n disponibles con una duraci\u00f3n mensual, anual o plurianual e incluyen actualizaciones peri\u00f3dicas, soporte t\u00e9cnico y servicios en la nube.<\/p>\n<p>\u00bfCu\u00e1l es la diferencia entre Autocad y Autocad LT?<\/p>\n<p>Las principales diferencias entre AutoCAD y AutoCAD LT se basan en caracter\u00edsticas, capacidades y precio:<\/p>\n<p>AutoCAD: ideal para profesionales que necesitan herramientas 2D y 3D, personalizaci\u00f3n y automatizaci\u00f3n avanzada.<\/p>\n<p>AutoCAD LT: Ideal para usuarios que necesitan dibujo 2D a un menor coste y sin necesidad de 3D ni personalizaci\u00f3n avanzada.<\/p>\n<p>\u00bfPor qu\u00e9 elegir EliteSoftKeys para comprar licencias de software?<\/p>\n<p>EliteSoftKeys es su distribuidor de confianza de licencias de software original al mejor precio. Ofrecemos:<\/p>\n<p>S\u00f3lo software aut\u00e9ntico: el software siempre se descarga del sitio web oficial del proveedor del software, lo que garantiza la autenticidad de los productos.<\/p>\n<p>Precios imbatibles: Nuestros precios competitivos son posibles gracias a la reventa de licencias &quot;de segunda mano&quot;, una pr\u00e1ctica legalmente permitida por la sentencia del TJUE de 3 de julio de 2012.<\/p>\n<p>Servicio al cliente excepcional: Nuestro equipo de soporte multiling\u00fce est\u00e1 disponible los 7 d\u00edas de la semana y tiene una calificaci\u00f3n promedio de 4.9\/5 en plataformas como Trustpilot, Trusted Shops y Google Reviews.<\/p>\n<p>Opciones de pago seguro: Nuestros clientes disponen de una amplia gama de m\u00e9todos de pago seguros, incluidos Apple Pay, Google Pay y tarjetas de cr\u00e9dito.<\/p>\n<p>Preguntas frecuentes<\/p>\n<p>\u00bfC\u00f3mo recibo mi clave de licencia despu\u00e9s de comprar AutoCAD?<\/p>\n<p>Una vez que complete su compra de AutoCAD, le enviaremos la clave de activaci\u00f3n de la licencia por correo electr\u00f3nico.<\/p>\n<p>\u00bfQu\u00e9 puedo hacer si no puedo activar mi suscripci\u00f3n de AutoCAD?<\/p>\n<p>No hay problema, \u00a1siempre estamos disponibles para ayudarte! Si no puedes activar tu licencia de AutoCAD por cualquier motivo, contacta con nuestro soporte t\u00e9cnico gratuito y proporciona detalles y capturas de pantalla del problema. Te ayudaremos a resolverlo lo antes posible.<\/p>","protected":false},"excerpt":{"rendered":"<table style=\"border-collapse: collapse; width: 100%;\">\n<tbody>\n<tr>\n<th>Propiedad<\/th>\n<th>Valor<\/th>\n<\/tr>\n<tr>\n<td>Plataforma<\/td>\n<td>Windows\/MacOS<\/td>\n<\/tr>\n<tr>\n<td>Gr\u00e1ficos<\/td>\n<td>MAC: Requisito m\u00ednimo: 1280 x 800 Pantalla de alta resoluci\u00f3n: 2880 x 1800 con pantalla Retina \/ Recomendado: tarjetas gr\u00e1ficas nativas instaladas para Mac; WINDOWS: Pantallas convencionales: 1920 x 1080 con 16,8 millones de colores Pantallas de alta resoluci\u00f3n y 4K: Resoluciones de hasta 3840 x 2160 (con tarjeta de video compatible)<\/td>\n<\/tr>\n<tr>\n<td>Procesador<\/td>\n<td>WINDOWS: Requisitos b\u00e1sicos: procesador de 2,5-2,9 GHz. No compatible con procesadores ARM. Recomendado: procesador de al menos 3 GHz (b\u00e1sico), al menos 4 GHz (turbo) \/ MAC: CPU Intel de 64 bits o CPU Apple serie M.<\/td>\n<\/tr>\n<tr>\n<td>Disco duro<\/td>\n<td>WINDOWS: 10 GB de espacio libre en disco para descarga e instalaci\u00f3n MAC: 6 GB de espacio libre en disco para descarga e instalaci\u00f3n<\/td>\n<\/tr>\n<tr>\n<td>RAM<\/td>\n<td>WINDOWS: Requisito b\u00e1sico: 8 GB Recomendado: 32 GB; MAC: Requisito m\u00ednimo: 4 GB Recomendado: al menos 8 GB<\/td>\n<\/tr>\n<tr>\n<td>Sistema operativo<\/td>\n<td>WINDOWS: Windows 11 de 64 bits y Windows 10 versi\u00f3n 1809 o posterior \/ MAC: macOS Ventura v13, Monterey v12, Big Sur v11<\/td>\n<\/tr>\n<tr>\n<td>Otros requisitos<\/td>\n<td>Conexi\u00f3n a Internet para el registro de la licencia y la descarga de componentes prerrequisitos<\/td>\n<\/tr>\n<\/tbody>\n<\/table>","protected":false},"featured_media":2824,"template":"","meta":{"inline_featured_image":false},"product_brand":[],"product_cat":[115],"product_tag":[],"class_list":{"0":"post-2688","1":"product","2":"type-product","3":"status-publish","4":"has-post-thumbnail","6":"product_cat-cad-software","8":"first","9":"instock","10":"sale","11":"virtual","12":"taxable","13":"purchasable","14":"product-type-simple"},"_links":{"self":[{"href":"https:\/\/elitesoftkeys.com\/es\/wp-json\/wp\/v2\/product\/2688","targetHints":{"allow":["GET"]}}],"collection":[{"href":"https:\/\/elitesoftkeys.com\/es\/wp-json\/wp\/v2\/product"}],"about":[{"href":"https:\/\/elitesoftkeys.com\/es\/wp-json\/wp\/v2\/types\/product"}],"version-history":[{"count":0,"href":"https:\/\/elitesoftkeys.com\/es\/wp-json\/wp\/v2\/product\/2688\/revisions"}],"wp:featuredmedia":[{"embeddable":true,"href":"https:\/\/elitesoftkeys.com\/es\/wp-json\/wp\/v2\/media\/2824"}],"wp:attachment":[{"href":"https:\/\/elitesoftkeys.com\/es\/wp-json\/wp\/v2\/media?parent=2688"}],"wp:term":[{"taxonomy":"product_brand","embeddable":true,"href":"https:\/\/elitesoftkeys.com\/es\/wp-json\/wp\/v2\/product_brand?post=2688"},{"taxonomy":"product_cat","embeddable":true,"href":"https:\/\/elitesoftkeys.com\/es\/wp-json\/wp\/v2\/product_cat?post=2688"},{"taxonomy":"product_tag","embeddable":true,"href":"https:\/\/elitesoftkeys.com\/es\/wp-json\/wp\/v2\/product_tag?post=2688"}],"curies":[{"name":"gracias","href":"https:\/\/api.w.org\/{rel}","templated":true}]}}